{"id":9,"date":"2023-10-17T23:30:18","date_gmt":"2023-10-17T23:30:18","guid":{"rendered":"https:\/\/starburstslotgame.net\/?page_id=9"},"modified":"2024-03-03T19:39:13","modified_gmt":"2024-03-03T19:39:13","slug":"how-to-play","status":"publish","type":"page","link":"https:\/\/starburstslotgame.net\/bg\/how-to-play\/","title":{"rendered":"\u041a\u0430\u043a \u0434\u0430 \u0438\u0433\u0440\u0430\u0435\u043c"},"content":{"rendered":"<p>\u0418\u0433\u0440\u0430\u0442\u0430 \u0432 \u043e\u043d\u043b\u0430\u0439\u043d \u043a\u0430\u0437\u0438\u043d\u043e \u0432 \u0441\u043b\u043e\u0442 Starburst \u0435 \u0432\u044a\u0437\u043c\u043e\u0436\u043d\u0430 \u0432 \u043c\u043e\u043c\u0435\u043d\u0442\u0430. \u0417\u0430 \u0434\u0430 \u043d\u0430\u043f\u0440\u0430\u0432\u0438\u0442\u0435 \u0442\u043e\u0432\u0430, \u0442\u0440\u044f\u0431\u0432\u0430 \u0434\u0430 \u0438\u0437\u043f\u044a\u043b\u043d\u0438\u0442\u0435 \u043d\u044f\u043a\u043e\u043b\u043a\u043e \u043f\u0440\u043e\u0441\u0442\u0438 \u0441\u0442\u044a\u043f\u043a\u0438, \u043a\u043e\u0438\u0442\u043e \u0449\u0435 \u043e\u0431\u044f\u0441\u043d\u0438\u043c \u0441\u0435\u0433\u0430.<\/p>\n<p>\u0417\u0430 \u0434\u0430 \u0437\u0430\u043f\u043e\u0447\u043d\u0435\u0442\u0435 \u0434\u0430 \u0438\u0433\u0440\u0430\u0435\u0442\u0435 Starburst, \u0442\u0440\u044f\u0431\u0432\u0430 \u0434\u0430 \u0441\u043b\u0435\u0434\u0432\u0430\u0442\u0435 \u0442\u0435\u0437\u0438 \u0441\u0442\u044a\u043f\u043a\u0438:<\/p>\n<ol>\n<li><strong>\u0418\u0437\u0431\u0435\u0440\u0435\u0442\u0435 \u043e\u043d\u043b\u0430\u0439\u043d \u043a\u0430\u0437\u0438\u043d\u043e:<\/strong> \u041f\u044a\u0440\u0432\u0430\u0442\u0430 \u0441\u0442\u044a\u043f\u043a\u0430 \u0435 \u0434\u0430 \u0438\u0437\u0431\u0435\u0440\u0435\u0442\u0435 \u043d\u0430\u0434\u0435\u0436\u0434\u043d\u043e \u0438 \u043b\u0438\u0446\u0435\u043d\u0437\u0438\u0440\u0430\u043d\u043e \u043e\u043d\u043b\u0430\u0439\u043d \u043a\u0430\u0437\u0438\u043d\u043e, \u043a\u043e\u0435\u0442\u043e \u043f\u0440\u0435\u0434\u043e\u0441\u0442\u0430\u0432\u044f \u0434\u043e\u0441\u0442\u044a\u043f \u0434\u043e \u0438\u0433\u0440\u0430\u0442\u0430 Starburst. \u0423\u0432\u0435\u0440\u0435\u0442\u0435 \u0441\u0435, \u0447\u0435 \u0438\u0437\u0431\u0440\u0430\u043d\u043e\u0442\u043e \u043a\u0430\u0437\u0438\u043d\u043e \u043f\u043e\u0434\u0434\u044a\u0440\u0436\u0430 \u0432\u0430\u0448\u0430\u0442\u0430 \u0434\u044a\u0440\u0436\u0430\u0432\u0430 \u043d\u0430 \u043f\u0440\u0435\u0431\u0438\u0432\u0430\u0432\u0430\u043d\u0435 \u0438 \u0438\u043c\u0430 \u0434\u043e\u0431\u0440\u0430 \u0440\u0435\u043f\u0443\u0442\u0430\u0446\u0438\u044f.<\/li>\n<li><strong>\u0420\u0435\u0433\u0438\u0441\u0442\u0440\u0430\u0446\u0438\u044f:<\/strong> \u0421\u043b\u0435\u0434 \u043a\u0430\u0442\u043e \u0438\u0437\u0431\u0435\u0440\u0435\u0442\u0435 \u043a\u0430\u0437\u0438\u043d\u043e, \u0442\u0440\u044f\u0431\u0432\u0430 \u0434\u0430 \u0441\u0435 \u0440\u0435\u0433\u0438\u0441\u0442\u0440\u0438\u0440\u0430\u0442\u0435 \u0437\u0430 \u0430\u043a\u0430\u0443\u043d\u0442. \u0422\u043e\u0432\u0430 \u043e\u0431\u0438\u043a\u043d\u043e\u0432\u0435\u043d\u043e \u0432\u043a\u043b\u044e\u0447\u0432\u0430 \u043f\u0440\u0435\u0434\u043e\u0441\u0442\u0430\u0432\u044f\u043d\u0435 \u043d\u0430 \u043e\u0441\u043d\u043e\u0432\u043d\u0430 \u0438\u043d\u0444\u043e\u0440\u043c\u0430\u0446\u0438\u044f \u043a\u0430\u0442\u043e \u0438\u043c\u0435, \u0438\u043c\u0435\u0439\u043b \u0430\u0434\u0440\u0435\u0441 \u0438 \u0438\u0437\u0431\u043e\u0440 \u043d\u0430 \u043f\u0430\u0440\u043e\u043b\u0430.<\/li>\n<li><strong>\u0414\u0435\u043f\u043e\u0437\u0438\u0442:<\/strong> \u0417\u0430 \u0434\u0430 \u0438\u0433\u0440\u0430\u0435\u0442\u0435 \u043d\u0430 \u0438\u0441\u0442\u0438\u043d\u0441\u043a\u0438 \u043f\u0430\u0440\u0438, \u0449\u0435 \u0442\u0440\u044f\u0431\u0432\u0430 \u0434\u0430 \u043d\u0430\u043f\u0440\u0430\u0432\u0438\u0442\u0435 \u0434\u0435\u043f\u043e\u0437\u0438\u0442 \u0432\u044a\u0432 \u0432\u0430\u0448\u0438\u044f \u0430\u043a\u0430\u0443\u043d\u0442 \u0432 \u043a\u0430\u0437\u0438\u043d\u043e\u0442\u043e. \u041a\u0430\u0437\u0438\u043d\u043e\u0442\u043e \u0449\u0435 \u0432\u0438 \u043f\u0440\u0435\u0434\u043e\u0441\u0442\u0430\u0432\u0438 \u0440\u0430\u0437\u043b\u0438\u0447\u043d\u0438 \u043c\u0435\u0442\u043e\u0434\u0438 \u0437\u0430 \u043f\u043b\u0430\u0449\u0430\u043d\u0435 \u0437\u0430 \u0442\u0430\u0437\u0438 \u0446\u0435\u043b, \u043a\u0430\u0442\u043e \u0431\u0430\u043d\u043a\u043e\u0432\u0438 \u043a\u0430\u0440\u0442\u0438, \u0435\u043b\u0435\u043a\u0442\u0440\u043e\u043d\u043d\u0438 \u043f\u043e\u0440\u0442\u0444\u0435\u0439\u043b\u0438 \u0438 \u0434\u0440\u0443\u0433\u0438.<\/li>\n<li><strong>\u041d\u0430\u043c\u0435\u0440\u0435\u0442\u0435 Starburst:<\/strong> \u0421\u043b\u0435\u0434 \u043a\u0430\u0442\u043e \u043f\u043e\u043f\u044a\u043b\u043d\u0438\u0442\u0435 \u0431\u0430\u043b\u0430\u043d\u0441\u0430 \u0441\u0438, \u0442\u0440\u044f\u0431\u0432\u0430 \u0434\u0430 \u043d\u0430\u043c\u0435\u0440\u0438\u0442\u0435 \u0441\u043b\u043e\u0442\u0430 Starburst \u0432 \u0438\u0433\u0440\u043e\u0432\u0430\u0442\u0430 \u0431\u0438\u0431\u043b\u0438\u043e\u0442\u0435\u043a\u0430 \u043d\u0430 \u043a\u0430\u0437\u0438\u043d\u043e\u0442\u043e. \u0422\u043e\u0439 \u043c\u043e\u0436\u0435 \u0434\u0430 \u0441\u0435 \u043d\u0430\u043c\u0438\u0440\u0430 \u0432 \u0441\u0435\u043a\u0446\u0438\u044f\u0442\u0430 \u0437\u0430 \u0441\u043b\u043e\u0442\u043e\u0432\u0435 \u0438\u043b\u0438 \u0438\u0433\u0440\u0438 \u0441 \u0434\u0436\u0430\u043a\u043f\u043e\u0442.<\/li>\n<li><strong>\u0418\u0433\u0440\u0430\u0439\u0442\u0435 Starburst:<\/strong> \u041a\u043b\u0438\u043a\u043d\u0435\u0442\u0435 \u0432\u044a\u0440\u0445\u0443 \u0438\u043a\u043e\u043d\u0430\u0442\u0430 \u043d\u0430 Starburst, \u0437\u0430 \u0434\u0430 \u0437\u0430\u043f\u043e\u0447\u043d\u0435\u0442\u0435 \u0434\u0430 \u0438\u0433\u0440\u0430\u0435\u0442\u0435. \u041c\u043e\u0436\u0435\u0442\u0435 \u0434\u0430 \u0438\u0437\u0431\u0435\u0440\u0435\u0442\u0435 \u0440\u0430\u0437\u043c\u0435\u0440\u0430 \u043d\u0430 \u0437\u0430\u043b\u043e\u0433\u0430 \u0438 \u0434\u0430 \u0437\u0430\u0432\u044a\u0440\u0442\u0438\u0442\u0435 \u0431\u0430\u0440\u0430\u0431\u0430\u043d\u0438\u0442\u0435. \u041f\u043e\u0434\u0433\u043e\u0442\u0432\u0435\u0442\u0435 \u0441\u0435 \u0437\u0430 \u0432\u044a\u043b\u043d\u0443\u0432\u0430\u0449\u043e \u0430\u0437\u0430\u0440\u0442\u043d\u043e \u0438\u0437\u0436\u0438\u0432\u044f\u0432\u0430\u043d\u0435!<\/li>\n<li><strong>\u0411\u043e\u043d\u0443\u0441\u0438 \u0438 \u041f\u0440\u043e\u043c\u043e \u041a\u043e\u0434\u043e\u0432\u0435:<\/strong> \u041d\u044f\u043a\u043e\u0438 \u043e\u043d\u043b\u0430\u0439\u043d \u043a\u0430\u0437\u0438\u043d\u0430 \u043f\u0440\u0435\u0434\u043b\u0430\u0433\u0430\u0442 \u0431\u043e\u043d\u0443\u0441\u0438 \u0438\u043b\u0438 \u043f\u0440\u043e\u043c\u043e \u043a\u043e\u0434\u043e\u0432\u0435, \u0441\u0432\u044a\u0440\u0437\u0430\u043d\u0438 \u0441 Starburst. \u0423\u0432\u0435\u0440\u0435\u0442\u0435 \u0441\u0435, \u0447\u0435 \u0441\u0442\u0435 \u0433\u0438 \u0438\u0437\u043f\u043e\u043b\u0437\u0432\u0430\u043b\u0438, \u0437\u0430 \u0434\u0430 \u0443\u0432\u0435\u043b\u0438\u0447\u0438\u0442\u0435 \u0448\u0430\u043d\u0441\u043e\u0432\u0435\u0442\u0435 \u0441\u0438 \u0437\u0430 \u043f\u0435\u0447\u0430\u043b\u0431\u0430.<\/li>\n<li><strong>\u041c\u043e\u0431\u0438\u043b\u043d\u043e \u0418\u0433\u0440\u0430\u0435\u043d\u0435:<\/strong> Starburst \u0435 \u0434\u043e\u0441\u0442\u044a\u043f\u0435\u043d \u0438 \u0437\u0430 \u0438\u0433\u0440\u0430 \u043d\u0430 \u043c\u043e\u0431\u0438\u043b\u043d\u0438 \u0443\u0441\u0442\u0440\u043e\u0439\u0441\u0442\u0432\u0430, \u0432\u043a\u043b\u044e\u0447\u0438\u0442\u0435\u043b\u043d\u043e \u0441\u043c\u0430\u0440\u0442\u0444\u043e\u043d\u0438 \u0438 \u0442\u0430\u0431\u043b\u0435\u0442\u0438. \u041c\u043e\u0436\u0435\u0442\u0435 \u0434\u0430 \u043f\u043e\u0441\u0435\u0442\u0438\u0442\u0435 \u0443\u0435\u0431\u0441\u0430\u0439\u0442\u0430 \u043d\u0430 \u043a\u0430\u0437\u0438\u043d\u043e\u0442\u043e \u0447\u0440\u0435\u0437 \u043c\u043e\u0431\u0438\u043b\u043d\u0438\u044f \u0441\u0438 \u0431\u0440\u0430\u0443\u0437\u044a\u0440 \u0438\u043b\u0438 \u0434\u0430 \u0438\u0437\u0442\u0435\u0433\u043b\u0438\u0442\u0435 \u043f\u0440\u0438\u043b\u043e\u0436\u0435\u043d\u0438\u0435\u0442\u043e \u043d\u0430 \u043a\u0430\u0437\u0438\u043d\u043e\u0442\u043e, \u0430\u043a\u043e \u0435 \u043d\u0430\u043b\u0438\u0447\u043d\u043e.<\/li>\n<li><strong>\u0418\u0433\u0440\u0430\u0439\u0442\u0435 \u041e\u0442\u0433\u043e\u0432\u043e\u0440\u043d\u043e:<\/strong> \u041d\u0435 \u0437\u0430\u0431\u0440\u0430\u0432\u044f\u0439\u0442\u0435 \u0434\u0430 \u0438\u0433\u0440\u0430\u0435\u0442\u0435 \u043e\u0442\u0433\u043e\u0432\u043e\u0440\u043d\u043e \u0438 \u0434\u0430 \u0443\u043f\u0440\u0430\u0432\u043b\u044f\u0432\u0430\u0442\u0435 \u0444\u0438\u043d\u0430\u043d\u0441\u0438\u0442\u0435 \u0441\u0438. \u0417\u0430\u0434\u0430\u0439\u0442\u0435 \u043b\u0438\u043c\u0438\u0442\u0438 \u0437\u0430 \u0434\u0435\u043f\u043e\u0437\u0438\u0442\u0438 \u0438 \u0437\u0430\u0433\u0443\u0431\u0438, \u0437\u0430 \u0434\u0430 \u0438\u0437\u0431\u0435\u0433\u043d\u0435\u0442\u0435 \u043d\u0435\u0436\u0435\u043b\u0430\u043d\u0438 \u0444\u0438\u043d\u0430\u043d\u0441\u043e\u0432\u0438 \u043f\u043e\u0441\u043b\u0435\u0434\u0438\u0446\u0438.<\/li>\n<\/ol>\n<p>\u0421\u0435\u0433\u0430, \u043a\u043e\u0433\u0430\u0442\u043e \u0437\u043d\u0430\u0435\u0442\u0435 \u043a\u0430\u043a \u0434\u0430 \u0437\u0430\u043f\u043e\u0447\u043d\u0435\u0442\u0435 \u0434\u0430 \u0438\u0433\u0440\u0430\u0435\u0442\u0435 Starburst, \u0438\u0437\u0431\u0435\u0440\u0435\u0442\u0435 \u043d\u0430\u0434\u0435\u0436\u0434\u043d\u043e \u043a\u0430\u0437\u0438\u043d\u043e \u0438 \u0441\u0435 \u043d\u0430\u0441\u043b\u0430\u0436\u0434\u0430\u0432\u0430\u0439\u0442\u0435 \u043d\u0430 \u0432\u044a\u043b\u043d\u0435\u043d\u0438\u0435\u0442\u043e \u043e\u0442 \u0442\u043e\u0437\u0438 \u0432\u044a\u043b\u043d\u0443\u0432\u0430\u0449 \u0441\u043b\u043e\u0442. \u0423\u0441\u043f\u0435\u0445 \u043d\u0430 \u0431\u0430\u0440\u0430\u0431\u0430\u043d\u0438\u0442\u0435 \u043d\u0430 Starburst! \u0422\u043e\u0437\u0438 \u0441\u043b\u043e\u0442 \u043f\u0440\u0435\u0434\u043b\u0430\u0433\u0430 \u0432\u044a\u0437\u043c\u043e\u0436\u043d\u043e\u0441\u0442 \u0437\u0430 \u043f\u0435\u0447\u0430\u043b\u0431\u0430 \u043d\u0430 \u0438\u0441\u0442\u0438\u043d\u0441\u043a\u0438 \u043f\u0430\u0440\u0438 \u0432 \u043e\u043d\u043b\u0430\u0439\u043d \u043a\u0430\u0437\u0438\u043d\u043e\u0442\u043e.<\/p>\n","protected":false},"excerpt":{"rendered":"<p>\u0418\u0433\u0440\u0430\u0442\u0430 \u0432 \u043e\u043d\u043b\u0430\u0439\u043d \u043a\u0430\u0437\u0438\u043d\u043e \u0432 \u0441\u043b\u043e\u0442 Starburst \u0435 \u0432\u044a\u0437\u043c\u043e\u0436\u043d\u0430 \u0432 \u043c\u043e\u043c\u0435\u043d\u0442\u0430. \u0417\u0430 \u0434\u0430 \u043d\u0430\u043f\u0440\u0430\u0432\u0438\u0442\u0435 \u0442\u043e\u0432\u0430, \u0442\u0440\u044f\u0431\u0432\u0430 \u0434\u0430 \u0438\u0437\u043f\u044a\u043b\u043d\u0438\u0442\u0435 \u043d\u044f\u043a\u043e\u043b\u043a\u043e \u043f\u0440\u043e\u0441\u0442\u0438 \u0441\u0442\u044a\u043f\u043a\u0438, \u043a\u043e\u0438\u0442\u043e \u0449\u0435 \u043e\u0431\u044f\u0441\u043d\u0438\u043c \u0441\u0435\u0433\u0430. \u0417\u0430 \u0434\u0430 \u0437\u0430\u043f\u043e\u0447\u043d\u0435\u0442\u0435 \u0434\u0430 \u0438\u0433\u0440\u0430\u0435\u0442\u0435 Starburst, \u0442\u0440\u044f\u0431\u0432\u0430 \u0434\u0430 \u0441\u043b\u0435\u0434\u0432\u0430\u0442\u0435 \u0442\u0435\u0437\u0438 \u0441\u0442\u044a\u043f\u043a\u0438: \u0418\u0437\u0431\u0435\u0440\u0435\u0442\u0435 \u043e\u043d\u043b\u0430\u0439\u043d \u043a\u0430\u0437\u0438\u043d\u043e: \u041f\u044a\u0440\u0432\u0430\u0442\u0430 \u0441\u0442\u044a\u043f\u043a\u0430 \u0435 \u0434\u0430 \u0438\u0437\u0431\u0435\u0440\u0435\u0442\u0435 \u043d\u0430\u0434\u0435\u0436\u0434\u043d\u043e \u0438 \u043b\u0438\u0446\u0435\u043d\u0437\u0438\u0440\u0430\u043d\u043e \u043e\u043d\u043b\u0430\u0439\u043d \u043a\u0430\u0437\u0438\u043d\u043e, \u043a\u043e\u0435\u0442\u043e \u043f\u0440\u0435\u0434\u043e\u0441\u0442\u0430\u0432\u044f \u0434\u043e\u0441\u0442\u044a\u043f \u0434\u043e \u0438\u0433\u0440\u0430\u0442\u0430 Starburst&#8230;.<\/p>\n","protected":false},"author":1,"featured_media":0,"parent":0,"menu_order":0,"comment_status":"closed","ping_status":"closed","template":"","meta":{"footnotes":""},"class_list":["post-9","page","type-page","status-publish","hentry"],"yoast_head":"<!-- This site is optimized with the Yoast SEO plugin v27.2 - https:\/\/yoast.com\/product\/yoast-seo-wordpress\/ -->\n<title>Jouer \u00e0 la machine \u00e0 sous Starburst dans un casino en ligne pour de l&#039;argent r\u00e9el<\/title>\n<meta name=\"description\" content=\"\u041c\u043e\u0436\u0435\u0442\u0435 \u0434\u0430 \u0438\u0433\u0440\u0430\u0435\u0442\u0435 \u043d\u0430 \u0441\u043b\u043e\u0442\u0430 Starburst \u0438 \u0434\u0430 \u0441\u043f\u0435\u0447\u0435\u043b\u0438\u0442\u0435 \u0440\u0435\u0430\u043b\u043d\u0438 \u043f\u0430\u0440\u0438 \u0432 \u043e\u043d\u043b\u0430\u0439\u043d \u043a\u0430\u0437\u0438\u043d\u043e \u0432 \u043c\u043e\u043c\u0435\u043d\u0442\u0430. \u0420\u0435\u0433\u0438\u0441\u0442\u0440\u0438\u0440\u0430\u0439\u0442\u0435 \u0441\u0435 \u0441\u0435\u0433\u0430 \u0438 \u0437\u0430\u043f\u043e\u0447\u043d\u0435\u0442\u0435 \u0434\u0430 \u0438\u0433\u0440\u0430\u0435\u0442\u0435.\" \/>\n<meta name=\"robots\" content=\"index, follow, max-snippet:-1, max-image-preview:large, max-video-preview:-1\" \/>\n<link rel=\"canonical\" href=\"https:\/\/starburstslotgame.net\/bg\/how-to-play\/\" \/>\n<meta property=\"og:locale\" content=\"bg_BG\" \/>\n<meta property=\"og:locale:alternate\" content=\"en_US\" \/>\n<meta property=\"og:locale:alternate\" content=\"ru_RU\" \/>\n<meta property=\"og:locale:alternate\" content=\"pt_PT\" \/>\n<meta property=\"og:locale:alternate\" content=\"es_ES\" \/>\n<meta property=\"og:locale:alternate\" content=\"it_IT\" \/>\n<meta property=\"og:locale:alternate\" content=\"fr_FR\" \/>\n<meta property=\"og:locale:alternate\" content=\"de_DE\" \/>\n<meta property=\"og:locale:alternate\" content=\"ro_RO\" \/>\n<meta property=\"og:locale:alternate\" content=\"sr_RS\" \/>\n<meta property=\"og:locale:alternate\" content=\"pl_PL\" \/>\n<meta property=\"og:type\" content=\"article\" \/>\n<meta property=\"og:title\" content=\"Jouer \u00e0 la machine \u00e0 sous Starburst dans un casino en ligne pour de l&#039;argent r\u00e9el\" \/>\n<meta property=\"og:description\" content=\"Vous pouvez jouer \u00e0 la machine \u00e0 sous Starburst et gagner de l&#039;argent r\u00e9el dans un casino en ligne d\u00e8s maintenant. Inscrivez-vous maintenant et commencez \u00e0 jouer.\" \/>\n<meta property=\"og:url\" content=\"https:\/\/starburstslotgame.net\/bg\/how-to-play\/\" \/>\n<meta property=\"og:site_name\" content=\"Starburst Slot\" \/>\n<meta property=\"article:modified_time\" content=\"2024-03-03T19:39:13+00:00\" \/>\n<meta name=\"twitter:card\" content=\"summary_large_image\" \/>\n<meta name=\"twitter:label1\" content=\"Est. reading time\" \/>\n\t<meta name=\"twitter:data1\" content=\"14 \u043c\u0438\u043d\u0443\u0442\u0438\" \/>\n<script type=\"application\/ld+json\" class=\"yoast-schema-graph\">{\"@context\":\"https:\/\/schema.org\",\"@graph\":[{\"@type\":\"WebPage\",\"@id\":\"https:\/\/starburstslotgame.net\/fr\/how-to-play\/\",\"url\":\"https:\/\/starburstslotgame.net\/fr\/how-to-play\/\",\"name\":\"Jouer \u00e0 la machine \u00e0 sous Starburst dans un casino en ligne pour de l'argent r\u00e9el\",\"isPartOf\":{\"@id\":\"https:\/\/starburstslotgame.net\/#website\"},\"datePublished\":\"2023-10-17T23:30:18+00:00\",\"dateModified\":\"2024-03-03T19:39:13+00:00\",\"description\":\"Vous pouvez jouer \u00e0 la machine \u00e0 sous Starburst et gagner de l'argent r\u00e9el dans un casino en ligne d\u00e8s maintenant. Inscrivez-vous maintenant et commencez \u00e0 jouer.\",\"breadcrumb\":{\"@id\":\"https:\/\/starburstslotgame.net\/fr\/how-to-play\/#breadcrumb\"},\"inLanguage\":\"bg-BG\",\"potentialAction\":[{\"@type\":\"ReadAction\",\"target\":[\"https:\/\/starburstslotgame.net\/fr\/how-to-play\/\"]}]},{\"@type\":\"BreadcrumbList\",\"@id\":\"https:\/\/starburstslotgame.net\/fr\/how-to-play\/#breadcrumb\",\"itemListElement\":[{\"@type\":\"ListItem\",\"position\":1,\"name\":\"Home\",\"item\":\"https:\/\/starburstslotgame.net\/\"},{\"@type\":\"ListItem\",\"position\":2,\"name\":\"Comment jouer\"}]},{\"@type\":\"WebSite\",\"@id\":\"https:\/\/starburstslotgame.net\/#website\",\"url\":\"https:\/\/starburstslotgame.net\/\",\"name\":\"Starburst Slot\",\"description\":\"\",\"publisher\":{\"@id\":\"https:\/\/starburstslotgame.net\/#organization\"},\"potentialAction\":[{\"@type\":\"SearchAction\",\"target\":{\"@type\":\"EntryPoint\",\"urlTemplate\":\"https:\/\/starburstslotgame.net\/?s={search_term_string}\"},\"query-input\":{\"@type\":\"PropertyValueSpecification\",\"valueRequired\":true,\"valueName\":\"search_term_string\"}}],\"inLanguage\":\"bg-BG\"},{\"@type\":\"Organization\",\"@id\":\"https:\/\/starburstslotgame.net\/#organization\",\"name\":\"Starburst Slot\",\"url\":\"https:\/\/starburstslotgame.net\/\",\"logo\":{\"@type\":\"ImageObject\",\"inLanguage\":\"bg-BG\",\"@id\":\"https:\/\/starburstslotgame.net\/#\/schema\/logo\/image\/\",\"url\":\"https:\/\/starburstslotgame.net\/wp-content\/uploads\/starburst-slot.png\",\"contentUrl\":\"https:\/\/starburstslotgame.net\/wp-content\/uploads\/starburst-slot.png\",\"width\":250,\"height\":187,\"caption\":\"Starburst Slot\"},\"image\":{\"@id\":\"https:\/\/starburstslotgame.net\/#\/schema\/logo\/image\/\"}}]}<\/script>\n<!-- \/ Yoast SEO plugin. -->","yoast_head_json":{"title":"Jouer \u00e0 la machine \u00e0 sous Starburst dans un casino en ligne pour de l'argent r\u00e9el","description":"\u041c\u043e\u0436\u0435\u0442\u0435 \u0434\u0430 \u0438\u0433\u0440\u0430\u0435\u0442\u0435 \u043d\u0430 \u0441\u043b\u043e\u0442\u0430 Starburst \u0438 \u0434\u0430 \u0441\u043f\u0435\u0447\u0435\u043b\u0438\u0442\u0435 \u0440\u0435\u0430\u043b\u043d\u0438 \u043f\u0430\u0440\u0438 \u0432 \u043e\u043d\u043b\u0430\u0439\u043d \u043a\u0430\u0437\u0438\u043d\u043e \u0432 \u043c\u043e\u043c\u0435\u043d\u0442\u0430. \u0420\u0435\u0433\u0438\u0441\u0442\u0440\u0438\u0440\u0430\u0439\u0442\u0435 \u0441\u0435 \u0441\u0435\u0433\u0430 \u0438 \u0437\u0430\u043f\u043e\u0447\u043d\u0435\u0442\u0435 \u0434\u0430 \u0438\u0433\u0440\u0430\u0435\u0442\u0435.","robots":{"index":"index","follow":"follow","max-snippet":"max-snippet:-1","max-image-preview":"max-image-preview:large","max-video-preview":"max-video-preview:-1"},"canonical":"https:\/\/starburstslotgame.net\/bg\/how-to-play\/","og_locale":"bg_BG","og_type":"article","og_title":"Jouer \u00e0 la machine \u00e0 sous Starburst dans un casino en ligne pour de l'argent r\u00e9el","og_description":"Vous pouvez jouer \u00e0 la machine \u00e0 sous Starburst et gagner de l'argent r\u00e9el dans un casino en ligne d\u00e8s maintenant. Inscrivez-vous maintenant et commencez \u00e0 jouer.","og_url":"https:\/\/starburstslotgame.net\/bg\/how-to-play\/","og_site_name":"Starburst Slot","article_modified_time":"2024-03-03T19:39:13+00:00","twitter_card":"summary_large_image","twitter_misc":{"Est. reading time":"14 \u043c\u0438\u043d\u0443\u0442\u0438"},"schema":{"@context":"https:\/\/schema.org","@graph":[{"@type":"WebPage","@id":"https:\/\/starburstslotgame.net\/fr\/how-to-play\/","url":"https:\/\/starburstslotgame.net\/fr\/how-to-play\/","name":"Jouer \u00e0 la machine \u00e0 sous Starburst dans un casino en ligne pour de l'argent r\u00e9el","isPartOf":{"@id":"https:\/\/starburstslotgame.net\/#website"},"datePublished":"2023-10-17T23:30:18+00:00","dateModified":"2024-03-03T19:39:13+00:00","description":"Vous pouvez jouer \u00e0 la machine \u00e0 sous Starburst et gagner de l'argent r\u00e9el dans un casino en ligne d\u00e8s maintenant. Inscrivez-vous maintenant et commencez \u00e0 jouer.","breadcrumb":{"@id":"https:\/\/starburstslotgame.net\/fr\/how-to-play\/#breadcrumb"},"inLanguage":"bg-BG","potentialAction":[{"@type":"ReadAction","target":["https:\/\/starburstslotgame.net\/fr\/how-to-play\/"]}]},{"@type":"BreadcrumbList","@id":"https:\/\/starburstslotgame.net\/fr\/how-to-play\/#breadcrumb","itemListElement":[{"@type":"ListItem","position":1,"name":"Home","item":"https:\/\/starburstslotgame.net\/"},{"@type":"ListItem","position":2,"name":"Comment jouer"}]},{"@type":"WebSite","@id":"https:\/\/starburstslotgame.net\/#website","url":"https:\/\/starburstslotgame.net\/","name":"Starburst Slot","description":"","publisher":{"@id":"https:\/\/starburstslotgame.net\/#organization"},"potentialAction":[{"@type":"SearchAction","target":{"@type":"EntryPoint","urlTemplate":"https:\/\/starburstslotgame.net\/?s={search_term_string}"},"query-input":{"@type":"PropertyValueSpecification","valueRequired":true,"valueName":"search_term_string"}}],"inLanguage":"bg-BG"},{"@type":"Organization","@id":"https:\/\/starburstslotgame.net\/#organization","name":"Starburst Slot","url":"https:\/\/starburstslotgame.net\/","logo":{"@type":"ImageObject","inLanguage":"bg-BG","@id":"https:\/\/starburstslotgame.net\/#\/schema\/logo\/image\/","url":"https:\/\/starburstslotgame.net\/wp-content\/uploads\/starburst-slot.png","contentUrl":"https:\/\/starburstslotgame.net\/wp-content\/uploads\/starburst-slot.png","width":250,"height":187,"caption":"Starburst Slot"},"image":{"@id":"https:\/\/starburstslotgame.net\/#\/schema\/logo\/image\/"}}]}},"_links":{"self":[{"href":"https:\/\/starburstslotgame.net\/bg\/wp-json\/wp\/v2\/pages\/9","targetHints":{"allow":["GET"]}}],"collection":[{"href":"https:\/\/starburstslotgame.net\/bg\/wp-json\/wp\/v2\/pages"}],"about":[{"href":"https:\/\/starburstslotgame.net\/bg\/wp-json\/wp\/v2\/types\/page"}],"author":[{"embeddable":true,"href":"https:\/\/starburstslotgame.net\/bg\/wp-json\/wp\/v2\/users\/1"}],"replies":[{"embeddable":true,"href":"https:\/\/starburstslotgame.net\/bg\/wp-json\/wp\/v2\/comments?post=9"}],"version-history":[{"count":23,"href":"https:\/\/starburstslotgame.net\/bg\/wp-json\/wp\/v2\/pages\/9\/revisions"}],"predecessor-version":[{"id":163,"href":"https:\/\/starburstslotgame.net\/bg\/wp-json\/wp\/v2\/pages\/9\/revisions\/163"}],"wp:attachment":[{"href":"https:\/\/starburstslotgame.net\/bg\/wp-json\/wp\/v2\/media?parent=9"}],"curies":[{"name":"wp","href":"https:\/\/api.w.org\/{rel}","templated":true}]}}