{"id":11,"date":"2023-10-17T23:38:51","date_gmt":"2023-10-17T23:38:51","guid":{"rendered":"https:\/\/starburstslotgame.net\/?page_id=11"},"modified":"2024-03-04T00:19:48","modified_gmt":"2024-03-04T00:19:48","slug":"reviews","status":"publish","type":"page","link":"https:\/\/starburstslotgame.net\/de\/reviews\/","title":{"rendered":"Bewertungen"},"content":{"rendered":"<p>Bewertungen des Starburst-Slots spiegeln verschiedene Meinungen und Erfahrungen von Spielern wider, die in Starburst etwas Besonderes f\u00fcr sich gefunden haben. Manchmal sind dies positive Bewertungen, manchmal negative. Aber in jedem Fall handelt es sich um n\u00fctzliche Bewertungen, die hilfreich sind, bevor man mit dem Spielen von Starburst beginnt.<\/p>\n<h3>Thema: Unglaubliche Grafik und fesselndes Gameplay im Starburst-Slot<\/h3>\n<p>Starburst ist einfach atemberaubend! Die Grafik ist beeindruckend, und ich habe fast vergessen, dass ich eigentlich einen Slot spiele. Ich kann es kaum erwarten, das n\u00e4chste Spiel zu beginnen. Alex, 28 Jahre alt.<\/p>\n<h3>Thema: Starburst ist eine gro\u00dfartige Wahl f\u00fcr Anf\u00e4nger<\/h3>\n<p>Ich habe noch nie zuvor Gl\u00fccksspiele gespielt, aber Starburst hat den Start meiner Gl\u00fccksspielkarriere unglaublich einfach und interessant gemacht. Ich bin dankbar, dass ich diesen Slot gefunden und angefangen habe zu spielen.<\/p>\n<p>Yulia, 23 Jahre alt.<\/p>\n<h3>Thema: Gro\u00dfe Gewinne bei Starburst!<\/h3>\n<p>Dieser Slot bringt wirklich Gl\u00fcck! Neulich habe ich einen gro\u00dfen Jackpot gewonnen, und es war unglaublich aufregend.<\/p>\n<p>Maxim, 35 Jahre alt.<\/p>\n<h3>Thema: Starburst auf meinem Smartphone<\/h3>\n<p>Ich sch\u00e4tze es, Starburst auf meinem Smartphone spielen zu k\u00f6nnen. Es ist eine tolle M\u00f6glichkeit, die Zeit zu vertreiben, w\u00e4hrend man auf etwas wartet oder einfach abends zu entspannen. Und ich habe ein altes Android, und der Slot funktioniert gro\u00dfartig. Es ist fantastisch.<\/p>\n<p>Elena, 29 Jahre alt.<\/p>\n<h3>Thema: Funktion &#8222;Gewinne in beide Richtungen&#8220;.<\/h3>\n<p>Die Funktion &#8222;Gewinne in beide Richtungen&#8220; in Starburst erh\u00f6ht wirklich die Gewinnchancen. Sie hat das Spiel interessanter und profitabler gemacht. Dies ist eine wirklich n\u00fctzliche Funktion des Slots.<\/p>\n<p>Igor, 31 Jahre alt.<\/p>\n<h3>Thema: Bonus-Respins in Starburst.<\/h3>\n<p>Ich liebe es, wie die Wildsymbole in Starburst Bonus-Respins ausl\u00f6sen k\u00f6nnen. Es verleiht dem Spiel immer zus\u00e4tzliche Spannung und Gewinne. Und dieser Slot bietet Ihnen die M\u00f6glichkeit, wirklich zu verdienen.<\/p>\n<p>Anna, 27 Jahre alt.<\/p>\n<h3>Thema: \u00dcberall und jederzeit spielen.<\/h3>\n<p>Ich mag es, dass ich Starburst jederzeit und \u00fcberall spielen kann. Es ist die perfekte Unterhaltung f\u00fcr Reisen und Urlaube. Ich nehme einfach mein Handy aus der Tasche, \u00f6ffne die Casino-App, w\u00e4hle Starburst aus und fange an zu spielen.<\/p>\n<p>Daniel, 33 Jahre alt.<\/p>\n<h3>Thema: Tolle Atmosph\u00e4re und Soundeffekte<\/h3>\n<p>Die Ger\u00e4usche und Musik in Starburst verleihen dem Spiel Atmosph\u00e4re. Wenn ich spiele, f\u00fchle ich mich, als w\u00fcrde ich mich in die Welt des Gl\u00fccksspiels vertiefen.<\/p>\n<p>Maria, 30 Jahre alt.<\/p>\n<h3>Thema: Starburst als M\u00f6glichkeit zur Entspannung.<\/h3>\n<p>Wenn ich einen langen und stressigen Tag habe, hilft mir Starburst, mich zu entspannen und mich abzulenken. Dieser Slot ist sehr wichtig in meinem Leben.<\/p>\n<p>Peter, 40 Jahre alt.<\/p>\n<h3>Thema: Es gibt immer etwas Neues.<\/h3>\n<p>Starburst ist nie langweilig, weil es immer etwas Neues zu entdecken und zu erforschen gibt. Es h\u00f6rt nie auf, mich zu erstaunen.<\/p>\n<p>Olga, 26 Jahre alt.<\/p>\n","protected":false},"excerpt":{"rendered":"<p>Bewertungen des Starburst-Slots spiegeln verschiedene Meinungen und Erfahrungen von Spielern wider, die in Starburst etwas Besonderes f\u00fcr sich gefunden haben. Manchmal sind dies positive Bewertungen, manchmal negative. Aber in jedem Fall handelt es sich um n\u00fctzliche Bewertungen, die hilfreich sind, bevor man mit dem Spielen von Starburst beginnt. Thema: Unglaubliche Grafik und fesselndes Gameplay im&#8230;<\/p>\n","protected":false},"author":1,"featured_media":0,"parent":0,"menu_order":0,"comment_status":"closed","ping_status":"closed","template":"","meta":{"footnotes":""},"class_list":["post-11","page","type-page","status-publish","hentry"],"yoast_head":"<!-- This site is optimized with the Yoast SEO plugin v27.2 - https:\/\/yoast.com\/product\/yoast-seo-wordpress\/ -->\n<title>Recenzje i opinie prawdziwych graczy na temat automatu do gry Starburst<\/title>\n<meta name=\"description\" content=\"\u00dcberpr\u00fcfung des Starburst-Spielautomaten - Meinungen echter Spieler \u00fcber das Online-Spiel Starburst in den besten Online-Casinos. Ehrliche Bewertungen und ehrliche \u00dcberpr\u00fcfung.\" \/>\n<meta name=\"robots\" content=\"index, follow, max-snippet:-1, max-image-preview:large, max-video-preview:-1\" \/>\n<link rel=\"canonical\" href=\"https:\/\/starburstslotgame.net\/de\/reviews\/\" \/>\n<meta property=\"og:locale\" content=\"de_DE\" \/>\n<meta property=\"og:locale:alternate\" content=\"en_US\" \/>\n<meta property=\"og:locale:alternate\" content=\"ru_RU\" \/>\n<meta property=\"og:locale:alternate\" content=\"pt_PT\" \/>\n<meta property=\"og:locale:alternate\" content=\"es_ES\" \/>\n<meta property=\"og:locale:alternate\" content=\"it_IT\" \/>\n<meta property=\"og:locale:alternate\" content=\"fr_FR\" \/>\n<meta property=\"og:locale:alternate\" content=\"ro_RO\" \/>\n<meta property=\"og:locale:alternate\" content=\"sr_RS\" \/>\n<meta property=\"og:locale:alternate\" content=\"bg_BG\" \/>\n<meta property=\"og:locale:alternate\" content=\"pl_PL\" \/>\n<meta property=\"og:type\" content=\"article\" \/>\n<meta property=\"og:title\" content=\"Recenzje i opinie prawdziwych graczy na temat automatu do gry Starburst\" \/>\n<meta property=\"og:description\" content=\"Recenzja automatu do gry Starburst - opinie prawdziwych graczy na temat gry online Starburst w najlepszych kasynach internetowych. Szczere recenzje i uczciwa ocena.\" \/>\n<meta property=\"og:url\" content=\"https:\/\/starburstslotgame.net\/de\/reviews\/\" \/>\n<meta property=\"og:site_name\" content=\"Starburst Slot\" \/>\n<meta property=\"article:modified_time\" content=\"2024-03-04T00:19:48+00:00\" \/>\n<meta name=\"twitter:card\" content=\"summary_large_image\" \/>\n<meta name=\"twitter:label1\" content=\"Gesch\u00e4tzte Lesezeit\" \/>\n\t<meta name=\"twitter:data1\" content=\"18\u00a0Minuten\" \/>\n<script type=\"application\/ld+json\" class=\"yoast-schema-graph\">{\"@context\":\"https:\/\/schema.org\",\"@graph\":[{\"@type\":\"WebPage\",\"@id\":\"https:\/\/starburstslotgame.net\/pl\/reviews\/\",\"url\":\"https:\/\/starburstslotgame.net\/pl\/reviews\/\",\"name\":\"Recenzje i opinie prawdziwych graczy na temat automatu do gry Starburst\",\"isPartOf\":{\"@id\":\"https:\/\/starburstslotgame.net\/#website\"},\"datePublished\":\"2023-10-17T23:38:51+00:00\",\"dateModified\":\"2024-03-04T00:19:48+00:00\",\"description\":\"Recenzja automatu do gry Starburst - opinie prawdziwych graczy na temat gry online Starburst w najlepszych kasynach internetowych. Szczere recenzje i uczciwa ocena.\",\"breadcrumb\":{\"@id\":\"https:\/\/starburstslotgame.net\/pl\/reviews\/#breadcrumb\"},\"inLanguage\":\"de-DE\",\"potentialAction\":[{\"@type\":\"ReadAction\",\"target\":[\"https:\/\/starburstslotgame.net\/pl\/reviews\/\"]}]},{\"@type\":\"BreadcrumbList\",\"@id\":\"https:\/\/starburstslotgame.net\/pl\/reviews\/#breadcrumb\",\"itemListElement\":[{\"@type\":\"ListItem\",\"position\":1,\"name\":\"Home\",\"item\":\"https:\/\/starburstslotgame.net\/\"},{\"@type\":\"ListItem\",\"position\":2,\"name\":\"Recenzje\"}]},{\"@type\":\"WebSite\",\"@id\":\"https:\/\/starburstslotgame.net\/#website\",\"url\":\"https:\/\/starburstslotgame.net\/\",\"name\":\"Starburst Slot\",\"description\":\"\",\"publisher\":{\"@id\":\"https:\/\/starburstslotgame.net\/#organization\"},\"potentialAction\":[{\"@type\":\"SearchAction\",\"target\":{\"@type\":\"EntryPoint\",\"urlTemplate\":\"https:\/\/starburstslotgame.net\/?s={search_term_string}\"},\"query-input\":{\"@type\":\"PropertyValueSpecification\",\"valueRequired\":true,\"valueName\":\"search_term_string\"}}],\"inLanguage\":\"de-DE\"},{\"@type\":\"Organization\",\"@id\":\"https:\/\/starburstslotgame.net\/#organization\",\"name\":\"Starburst Slot\",\"url\":\"https:\/\/starburstslotgame.net\/\",\"logo\":{\"@type\":\"ImageObject\",\"inLanguage\":\"de-DE\",\"@id\":\"https:\/\/starburstslotgame.net\/#\/schema\/logo\/image\/\",\"url\":\"https:\/\/starburstslotgame.net\/wp-content\/uploads\/starburst-slot.png\",\"contentUrl\":\"https:\/\/starburstslotgame.net\/wp-content\/uploads\/starburst-slot.png\",\"width\":250,\"height\":187,\"caption\":\"Starburst Slot\"},\"image\":{\"@id\":\"https:\/\/starburstslotgame.net\/#\/schema\/logo\/image\/\"}}]}<\/script>\n<!-- \/ Yoast SEO plugin. -->","yoast_head_json":{"title":"Recenzje i opinie prawdziwych graczy na temat automatu do gry Starburst","description":"\u00dcberpr\u00fcfung des Starburst-Spielautomaten - Meinungen echter Spieler \u00fcber das Online-Spiel Starburst in den besten Online-Casinos. Ehrliche Bewertungen und ehrliche \u00dcberpr\u00fcfung.","robots":{"index":"index","follow":"follow","max-snippet":"max-snippet:-1","max-image-preview":"max-image-preview:large","max-video-preview":"max-video-preview:-1"},"canonical":"https:\/\/starburstslotgame.net\/de\/reviews\/","og_locale":"de_DE","og_type":"article","og_title":"Recenzje i opinie prawdziwych graczy na temat automatu do gry Starburst","og_description":"Recenzja automatu do gry Starburst - opinie prawdziwych graczy na temat gry online Starburst w najlepszych kasynach internetowych. Szczere recenzje i uczciwa ocena.","og_url":"https:\/\/starburstslotgame.net\/de\/reviews\/","og_site_name":"Starburst Slot","article_modified_time":"2024-03-04T00:19:48+00:00","twitter_card":"summary_large_image","twitter_misc":{"Gesch\u00e4tzte Lesezeit":"18\u00a0Minuten"},"schema":{"@context":"https:\/\/schema.org","@graph":[{"@type":"WebPage","@id":"https:\/\/starburstslotgame.net\/pl\/reviews\/","url":"https:\/\/starburstslotgame.net\/pl\/reviews\/","name":"Recenzje i opinie prawdziwych graczy na temat automatu do gry Starburst","isPartOf":{"@id":"https:\/\/starburstslotgame.net\/#website"},"datePublished":"2023-10-17T23:38:51+00:00","dateModified":"2024-03-04T00:19:48+00:00","description":"Recenzja automatu do gry Starburst - opinie prawdziwych graczy na temat gry online Starburst w najlepszych kasynach internetowych. Szczere recenzje i uczciwa ocena.","breadcrumb":{"@id":"https:\/\/starburstslotgame.net\/pl\/reviews\/#breadcrumb"},"inLanguage":"de-DE","potentialAction":[{"@type":"ReadAction","target":["https:\/\/starburstslotgame.net\/pl\/reviews\/"]}]},{"@type":"BreadcrumbList","@id":"https:\/\/starburstslotgame.net\/pl\/reviews\/#breadcrumb","itemListElement":[{"@type":"ListItem","position":1,"name":"Home","item":"https:\/\/starburstslotgame.net\/"},{"@type":"ListItem","position":2,"name":"Recenzje"}]},{"@type":"WebSite","@id":"https:\/\/starburstslotgame.net\/#website","url":"https:\/\/starburstslotgame.net\/","name":"Starburst Slot","description":"","publisher":{"@id":"https:\/\/starburstslotgame.net\/#organization"},"potentialAction":[{"@type":"SearchAction","target":{"@type":"EntryPoint","urlTemplate":"https:\/\/starburstslotgame.net\/?s={search_term_string}"},"query-input":{"@type":"PropertyValueSpecification","valueRequired":true,"valueName":"search_term_string"}}],"inLanguage":"de-DE"},{"@type":"Organization","@id":"https:\/\/starburstslotgame.net\/#organization","name":"Starburst Slot","url":"https:\/\/starburstslotgame.net\/","logo":{"@type":"ImageObject","inLanguage":"de-DE","@id":"https:\/\/starburstslotgame.net\/#\/schema\/logo\/image\/","url":"https:\/\/starburstslotgame.net\/wp-content\/uploads\/starburst-slot.png","contentUrl":"https:\/\/starburstslotgame.net\/wp-content\/uploads\/starburst-slot.png","width":250,"height":187,"caption":"Starburst Slot"},"image":{"@id":"https:\/\/starburstslotgame.net\/#\/schema\/logo\/image\/"}}]}},"_links":{"self":[{"href":"https:\/\/starburstslotgame.net\/de\/wp-json\/wp\/v2\/pages\/11","targetHints":{"allow":["GET"]}}],"collection":[{"href":"https:\/\/starburstslotgame.net\/de\/wp-json\/wp\/v2\/pages"}],"about":[{"href":"https:\/\/starburstslotgame.net\/de\/wp-json\/wp\/v2\/types\/page"}],"author":[{"embeddable":true,"href":"https:\/\/starburstslotgame.net\/de\/wp-json\/wp\/v2\/users\/1"}],"replies":[{"embeddable":true,"href":"https:\/\/starburstslotgame.net\/de\/wp-json\/wp\/v2\/comments?post=11"}],"version-history":[{"count":24,"href":"https:\/\/starburstslotgame.net\/de\/wp-json\/wp\/v2\/pages\/11\/revisions"}],"predecessor-version":[{"id":165,"href":"https:\/\/starburstslotgame.net\/de\/wp-json\/wp\/v2\/pages\/11\/revisions\/165"}],"wp:attachment":[{"href":"https:\/\/starburstslotgame.net\/de\/wp-json\/wp\/v2\/media?parent=11"}],"curies":[{"name":"wp","href":"https:\/\/api.w.org\/{rel}","templated":true}]}}