{"id":13,"date":"2023-10-17T23:39:35","date_gmt":"2023-10-17T23:39:35","guid":{"rendered":"https:\/\/starburstslotgame.net\/?page_id=13"},"modified":"2024-03-04T10:48:19","modified_gmt":"2024-03-04T10:48:19","slug":"strategies","status":"publish","type":"page","link":"https:\/\/starburstslotgame.net\/de\/strategies\/","title":{"rendered":"Strategien f\u00fcr das Spielen des Starburst-Slots: wie man die Gewinnchancen erh\u00f6ht"},"content":{"rendered":"<p>Der Slot Starburst, entwickelt von NetEnt, ist einer der beliebtesten und aufregendsten Online-Gl\u00fccksspielautomaten. Dieser Slot ist bekannt f\u00fcr seine lebendige Grafik, aufregendes Gameplay und das Potenzial f\u00fcr gro\u00dfe Gewinne. Aber gibt es Strategien, die Ihre Chancen auf Erfolg bei Starburst erh\u00f6hen k\u00f6nnen? Wir sind uns da nicht sicher, aber lassen Sie uns einige n\u00fctzliche Tipps betrachten. Das Befolgen dieser Tipps garantiert Ihnen keinen Gewinn, aber es wird sicherlich Ihre Chancen erheblich verbessern. Also, hier sind Tipps, wie Sie bei Starburst spielen und gewinnen k\u00f6nnen.<\/p>\n<h3>Lernen Sie die Regeln des Starburst-Slots<\/h3>\n<p>Bevor Sie mit dem Spielen von Starburst beginnen, ist es wichtig, sich mit den Regeln und Funktionen dieses Slots vertraut zu machen. Das Verst\u00e4ndnis, wie die Symbole, Gewinnlinien und Boni funktionieren, wird Ihnen helfen, w\u00e4hrend des Spiels informiertere Entscheidungen zu treffen. Daher empfehlen wir, sich einige Minuten Zeit zu nehmen, um die Regeln des Starburst-Spielautomaten zu lesen.<\/p>\n<h3>Legen Sie ein Budget und Limits fest<\/h3>\n<p>Bestimmen Sie die Summe, die Sie bereit sind, f\u00fcr das Spielen von Starburst auszugeben, und halten Sie sich an dieses Budget. Dies wird Ihnen helfen, unerw\u00fcnschte finanzielle Verluste zu vermeiden und die Kontrolle \u00fcber Ihre Ausgaben zu behalten. Mit anderen Worten, wenn Sie einen Betrag festlegen, den Sie bereit sind zu verlieren, wird es f\u00fcr Sie besser sein.<\/p>\n<h3>Spielen Sie mit maximalen Eins\u00e4tzen<\/h3>\n<p>Starburst verf\u00fcgt \u00fcber die Funktion Win Both Ways, was bedeutet, dass Sie von links nach rechts und von rechts nach links gewinnen k\u00f6nnen. Um Ihre Gewinnchancen zu erh\u00f6hen, sollten Sie erw\u00e4gen, Ihre Eins\u00e4tze auf das Maximum zu erh\u00f6hen, aber vergessen Sie nicht, Ihr Budget im Auge zu behalten. Der Schl\u00fcssel hier ist, rechtzeitig aufzuh\u00f6ren.<\/p>\n<h3>Nutzen Sie Boni und Aktionen<\/h3>\n<p>Viele Online-Casinos bieten Boni und Aktionen im Zusammenhang mit Starburst an. Dies kann kostenlose Spins oder zus\u00e4tzliche Boni bei Einzahlungen umfassen. Nutzen Sie diese Angebote, um Ihr Bankroll zu steigern und Ihre Gewinnchancen zu erh\u00f6hen.<\/p>\n<h3>\u00dcben Sie im Demo-Modus<\/h3>\n<p>Viele Online-Casinos bieten die M\u00f6glichkeit, Starburst im Demo-Modus zu spielen. Dies ist eine Gelegenheit, Starburst kostenlos zu spielen. Es ist eine ausgezeichnete M\u00f6glichkeit, sich mit dem Spiel vertraut zu machen und Ihre Strategie ohne das Risiko des Verlusts von echtem Geld zu entwickeln.<\/p>\n<h3>Verwalten Sie Ihre Emotionen<\/h3>\n<p>Vielleicht sind wir an einem der wichtigsten Punkte angelangt. Eine der Schl\u00fcsselstrategien f\u00fcr erfolgreiches Spielen in jeder Gl\u00fccksspielaktivit\u00e4t besteht darin, Ihre Emotionen zu kontrollieren. Lassen Sie Wut oder Entt\u00e4uschung nicht Ihre Handlungen bestimmen. Bleiben Sie ruhig und rational. Dies wird Ihnen helfen, echtes Geld zu gewinnen, obwohl wir verstehen, dass Emotionen manchmal hochkochen k\u00f6nnen.<\/p>\n<h3>Setzen Sie sich Ziele<\/h3>\n<p>Setzen Sie sich w\u00e4hrend des Spiels Ziele. Sie k\u00f6nnen beispielsweise einen Zielgewinn festlegen, nach dem Sie die Sitzung beenden m\u00f6chten. Dies wird Ihnen helfen, Ihre Gewinne zu behalten und Verluste zu vermeiden. Spielen Sie Starburst um echtes Geld oder nur zum Spa\u00df? Die Antwort auf diese Frage bestimmt, welche Strategie f\u00fcr Sie am besten ist.<\/p>\n<h3>Spielen Sie auf zuverl\u00e4ssigen Online-Casino-Websites<\/h3>\n<p>W\u00e4hlen Sie zuverl\u00e4ssige und lizenzierte Online-Casinos, um Fairness und Ehrlichkeit im Spiel zu gew\u00e4hrleisten. Dies wird Ihnen auch helfen, Betrug zu vermeiden und die Sicherheit Ihrer Finanzen zu gew\u00e4hrleisten. Schlie\u00dflich gibt es nichts Frustrierenderes, als eine betr\u00e4chtliche Geldsumme zu gewinnen, und das Casino weigert sich, Ihnen aus einem erfundenen Grund zu bezahlen. Au\u00dferdem spielen Sie in einem lizenzierten Online-Casino die lizenzierte Version des Starburst-Slots.<\/p>\n<h3>Seien Sie auf eine aufregende Reise vorbereitet<\/h3>\n<p>Starburst ist ein Gl\u00fccksspiel, und manchmal ist das Gl\u00fcck nicht auf Ihrer Seite. Seien Sie auf H\u00f6hen und Tiefen vorbereitet und genie\u00dfen Sie den Spielprozess. Betrachten Sie Ihren Weg im Spiel als ein Abenteuer eines Samurai.<\/p>\n<h3>Genie\u00dfen Sie das Spielen von Starburst<\/h3>\n<p>Das Spielen von Starburst sollte Freude bereiten, unabh\u00e4ngig vom Ergebnis. Genie\u00dfen Sie das Spiel, seine Ger\u00e4usche und visuelle Gestaltung, und die Gewinne werden ein angenehmer Bonus sein. Selbst bei einer Niederlage gibt es Positives. Es ist eine etwas spezifische Art von Vergn\u00fcgen, aber es gibt Emotionen, nach denen Sie vielleicht suchen.<\/p>\n<p>Strategien f\u00fcr das Spielen des Starburst-Slots k\u00f6nnen Ihre Chancen auf Erfolg erh\u00f6hen und Ihre Spielsitzung aufregender gestalten. Denken Sie jedoch daran, dass Gl\u00fccksspiel immer mit Risiken verbunden ist, also spielen Sie verantwortungsbewusst. Viel Gl\u00fcck bei Ihren Gl\u00fccksspielabenteuern auf den Starburst-Walzen!<\/p>\n","protected":false},"excerpt":{"rendered":"<p>Der Slot Starburst, entwickelt von NetEnt, ist einer der beliebtesten und aufregendsten Online-Gl\u00fccksspielautomaten. Dieser Slot ist bekannt f\u00fcr seine lebendige Grafik, aufregendes Gameplay und das Potenzial f\u00fcr gro\u00dfe Gewinne. Aber gibt es Strategien, die Ihre Chancen auf Erfolg bei Starburst erh\u00f6hen k\u00f6nnen? Wir sind uns da nicht sicher, aber lassen Sie uns einige n\u00fctzliche Tipps&#8230;<\/p>\n","protected":false},"author":1,"featured_media":0,"parent":0,"menu_order":0,"comment_status":"closed","ping_status":"closed","template":"","meta":{"footnotes":""},"class_list":["post-13","page","type-page","status-publish","hentry"],"yoast_head":"<!-- This site is optimized with the Yoast SEO plugin v27.2 - https:\/\/yoast.com\/product\/yoast-seo-wordpress\/ -->\n<title>\u0421\u0442\u0440\u0430\u0442\u0435\u0433\u0438\u0438 \u0437\u0430 \u0438\u0433\u0440\u0430 \u043d\u0430 \u0441\u043b\u043e\u0442 Starburst: \u043a\u0430\u043a \u0434\u0430 \u0438\u0433\u0440\u0430\u0435\u0442\u0435 \u0438 \u0434\u0430 \u0441\u043f\u0435\u0447\u0435\u043b\u0438\u0442\u0435<\/title>\n<meta name=\"description\" content=\"Wie man am Starburst-Spielautomaten spielt und gewinnt. Die besten Strategien und Taktiken f\u00fcr das Spielen von Starburst f\u00fcr Online-Casino-Spieler.\" \/>\n<meta name=\"robots\" content=\"index, follow, max-snippet:-1, max-image-preview:large, max-video-preview:-1\" \/>\n<link rel=\"canonical\" href=\"https:\/\/starburstslotgame.net\/de\/strategies\/\" \/>\n<meta property=\"og:locale\" content=\"de_DE\" \/>\n<meta property=\"og:locale:alternate\" content=\"en_US\" \/>\n<meta property=\"og:locale:alternate\" content=\"ru_RU\" \/>\n<meta property=\"og:locale:alternate\" content=\"pt_PT\" \/>\n<meta property=\"og:locale:alternate\" content=\"es_ES\" \/>\n<meta property=\"og:locale:alternate\" content=\"it_IT\" \/>\n<meta property=\"og:locale:alternate\" content=\"fr_FR\" \/>\n<meta property=\"og:locale:alternate\" content=\"ro_RO\" \/>\n<meta property=\"og:locale:alternate\" content=\"sr_RS\" \/>\n<meta property=\"og:locale:alternate\" content=\"bg_BG\" \/>\n<meta property=\"og:locale:alternate\" content=\"pl_PL\" \/>\n<meta property=\"og:type\" content=\"article\" \/>\n<meta property=\"og:title\" content=\"\u0421\u0442\u0440\u0430\u0442\u0435\u0433\u0438\u0438 \u0437\u0430 \u0438\u0433\u0440\u0430 \u043d\u0430 \u0441\u043b\u043e\u0442 Starburst: \u043a\u0430\u043a \u0434\u0430 \u0438\u0433\u0440\u0430\u0435\u0442\u0435 \u0438 \u0434\u0430 \u0441\u043f\u0435\u0447\u0435\u043b\u0438\u0442\u0435\" \/>\n<meta property=\"og:description\" content=\"\u041a\u0430\u043a \u0434\u0430 \u0438\u0433\u0440\u0430\u0435\u0442\u0435 \u0438 \u0434\u0430 \u0441\u043f\u0435\u0447\u0435\u043b\u0438\u0442\u0435 \u043d\u0430 \u0441\u043b\u043e\u0442 \u043c\u0430\u0448\u0438\u043d\u0430 Starburst. \u041d\u0430\u0439-\u0434\u043e\u0431\u0440\u0438\u0442\u0435 \u0441\u0442\u0440\u0430\u0442\u0435\u0433\u0438\u0438 \u0438 \u0442\u0430\u043a\u0442\u0438\u043a\u0438 \u0437\u0430 \u0438\u0433\u0440\u0430 \u043d\u0430 Starburst \u0437\u0430 \u043e\u043d\u043b\u0430\u0439\u043d \u043a\u0430\u0437\u0438\u043d\u043e \u0438\u0433\u0440\u0430\u0447\u0438.\" \/>\n<meta property=\"og:url\" content=\"https:\/\/starburstslotgame.net\/de\/strategies\/\" \/>\n<meta property=\"og:site_name\" content=\"Starburst Slot\" \/>\n<meta property=\"article:modified_time\" content=\"2024-03-04T10:48:19+00:00\" \/>\n<meta name=\"twitter:card\" content=\"summary_large_image\" \/>\n<meta name=\"twitter:label1\" content=\"Gesch\u00e4tzte Lesezeit\" \/>\n\t<meta name=\"twitter:data1\" content=\"30\u00a0Minuten\" \/>\n<script type=\"application\/ld+json\" class=\"yoast-schema-graph\">{\"@context\":\"https:\/\/schema.org\",\"@graph\":[{\"@type\":\"WebPage\",\"@id\":\"https:\/\/starburstslotgame.net\/bg\/strategies\/\",\"url\":\"https:\/\/starburstslotgame.net\/bg\/strategies\/\",\"name\":\"\u0421\u0442\u0440\u0430\u0442\u0435\u0433\u0438\u0438 \u0437\u0430 \u0438\u0433\u0440\u0430 \u043d\u0430 \u0441\u043b\u043e\u0442 Starburst: \u043a\u0430\u043a \u0434\u0430 \u0438\u0433\u0440\u0430\u0435\u0442\u0435 \u0438 \u0434\u0430 \u0441\u043f\u0435\u0447\u0435\u043b\u0438\u0442\u0435\",\"isPartOf\":{\"@id\":\"https:\/\/starburstslotgame.net\/#website\"},\"datePublished\":\"2023-10-17T23:39:35+00:00\",\"dateModified\":\"2024-03-04T10:48:19+00:00\",\"description\":\"\u041a\u0430\u043a \u0434\u0430 \u0438\u0433\u0440\u0430\u0435\u0442\u0435 \u0438 \u0434\u0430 \u0441\u043f\u0435\u0447\u0435\u043b\u0438\u0442\u0435 \u043d\u0430 \u0441\u043b\u043e\u0442 \u043c\u0430\u0448\u0438\u043d\u0430 Starburst. \u041d\u0430\u0439-\u0434\u043e\u0431\u0440\u0438\u0442\u0435 \u0441\u0442\u0440\u0430\u0442\u0435\u0433\u0438\u0438 \u0438 \u0442\u0430\u043a\u0442\u0438\u043a\u0438 \u0437\u0430 \u0438\u0433\u0440\u0430 \u043d\u0430 Starburst \u0437\u0430 \u043e\u043d\u043b\u0430\u0439\u043d \u043a\u0430\u0437\u0438\u043d\u043e \u0438\u0433\u0440\u0430\u0447\u0438.\",\"breadcrumb\":{\"@id\":\"https:\/\/starburstslotgame.net\/bg\/strategies\/#breadcrumb\"},\"inLanguage\":\"de-DE\",\"potentialAction\":[{\"@type\":\"ReadAction\",\"target\":[\"https:\/\/starburstslotgame.net\/bg\/strategies\/\"]}]},{\"@type\":\"BreadcrumbList\",\"@id\":\"https:\/\/starburstslotgame.net\/bg\/strategies\/#breadcrumb\",\"itemListElement\":[{\"@type\":\"ListItem\",\"position\":1,\"name\":\"Home\",\"item\":\"https:\/\/starburstslotgame.net\/\"},{\"@type\":\"ListItem\",\"position\":2,\"name\":\"\u0421\u0442\u0440\u0430\u0442\u0435\u0433\u0438\u0438 \u0437\u0430 \u0438\u0433\u0440\u0430 \u043d\u0430 \u0441\u043b\u043e\u0442 Starburst: \u043a\u0430\u043a \u0434\u0430 \u0443\u0432\u0435\u043b\u0438\u0447\u0438\u0442\u0435 \u0448\u0430\u043d\u0441\u043e\u0432\u0435\u0442\u0435 \u0441\u0438 \u0437\u0430 \u043f\u0435\u0447\u0430\u043b\u0431\u0430\"}]},{\"@type\":\"WebSite\",\"@id\":\"https:\/\/starburstslotgame.net\/#website\",\"url\":\"https:\/\/starburstslotgame.net\/\",\"name\":\"Starburst Slot\",\"description\":\"\",\"publisher\":{\"@id\":\"https:\/\/starburstslotgame.net\/#organization\"},\"potentialAction\":[{\"@type\":\"SearchAction\",\"target\":{\"@type\":\"EntryPoint\",\"urlTemplate\":\"https:\/\/starburstslotgame.net\/?s={search_term_string}\"},\"query-input\":{\"@type\":\"PropertyValueSpecification\",\"valueRequired\":true,\"valueName\":\"search_term_string\"}}],\"inLanguage\":\"de-DE\"},{\"@type\":\"Organization\",\"@id\":\"https:\/\/starburstslotgame.net\/#organization\",\"name\":\"Starburst Slot\",\"url\":\"https:\/\/starburstslotgame.net\/\",\"logo\":{\"@type\":\"ImageObject\",\"inLanguage\":\"de-DE\",\"@id\":\"https:\/\/starburstslotgame.net\/#\/schema\/logo\/image\/\",\"url\":\"https:\/\/starburstslotgame.net\/wp-content\/uploads\/starburst-slot.png\",\"contentUrl\":\"https:\/\/starburstslotgame.net\/wp-content\/uploads\/starburst-slot.png\",\"width\":250,\"height\":187,\"caption\":\"Starburst Slot\"},\"image\":{\"@id\":\"https:\/\/starburstslotgame.net\/#\/schema\/logo\/image\/\"}}]}<\/script>\n<!-- \/ Yoast SEO plugin. -->","yoast_head_json":{"title":"\u0421\u0442\u0440\u0430\u0442\u0435\u0433\u0438\u0438 \u0437\u0430 \u0438\u0433\u0440\u0430 \u043d\u0430 \u0441\u043b\u043e\u0442 Starburst: \u043a\u0430\u043a \u0434\u0430 \u0438\u0433\u0440\u0430\u0435\u0442\u0435 \u0438 \u0434\u0430 \u0441\u043f\u0435\u0447\u0435\u043b\u0438\u0442\u0435","description":"Wie man am Starburst-Spielautomaten spielt und gewinnt. Die besten Strategien und Taktiken f\u00fcr das Spielen von Starburst f\u00fcr Online-Casino-Spieler.","robots":{"index":"index","follow":"follow","max-snippet":"max-snippet:-1","max-image-preview":"max-image-preview:large","max-video-preview":"max-video-preview:-1"},"canonical":"https:\/\/starburstslotgame.net\/de\/strategies\/","og_locale":"de_DE","og_type":"article","og_title":"\u0421\u0442\u0440\u0430\u0442\u0435\u0433\u0438\u0438 \u0437\u0430 \u0438\u0433\u0440\u0430 \u043d\u0430 \u0441\u043b\u043e\u0442 Starburst: \u043a\u0430\u043a \u0434\u0430 \u0438\u0433\u0440\u0430\u0435\u0442\u0435 \u0438 \u0434\u0430 \u0441\u043f\u0435\u0447\u0435\u043b\u0438\u0442\u0435","og_description":"\u041a\u0430\u043a \u0434\u0430 \u0438\u0433\u0440\u0430\u0435\u0442\u0435 \u0438 \u0434\u0430 \u0441\u043f\u0435\u0447\u0435\u043b\u0438\u0442\u0435 \u043d\u0430 \u0441\u043b\u043e\u0442 \u043c\u0430\u0448\u0438\u043d\u0430 Starburst. \u041d\u0430\u0439-\u0434\u043e\u0431\u0440\u0438\u0442\u0435 \u0441\u0442\u0440\u0430\u0442\u0435\u0433\u0438\u0438 \u0438 \u0442\u0430\u043a\u0442\u0438\u043a\u0438 \u0437\u0430 \u0438\u0433\u0440\u0430 \u043d\u0430 Starburst \u0437\u0430 \u043e\u043d\u043b\u0430\u0439\u043d \u043a\u0430\u0437\u0438\u043d\u043e \u0438\u0433\u0440\u0430\u0447\u0438.","og_url":"https:\/\/starburstslotgame.net\/de\/strategies\/","og_site_name":"Starburst Slot","article_modified_time":"2024-03-04T10:48:19+00:00","twitter_card":"summary_large_image","twitter_misc":{"Gesch\u00e4tzte Lesezeit":"30\u00a0Minuten"},"schema":{"@context":"https:\/\/schema.org","@graph":[{"@type":"WebPage","@id":"https:\/\/starburstslotgame.net\/bg\/strategies\/","url":"https:\/\/starburstslotgame.net\/bg\/strategies\/","name":"\u0421\u0442\u0440\u0430\u0442\u0435\u0433\u0438\u0438 \u0437\u0430 \u0438\u0433\u0440\u0430 \u043d\u0430 \u0441\u043b\u043e\u0442 Starburst: \u043a\u0430\u043a \u0434\u0430 \u0438\u0433\u0440\u0430\u0435\u0442\u0435 \u0438 \u0434\u0430 \u0441\u043f\u0435\u0447\u0435\u043b\u0438\u0442\u0435","isPartOf":{"@id":"https:\/\/starburstslotgame.net\/#website"},"datePublished":"2023-10-17T23:39:35+00:00","dateModified":"2024-03-04T10:48:19+00:00","description":"\u041a\u0430\u043a \u0434\u0430 \u0438\u0433\u0440\u0430\u0435\u0442\u0435 \u0438 \u0434\u0430 \u0441\u043f\u0435\u0447\u0435\u043b\u0438\u0442\u0435 \u043d\u0430 \u0441\u043b\u043e\u0442 \u043c\u0430\u0448\u0438\u043d\u0430 Starburst. \u041d\u0430\u0439-\u0434\u043e\u0431\u0440\u0438\u0442\u0435 \u0441\u0442\u0440\u0430\u0442\u0435\u0433\u0438\u0438 \u0438 \u0442\u0430\u043a\u0442\u0438\u043a\u0438 \u0437\u0430 \u0438\u0433\u0440\u0430 \u043d\u0430 Starburst \u0437\u0430 \u043e\u043d\u043b\u0430\u0439\u043d \u043a\u0430\u0437\u0438\u043d\u043e \u0438\u0433\u0440\u0430\u0447\u0438.","breadcrumb":{"@id":"https:\/\/starburstslotgame.net\/bg\/strategies\/#breadcrumb"},"inLanguage":"de-DE","potentialAction":[{"@type":"ReadAction","target":["https:\/\/starburstslotgame.net\/bg\/strategies\/"]}]},{"@type":"BreadcrumbList","@id":"https:\/\/starburstslotgame.net\/bg\/strategies\/#breadcrumb","itemListElement":[{"@type":"ListItem","position":1,"name":"Home","item":"https:\/\/starburstslotgame.net\/"},{"@type":"ListItem","position":2,"name":"\u0421\u0442\u0440\u0430\u0442\u0435\u0433\u0438\u0438 \u0437\u0430 \u0438\u0433\u0440\u0430 \u043d\u0430 \u0441\u043b\u043e\u0442 Starburst: \u043a\u0430\u043a \u0434\u0430 \u0443\u0432\u0435\u043b\u0438\u0447\u0438\u0442\u0435 \u0448\u0430\u043d\u0441\u043e\u0432\u0435\u0442\u0435 \u0441\u0438 \u0437\u0430 \u043f\u0435\u0447\u0430\u043b\u0431\u0430"}]},{"@type":"WebSite","@id":"https:\/\/starburstslotgame.net\/#website","url":"https:\/\/starburstslotgame.net\/","name":"Starburst Slot","description":"","publisher":{"@id":"https:\/\/starburstslotgame.net\/#organization"},"potentialAction":[{"@type":"SearchAction","target":{"@type":"EntryPoint","urlTemplate":"https:\/\/starburstslotgame.net\/?s={search_term_string}"},"query-input":{"@type":"PropertyValueSpecification","valueRequired":true,"valueName":"search_term_string"}}],"inLanguage":"de-DE"},{"@type":"Organization","@id":"https:\/\/starburstslotgame.net\/#organization","name":"Starburst Slot","url":"https:\/\/starburstslotgame.net\/","logo":{"@type":"ImageObject","inLanguage":"de-DE","@id":"https:\/\/starburstslotgame.net\/#\/schema\/logo\/image\/","url":"https:\/\/starburstslotgame.net\/wp-content\/uploads\/starburst-slot.png","contentUrl":"https:\/\/starburstslotgame.net\/wp-content\/uploads\/starburst-slot.png","width":250,"height":187,"caption":"Starburst Slot"},"image":{"@id":"https:\/\/starburstslotgame.net\/#\/schema\/logo\/image\/"}}]}},"_links":{"self":[{"href":"https:\/\/starburstslotgame.net\/de\/wp-json\/wp\/v2\/pages\/13","targetHints":{"allow":["GET"]}}],"collection":[{"href":"https:\/\/starburstslotgame.net\/de\/wp-json\/wp\/v2\/pages"}],"about":[{"href":"https:\/\/starburstslotgame.net\/de\/wp-json\/wp\/v2\/types\/page"}],"author":[{"embeddable":true,"href":"https:\/\/starburstslotgame.net\/de\/wp-json\/wp\/v2\/users\/1"}],"replies":[{"embeddable":true,"href":"https:\/\/starburstslotgame.net\/de\/wp-json\/wp\/v2\/comments?post=13"}],"version-history":[{"count":23,"href":"https:\/\/starburstslotgame.net\/de\/wp-json\/wp\/v2\/pages\/13\/revisions"}],"predecessor-version":[{"id":80,"href":"https:\/\/starburstslotgame.net\/de\/wp-json\/wp\/v2\/pages\/13\/revisions\/80"}],"wp:attachment":[{"href":"https:\/\/starburstslotgame.net\/de\/wp-json\/wp\/v2\/media?parent=13"}],"curies":[{"name":"wp","href":"https:\/\/api.w.org\/{rel}","templated":true}]}}