{"id":5,"date":"2023-10-17T23:27:04","date_gmt":"2023-10-17T23:27:04","guid":{"rendered":"https:\/\/starburstslotgame.net\/?page_id=5"},"modified":"2024-03-04T00:07:43","modified_gmt":"2024-03-04T00:07:43","slug":"main","status":"publish","type":"page","link":"https:\/\/starburstslotgame.net\/de\/","title":{"rendered":"Jetzt den Starburst-Slot spielen"},"content":{"rendered":"<p>Das Online-Spiel Starburst ist ein lebhafter und fesselnder Online-Slot, der die Herzen von Millionen von Spielern weltweit erobert hat. Starburst wird \u00fcberall dort gespielt, wo es Internet gibt. Das Ziel unserer Website ist es, den Spielern alles zu erz\u00e4hlen, was sie wissen m\u00fcssen, um mit Starburst zu spielen, seine Funktionen und Vorteile. Sind Sie bereit, in die Magie der Edelsteine und Gl\u00fccksspielabenteuer einzutauchen? Dann lassen Sie uns anfangen.<\/p>\n<h2><strong>Warum Starburst?<\/strong><\/h2>\n<p>Wir k\u00f6nnen viele Gr\u00fcnde nennen, warum Spieler Starburst spielen, aber lassen Sie uns der Reihe nach vorgehen.<\/p>\n<h3><strong>Pr\u00e4chtige Grafik und Design<\/strong><\/h3>\n<p>Der Online-Slot Starburst besticht durch seine bunte und lebendige Grafik. Jedes Symbol auf den Walzen, sei es funkelnde Edelsteine oder ein facettenreicher Stern, ist bis ins kleinste Detail ausgearbeitet. Dies ist wirklich Grafik auf h\u00f6chstem Niveau. Der Slot erf\u00fcllt visuell selbst die anspruchsvollsten Spieler, unabh\u00e4ngig von ihren W\u00fcnschen und Vorlieben. Die Erfahrung, Starburst zu spielen, ist eine wahre Kunst des visuellen Genusses.<\/p>\n<h3><strong>Spannendes Gameplay<\/strong><\/h3>\n<p>Mit 5 Walzen und 10 Gewinnlinien bietet der Starburst-Slot den Spielern viele M\u00f6glichkeiten zu gewinnen. Die Funktion &#8222;Win Both Ways&#8220; verdoppelt Ihre Gewinnchancen, und das Wild-Symbol erh\u00f6ht nicht nur Ihre Gewinne, sondern l\u00f6st auch Freispiele aus. Das Gameplay von Starburst ist dynamisch und aufregend, was es f\u00fcr Spieler aller Kategorien attraktiv macht. Egal, ob Sie jung und unerfahren oder ein alter Hase im Spielen sind, dieser Slot wird jeden ansprechen.<\/p>\n<h3><strong>Einfache Regeln<\/strong><\/h3>\n<p>F\u00fcr diejenigen, die gerade erst ihre Reise in die Welt des Online-Gl\u00fccksspiels beginnen, ist das Online-Spiel Starburst ein ausgezeichneter Ausgangspunkt. Dieser Slot ist einfach zu bedienen und auch ohne Erfahrung im Gl\u00fccksspiel verst\u00e4ndlich. Es ist nicht notwendig, komplexe Regeln oder Strategien auswendig zu lernen &#8211; drehen Sie einfach die Walzen und genie\u00dfen Sie das Spiel. Nat\u00fcrlich ist es w\u00fcnschenswert, sich einige Symbole zu merken, da Sie so besser verstehen werden, ob Sie gewonnen oder verloren haben. Aber im Gro\u00dfen und Ganzen m\u00fcssen Sie sich nicht zu sehr um die Regeln des Starburst-Spiels k\u00fcmmern.<\/p>\n<h2><strong>Wie man bei Starburst gewinnt<\/strong><\/h2>\n<h3><strong>Gro\u00dfe Gewinne<\/strong><\/h3>\n<p>Eine der Hauptattraktionen von Starburst ist die M\u00f6glichkeit eines gro\u00dfen Gewinns. Alles h\u00e4ngt von Ihren Eins\u00e4tzen und Ihrem Gl\u00fcck ab. Viele Spieler haben es geschafft, gro\u00dfe Jackpots zu gewinnen und viel mehr zu gewinnen, als sie sich h\u00e4tten vorstellen k\u00f6nnen. Der Starburst-Slot erm\u00f6glicht es Ihnen, sehr viel Geld zu gewinnen.<\/p>\n<h3><strong>Starburst \u00fcberall spielen<\/strong><\/h3>\n<p>Der Starburst-Spielautomat ist auf jedem Ger\u00e4t verf\u00fcgbar &#8211; Computern, Smartphones und Tablets. Sie k\u00f6nnen sich jederzeit und \u00fcberall in die Welt des Gl\u00fccksspiels vertiefen. Egal, wo Sie sind, Starburst ist immer bei Ihnen. Und wie bereits erw\u00e4hnt, spielt es keine Rolle, auf welchem Ger\u00e4t Sie spielen &#8211; ob es sich um ein altes Android oder ein neues handelt.<\/p>\n<h3><strong>Starburst kostenlos spielen<\/strong><\/h3>\n<p>Viele Online-Casinos bieten Boni und Promotionen im Zusammenhang mit Starburst an. Dies gibt Ihnen die M\u00f6glichkeit, Starburst fast kostenlos zu spielen, denn Boni sind kostenloses Geld, das es Ihnen erm\u00f6glicht zu gewinnen. Dies kann kostenlose Spins oder zus\u00e4tzliche Boni bei der Registrierung umfassen. \u00dcberpr\u00fcfen Sie die aktuellen Angebote Ihres Casinos, um Ihre Gewinnchancen zu erh\u00f6hen.<\/p>\n<p>Verpassen Sie nicht die Chance, in die aufregende Welt von Starburst einzutauchen. Durch das Spielen dieses Slots werden Sie das Adrenalin und die Spannung sp\u00fcren, die das Gl\u00fccksspiel mit sich bringt. Entdecken Sie farbenfrohe Symbole, grenzenlose Gewinne und spannendes Gameplay.<\/p>\n<p>Treten Sie den Millionen von Spielern bei, die bereits die Magie von Starburst erlebt haben. Beginnen Sie jetzt Ihr Gl\u00fccksspielabenteuer!<\/p>\n<p>Mit Starburst haben Sie garantiert viel Spa\u00df und die M\u00f6glichkeit, gro\u00dfe Preise zu gewinnen. Verpassen Sie nicht die Chance, diesen aufregenden Slot zu erleben und Teil seiner Legende zu werden!<\/p>\n","protected":false},"excerpt":{"rendered":"<p>Das Online-Spiel Starburst ist ein lebhafter und fesselnder Online-Slot, der die Herzen von Millionen von Spielern weltweit erobert hat. Starburst wird \u00fcberall dort gespielt, wo es Internet gibt. Das Ziel unserer Website ist es, den Spielern alles zu erz\u00e4hlen, was sie wissen m\u00fcssen, um mit Starburst zu spielen, seine Funktionen und Vorteile. Sind Sie bereit,&#8230;<\/p>\n","protected":false},"author":1,"featured_media":0,"parent":0,"menu_order":0,"comment_status":"closed","ping_status":"closed","template":"","meta":{"footnotes":""},"class_list":["post-5","page","type-page","status-publish","hentry"],"yoast_head":"<!-- This site is optimized with the Yoast SEO plugin v27.2 - https:\/\/yoast.com\/product\/yoast-seo-wordpress\/ -->\n<title>\u0418\u0433\u0440\u0430\u0442\u044c \u0432 \u0438\u0433\u0440\u043e\u0432\u043e\u0439 \u0430\u0432\u0442\u043e\u043c\u0430\u0442 Starburst \u0432 \u043e\u043d\u043b\u0430\u0439\u043d \u043a\u0430\u0437\u0438\u043d\u043e<\/title>\n<meta name=\"description\" content=\"Spielen Sie um echtes Geld am Starburst-Spielautomaten in den besten Online-Casinos. Wie man spielt und gewinnt, Strategien und Taktiken, Bewertungen, laden Sie den Starburst-Spielautomaten herunter.\" \/>\n<meta name=\"robots\" content=\"index, follow, max-snippet:-1, max-image-preview:large, max-video-preview:-1\" \/>\n<link rel=\"canonical\" href=\"https:\/\/starburstslotgame.net\/de\/\" \/>\n<meta property=\"og:locale\" content=\"de_DE\" \/>\n<meta property=\"og:locale:alternate\" content=\"en_US\" \/>\n<meta property=\"og:locale:alternate\" content=\"ru_RU\" \/>\n<meta property=\"og:locale:alternate\" content=\"pt_PT\" \/>\n<meta property=\"og:locale:alternate\" content=\"es_ES\" \/>\n<meta property=\"og:locale:alternate\" content=\"it_IT\" \/>\n<meta property=\"og:locale:alternate\" content=\"fr_FR\" \/>\n<meta property=\"og:locale:alternate\" content=\"ro_RO\" \/>\n<meta property=\"og:locale:alternate\" content=\"sr_RS\" \/>\n<meta property=\"og:locale:alternate\" content=\"bg_BG\" \/>\n<meta property=\"og:locale:alternate\" content=\"pl_PL\" \/>\n<meta property=\"og:type\" content=\"article\" \/>\n<meta property=\"og:title\" content=\"\u0418\u0433\u0440\u0430\u0442\u044c \u0432 \u0438\u0433\u0440\u043e\u0432\u043e\u0439 \u0430\u0432\u0442\u043e\u043c\u0430\u0442 Starburst \u0432 \u043e\u043d\u043b\u0430\u0439\u043d \u043a\u0430\u0437\u0438\u043d\u043e\" \/>\n<meta property=\"og:description\" content=\"\u0418\u0433\u0440\u0430\u0442\u044c \u043d\u0430 \u0440\u0435\u0430\u043b\u044c\u043d\u044b\u0435 \u0434\u0435\u043d\u044c\u0433\u0438 \u0432 \u0441\u043b\u043e\u0442 \u0421\u0442\u0430\u0440\u0431\u0430\u0440\u0441\u0442 \u0432 \u043b\u0443\u0447\u0448\u0438\u0445 \u043e\u043d\u043b\u0430\u0439\u043d \u043a\u0430\u0437\u0438\u043d\u043e. \u041a\u0430\u043a \u0438\u0433\u0440\u0430\u0442\u044c \u0438 \u0432\u044b\u0438\u0433\u0440\u044b\u0432\u0430\u0442\u044c, \u0441\u0442\u0440\u0430\u0442\u0435\u0433\u0438\u0438 \u0438 \u0442\u0430\u043a\u0442\u0438\u043a\u0438, \u043e\u0442\u0437\u044b\u0432\u044b, \u0441\u043a\u0430\u0447\u0430\u0442\u044c \u0438\u0433\u0440\u043e\u0432\u043e\u0439 \u0430\u0432\u0442\u043e\u043c\u0430\u0442 \u0421\u0442\u0430\u0440\u0431\u0430\u0440\u0441\u0442\" \/>\n<meta property=\"og:url\" content=\"https:\/\/starburstslotgame.net\/de\/\" \/>\n<meta property=\"og:site_name\" content=\"Starburst Slot\" \/>\n<meta property=\"article:modified_time\" content=\"2024-03-04T00:07:43+00:00\" \/>\n<meta name=\"twitter:card\" content=\"summary_large_image\" \/>\n<meta name=\"twitter:label1\" content=\"Gesch\u00e4tzte Lesezeit\" \/>\n\t<meta name=\"twitter:data1\" content=\"26\u00a0Minuten\" \/>\n<script type=\"application\/ld+json\" class=\"yoast-schema-graph\">{\"@context\":\"https:\/\/schema.org\",\"@graph\":[{\"@type\":\"WebPage\",\"@id\":\"https:\/\/starburstslotgame.net\/\",\"url\":\"https:\/\/starburstslotgame.net\/\",\"name\":\"\u0418\u0433\u0440\u0430\u0442\u044c \u0432 \u0438\u0433\u0440\u043e\u0432\u043e\u0439 \u0430\u0432\u0442\u043e\u043c\u0430\u0442 Starburst \u0432 \u043e\u043d\u043b\u0430\u0439\u043d \u043a\u0430\u0437\u0438\u043d\u043e\",\"isPartOf\":{\"@id\":\"https:\/\/starburstslotgame.net\/#website\"},\"datePublished\":\"2023-10-17T23:27:04+00:00\",\"dateModified\":\"2024-03-04T00:07:43+00:00\",\"description\":\"\u0418\u0433\u0440\u0430\u0442\u044c \u043d\u0430 \u0440\u0435\u0430\u043b\u044c\u043d\u044b\u0435 \u0434\u0435\u043d\u044c\u0433\u0438 \u0432 \u0441\u043b\u043e\u0442 \u0421\u0442\u0430\u0440\u0431\u0430\u0440\u0441\u0442 \u0432 \u043b\u0443\u0447\u0448\u0438\u0445 \u043e\u043d\u043b\u0430\u0439\u043d \u043a\u0430\u0437\u0438\u043d\u043e. \u041a\u0430\u043a \u0438\u0433\u0440\u0430\u0442\u044c \u0438 \u0432\u044b\u0438\u0433\u0440\u044b\u0432\u0430\u0442\u044c, \u0441\u0442\u0440\u0430\u0442\u0435\u0433\u0438\u0438 \u0438 \u0442\u0430\u043a\u0442\u0438\u043a\u0438, \u043e\u0442\u0437\u044b\u0432\u044b, \u0441\u043a\u0430\u0447\u0430\u0442\u044c \u0438\u0433\u0440\u043e\u0432\u043e\u0439 \u0430\u0432\u0442\u043e\u043c\u0430\u0442 \u0421\u0442\u0430\u0440\u0431\u0430\u0440\u0441\u0442\",\"breadcrumb\":{\"@id\":\"https:\/\/starburstslotgame.net\/#breadcrumb\"},\"inLanguage\":\"de-DE\",\"potentialAction\":[{\"@type\":\"ReadAction\",\"target\":[\"https:\/\/starburstslotgame.net\/\"]}]},{\"@type\":\"BreadcrumbList\",\"@id\":\"https:\/\/starburstslotgame.net\/#breadcrumb\",\"itemListElement\":[{\"@type\":\"ListItem\",\"position\":1,\"name\":\"Home\",\"item\":\"https:\/\/starburstslotgame.net\/\"},{\"@type\":\"ListItem\",\"position\":2,\"name\":\"\u0418\u0433\u0440\u0430\u0442\u044c \u0432 \u0441\u043b\u043e\u0442 Starburst \u0441\u0435\u0439\u0447\u0430\u0441\"}]},{\"@type\":\"WebSite\",\"@id\":\"https:\/\/starburstslotgame.net\/#website\",\"url\":\"https:\/\/starburstslotgame.net\/\",\"name\":\"Starburst Slot\",\"description\":\"\",\"publisher\":{\"@id\":\"https:\/\/starburstslotgame.net\/#organization\"},\"potentialAction\":[{\"@type\":\"SearchAction\",\"target\":{\"@type\":\"EntryPoint\",\"urlTemplate\":\"https:\/\/starburstslotgame.net\/?s={search_term_string}\"},\"query-input\":{\"@type\":\"PropertyValueSpecification\",\"valueRequired\":true,\"valueName\":\"search_term_string\"}}],\"inLanguage\":\"de-DE\"},{\"@type\":\"Organization\",\"@id\":\"https:\/\/starburstslotgame.net\/#organization\",\"name\":\"Starburst Slot\",\"url\":\"https:\/\/starburstslotgame.net\/\",\"logo\":{\"@type\":\"ImageObject\",\"inLanguage\":\"de-DE\",\"@id\":\"https:\/\/starburstslotgame.net\/#\/schema\/logo\/image\/\",\"url\":\"https:\/\/starburstslotgame.net\/wp-content\/uploads\/starburst-slot.png\",\"contentUrl\":\"https:\/\/starburstslotgame.net\/wp-content\/uploads\/starburst-slot.png\",\"width\":250,\"height\":187,\"caption\":\"Starburst Slot\"},\"image\":{\"@id\":\"https:\/\/starburstslotgame.net\/#\/schema\/logo\/image\/\"}}]}<\/script>\n<!-- \/ Yoast SEO plugin. -->","yoast_head_json":{"title":"\u0418\u0433\u0440\u0430\u0442\u044c \u0432 \u0438\u0433\u0440\u043e\u0432\u043e\u0439 \u0430\u0432\u0442\u043e\u043c\u0430\u0442 Starburst \u0432 \u043e\u043d\u043b\u0430\u0439\u043d \u043a\u0430\u0437\u0438\u043d\u043e","description":"Spielen Sie um echtes Geld am Starburst-Spielautomaten in den besten Online-Casinos. Wie man spielt und gewinnt, Strategien und Taktiken, Bewertungen, laden Sie den Starburst-Spielautomaten herunter.","robots":{"index":"index","follow":"follow","max-snippet":"max-snippet:-1","max-image-preview":"max-image-preview:large","max-video-preview":"max-video-preview:-1"},"canonical":"https:\/\/starburstslotgame.net\/de\/","og_locale":"de_DE","og_type":"article","og_title":"\u0418\u0433\u0440\u0430\u0442\u044c \u0432 \u0438\u0433\u0440\u043e\u0432\u043e\u0439 \u0430\u0432\u0442\u043e\u043c\u0430\u0442 Starburst \u0432 \u043e\u043d\u043b\u0430\u0439\u043d \u043a\u0430\u0437\u0438\u043d\u043e","og_description":"\u0418\u0433\u0440\u0430\u0442\u044c \u043d\u0430 \u0440\u0435\u0430\u043b\u044c\u043d\u044b\u0435 \u0434\u0435\u043d\u044c\u0433\u0438 \u0432 \u0441\u043b\u043e\u0442 \u0421\u0442\u0430\u0440\u0431\u0430\u0440\u0441\u0442 \u0432 \u043b\u0443\u0447\u0448\u0438\u0445 \u043e\u043d\u043b\u0430\u0439\u043d \u043a\u0430\u0437\u0438\u043d\u043e. \u041a\u0430\u043a \u0438\u0433\u0440\u0430\u0442\u044c \u0438 \u0432\u044b\u0438\u0433\u0440\u044b\u0432\u0430\u0442\u044c, \u0441\u0442\u0440\u0430\u0442\u0435\u0433\u0438\u0438 \u0438 \u0442\u0430\u043a\u0442\u0438\u043a\u0438, \u043e\u0442\u0437\u044b\u0432\u044b, \u0441\u043a\u0430\u0447\u0430\u0442\u044c \u0438\u0433\u0440\u043e\u0432\u043e\u0439 \u0430\u0432\u0442\u043e\u043c\u0430\u0442 \u0421\u0442\u0430\u0440\u0431\u0430\u0440\u0441\u0442","og_url":"https:\/\/starburstslotgame.net\/de\/","og_site_name":"Starburst Slot","article_modified_time":"2024-03-04T00:07:43+00:00","twitter_card":"summary_large_image","twitter_misc":{"Gesch\u00e4tzte Lesezeit":"26\u00a0Minuten"},"schema":{"@context":"https:\/\/schema.org","@graph":[{"@type":"WebPage","@id":"https:\/\/starburstslotgame.net\/","url":"https:\/\/starburstslotgame.net\/","name":"\u0418\u0433\u0440\u0430\u0442\u044c \u0432 \u0438\u0433\u0440\u043e\u0432\u043e\u0439 \u0430\u0432\u0442\u043e\u043c\u0430\u0442 Starburst \u0432 \u043e\u043d\u043b\u0430\u0439\u043d \u043a\u0430\u0437\u0438\u043d\u043e","isPartOf":{"@id":"https:\/\/starburstslotgame.net\/#website"},"datePublished":"2023-10-17T23:27:04+00:00","dateModified":"2024-03-04T00:07:43+00:00","description":"\u0418\u0433\u0440\u0430\u0442\u044c \u043d\u0430 \u0440\u0435\u0430\u043b\u044c\u043d\u044b\u0435 \u0434\u0435\u043d\u044c\u0433\u0438 \u0432 \u0441\u043b\u043e\u0442 \u0421\u0442\u0430\u0440\u0431\u0430\u0440\u0441\u0442 \u0432 \u043b\u0443\u0447\u0448\u0438\u0445 \u043e\u043d\u043b\u0430\u0439\u043d \u043a\u0430\u0437\u0438\u043d\u043e. \u041a\u0430\u043a \u0438\u0433\u0440\u0430\u0442\u044c \u0438 \u0432\u044b\u0438\u0433\u0440\u044b\u0432\u0430\u0442\u044c, \u0441\u0442\u0440\u0430\u0442\u0435\u0433\u0438\u0438 \u0438 \u0442\u0430\u043a\u0442\u0438\u043a\u0438, \u043e\u0442\u0437\u044b\u0432\u044b, \u0441\u043a\u0430\u0447\u0430\u0442\u044c \u0438\u0433\u0440\u043e\u0432\u043e\u0439 \u0430\u0432\u0442\u043e\u043c\u0430\u0442 \u0421\u0442\u0430\u0440\u0431\u0430\u0440\u0441\u0442","breadcrumb":{"@id":"https:\/\/starburstslotgame.net\/#breadcrumb"},"inLanguage":"de-DE","potentialAction":[{"@type":"ReadAction","target":["https:\/\/starburstslotgame.net\/"]}]},{"@type":"BreadcrumbList","@id":"https:\/\/starburstslotgame.net\/#breadcrumb","itemListElement":[{"@type":"ListItem","position":1,"name":"Home","item":"https:\/\/starburstslotgame.net\/"},{"@type":"ListItem","position":2,"name":"\u0418\u0433\u0440\u0430\u0442\u044c \u0432 \u0441\u043b\u043e\u0442 Starburst \u0441\u0435\u0439\u0447\u0430\u0441"}]},{"@type":"WebSite","@id":"https:\/\/starburstslotgame.net\/#website","url":"https:\/\/starburstslotgame.net\/","name":"Starburst Slot","description":"","publisher":{"@id":"https:\/\/starburstslotgame.net\/#organization"},"potentialAction":[{"@type":"SearchAction","target":{"@type":"EntryPoint","urlTemplate":"https:\/\/starburstslotgame.net\/?s={search_term_string}"},"query-input":{"@type":"PropertyValueSpecification","valueRequired":true,"valueName":"search_term_string"}}],"inLanguage":"de-DE"},{"@type":"Organization","@id":"https:\/\/starburstslotgame.net\/#organization","name":"Starburst Slot","url":"https:\/\/starburstslotgame.net\/","logo":{"@type":"ImageObject","inLanguage":"de-DE","@id":"https:\/\/starburstslotgame.net\/#\/schema\/logo\/image\/","url":"https:\/\/starburstslotgame.net\/wp-content\/uploads\/starburst-slot.png","contentUrl":"https:\/\/starburstslotgame.net\/wp-content\/uploads\/starburst-slot.png","width":250,"height":187,"caption":"Starburst Slot"},"image":{"@id":"https:\/\/starburstslotgame.net\/#\/schema\/logo\/image\/"}}]}},"_links":{"self":[{"href":"https:\/\/starburstslotgame.net\/de\/wp-json\/wp\/v2\/pages\/5","targetHints":{"allow":["GET"]}}],"collection":[{"href":"https:\/\/starburstslotgame.net\/de\/wp-json\/wp\/v2\/pages"}],"about":[{"href":"https:\/\/starburstslotgame.net\/de\/wp-json\/wp\/v2\/types\/page"}],"author":[{"embeddable":true,"href":"https:\/\/starburstslotgame.net\/de\/wp-json\/wp\/v2\/users\/1"}],"replies":[{"embeddable":true,"href":"https:\/\/starburstslotgame.net\/de\/wp-json\/wp\/v2\/comments?post=5"}],"version-history":[{"count":23,"href":"https:\/\/starburstslotgame.net\/de\/wp-json\/wp\/v2\/pages\/5\/revisions"}],"predecessor-version":[{"id":162,"href":"https:\/\/starburstslotgame.net\/de\/wp-json\/wp\/v2\/pages\/5\/revisions\/162"}],"wp:attachment":[{"href":"https:\/\/starburstslotgame.net\/de\/wp-json\/wp\/v2\/media?parent=5"}],"curies":[{"name":"wp","href":"https:\/\/api.w.org\/{rel}","templated":true}]}}