{"id":7,"date":"2023-10-17T23:28:21","date_gmt":"2023-10-17T23:28:21","guid":{"rendered":"https:\/\/starburstslotgame.net\/?page_id=7"},"modified":"2024-03-03T19:12:47","modified_gmt":"2024-03-03T19:12:47","slug":"download-starburst","status":"publish","type":"page","link":"https:\/\/starburstslotgame.net\/de\/download-starburst\/","title":{"rendered":"Wie man das Starburst-Spiel herunterl\u00e4dt"},"content":{"rendered":"<p>Das Spiel Starburst ist einer der beliebtesten Online-Slots, und wenn Sie gehofft haben, es auf Ihrem Computer oder Mobilger\u00e4t zu haben, gibt es einige nicht so gute Nachrichten f\u00fcr Sie. Obwohl Starburst derzeit online ohne Download verf\u00fcgbar ist, k\u00f6nnen Sie dieses magische Spiel nur bei bestehender Internetverbindung genie\u00dfen.<\/p>\n<h2><strong>Starburst f\u00fcr PC herunterladen<\/strong><\/h2>\n<p>Lassen Sie uns die Optionen f\u00fcr das Herunterladen des Starburst-Spiels auf Ihren PC erkunden.<\/p>\n<ol>\n<li><strong>W\u00e4hlen Sie ein geeignetes Casino<\/strong><\/li>\n<\/ol>\n<p>Zun\u00e4chst m\u00fcssen Sie ein zuverl\u00e4ssiges Online-Casino ausw\u00e4hlen, das Starburst zum Download anbietet. Stellen Sie sicher, dass das gew\u00e4hlte Casino mit Ihrem Betriebssystem (Windows oder Mac) kompatibel ist. Dies ist entscheidend w\u00e4hrend des Download-Vorgangs des Starburst-Spiels.<\/p>\n<ol  start=\"2\">\n<li><strong>Registrierung und Installation des Starburst-Spiels<\/strong><\/li>\n<\/ol>\n<p>Nach der Auswahl des Casinos registrieren Sie sich auf seiner Website und folgen Sie den erforderlichen Schritten, um die Casinosoftware auf Ihrem Computer herunterzuladen und zu installieren.<\/p>\n<ol  start=\"3\">\n<li><strong>Suche und Installation von Starburst<\/strong><\/li>\n<\/ol>\n<p>Nach der Installation des Casino-Clients m\u00fcssen Sie Starburst in der Spielebibliothek finden und auf Ihrem Computer installieren.<\/p>\n<ol  start=\"4\">\n<li><strong>Spielbeginn<\/strong><\/li>\n<\/ol>\n<p>Jetzt, da Starburst auf Ihrem PC installiert ist, k\u00f6nnen Sie das Spiel starten, Ihre Einsatzgr\u00f6\u00dfe w\u00e4hlen und die Walzen drehen, um das Vergn\u00fcgen im Vollbildmodus zu genie\u00dfen.<\/p>\n<h2><strong>Installation des Starburst-Spiels auf Ihrem Smartphone<\/strong><\/h2>\n<p>Wenn Sie sich also entschieden haben, Starburst auf einem iPhone oder Android-Ger\u00e4t zu spielen, haben wir eine kurze Anleitung f\u00fcr Sie vorbereitet.<\/p>\n<ol>\n<li><strong>Besuchen Sie den App Store<\/strong><\/li>\n<\/ol>\n<p>Wenn Sie Starburst auf Ihr Smartphone oder Tablet herunterladen m\u00f6chten, gehen Sie zum entsprechenden App Store auf Ihrem Ger\u00e4t (App Store f\u00fcr iOS oder Google Play f\u00fcr Android).<\/p>\n<ol  start=\"2\">\n<li><strong>Suchen Sie nach Starburst<\/strong><\/li>\n<\/ol>\n<p>Verwenden Sie die Suchfunktion im App Store, um Starburst Slot zu finden.<\/p>\n<ol  start=\"3\">\n<li><strong>Installation<\/strong><\/li>\n<\/ol>\n<p>Tippen Sie auf die Schaltfl\u00e4che Installieren und warten Sie, bis die Installation auf Ihrem Mobilger\u00e4t abgeschlossen ist.<\/p>\n<ol  start=\"4\">\n<li><strong>Starten Sie das Starburst-Spiel<\/strong><\/li>\n<\/ol>\n<p>Sobald Starburst auf Ihrem Ger\u00e4t installiert ist, starten Sie die App, geben Sie Ihre Anmeldedaten ein (falls erforderlich), und beginnen Sie, diesen aufregenden Slot direkt auf Ihrem Mobilger\u00e4t zu spielen.<\/p>\n<p>Jetzt, da Sie wissen, wie Sie Starburst auf Ihrem PC oder Mobilger\u00e4t herunterladen und genie\u00dfen k\u00f6nnen, haben Sie die M\u00f6glichkeit, diesen Slot jederzeit und \u00fcberall zu spielen. Genie\u00dfen Sie das Vergn\u00fcgen und die Chance, Preise in dieser magischen Spielwelt zu gewinnen!<\/p>\n","protected":false},"excerpt":{"rendered":"<p>Das Spiel Starburst ist einer der beliebtesten Online-Slots, und wenn Sie gehofft haben, es auf Ihrem Computer oder Mobilger\u00e4t zu haben, gibt es einige nicht so gute Nachrichten f\u00fcr Sie. Obwohl Starburst derzeit online ohne Download verf\u00fcgbar ist, k\u00f6nnen Sie dieses magische Spiel nur bei bestehender Internetverbindung genie\u00dfen. Starburst f\u00fcr PC herunterladen Lassen Sie uns&#8230;<\/p>\n","protected":false},"author":1,"featured_media":0,"parent":0,"menu_order":0,"comment_status":"closed","ping_status":"closed","template":"","meta":{"footnotes":""},"class_list":["post-7","page","type-page","status-publish","hentry"],"yoast_head":"<!-- This site is optimized with the Yoast SEO plugin v27.2 - https:\/\/yoast.com\/product\/yoast-seo-wordpress\/ -->\n<title>\u0421\u043a\u0430\u0447\u0430\u0442\u044c \u0441\u043b\u043e\u0442 Starburst \u0434\u043b\u044f \u0438\u0433\u0440\u044b \u043d\u0430 \u0434\u0435\u043d\u044c\u0433\u0438<\/title>\n<meta name=\"description\" content=\"So laden Sie das Spiel Starburst auf das Android-Smartphone, iPhone, Tablet, PC herunter. Laden Sie Starburst herunter und spielen Sie\" \/>\n<meta name=\"robots\" content=\"index, follow, max-snippet:-1, max-image-preview:large, max-video-preview:-1\" \/>\n<link rel=\"canonical\" href=\"https:\/\/starburstslotgame.net\/de\/download-starburst\/\" \/>\n<meta property=\"og:locale\" content=\"de_DE\" \/>\n<meta property=\"og:locale:alternate\" content=\"en_US\" \/>\n<meta property=\"og:locale:alternate\" content=\"ru_RU\" \/>\n<meta property=\"og:locale:alternate\" content=\"pt_PT\" \/>\n<meta property=\"og:locale:alternate\" content=\"es_ES\" \/>\n<meta property=\"og:locale:alternate\" content=\"it_IT\" \/>\n<meta property=\"og:locale:alternate\" content=\"fr_FR\" \/>\n<meta property=\"og:locale:alternate\" content=\"ro_RO\" \/>\n<meta property=\"og:locale:alternate\" content=\"sr_RS\" \/>\n<meta property=\"og:locale:alternate\" content=\"bg_BG\" \/>\n<meta property=\"og:locale:alternate\" content=\"pl_PL\" \/>\n<meta property=\"og:type\" content=\"article\" \/>\n<meta property=\"og:title\" content=\"\u0421\u043a\u0430\u0447\u0430\u0442\u044c \u0441\u043b\u043e\u0442 Starburst \u0434\u043b\u044f \u0438\u0433\u0440\u044b \u043d\u0430 \u0434\u0435\u043d\u044c\u0433\u0438\" \/>\n<meta property=\"og:description\" content=\"\u041a\u0430\u043a \u0441\u043a\u0430\u0447\u0430\u0442\u044c \u0438\u0433\u0440\u0443 Starburst \u043d\u0430 \u0441\u043c\u0430\u0440\u0442\u0444\u043e\u043d \u0410\u043d\u0434\u0440\u043e\u0438\u0434, \u0430\u0439\u0444\u043e\u043d, \u043f\u043b\u0430\u043d\u0448\u0435\u0442, \u041f\u041a. \u0421\u043a\u0430\u0447\u0430\u0442\u044c \u0438 \u0438\u0433\u0440\u0430\u0442\u044c \u0432 Starburst\" \/>\n<meta property=\"og:url\" content=\"https:\/\/starburstslotgame.net\/de\/download-starburst\/\" \/>\n<meta property=\"og:site_name\" content=\"Starburst Slot\" \/>\n<meta property=\"article:modified_time\" content=\"2024-03-03T19:12:47+00:00\" \/>\n<meta name=\"twitter:card\" content=\"summary_large_image\" \/>\n<meta name=\"twitter:label1\" content=\"Gesch\u00e4tzte Lesezeit\" \/>\n\t<meta name=\"twitter:data1\" content=\"16\u00a0Minuten\" \/>\n<script type=\"application\/ld+json\" class=\"yoast-schema-graph\">{\"@context\":\"https:\/\/schema.org\",\"@graph\":[{\"@type\":\"WebPage\",\"@id\":\"https:\/\/starburstslotgame.net\/download-starburst\/\",\"url\":\"https:\/\/starburstslotgame.net\/download-starburst\/\",\"name\":\"\u0421\u043a\u0430\u0447\u0430\u0442\u044c \u0441\u043b\u043e\u0442 Starburst \u0434\u043b\u044f \u0438\u0433\u0440\u044b \u043d\u0430 \u0434\u0435\u043d\u044c\u0433\u0438\",\"isPartOf\":{\"@id\":\"https:\/\/starburstslotgame.net\/#website\"},\"datePublished\":\"2023-10-17T23:28:21+00:00\",\"dateModified\":\"2024-03-03T19:12:47+00:00\",\"description\":\"\u041a\u0430\u043a \u0441\u043a\u0430\u0447\u0430\u0442\u044c \u0438\u0433\u0440\u0443 Starburst \u043d\u0430 \u0441\u043c\u0430\u0440\u0442\u0444\u043e\u043d \u0410\u043d\u0434\u0440\u043e\u0438\u0434, \u0430\u0439\u0444\u043e\u043d, \u043f\u043b\u0430\u043d\u0448\u0435\u0442, \u041f\u041a. \u0421\u043a\u0430\u0447\u0430\u0442\u044c \u0438 \u0438\u0433\u0440\u0430\u0442\u044c \u0432 Starburst\",\"breadcrumb\":{\"@id\":\"https:\/\/starburstslotgame.net\/download-starburst\/#breadcrumb\"},\"inLanguage\":\"de-DE\",\"potentialAction\":[{\"@type\":\"ReadAction\",\"target\":[\"https:\/\/starburstslotgame.net\/download-starburst\/\"]}]},{\"@type\":\"BreadcrumbList\",\"@id\":\"https:\/\/starburstslotgame.net\/download-starburst\/#breadcrumb\",\"itemListElement\":[{\"@type\":\"ListItem\",\"position\":1,\"name\":\"Home\",\"item\":\"https:\/\/starburstslotgame.net\/\"},{\"@type\":\"ListItem\",\"position\":2,\"name\":\"\u041a\u0430\u043a \u0441\u043a\u0430\u0447\u0430\u0442\u044c \u0438\u0433\u0440\u0443 Starburst\"}]},{\"@type\":\"WebSite\",\"@id\":\"https:\/\/starburstslotgame.net\/#website\",\"url\":\"https:\/\/starburstslotgame.net\/\",\"name\":\"Starburst Slot\",\"description\":\"\",\"publisher\":{\"@id\":\"https:\/\/starburstslotgame.net\/#organization\"},\"potentialAction\":[{\"@type\":\"SearchAction\",\"target\":{\"@type\":\"EntryPoint\",\"urlTemplate\":\"https:\/\/starburstslotgame.net\/?s={search_term_string}\"},\"query-input\":{\"@type\":\"PropertyValueSpecification\",\"valueRequired\":true,\"valueName\":\"search_term_string\"}}],\"inLanguage\":\"de-DE\"},{\"@type\":\"Organization\",\"@id\":\"https:\/\/starburstslotgame.net\/#organization\",\"name\":\"Starburst Slot\",\"url\":\"https:\/\/starburstslotgame.net\/\",\"logo\":{\"@type\":\"ImageObject\",\"inLanguage\":\"de-DE\",\"@id\":\"https:\/\/starburstslotgame.net\/#\/schema\/logo\/image\/\",\"url\":\"https:\/\/starburstslotgame.net\/wp-content\/uploads\/starburst-slot.png\",\"contentUrl\":\"https:\/\/starburstslotgame.net\/wp-content\/uploads\/starburst-slot.png\",\"width\":250,\"height\":187,\"caption\":\"Starburst Slot\"},\"image\":{\"@id\":\"https:\/\/starburstslotgame.net\/#\/schema\/logo\/image\/\"}}]}<\/script>\n<!-- \/ Yoast SEO plugin. -->","yoast_head_json":{"title":"\u0421\u043a\u0430\u0447\u0430\u0442\u044c \u0441\u043b\u043e\u0442 Starburst \u0434\u043b\u044f \u0438\u0433\u0440\u044b \u043d\u0430 \u0434\u0435\u043d\u044c\u0433\u0438","description":"So laden Sie das Spiel Starburst auf das Android-Smartphone, iPhone, Tablet, PC herunter. Laden Sie Starburst herunter und spielen Sie","robots":{"index":"index","follow":"follow","max-snippet":"max-snippet:-1","max-image-preview":"max-image-preview:large","max-video-preview":"max-video-preview:-1"},"canonical":"https:\/\/starburstslotgame.net\/de\/download-starburst\/","og_locale":"de_DE","og_type":"article","og_title":"\u0421\u043a\u0430\u0447\u0430\u0442\u044c \u0441\u043b\u043e\u0442 Starburst \u0434\u043b\u044f \u0438\u0433\u0440\u044b \u043d\u0430 \u0434\u0435\u043d\u044c\u0433\u0438","og_description":"\u041a\u0430\u043a \u0441\u043a\u0430\u0447\u0430\u0442\u044c \u0438\u0433\u0440\u0443 Starburst \u043d\u0430 \u0441\u043c\u0430\u0440\u0442\u0444\u043e\u043d \u0410\u043d\u0434\u0440\u043e\u0438\u0434, \u0430\u0439\u0444\u043e\u043d, \u043f\u043b\u0430\u043d\u0448\u0435\u0442, \u041f\u041a. \u0421\u043a\u0430\u0447\u0430\u0442\u044c \u0438 \u0438\u0433\u0440\u0430\u0442\u044c \u0432 Starburst","og_url":"https:\/\/starburstslotgame.net\/de\/download-starburst\/","og_site_name":"Starburst Slot","article_modified_time":"2024-03-03T19:12:47+00:00","twitter_card":"summary_large_image","twitter_misc":{"Gesch\u00e4tzte Lesezeit":"16\u00a0Minuten"},"schema":{"@context":"https:\/\/schema.org","@graph":[{"@type":"WebPage","@id":"https:\/\/starburstslotgame.net\/download-starburst\/","url":"https:\/\/starburstslotgame.net\/download-starburst\/","name":"\u0421\u043a\u0430\u0447\u0430\u0442\u044c \u0441\u043b\u043e\u0442 Starburst \u0434\u043b\u044f \u0438\u0433\u0440\u044b \u043d\u0430 \u0434\u0435\u043d\u044c\u0433\u0438","isPartOf":{"@id":"https:\/\/starburstslotgame.net\/#website"},"datePublished":"2023-10-17T23:28:21+00:00","dateModified":"2024-03-03T19:12:47+00:00","description":"\u041a\u0430\u043a \u0441\u043a\u0430\u0447\u0430\u0442\u044c \u0438\u0433\u0440\u0443 Starburst \u043d\u0430 \u0441\u043c\u0430\u0440\u0442\u0444\u043e\u043d \u0410\u043d\u0434\u0440\u043e\u0438\u0434, \u0430\u0439\u0444\u043e\u043d, \u043f\u043b\u0430\u043d\u0448\u0435\u0442, \u041f\u041a. \u0421\u043a\u0430\u0447\u0430\u0442\u044c \u0438 \u0438\u0433\u0440\u0430\u0442\u044c \u0432 Starburst","breadcrumb":{"@id":"https:\/\/starburstslotgame.net\/download-starburst\/#breadcrumb"},"inLanguage":"de-DE","potentialAction":[{"@type":"ReadAction","target":["https:\/\/starburstslotgame.net\/download-starburst\/"]}]},{"@type":"BreadcrumbList","@id":"https:\/\/starburstslotgame.net\/download-starburst\/#breadcrumb","itemListElement":[{"@type":"ListItem","position":1,"name":"Home","item":"https:\/\/starburstslotgame.net\/"},{"@type":"ListItem","position":2,"name":"\u041a\u0430\u043a \u0441\u043a\u0430\u0447\u0430\u0442\u044c \u0438\u0433\u0440\u0443 Starburst"}]},{"@type":"WebSite","@id":"https:\/\/starburstslotgame.net\/#website","url":"https:\/\/starburstslotgame.net\/","name":"Starburst Slot","description":"","publisher":{"@id":"https:\/\/starburstslotgame.net\/#organization"},"potentialAction":[{"@type":"SearchAction","target":{"@type":"EntryPoint","urlTemplate":"https:\/\/starburstslotgame.net\/?s={search_term_string}"},"query-input":{"@type":"PropertyValueSpecification","valueRequired":true,"valueName":"search_term_string"}}],"inLanguage":"de-DE"},{"@type":"Organization","@id":"https:\/\/starburstslotgame.net\/#organization","name":"Starburst Slot","url":"https:\/\/starburstslotgame.net\/","logo":{"@type":"ImageObject","inLanguage":"de-DE","@id":"https:\/\/starburstslotgame.net\/#\/schema\/logo\/image\/","url":"https:\/\/starburstslotgame.net\/wp-content\/uploads\/starburst-slot.png","contentUrl":"https:\/\/starburstslotgame.net\/wp-content\/uploads\/starburst-slot.png","width":250,"height":187,"caption":"Starburst Slot"},"image":{"@id":"https:\/\/starburstslotgame.net\/#\/schema\/logo\/image\/"}}]}},"_links":{"self":[{"href":"https:\/\/starburstslotgame.net\/de\/wp-json\/wp\/v2\/pages\/7","targetHints":{"allow":["GET"]}}],"collection":[{"href":"https:\/\/starburstslotgame.net\/de\/wp-json\/wp\/v2\/pages"}],"about":[{"href":"https:\/\/starburstslotgame.net\/de\/wp-json\/wp\/v2\/types\/page"}],"author":[{"embeddable":true,"href":"https:\/\/starburstslotgame.net\/de\/wp-json\/wp\/v2\/users\/1"}],"replies":[{"embeddable":true,"href":"https:\/\/starburstslotgame.net\/de\/wp-json\/wp\/v2\/comments?post=7"}],"version-history":[{"count":32,"href":"https:\/\/starburstslotgame.net\/de\/wp-json\/wp\/v2\/pages\/7\/revisions"}],"predecessor-version":[{"id":164,"href":"https:\/\/starburstslotgame.net\/de\/wp-json\/wp\/v2\/pages\/7\/revisions\/164"}],"wp:attachment":[{"href":"https:\/\/starburstslotgame.net\/de\/wp-json\/wp\/v2\/media?parent=7"}],"curies":[{"name":"wp","href":"https:\/\/api.w.org\/{rel}","templated":true}]}}