{"id":9,"date":"2023-10-17T23:30:18","date_gmt":"2023-10-17T23:30:18","guid":{"rendered":"https:\/\/starburstslotgame.net\/?page_id=9"},"modified":"2024-03-03T19:39:13","modified_gmt":"2024-03-03T19:39:13","slug":"how-to-play","status":"publish","type":"page","link":"https:\/\/starburstslotgame.net\/en\/how-to-play\/","title":{"rendered":"How to play"},"content":{"rendered":"<p>Playing at an online casino in the Starburst slot is possible right now. To do this, you need to take a few simple steps, which we will now explain.<\/p>\n<p>To start playing Starburst, you need to follow these steps:<\/p>\n<ol>\n<li><strong>Choose an Online Casino:<\/strong> The first step is to choose a reliable and licensed online casino that provides access to the Starburst game. Make sure the chosen casino supports your country of residence and has a good reputation.<\/li>\n<li><strong>Registration:<\/strong> After selecting the casino, you need to register an account. This usually involves providing basic information such as name, email address, and choosing a password.<\/li>\n<li><strong>Deposit:<\/strong> To play for real money, you will need to make a deposit into your casino account. The casino will provide you with various payment methods for this purpose, such as bank cards, e-wallets, and others.<\/li>\n<li><strong>Find Starburst:<\/strong> After topping up your balance, you need to find the Starburst slot in the casino&#8217;s game library. It may be located in the Slots or Jackpot Games section.<\/li>\n<li><strong>Play Starburst:<\/strong> Click on the Starburst icon to start playing. You can choose the bet size and spin the reels. Get ready for an exciting gambling experience!<\/li>\n<li><strong>Bonuses and Promo Codes:<\/strong> Some online casinos offer bonuses or promo codes related to Starburst. Make sure you take advantage of them to increase your chances of winning.<\/li>\n<li><strong>Mobile Gameplay:<\/strong> Starburst is also available for play on mobile devices, including smartphones and tablets. You can visit the casino&#8217;s website via a mobile browser or download the casino app if available.<\/li>\n<li><strong>Play Responsibly:<\/strong> Don&#8217;t forget to play responsibly and manage your finances. Set limits on deposits and losses to avoid unwanted financial consequences.<\/li>\n<\/ol>\n<p>Now that you know how to start playing Starburst, choose a reliable casino and enjoy the excitement of this thrilling slot. Good luck on the Starburst reels! This slot offers the opportunity to win real money at an online casino.<\/p>\n","protected":false},"excerpt":{"rendered":"<p>Playing at an online casino in the Starburst slot is possible right now. To do this, you need to take a few simple steps, which we will now explain. To start playing Starburst, you need to follow these steps: Choose an Online Casino: The first step is to choose a reliable and licensed online casino&#8230;<\/p>\n","protected":false},"author":1,"featured_media":0,"parent":0,"menu_order":0,"comment_status":"closed","ping_status":"closed","template":"","meta":{"footnotes":""},"class_list":["post-9","page","type-page","status-publish","hentry"],"yoast_head":"<!-- This site is optimized with the Yoast SEO plugin v27.2 - https:\/\/yoast.com\/product\/yoast-seo-wordpress\/ -->\n<title>Jouer \u00e0 la machine \u00e0 sous Starburst dans un casino en ligne pour de l&#039;argent r\u00e9el<\/title>\n<meta name=\"description\" content=\"You can play the Starburst slot machine and win real money in an online casino right now. Register now and start playing.\" \/>\n<meta name=\"robots\" content=\"index, follow, max-snippet:-1, max-image-preview:large, max-video-preview:-1\" \/>\n<link rel=\"canonical\" href=\"https:\/\/starburstslotgame.net\/en\/how-to-play\/\" \/>\n<meta property=\"og:locale\" content=\"en_US\" \/>\n<meta property=\"og:locale:alternate\" content=\"ru_RU\" \/>\n<meta property=\"og:locale:alternate\" content=\"pt_PT\" \/>\n<meta property=\"og:locale:alternate\" content=\"es_ES\" \/>\n<meta property=\"og:locale:alternate\" content=\"it_IT\" \/>\n<meta property=\"og:locale:alternate\" content=\"fr_FR\" \/>\n<meta property=\"og:locale:alternate\" content=\"de_DE\" \/>\n<meta property=\"og:locale:alternate\" content=\"ro_RO\" \/>\n<meta property=\"og:locale:alternate\" content=\"sr_RS\" \/>\n<meta property=\"og:locale:alternate\" content=\"bg_BG\" \/>\n<meta property=\"og:locale:alternate\" content=\"pl_PL\" \/>\n<meta property=\"og:type\" content=\"article\" \/>\n<meta property=\"og:title\" content=\"Jouer \u00e0 la machine \u00e0 sous Starburst dans un casino en ligne pour de l&#039;argent r\u00e9el\" \/>\n<meta property=\"og:description\" content=\"Vous pouvez jouer \u00e0 la machine \u00e0 sous Starburst et gagner de l&#039;argent r\u00e9el dans un casino en ligne d\u00e8s maintenant. Inscrivez-vous maintenant et commencez \u00e0 jouer.\" \/>\n<meta property=\"og:url\" content=\"https:\/\/starburstslotgame.net\/en\/how-to-play\/\" \/>\n<meta property=\"og:site_name\" content=\"Starburst Slot\" \/>\n<meta property=\"article:modified_time\" content=\"2024-03-03T19:39:13+00:00\" \/>\n<meta name=\"twitter:card\" content=\"summary_large_image\" \/>\n<meta name=\"twitter:label1\" content=\"Est. reading time\" \/>\n\t<meta name=\"twitter:data1\" content=\"14 minutes\" \/>\n<script type=\"application\/ld+json\" class=\"yoast-schema-graph\">{\"@context\":\"https:\/\/schema.org\",\"@graph\":[{\"@type\":\"WebPage\",\"@id\":\"https:\/\/starburstslotgame.net\/fr\/how-to-play\/\",\"url\":\"https:\/\/starburstslotgame.net\/fr\/how-to-play\/\",\"name\":\"Jouer \u00e0 la machine \u00e0 sous Starburst dans un casino en ligne pour de l'argent r\u00e9el\",\"isPartOf\":{\"@id\":\"https:\/\/starburstslotgame.net\/#website\"},\"datePublished\":\"2023-10-17T23:30:18+00:00\",\"dateModified\":\"2024-03-03T19:39:13+00:00\",\"description\":\"Vous pouvez jouer \u00e0 la machine \u00e0 sous Starburst et gagner de l'argent r\u00e9el dans un casino en ligne d\u00e8s maintenant. Inscrivez-vous maintenant et commencez \u00e0 jouer.\",\"breadcrumb\":{\"@id\":\"https:\/\/starburstslotgame.net\/fr\/how-to-play\/#breadcrumb\"},\"inLanguage\":\"en-US\",\"potentialAction\":[{\"@type\":\"ReadAction\",\"target\":[\"https:\/\/starburstslotgame.net\/fr\/how-to-play\/\"]}]},{\"@type\":\"BreadcrumbList\",\"@id\":\"https:\/\/starburstslotgame.net\/fr\/how-to-play\/#breadcrumb\",\"itemListElement\":[{\"@type\":\"ListItem\",\"position\":1,\"name\":\"Home\",\"item\":\"https:\/\/starburstslotgame.net\/\"},{\"@type\":\"ListItem\",\"position\":2,\"name\":\"Comment jouer\"}]},{\"@type\":\"WebSite\",\"@id\":\"https:\/\/starburstslotgame.net\/#website\",\"url\":\"https:\/\/starburstslotgame.net\/\",\"name\":\"Starburst Slot\",\"description\":\"\",\"publisher\":{\"@id\":\"https:\/\/starburstslotgame.net\/#organization\"},\"potentialAction\":[{\"@type\":\"SearchAction\",\"target\":{\"@type\":\"EntryPoint\",\"urlTemplate\":\"https:\/\/starburstslotgame.net\/?s={search_term_string}\"},\"query-input\":{\"@type\":\"PropertyValueSpecification\",\"valueRequired\":true,\"valueName\":\"search_term_string\"}}],\"inLanguage\":\"en-US\"},{\"@type\":\"Organization\",\"@id\":\"https:\/\/starburstslotgame.net\/#organization\",\"name\":\"Starburst Slot\",\"url\":\"https:\/\/starburstslotgame.net\/\",\"logo\":{\"@type\":\"ImageObject\",\"inLanguage\":\"en-US\",\"@id\":\"https:\/\/starburstslotgame.net\/#\/schema\/logo\/image\/\",\"url\":\"https:\/\/starburstslotgame.net\/wp-content\/uploads\/starburst-slot.png\",\"contentUrl\":\"https:\/\/starburstslotgame.net\/wp-content\/uploads\/starburst-slot.png\",\"width\":250,\"height\":187,\"caption\":\"Starburst Slot\"},\"image\":{\"@id\":\"https:\/\/starburstslotgame.net\/#\/schema\/logo\/image\/\"}}]}<\/script>\n<!-- \/ Yoast SEO plugin. -->","yoast_head_json":{"title":"Jouer \u00e0 la machine \u00e0 sous Starburst dans un casino en ligne pour de l'argent r\u00e9el","description":"You can play the Starburst slot machine and win real money in an online casino right now. Register now and start playing.","robots":{"index":"index","follow":"follow","max-snippet":"max-snippet:-1","max-image-preview":"max-image-preview:large","max-video-preview":"max-video-preview:-1"},"canonical":"https:\/\/starburstslotgame.net\/en\/how-to-play\/","og_locale":"en_US","og_type":"article","og_title":"Jouer \u00e0 la machine \u00e0 sous Starburst dans un casino en ligne pour de l'argent r\u00e9el","og_description":"Vous pouvez jouer \u00e0 la machine \u00e0 sous Starburst et gagner de l'argent r\u00e9el dans un casino en ligne d\u00e8s maintenant. Inscrivez-vous maintenant et commencez \u00e0 jouer.","og_url":"https:\/\/starburstslotgame.net\/en\/how-to-play\/","og_site_name":"Starburst Slot","article_modified_time":"2024-03-03T19:39:13+00:00","twitter_card":"summary_large_image","twitter_misc":{"Est. reading time":"14 minutes"},"schema":{"@context":"https:\/\/schema.org","@graph":[{"@type":"WebPage","@id":"https:\/\/starburstslotgame.net\/fr\/how-to-play\/","url":"https:\/\/starburstslotgame.net\/fr\/how-to-play\/","name":"Jouer \u00e0 la machine \u00e0 sous Starburst dans un casino en ligne pour de l'argent r\u00e9el","isPartOf":{"@id":"https:\/\/starburstslotgame.net\/#website"},"datePublished":"2023-10-17T23:30:18+00:00","dateModified":"2024-03-03T19:39:13+00:00","description":"Vous pouvez jouer \u00e0 la machine \u00e0 sous Starburst et gagner de l'argent r\u00e9el dans un casino en ligne d\u00e8s maintenant. Inscrivez-vous maintenant et commencez \u00e0 jouer.","breadcrumb":{"@id":"https:\/\/starburstslotgame.net\/fr\/how-to-play\/#breadcrumb"},"inLanguage":"en-US","potentialAction":[{"@type":"ReadAction","target":["https:\/\/starburstslotgame.net\/fr\/how-to-play\/"]}]},{"@type":"BreadcrumbList","@id":"https:\/\/starburstslotgame.net\/fr\/how-to-play\/#breadcrumb","itemListElement":[{"@type":"ListItem","position":1,"name":"Home","item":"https:\/\/starburstslotgame.net\/"},{"@type":"ListItem","position":2,"name":"Comment jouer"}]},{"@type":"WebSite","@id":"https:\/\/starburstslotgame.net\/#website","url":"https:\/\/starburstslotgame.net\/","name":"Starburst Slot","description":"","publisher":{"@id":"https:\/\/starburstslotgame.net\/#organization"},"potentialAction":[{"@type":"SearchAction","target":{"@type":"EntryPoint","urlTemplate":"https:\/\/starburstslotgame.net\/?s={search_term_string}"},"query-input":{"@type":"PropertyValueSpecification","valueRequired":true,"valueName":"search_term_string"}}],"inLanguage":"en-US"},{"@type":"Organization","@id":"https:\/\/starburstslotgame.net\/#organization","name":"Starburst Slot","url":"https:\/\/starburstslotgame.net\/","logo":{"@type":"ImageObject","inLanguage":"en-US","@id":"https:\/\/starburstslotgame.net\/#\/schema\/logo\/image\/","url":"https:\/\/starburstslotgame.net\/wp-content\/uploads\/starburst-slot.png","contentUrl":"https:\/\/starburstslotgame.net\/wp-content\/uploads\/starburst-slot.png","width":250,"height":187,"caption":"Starburst Slot"},"image":{"@id":"https:\/\/starburstslotgame.net\/#\/schema\/logo\/image\/"}}]}},"_links":{"self":[{"href":"https:\/\/starburstslotgame.net\/en\/wp-json\/wp\/v2\/pages\/9","targetHints":{"allow":["GET"]}}],"collection":[{"href":"https:\/\/starburstslotgame.net\/en\/wp-json\/wp\/v2\/pages"}],"about":[{"href":"https:\/\/starburstslotgame.net\/en\/wp-json\/wp\/v2\/types\/page"}],"author":[{"embeddable":true,"href":"https:\/\/starburstslotgame.net\/en\/wp-json\/wp\/v2\/users\/1"}],"replies":[{"embeddable":true,"href":"https:\/\/starburstslotgame.net\/en\/wp-json\/wp\/v2\/comments?post=9"}],"version-history":[{"count":23,"href":"https:\/\/starburstslotgame.net\/en\/wp-json\/wp\/v2\/pages\/9\/revisions"}],"predecessor-version":[{"id":163,"href":"https:\/\/starburstslotgame.net\/en\/wp-json\/wp\/v2\/pages\/9\/revisions\/163"}],"wp:attachment":[{"href":"https:\/\/starburstslotgame.net\/en\/wp-json\/wp\/v2\/media?parent=9"}],"curies":[{"name":"wp","href":"https:\/\/api.w.org\/{rel}","templated":true}]}}