{"id":11,"date":"2023-10-17T23:38:51","date_gmt":"2023-10-17T23:38:51","guid":{"rendered":"https:\/\/starburstslotgame.net\/?page_id=11"},"modified":"2024-03-04T00:19:48","modified_gmt":"2024-03-04T00:19:48","slug":"reviews","status":"publish","type":"page","link":"https:\/\/starburstslotgame.net\/es\/reviews\/","title":{"rendered":"Rese\u00f1as"},"content":{"rendered":"<p>Las rese\u00f1as del tragamonedas Starburst reflejan diversas opiniones y experiencias de jugadores que han encontrado algo especial para ellos en Starburst. A veces estas son rese\u00f1as positivas, y a veces negativas. Pero en cualquier caso, estas son rese\u00f1as \u00fatiles que son \u00fatiles de leer antes de comenzar a jugar Starburst.<\/p>\n<h3>Tema: Gr\u00e1ficos incre\u00edbles y jugabilidad cautivadora en el tragamonedas Starburst<\/h3>\n<p>\u00a1Starburst es simplemente impresionante! Los gr\u00e1ficos son deslumbrantes, y casi olvid\u00e9 que realmente estoy jugando en un tragamonedas. No puedo esperar para el pr\u00f3ximo juego. Alex, 28 a\u00f1os.<\/p>\n<h3>Tema: Starburst es una gran opci\u00f3n para principiantes<\/h3>\n<p>Nunca antes hab\u00eda jugado juegos de azar, pero Starburst hizo que el comienzo de mi carrera en el juego fuera incre\u00edblemente f\u00e1cil e interesante. Estoy agradecida de haber encontrado este tragamonedas y haber comenzado a jugar.<\/p>\n<p>Yulia, 23 a\u00f1os.<\/p>\n<h3>Tema: \u00a1Grandes ganancias en Starburst!<\/h3>\n<p>\u00a1Este tragamonedas realmente trae suerte! Recientemente, gan\u00e9 un gran premio mayor, \u00a1y fue incre\u00edblemente emocionante!<\/p>\n<p>Maxim, 35 a\u00f1os.<\/p>\n<h3>Tema: Starburst en mi tel\u00e9fono inteligente<\/h3>\n<p>Agradezco poder jugar Starburst en mi tel\u00e9fono inteligente. Es una excelente manera de pasar el tiempo mientras espero algo o simplemente relajarme por la noche. Y tengo un Android antiguo, y el tragamonedas funciona muy bien. Es fant\u00e1stico.<\/p>\n<p>Elena, 29 a\u00f1os.<\/p>\n<h3>Tema: Funci\u00f3n de ganar en ambas direcciones.<\/h3>\n<p>La funci\u00f3n de Ganar en ambas direcciones en Starburst realmente aumenta las posibilidades de ganar. Ha hecho que el juego sea m\u00e1s interesante y rentable. Esta es una caracter\u00edstica realmente \u00fatil del tragamonedas.<\/p>\n<p>Igor, 31 a\u00f1os.<\/p>\n<h3>Tema: Respins de bonificaci\u00f3n en Starburst.<\/h3>\n<p>Me encanta c\u00f3mo los s\u00edmbolos comod\u00edn en Starburst pueden activar respins de bonificaci\u00f3n. Siempre agrega emoci\u00f3n y ganancias adicionales al juego. Y este tragamonedas te da la oportunidad de realmente ganar.<\/p>\n<p>Anna, 27 a\u00f1os.<\/p>\n<h3>Tema: Juega en cualquier lugar y en cualquier momento.<\/h3>\n<p>Me gusta que pueda jugar Starburst en cualquier momento y en cualquier lugar. Es el entretenimiento perfecto para viajes y vacaciones. Simplemente saco mi tel\u00e9fono del bolsillo, abro la aplicaci\u00f3n del casino, elijo Starburst y comienzo a jugar.<\/p>\n<p>Daniel, 33 a\u00f1os.<\/p>\n<h3>Tema: Gran atm\u00f3sfera y efectos de sonido<\/h3>\n<p>Los sonidos y la m\u00fasica en Starburst agregan atm\u00f3sfera al juego. Cuando juego, siento que me estoy sumergiendo en el mundo del juego.<\/p>\n<p>Maria, 30 a\u00f1os.<\/p>\n<h3>Tema: Starburst como una forma de relajarse.<\/h3>\n<p>Cuando tengo un d\u00eda largo y estresante, Starburst me ayuda a relajarme y a distraerme de las preocupaciones. Este tragamonedas es muy importante en mi vida.<\/p>\n<p>Peter, 40 a\u00f1os.<\/p>\n<h3>Tema: Siempre hay algo nuevo.<\/h3>\n<p>Starburst nunca es aburrido porque siempre hay algo nuevo por descubrir y explorar. Nunca deja de sorprenderme.<\/p>\n<p>Olga, 26 a\u00f1os.<\/p>\n","protected":false},"excerpt":{"rendered":"<p>Las rese\u00f1as del tragamonedas Starburst reflejan diversas opiniones y experiencias de jugadores que han encontrado algo especial para ellos en Starburst. A veces estas son rese\u00f1as positivas, y a veces negativas. Pero en cualquier caso, estas son rese\u00f1as \u00fatiles que son \u00fatiles de leer antes de comenzar a jugar Starburst. Tema: Gr\u00e1ficos incre\u00edbles y jugabilidad&#8230;<\/p>\n","protected":false},"author":1,"featured_media":0,"parent":0,"menu_order":0,"comment_status":"closed","ping_status":"closed","template":"","meta":{"footnotes":""},"class_list":["post-11","page","type-page","status-publish","hentry"],"yoast_head":"<!-- This site is optimized with the Yoast SEO plugin v27.2 - https:\/\/yoast.com\/product\/yoast-seo-wordpress\/ -->\n<title>Recenzje i opinie prawdziwych graczy na temat automatu do gry Starburst<\/title>\n<meta name=\"description\" content=\"Revisi\u00f3n de la tragamonedas Starburst - opiniones de jugadores reales sobre el juego en l\u00ednea Starburst en los mejores casinos en l\u00ednea. Rese\u00f1as honestas y revisi\u00f3n honesta.\" \/>\n<meta name=\"robots\" content=\"index, follow, max-snippet:-1, max-image-preview:large, max-video-preview:-1\" \/>\n<link rel=\"canonical\" href=\"https:\/\/starburstslotgame.net\/es\/reviews\/\" \/>\n<meta property=\"og:locale\" content=\"es_ES\" \/>\n<meta property=\"og:locale:alternate\" content=\"en_US\" \/>\n<meta property=\"og:locale:alternate\" content=\"ru_RU\" \/>\n<meta property=\"og:locale:alternate\" content=\"pt_PT\" \/>\n<meta property=\"og:locale:alternate\" content=\"it_IT\" \/>\n<meta property=\"og:locale:alternate\" content=\"fr_FR\" \/>\n<meta property=\"og:locale:alternate\" content=\"de_DE\" \/>\n<meta property=\"og:locale:alternate\" content=\"ro_RO\" \/>\n<meta property=\"og:locale:alternate\" content=\"sr_RS\" \/>\n<meta property=\"og:locale:alternate\" content=\"bg_BG\" \/>\n<meta property=\"og:locale:alternate\" content=\"pl_PL\" \/>\n<meta property=\"og:type\" content=\"article\" \/>\n<meta property=\"og:title\" content=\"Recenzje i opinie prawdziwych graczy na temat automatu do gry Starburst\" \/>\n<meta property=\"og:description\" content=\"Recenzja automatu do gry Starburst - opinie prawdziwych graczy na temat gry online Starburst w najlepszych kasynach internetowych. Szczere recenzje i uczciwa ocena.\" \/>\n<meta property=\"og:url\" content=\"https:\/\/starburstslotgame.net\/es\/reviews\/\" \/>\n<meta property=\"og:site_name\" content=\"Starburst Slot\" \/>\n<meta property=\"article:modified_time\" content=\"2024-03-04T00:19:48+00:00\" \/>\n<meta name=\"twitter:card\" content=\"summary_large_image\" \/>\n<meta name=\"twitter:label1\" content=\"Tiempo de lectura\" \/>\n\t<meta name=\"twitter:data1\" content=\"18 minutos\" \/>\n<script type=\"application\/ld+json\" class=\"yoast-schema-graph\">{\"@context\":\"https:\/\/schema.org\",\"@graph\":[{\"@type\":\"WebPage\",\"@id\":\"https:\/\/starburstslotgame.net\/pl\/reviews\/\",\"url\":\"https:\/\/starburstslotgame.net\/pl\/reviews\/\",\"name\":\"Recenzje i opinie prawdziwych graczy na temat automatu do gry Starburst\",\"isPartOf\":{\"@id\":\"https:\/\/starburstslotgame.net\/#website\"},\"datePublished\":\"2023-10-17T23:38:51+00:00\",\"dateModified\":\"2024-03-04T00:19:48+00:00\",\"description\":\"Recenzja automatu do gry Starburst - opinie prawdziwych graczy na temat gry online Starburst w najlepszych kasynach internetowych. Szczere recenzje i uczciwa ocena.\",\"breadcrumb\":{\"@id\":\"https:\/\/starburstslotgame.net\/pl\/reviews\/#breadcrumb\"},\"inLanguage\":\"es-ES\",\"potentialAction\":[{\"@type\":\"ReadAction\",\"target\":[\"https:\/\/starburstslotgame.net\/pl\/reviews\/\"]}]},{\"@type\":\"BreadcrumbList\",\"@id\":\"https:\/\/starburstslotgame.net\/pl\/reviews\/#breadcrumb\",\"itemListElement\":[{\"@type\":\"ListItem\",\"position\":1,\"name\":\"Home\",\"item\":\"https:\/\/starburstslotgame.net\/\"},{\"@type\":\"ListItem\",\"position\":2,\"name\":\"Recenzje\"}]},{\"@type\":\"WebSite\",\"@id\":\"https:\/\/starburstslotgame.net\/#website\",\"url\":\"https:\/\/starburstslotgame.net\/\",\"name\":\"Starburst Slot\",\"description\":\"\",\"publisher\":{\"@id\":\"https:\/\/starburstslotgame.net\/#organization\"},\"potentialAction\":[{\"@type\":\"SearchAction\",\"target\":{\"@type\":\"EntryPoint\",\"urlTemplate\":\"https:\/\/starburstslotgame.net\/?s={search_term_string}\"},\"query-input\":{\"@type\":\"PropertyValueSpecification\",\"valueRequired\":true,\"valueName\":\"search_term_string\"}}],\"inLanguage\":\"es-ES\"},{\"@type\":\"Organization\",\"@id\":\"https:\/\/starburstslotgame.net\/#organization\",\"name\":\"Starburst Slot\",\"url\":\"https:\/\/starburstslotgame.net\/\",\"logo\":{\"@type\":\"ImageObject\",\"inLanguage\":\"es-ES\",\"@id\":\"https:\/\/starburstslotgame.net\/#\/schema\/logo\/image\/\",\"url\":\"https:\/\/starburstslotgame.net\/wp-content\/uploads\/starburst-slot.png\",\"contentUrl\":\"https:\/\/starburstslotgame.net\/wp-content\/uploads\/starburst-slot.png\",\"width\":250,\"height\":187,\"caption\":\"Starburst Slot\"},\"image\":{\"@id\":\"https:\/\/starburstslotgame.net\/#\/schema\/logo\/image\/\"}}]}<\/script>\n<!-- \/ Yoast SEO plugin. -->","yoast_head_json":{"title":"Recenzje i opinie prawdziwych graczy na temat automatu do gry Starburst","description":"Revisi\u00f3n de la tragamonedas Starburst - opiniones de jugadores reales sobre el juego en l\u00ednea Starburst en los mejores casinos en l\u00ednea. Rese\u00f1as honestas y revisi\u00f3n honesta.","robots":{"index":"index","follow":"follow","max-snippet":"max-snippet:-1","max-image-preview":"max-image-preview:large","max-video-preview":"max-video-preview:-1"},"canonical":"https:\/\/starburstslotgame.net\/es\/reviews\/","og_locale":"es_ES","og_type":"article","og_title":"Recenzje i opinie prawdziwych graczy na temat automatu do gry Starburst","og_description":"Recenzja automatu do gry Starburst - opinie prawdziwych graczy na temat gry online Starburst w najlepszych kasynach internetowych. Szczere recenzje i uczciwa ocena.","og_url":"https:\/\/starburstslotgame.net\/es\/reviews\/","og_site_name":"Starburst Slot","article_modified_time":"2024-03-04T00:19:48+00:00","twitter_card":"summary_large_image","twitter_misc":{"Tiempo de lectura":"18 minutos"},"schema":{"@context":"https:\/\/schema.org","@graph":[{"@type":"WebPage","@id":"https:\/\/starburstslotgame.net\/pl\/reviews\/","url":"https:\/\/starburstslotgame.net\/pl\/reviews\/","name":"Recenzje i opinie prawdziwych graczy na temat automatu do gry Starburst","isPartOf":{"@id":"https:\/\/starburstslotgame.net\/#website"},"datePublished":"2023-10-17T23:38:51+00:00","dateModified":"2024-03-04T00:19:48+00:00","description":"Recenzja automatu do gry Starburst - opinie prawdziwych graczy na temat gry online Starburst w najlepszych kasynach internetowych. Szczere recenzje i uczciwa ocena.","breadcrumb":{"@id":"https:\/\/starburstslotgame.net\/pl\/reviews\/#breadcrumb"},"inLanguage":"es-ES","potentialAction":[{"@type":"ReadAction","target":["https:\/\/starburstslotgame.net\/pl\/reviews\/"]}]},{"@type":"BreadcrumbList","@id":"https:\/\/starburstslotgame.net\/pl\/reviews\/#breadcrumb","itemListElement":[{"@type":"ListItem","position":1,"name":"Home","item":"https:\/\/starburstslotgame.net\/"},{"@type":"ListItem","position":2,"name":"Recenzje"}]},{"@type":"WebSite","@id":"https:\/\/starburstslotgame.net\/#website","url":"https:\/\/starburstslotgame.net\/","name":"Starburst Slot","description":"","publisher":{"@id":"https:\/\/starburstslotgame.net\/#organization"},"potentialAction":[{"@type":"SearchAction","target":{"@type":"EntryPoint","urlTemplate":"https:\/\/starburstslotgame.net\/?s={search_term_string}"},"query-input":{"@type":"PropertyValueSpecification","valueRequired":true,"valueName":"search_term_string"}}],"inLanguage":"es-ES"},{"@type":"Organization","@id":"https:\/\/starburstslotgame.net\/#organization","name":"Starburst Slot","url":"https:\/\/starburstslotgame.net\/","logo":{"@type":"ImageObject","inLanguage":"es-ES","@id":"https:\/\/starburstslotgame.net\/#\/schema\/logo\/image\/","url":"https:\/\/starburstslotgame.net\/wp-content\/uploads\/starburst-slot.png","contentUrl":"https:\/\/starburstslotgame.net\/wp-content\/uploads\/starburst-slot.png","width":250,"height":187,"caption":"Starburst Slot"},"image":{"@id":"https:\/\/starburstslotgame.net\/#\/schema\/logo\/image\/"}}]}},"_links":{"self":[{"href":"https:\/\/starburstslotgame.net\/es\/wp-json\/wp\/v2\/pages\/11","targetHints":{"allow":["GET"]}}],"collection":[{"href":"https:\/\/starburstslotgame.net\/es\/wp-json\/wp\/v2\/pages"}],"about":[{"href":"https:\/\/starburstslotgame.net\/es\/wp-json\/wp\/v2\/types\/page"}],"author":[{"embeddable":true,"href":"https:\/\/starburstslotgame.net\/es\/wp-json\/wp\/v2\/users\/1"}],"replies":[{"embeddable":true,"href":"https:\/\/starburstslotgame.net\/es\/wp-json\/wp\/v2\/comments?post=11"}],"version-history":[{"count":24,"href":"https:\/\/starburstslotgame.net\/es\/wp-json\/wp\/v2\/pages\/11\/revisions"}],"predecessor-version":[{"id":165,"href":"https:\/\/starburstslotgame.net\/es\/wp-json\/wp\/v2\/pages\/11\/revisions\/165"}],"wp:attachment":[{"href":"https:\/\/starburstslotgame.net\/es\/wp-json\/wp\/v2\/media?parent=11"}],"curies":[{"name":"wp","href":"https:\/\/api.w.org\/{rel}","templated":true}]}}