{"id":5,"date":"2023-10-17T23:27:04","date_gmt":"2023-10-17T23:27:04","guid":{"rendered":"https:\/\/starburstslotgame.net\/?page_id=5"},"modified":"2024-03-04T00:07:43","modified_gmt":"2024-03-04T00:07:43","slug":"main","status":"publish","type":"page","link":"https:\/\/starburstslotgame.net\/es\/","title":{"rendered":"Jugando al slot Starburst ahora"},"content":{"rendered":"<p>El juego en l\u00ednea Starburst es una brillante y cautivadora tragamonedas en l\u00ednea que ha conquistado los corazones de millones de jugadores en todo el mundo. Starburst se juega dondequiera que haya Internet. El objetivo de nuestro sitio web es contarles a los jugadores todo lo que necesitan saber para comenzar a jugar a Starburst, sus caracter\u00edsticas y ventajas. \u00bfEst\u00e1s listo para sumergirte en la magia de las piedras preciosas y las aventuras de juego? Entonces, empecemos.<\/p>\n<h2><strong>\u00bfPor qu\u00e9 Starburst?<\/strong><\/h2>\n<p>Podemos enumerar muchas razones por las que los jugadores juegan a Starburst, pero vayamos por orden.<\/p>\n<h3><strong>Magn\u00edficos Gr\u00e1ficos y Dise\u00f1o<\/strong><\/h3>\n<p>La tragamonedas en l\u00ednea Starburst impresiona con sus gr\u00e1ficos coloridos y vibrantes. Cada s\u00edmbolo en los carretes, ya sean gemas centelleantes o una estrella multifac\u00e9tica, est\u00e1 creado con atenci\u00f3n al detalle. Esto es realmente gr\u00e1ficos de primer nivel. La tragamonedas satisface visualmente incluso a los jugadores m\u00e1s exigentes, independientemente de sus deseos y preferencias. La experiencia de jugar a Starburst es un verdadero arte del disfrute visual.<\/p>\n<h3><strong>Jugabilidad Emocionante<\/strong><\/h3>\n<p>Con 5 carretes y 10 l\u00edneas de pago, la tragamonedas Starburst ofrece a los jugadores muchas formas de ganar. La funci\u00f3n Win Both Ways duplica tus posibilidades de ganar, y el s\u00edmbolo comod\u00edn no solo aumenta tus ganancias, sino que tambi\u00e9n activa giros gratis. La jugabilidad de Starburst es din\u00e1mica y emocionante, lo que la hace atractiva para jugadores de todas las categor\u00edas. Ya seas joven e inexperto o un veterano en los juegos, esta tragamonedas atraer\u00e1 a todos.<\/p>\n<h3><strong>Reglas Sencillas<\/strong><\/h3>\n<p>Para aquellos que reci\u00e9n comienzan su viaje en el mundo del juego en l\u00ednea, el juego en l\u00ednea de Starburst es un excelente lugar para comenzar. Esta tragamonedas es f\u00e1cil de usar y comprensible incluso sin experiencia en juegos de azar. No es necesario memorizar reglas o estrategias complejas, simplemente gira los carretes y disfruta del juego. Por supuesto, es deseable recordar algunos s\u00edmbolos ya que entender\u00e1s mejor si has ganado o perdido. Pero en general, no es necesario preocuparse demasiado por las reglas del juego de Starburst.<\/p>\n<h2><strong>C\u00f3mo Ganar en Starburst<\/strong><\/h2>\n<h3><strong>Grandes Ganancias<\/strong><\/h3>\n<p>Una de las principales atracciones de Starburst es la posibilidad de una gran ganancia. Todo depende de tus apuestas y suerte. Muchos jugadores han logrado ganar grandes botes y obtener muchas m\u00e1s ganancias de las que podr\u00edan haber imaginado. La tragamonedas Starburst te permite ganar mucho dinero.<\/p>\n<h3><strong>Juega a Starburst en Cualquier Lugar<\/strong><\/h3>\n<p>La m\u00e1quina tragamonedas Starburst est\u00e1 disponible para jugar en cualquier dispositivo: computadoras, tel\u00e9fonos inteligentes y tabletas. Puedes sumergirte en el mundo del juego en cualquier momento y lugar. No importa d\u00f3nde est\u00e9s, Starburst siempre est\u00e1 contigo. Y como mencionamos, no importa en qu\u00e9 dispositivo est\u00e9s jugando, ya sea un Android antiguo o uno nuevo.<\/p>\n<h3><strong>Juega a Starburst Gratis<\/strong><\/h3>\n<p>Muchos casinos en l\u00ednea ofrecen bonificaciones y promociones relacionadas con Starburst. Esto te da la oportunidad de jugar a Starburst casi gratis porque las bonificaciones son dinero gratis que te permite ganar. Esto puede incluir giros gratis u otros bonos adicionales al registrarte. Consulta las ofertas actuales de tu casino para aumentar tus posibilidades de ganar.<\/p>\n<p>No pierdas la oportunidad de sumergirte en el emocionante mundo de Starburst. Al jugar esta tragamonedas, sentir\u00e1s la adrenalina y emoci\u00f3n que trae el juego. Descubre s\u00edmbolos coloridos, ganancias ilimitadas y una jugabilidad emocionante.<\/p>\n<p>\u00danete a los millones de jugadores que ya han experimentado la magia de Starburst. \u00a1Comienza tu aventura de juego ahora mismo!<\/p>\n<p>Con Starburst, tienes garantizada mucha diversi\u00f3n y la oportunidad de ganar grandes premios. \u00a1No pierdas la oportunidad de experimentar esta emocionante tragamonedas y formar parte de su leyenda!<\/p>\n","protected":false},"excerpt":{"rendered":"<p>El juego en l\u00ednea Starburst es una brillante y cautivadora tragamonedas en l\u00ednea que ha conquistado los corazones de millones de jugadores en todo el mundo. Starburst se juega dondequiera que haya Internet. El objetivo de nuestro sitio web es contarles a los jugadores todo lo que necesitan saber para comenzar a jugar a Starburst,&#8230;<\/p>\n","protected":false},"author":1,"featured_media":0,"parent":0,"menu_order":0,"comment_status":"closed","ping_status":"closed","template":"","meta":{"footnotes":""},"class_list":["post-5","page","type-page","status-publish","hentry"],"yoast_head":"<!-- This site is optimized with the Yoast SEO plugin v27.2 - https:\/\/yoast.com\/product\/yoast-seo-wordpress\/ -->\n<title>\u0418\u0433\u0440\u0430\u0442\u044c \u0432 \u0438\u0433\u0440\u043e\u0432\u043e\u0439 \u0430\u0432\u0442\u043e\u043c\u0430\u0442 Starburst \u0432 \u043e\u043d\u043b\u0430\u0439\u043d \u043a\u0430\u0437\u0438\u043d\u043e<\/title>\n<meta name=\"description\" content=\"Juegue por dinero real en la tragamonedas Starburst en los mejores casinos en l\u00ednea. C\u00f3mo jugar y ganar, estrategias y t\u00e1cticas, rese\u00f1as, descargue la tragamonedas Starburst.\" \/>\n<meta name=\"robots\" content=\"index, follow, max-snippet:-1, max-image-preview:large, max-video-preview:-1\" \/>\n<link rel=\"canonical\" href=\"https:\/\/starburstslotgame.net\/es\/\" \/>\n<meta property=\"og:locale\" content=\"es_ES\" \/>\n<meta property=\"og:locale:alternate\" content=\"en_US\" \/>\n<meta property=\"og:locale:alternate\" content=\"ru_RU\" \/>\n<meta property=\"og:locale:alternate\" content=\"pt_PT\" \/>\n<meta property=\"og:locale:alternate\" content=\"it_IT\" \/>\n<meta property=\"og:locale:alternate\" content=\"fr_FR\" \/>\n<meta property=\"og:locale:alternate\" content=\"de_DE\" \/>\n<meta property=\"og:locale:alternate\" content=\"ro_RO\" \/>\n<meta property=\"og:locale:alternate\" content=\"sr_RS\" \/>\n<meta property=\"og:locale:alternate\" content=\"bg_BG\" \/>\n<meta property=\"og:locale:alternate\" content=\"pl_PL\" \/>\n<meta property=\"og:type\" content=\"article\" \/>\n<meta property=\"og:title\" content=\"\u0418\u0433\u0440\u0430\u0442\u044c \u0432 \u0438\u0433\u0440\u043e\u0432\u043e\u0439 \u0430\u0432\u0442\u043e\u043c\u0430\u0442 Starburst \u0432 \u043e\u043d\u043b\u0430\u0439\u043d \u043a\u0430\u0437\u0438\u043d\u043e\" \/>\n<meta property=\"og:description\" content=\"\u0418\u0433\u0440\u0430\u0442\u044c \u043d\u0430 \u0440\u0435\u0430\u043b\u044c\u043d\u044b\u0435 \u0434\u0435\u043d\u044c\u0433\u0438 \u0432 \u0441\u043b\u043e\u0442 \u0421\u0442\u0430\u0440\u0431\u0430\u0440\u0441\u0442 \u0432 \u043b\u0443\u0447\u0448\u0438\u0445 \u043e\u043d\u043b\u0430\u0439\u043d \u043a\u0430\u0437\u0438\u043d\u043e. \u041a\u0430\u043a \u0438\u0433\u0440\u0430\u0442\u044c \u0438 \u0432\u044b\u0438\u0433\u0440\u044b\u0432\u0430\u0442\u044c, \u0441\u0442\u0440\u0430\u0442\u0435\u0433\u0438\u0438 \u0438 \u0442\u0430\u043a\u0442\u0438\u043a\u0438, \u043e\u0442\u0437\u044b\u0432\u044b, \u0441\u043a\u0430\u0447\u0430\u0442\u044c \u0438\u0433\u0440\u043e\u0432\u043e\u0439 \u0430\u0432\u0442\u043e\u043c\u0430\u0442 \u0421\u0442\u0430\u0440\u0431\u0430\u0440\u0441\u0442\" \/>\n<meta property=\"og:url\" content=\"https:\/\/starburstslotgame.net\/es\/\" \/>\n<meta property=\"og:site_name\" content=\"Starburst Slot\" \/>\n<meta property=\"article:modified_time\" content=\"2024-03-04T00:07:43+00:00\" \/>\n<meta name=\"twitter:card\" content=\"summary_large_image\" \/>\n<meta name=\"twitter:label1\" content=\"Tiempo de lectura\" \/>\n\t<meta name=\"twitter:data1\" content=\"26 minutos\" \/>\n<script type=\"application\/ld+json\" class=\"yoast-schema-graph\">{\"@context\":\"https:\/\/schema.org\",\"@graph\":[{\"@type\":\"WebPage\",\"@id\":\"https:\/\/starburstslotgame.net\/\",\"url\":\"https:\/\/starburstslotgame.net\/\",\"name\":\"\u0418\u0433\u0440\u0430\u0442\u044c \u0432 \u0438\u0433\u0440\u043e\u0432\u043e\u0439 \u0430\u0432\u0442\u043e\u043c\u0430\u0442 Starburst \u0432 \u043e\u043d\u043b\u0430\u0439\u043d \u043a\u0430\u0437\u0438\u043d\u043e\",\"isPartOf\":{\"@id\":\"https:\/\/starburstslotgame.net\/#website\"},\"datePublished\":\"2023-10-17T23:27:04+00:00\",\"dateModified\":\"2024-03-04T00:07:43+00:00\",\"description\":\"\u0418\u0433\u0440\u0430\u0442\u044c \u043d\u0430 \u0440\u0435\u0430\u043b\u044c\u043d\u044b\u0435 \u0434\u0435\u043d\u044c\u0433\u0438 \u0432 \u0441\u043b\u043e\u0442 \u0421\u0442\u0430\u0440\u0431\u0430\u0440\u0441\u0442 \u0432 \u043b\u0443\u0447\u0448\u0438\u0445 \u043e\u043d\u043b\u0430\u0439\u043d \u043a\u0430\u0437\u0438\u043d\u043e. \u041a\u0430\u043a \u0438\u0433\u0440\u0430\u0442\u044c \u0438 \u0432\u044b\u0438\u0433\u0440\u044b\u0432\u0430\u0442\u044c, \u0441\u0442\u0440\u0430\u0442\u0435\u0433\u0438\u0438 \u0438 \u0442\u0430\u043a\u0442\u0438\u043a\u0438, \u043e\u0442\u0437\u044b\u0432\u044b, \u0441\u043a\u0430\u0447\u0430\u0442\u044c \u0438\u0433\u0440\u043e\u0432\u043e\u0439 \u0430\u0432\u0442\u043e\u043c\u0430\u0442 \u0421\u0442\u0430\u0440\u0431\u0430\u0440\u0441\u0442\",\"breadcrumb\":{\"@id\":\"https:\/\/starburstslotgame.net\/#breadcrumb\"},\"inLanguage\":\"es-ES\",\"potentialAction\":[{\"@type\":\"ReadAction\",\"target\":[\"https:\/\/starburstslotgame.net\/\"]}]},{\"@type\":\"BreadcrumbList\",\"@id\":\"https:\/\/starburstslotgame.net\/#breadcrumb\",\"itemListElement\":[{\"@type\":\"ListItem\",\"position\":1,\"name\":\"Home\",\"item\":\"https:\/\/starburstslotgame.net\/\"},{\"@type\":\"ListItem\",\"position\":2,\"name\":\"\u0418\u0433\u0440\u0430\u0442\u044c \u0432 \u0441\u043b\u043e\u0442 Starburst \u0441\u0435\u0439\u0447\u0430\u0441\"}]},{\"@type\":\"WebSite\",\"@id\":\"https:\/\/starburstslotgame.net\/#website\",\"url\":\"https:\/\/starburstslotgame.net\/\",\"name\":\"Starburst Slot\",\"description\":\"\",\"publisher\":{\"@id\":\"https:\/\/starburstslotgame.net\/#organization\"},\"potentialAction\":[{\"@type\":\"SearchAction\",\"target\":{\"@type\":\"EntryPoint\",\"urlTemplate\":\"https:\/\/starburstslotgame.net\/?s={search_term_string}\"},\"query-input\":{\"@type\":\"PropertyValueSpecification\",\"valueRequired\":true,\"valueName\":\"search_term_string\"}}],\"inLanguage\":\"es-ES\"},{\"@type\":\"Organization\",\"@id\":\"https:\/\/starburstslotgame.net\/#organization\",\"name\":\"Starburst Slot\",\"url\":\"https:\/\/starburstslotgame.net\/\",\"logo\":{\"@type\":\"ImageObject\",\"inLanguage\":\"es-ES\",\"@id\":\"https:\/\/starburstslotgame.net\/#\/schema\/logo\/image\/\",\"url\":\"https:\/\/starburstslotgame.net\/wp-content\/uploads\/starburst-slot.png\",\"contentUrl\":\"https:\/\/starburstslotgame.net\/wp-content\/uploads\/starburst-slot.png\",\"width\":250,\"height\":187,\"caption\":\"Starburst Slot\"},\"image\":{\"@id\":\"https:\/\/starburstslotgame.net\/#\/schema\/logo\/image\/\"}}]}<\/script>\n<!-- \/ Yoast SEO plugin. -->","yoast_head_json":{"title":"\u0418\u0433\u0440\u0430\u0442\u044c \u0432 \u0438\u0433\u0440\u043e\u0432\u043e\u0439 \u0430\u0432\u0442\u043e\u043c\u0430\u0442 Starburst \u0432 \u043e\u043d\u043b\u0430\u0439\u043d \u043a\u0430\u0437\u0438\u043d\u043e","description":"Juegue por dinero real en la tragamonedas Starburst en los mejores casinos en l\u00ednea. C\u00f3mo jugar y ganar, estrategias y t\u00e1cticas, rese\u00f1as, descargue la tragamonedas Starburst.","robots":{"index":"index","follow":"follow","max-snippet":"max-snippet:-1","max-image-preview":"max-image-preview:large","max-video-preview":"max-video-preview:-1"},"canonical":"https:\/\/starburstslotgame.net\/es\/","og_locale":"es_ES","og_type":"article","og_title":"\u0418\u0433\u0440\u0430\u0442\u044c \u0432 \u0438\u0433\u0440\u043e\u0432\u043e\u0439 \u0430\u0432\u0442\u043e\u043c\u0430\u0442 Starburst \u0432 \u043e\u043d\u043b\u0430\u0439\u043d \u043a\u0430\u0437\u0438\u043d\u043e","og_description":"\u0418\u0433\u0440\u0430\u0442\u044c \u043d\u0430 \u0440\u0435\u0430\u043b\u044c\u043d\u044b\u0435 \u0434\u0435\u043d\u044c\u0433\u0438 \u0432 \u0441\u043b\u043e\u0442 \u0421\u0442\u0430\u0440\u0431\u0430\u0440\u0441\u0442 \u0432 \u043b\u0443\u0447\u0448\u0438\u0445 \u043e\u043d\u043b\u0430\u0439\u043d \u043a\u0430\u0437\u0438\u043d\u043e. \u041a\u0430\u043a \u0438\u0433\u0440\u0430\u0442\u044c \u0438 \u0432\u044b\u0438\u0433\u0440\u044b\u0432\u0430\u0442\u044c, \u0441\u0442\u0440\u0430\u0442\u0435\u0433\u0438\u0438 \u0438 \u0442\u0430\u043a\u0442\u0438\u043a\u0438, \u043e\u0442\u0437\u044b\u0432\u044b, \u0441\u043a\u0430\u0447\u0430\u0442\u044c \u0438\u0433\u0440\u043e\u0432\u043e\u0439 \u0430\u0432\u0442\u043e\u043c\u0430\u0442 \u0421\u0442\u0430\u0440\u0431\u0430\u0440\u0441\u0442","og_url":"https:\/\/starburstslotgame.net\/es\/","og_site_name":"Starburst Slot","article_modified_time":"2024-03-04T00:07:43+00:00","twitter_card":"summary_large_image","twitter_misc":{"Tiempo de lectura":"26 minutos"},"schema":{"@context":"https:\/\/schema.org","@graph":[{"@type":"WebPage","@id":"https:\/\/starburstslotgame.net\/","url":"https:\/\/starburstslotgame.net\/","name":"\u0418\u0433\u0440\u0430\u0442\u044c \u0432 \u0438\u0433\u0440\u043e\u0432\u043e\u0439 \u0430\u0432\u0442\u043e\u043c\u0430\u0442 Starburst \u0432 \u043e\u043d\u043b\u0430\u0439\u043d \u043a\u0430\u0437\u0438\u043d\u043e","isPartOf":{"@id":"https:\/\/starburstslotgame.net\/#website"},"datePublished":"2023-10-17T23:27:04+00:00","dateModified":"2024-03-04T00:07:43+00:00","description":"\u0418\u0433\u0440\u0430\u0442\u044c \u043d\u0430 \u0440\u0435\u0430\u043b\u044c\u043d\u044b\u0435 \u0434\u0435\u043d\u044c\u0433\u0438 \u0432 \u0441\u043b\u043e\u0442 \u0421\u0442\u0430\u0440\u0431\u0430\u0440\u0441\u0442 \u0432 \u043b\u0443\u0447\u0448\u0438\u0445 \u043e\u043d\u043b\u0430\u0439\u043d \u043a\u0430\u0437\u0438\u043d\u043e. \u041a\u0430\u043a \u0438\u0433\u0440\u0430\u0442\u044c \u0438 \u0432\u044b\u0438\u0433\u0440\u044b\u0432\u0430\u0442\u044c, \u0441\u0442\u0440\u0430\u0442\u0435\u0433\u0438\u0438 \u0438 \u0442\u0430\u043a\u0442\u0438\u043a\u0438, \u043e\u0442\u0437\u044b\u0432\u044b, \u0441\u043a\u0430\u0447\u0430\u0442\u044c \u0438\u0433\u0440\u043e\u0432\u043e\u0439 \u0430\u0432\u0442\u043e\u043c\u0430\u0442 \u0421\u0442\u0430\u0440\u0431\u0430\u0440\u0441\u0442","breadcrumb":{"@id":"https:\/\/starburstslotgame.net\/#breadcrumb"},"inLanguage":"es-ES","potentialAction":[{"@type":"ReadAction","target":["https:\/\/starburstslotgame.net\/"]}]},{"@type":"BreadcrumbList","@id":"https:\/\/starburstslotgame.net\/#breadcrumb","itemListElement":[{"@type":"ListItem","position":1,"name":"Home","item":"https:\/\/starburstslotgame.net\/"},{"@type":"ListItem","position":2,"name":"\u0418\u0433\u0440\u0430\u0442\u044c \u0432 \u0441\u043b\u043e\u0442 Starburst \u0441\u0435\u0439\u0447\u0430\u0441"}]},{"@type":"WebSite","@id":"https:\/\/starburstslotgame.net\/#website","url":"https:\/\/starburstslotgame.net\/","name":"Starburst Slot","description":"","publisher":{"@id":"https:\/\/starburstslotgame.net\/#organization"},"potentialAction":[{"@type":"SearchAction","target":{"@type":"EntryPoint","urlTemplate":"https:\/\/starburstslotgame.net\/?s={search_term_string}"},"query-input":{"@type":"PropertyValueSpecification","valueRequired":true,"valueName":"search_term_string"}}],"inLanguage":"es-ES"},{"@type":"Organization","@id":"https:\/\/starburstslotgame.net\/#organization","name":"Starburst Slot","url":"https:\/\/starburstslotgame.net\/","logo":{"@type":"ImageObject","inLanguage":"es-ES","@id":"https:\/\/starburstslotgame.net\/#\/schema\/logo\/image\/","url":"https:\/\/starburstslotgame.net\/wp-content\/uploads\/starburst-slot.png","contentUrl":"https:\/\/starburstslotgame.net\/wp-content\/uploads\/starburst-slot.png","width":250,"height":187,"caption":"Starburst Slot"},"image":{"@id":"https:\/\/starburstslotgame.net\/#\/schema\/logo\/image\/"}}]}},"_links":{"self":[{"href":"https:\/\/starburstslotgame.net\/es\/wp-json\/wp\/v2\/pages\/5","targetHints":{"allow":["GET"]}}],"collection":[{"href":"https:\/\/starburstslotgame.net\/es\/wp-json\/wp\/v2\/pages"}],"about":[{"href":"https:\/\/starburstslotgame.net\/es\/wp-json\/wp\/v2\/types\/page"}],"author":[{"embeddable":true,"href":"https:\/\/starburstslotgame.net\/es\/wp-json\/wp\/v2\/users\/1"}],"replies":[{"embeddable":true,"href":"https:\/\/starburstslotgame.net\/es\/wp-json\/wp\/v2\/comments?post=5"}],"version-history":[{"count":23,"href":"https:\/\/starburstslotgame.net\/es\/wp-json\/wp\/v2\/pages\/5\/revisions"}],"predecessor-version":[{"id":162,"href":"https:\/\/starburstslotgame.net\/es\/wp-json\/wp\/v2\/pages\/5\/revisions\/162"}],"wp:attachment":[{"href":"https:\/\/starburstslotgame.net\/es\/wp-json\/wp\/v2\/media?parent=5"}],"curies":[{"name":"wp","href":"https:\/\/api.w.org\/{rel}","templated":true}]}}