{"id":9,"date":"2023-10-17T23:30:18","date_gmt":"2023-10-17T23:30:18","guid":{"rendered":"https:\/\/starburstslotgame.net\/?page_id=9"},"modified":"2024-03-03T19:39:13","modified_gmt":"2024-03-03T19:39:13","slug":"how-to-play","status":"publish","type":"page","link":"https:\/\/starburstslotgame.net\/es\/how-to-play\/","title":{"rendered":"C\u00f3mo jugar"},"content":{"rendered":"<p>Jugar en un casino en l\u00ednea en la tragamonedas Starburst es posible en este momento. Para hacerlo, debes seguir algunos pasos simples, que ahora te explicaremos.<\/p>\n<p>Para comenzar a jugar a Starburst, debes seguir estos pasos:<\/p>\n<ol>\n<li><strong>Elige un Casino en L\u00ednea:<\/strong> El primer paso es elegir un casino en l\u00ednea confiable y con licencia que brinde acceso al juego Starburst. Aseg\u00farate de que el casino elegido admita tu pa\u00eds de residencia y tenga una buena reputaci\u00f3n.<\/li>\n<li><strong>Registro:<\/strong> Despu\u00e9s de seleccionar el casino, debes registrar una cuenta. Esto generalmente implica proporcionar informaci\u00f3n b\u00e1sica como nombre, direcci\u00f3n de correo electr\u00f3nico y elegir una contrase\u00f1a.<\/li>\n<li><strong>Dep\u00f3sito:<\/strong> Para jugar con dinero real, deber\u00e1s realizar un dep\u00f3sito en tu cuenta de casino. El casino te proporcionar\u00e1 varios m\u00e9todos de pago para este fin, como tarjetas bancarias, billeteras electr\u00f3nicas y otros.<\/li>\n<li><strong>Encuentra Starburst:<\/strong> Despu\u00e9s de cargar tu saldo, debes encontrar la tragamonedas Starburst en la biblioteca de juegos del casino. Puede estar ubicado en la secci\u00f3n de Tragamonedas o Juegos de Jackpot.<\/li>\n<li><strong>Juega Starburst:<\/strong> Haz clic en el icono de Starburst para comenzar a jugar. Puedes elegir el tama\u00f1o de la apuesta y hacer girar los carretes. \u00a1Prep\u00e1rate para una experiencia de juego emocionante!<\/li>\n<li><strong>Bonificaciones y C\u00f3digos Promocionales:<\/strong> Algunos casinos en l\u00ednea ofrecen bonificaciones o c\u00f3digos promocionales relacionados con Starburst. Aseg\u00farate de aprovecharlos para aumentar tus posibilidades de ganar.<\/li>\n<li><strong>Juego M\u00f3vil:<\/strong> Starburst tambi\u00e9n est\u00e1 disponible para jugar en dispositivos m\u00f3viles, incluidos tel\u00e9fonos inteligentes y tabletas. Puedes visitar el sitio web del casino a trav\u00e9s de un navegador m\u00f3vil o descargar la aplicaci\u00f3n del casino si est\u00e1 disponible.<\/li>\n<li><strong>Juega de Forma Responsable:<\/strong> No olvides jugar de manera responsable y gestionar tus finanzas. Establece l\u00edmites en los dep\u00f3sitos y p\u00e9rdidas para evitar consecuencias financieras no deseadas.<\/li>\n<\/ol>\n<p>Ahora que sabes c\u00f3mo comenzar a jugar a Starburst, elige un casino confiable y disfruta de la emoci\u00f3n de esta emocionante tragamonedas. \u00a1Buena suerte en los carretes de Starburst! Esta tragamonedas ofrece la oportunidad de ganar dinero real en un casino en l\u00ednea.<\/p>\n","protected":false},"excerpt":{"rendered":"<p>Jugar en un casino en l\u00ednea en la tragamonedas Starburst es posible en este momento. Para hacerlo, debes seguir algunos pasos simples, que ahora te explicaremos. Para comenzar a jugar a Starburst, debes seguir estos pasos: Elige un Casino en L\u00ednea: El primer paso es elegir un casino en l\u00ednea confiable y con licencia que&#8230;<\/p>\n","protected":false},"author":1,"featured_media":0,"parent":0,"menu_order":0,"comment_status":"closed","ping_status":"closed","template":"","meta":{"footnotes":""},"class_list":["post-9","page","type-page","status-publish","hentry"],"yoast_head":"<!-- This site is optimized with the Yoast SEO plugin v27.2 - https:\/\/yoast.com\/product\/yoast-seo-wordpress\/ -->\n<title>Jouer \u00e0 la machine \u00e0 sous Starburst dans un casino en ligne pour de l&#039;argent r\u00e9el<\/title>\n<meta name=\"description\" content=\"Puedes jugar a la m\u00e1quina tragamonedas Starburst y ganar dinero real en un casino en l\u00ednea ahora mismo. Reg\u00edstrate ahora y comienza a jugar.\" \/>\n<meta name=\"robots\" content=\"index, follow, max-snippet:-1, max-image-preview:large, max-video-preview:-1\" \/>\n<link rel=\"canonical\" href=\"https:\/\/starburstslotgame.net\/es\/how-to-play\/\" \/>\n<meta property=\"og:locale\" content=\"es_ES\" \/>\n<meta property=\"og:locale:alternate\" content=\"en_US\" \/>\n<meta property=\"og:locale:alternate\" content=\"ru_RU\" \/>\n<meta property=\"og:locale:alternate\" content=\"pt_PT\" \/>\n<meta property=\"og:locale:alternate\" content=\"it_IT\" \/>\n<meta property=\"og:locale:alternate\" content=\"fr_FR\" \/>\n<meta property=\"og:locale:alternate\" content=\"de_DE\" \/>\n<meta property=\"og:locale:alternate\" content=\"ro_RO\" \/>\n<meta property=\"og:locale:alternate\" content=\"sr_RS\" \/>\n<meta property=\"og:locale:alternate\" content=\"bg_BG\" \/>\n<meta property=\"og:locale:alternate\" content=\"pl_PL\" \/>\n<meta property=\"og:type\" content=\"article\" \/>\n<meta property=\"og:title\" content=\"Jouer \u00e0 la machine \u00e0 sous Starburst dans un casino en ligne pour de l&#039;argent r\u00e9el\" \/>\n<meta property=\"og:description\" content=\"Vous pouvez jouer \u00e0 la machine \u00e0 sous Starburst et gagner de l&#039;argent r\u00e9el dans un casino en ligne d\u00e8s maintenant. Inscrivez-vous maintenant et commencez \u00e0 jouer.\" \/>\n<meta property=\"og:url\" content=\"https:\/\/starburstslotgame.net\/es\/how-to-play\/\" \/>\n<meta property=\"og:site_name\" content=\"Starburst Slot\" \/>\n<meta property=\"article:modified_time\" content=\"2024-03-03T19:39:13+00:00\" \/>\n<meta name=\"twitter:card\" content=\"summary_large_image\" \/>\n<meta name=\"twitter:label1\" content=\"Tiempo de lectura\" \/>\n\t<meta name=\"twitter:data1\" content=\"14 minutos\" \/>\n<script type=\"application\/ld+json\" class=\"yoast-schema-graph\">{\"@context\":\"https:\/\/schema.org\",\"@graph\":[{\"@type\":\"WebPage\",\"@id\":\"https:\/\/starburstslotgame.net\/fr\/how-to-play\/\",\"url\":\"https:\/\/starburstslotgame.net\/fr\/how-to-play\/\",\"name\":\"Jouer \u00e0 la machine \u00e0 sous Starburst dans un casino en ligne pour de l'argent r\u00e9el\",\"isPartOf\":{\"@id\":\"https:\/\/starburstslotgame.net\/#website\"},\"datePublished\":\"2023-10-17T23:30:18+00:00\",\"dateModified\":\"2024-03-03T19:39:13+00:00\",\"description\":\"Vous pouvez jouer \u00e0 la machine \u00e0 sous Starburst et gagner de l'argent r\u00e9el dans un casino en ligne d\u00e8s maintenant. Inscrivez-vous maintenant et commencez \u00e0 jouer.\",\"breadcrumb\":{\"@id\":\"https:\/\/starburstslotgame.net\/fr\/how-to-play\/#breadcrumb\"},\"inLanguage\":\"es-ES\",\"potentialAction\":[{\"@type\":\"ReadAction\",\"target\":[\"https:\/\/starburstslotgame.net\/fr\/how-to-play\/\"]}]},{\"@type\":\"BreadcrumbList\",\"@id\":\"https:\/\/starburstslotgame.net\/fr\/how-to-play\/#breadcrumb\",\"itemListElement\":[{\"@type\":\"ListItem\",\"position\":1,\"name\":\"Home\",\"item\":\"https:\/\/starburstslotgame.net\/\"},{\"@type\":\"ListItem\",\"position\":2,\"name\":\"Comment jouer\"}]},{\"@type\":\"WebSite\",\"@id\":\"https:\/\/starburstslotgame.net\/#website\",\"url\":\"https:\/\/starburstslotgame.net\/\",\"name\":\"Starburst Slot\",\"description\":\"\",\"publisher\":{\"@id\":\"https:\/\/starburstslotgame.net\/#organization\"},\"potentialAction\":[{\"@type\":\"SearchAction\",\"target\":{\"@type\":\"EntryPoint\",\"urlTemplate\":\"https:\/\/starburstslotgame.net\/?s={search_term_string}\"},\"query-input\":{\"@type\":\"PropertyValueSpecification\",\"valueRequired\":true,\"valueName\":\"search_term_string\"}}],\"inLanguage\":\"es-ES\"},{\"@type\":\"Organization\",\"@id\":\"https:\/\/starburstslotgame.net\/#organization\",\"name\":\"Starburst Slot\",\"url\":\"https:\/\/starburstslotgame.net\/\",\"logo\":{\"@type\":\"ImageObject\",\"inLanguage\":\"es-ES\",\"@id\":\"https:\/\/starburstslotgame.net\/#\/schema\/logo\/image\/\",\"url\":\"https:\/\/starburstslotgame.net\/wp-content\/uploads\/starburst-slot.png\",\"contentUrl\":\"https:\/\/starburstslotgame.net\/wp-content\/uploads\/starburst-slot.png\",\"width\":250,\"height\":187,\"caption\":\"Starburst Slot\"},\"image\":{\"@id\":\"https:\/\/starburstslotgame.net\/#\/schema\/logo\/image\/\"}}]}<\/script>\n<!-- \/ Yoast SEO plugin. -->","yoast_head_json":{"title":"Jouer \u00e0 la machine \u00e0 sous Starburst dans un casino en ligne pour de l'argent r\u00e9el","description":"Puedes jugar a la m\u00e1quina tragamonedas Starburst y ganar dinero real en un casino en l\u00ednea ahora mismo. Reg\u00edstrate ahora y comienza a jugar.","robots":{"index":"index","follow":"follow","max-snippet":"max-snippet:-1","max-image-preview":"max-image-preview:large","max-video-preview":"max-video-preview:-1"},"canonical":"https:\/\/starburstslotgame.net\/es\/how-to-play\/","og_locale":"es_ES","og_type":"article","og_title":"Jouer \u00e0 la machine \u00e0 sous Starburst dans un casino en ligne pour de l'argent r\u00e9el","og_description":"Vous pouvez jouer \u00e0 la machine \u00e0 sous Starburst et gagner de l'argent r\u00e9el dans un casino en ligne d\u00e8s maintenant. Inscrivez-vous maintenant et commencez \u00e0 jouer.","og_url":"https:\/\/starburstslotgame.net\/es\/how-to-play\/","og_site_name":"Starburst Slot","article_modified_time":"2024-03-03T19:39:13+00:00","twitter_card":"summary_large_image","twitter_misc":{"Tiempo de lectura":"14 minutos"},"schema":{"@context":"https:\/\/schema.org","@graph":[{"@type":"WebPage","@id":"https:\/\/starburstslotgame.net\/fr\/how-to-play\/","url":"https:\/\/starburstslotgame.net\/fr\/how-to-play\/","name":"Jouer \u00e0 la machine \u00e0 sous Starburst dans un casino en ligne pour de l'argent r\u00e9el","isPartOf":{"@id":"https:\/\/starburstslotgame.net\/#website"},"datePublished":"2023-10-17T23:30:18+00:00","dateModified":"2024-03-03T19:39:13+00:00","description":"Vous pouvez jouer \u00e0 la machine \u00e0 sous Starburst et gagner de l'argent r\u00e9el dans un casino en ligne d\u00e8s maintenant. Inscrivez-vous maintenant et commencez \u00e0 jouer.","breadcrumb":{"@id":"https:\/\/starburstslotgame.net\/fr\/how-to-play\/#breadcrumb"},"inLanguage":"es-ES","potentialAction":[{"@type":"ReadAction","target":["https:\/\/starburstslotgame.net\/fr\/how-to-play\/"]}]},{"@type":"BreadcrumbList","@id":"https:\/\/starburstslotgame.net\/fr\/how-to-play\/#breadcrumb","itemListElement":[{"@type":"ListItem","position":1,"name":"Home","item":"https:\/\/starburstslotgame.net\/"},{"@type":"ListItem","position":2,"name":"Comment jouer"}]},{"@type":"WebSite","@id":"https:\/\/starburstslotgame.net\/#website","url":"https:\/\/starburstslotgame.net\/","name":"Starburst Slot","description":"","publisher":{"@id":"https:\/\/starburstslotgame.net\/#organization"},"potentialAction":[{"@type":"SearchAction","target":{"@type":"EntryPoint","urlTemplate":"https:\/\/starburstslotgame.net\/?s={search_term_string}"},"query-input":{"@type":"PropertyValueSpecification","valueRequired":true,"valueName":"search_term_string"}}],"inLanguage":"es-ES"},{"@type":"Organization","@id":"https:\/\/starburstslotgame.net\/#organization","name":"Starburst Slot","url":"https:\/\/starburstslotgame.net\/","logo":{"@type":"ImageObject","inLanguage":"es-ES","@id":"https:\/\/starburstslotgame.net\/#\/schema\/logo\/image\/","url":"https:\/\/starburstslotgame.net\/wp-content\/uploads\/starburst-slot.png","contentUrl":"https:\/\/starburstslotgame.net\/wp-content\/uploads\/starburst-slot.png","width":250,"height":187,"caption":"Starburst Slot"},"image":{"@id":"https:\/\/starburstslotgame.net\/#\/schema\/logo\/image\/"}}]}},"_links":{"self":[{"href":"https:\/\/starburstslotgame.net\/es\/wp-json\/wp\/v2\/pages\/9","targetHints":{"allow":["GET"]}}],"collection":[{"href":"https:\/\/starburstslotgame.net\/es\/wp-json\/wp\/v2\/pages"}],"about":[{"href":"https:\/\/starburstslotgame.net\/es\/wp-json\/wp\/v2\/types\/page"}],"author":[{"embeddable":true,"href":"https:\/\/starburstslotgame.net\/es\/wp-json\/wp\/v2\/users\/1"}],"replies":[{"embeddable":true,"href":"https:\/\/starburstslotgame.net\/es\/wp-json\/wp\/v2\/comments?post=9"}],"version-history":[{"count":23,"href":"https:\/\/starburstslotgame.net\/es\/wp-json\/wp\/v2\/pages\/9\/revisions"}],"predecessor-version":[{"id":163,"href":"https:\/\/starburstslotgame.net\/es\/wp-json\/wp\/v2\/pages\/9\/revisions\/163"}],"wp:attachment":[{"href":"https:\/\/starburstslotgame.net\/es\/wp-json\/wp\/v2\/media?parent=9"}],"curies":[{"name":"wp","href":"https:\/\/api.w.org\/{rel}","templated":true}]}}