{"id":11,"date":"2023-10-17T23:38:51","date_gmt":"2023-10-17T23:38:51","guid":{"rendered":"https:\/\/starburstslotgame.net\/?page_id=11"},"modified":"2024-03-04T00:19:48","modified_gmt":"2024-03-04T00:19:48","slug":"reviews","status":"publish","type":"page","link":"https:\/\/starburstslotgame.net\/fr\/reviews\/","title":{"rendered":"Avis"},"content":{"rendered":"<p>Les avis sur la machine \u00e0 sous Starburst refl\u00e8tent les opinions et les exp\u00e9riences vari\u00e9es des joueurs qui ont trouv\u00e9 quelque chose de sp\u00e9cial dans Starburst. Parfois, ce sont des avis positifs, et parfois n\u00e9gatifs. Mais dans tous les cas, ce sont des avis utiles qu&rsquo;il est utile de lire avant de commencer \u00e0 jouer \u00e0 Starburst.<\/p>\n<h3>Th\u00e8me : Graphismes incroyables et jouabilit\u00e9 engageante dans la machine \u00e0 sous Starburst<\/h3>\n<p>Starburst est tout simplement \u00e9poustouflant ! Les graphismes sont impressionnants, et j&rsquo;ai presque oubli\u00e9 que je jouais r\u00e9ellement \u00e0 une machine \u00e0 sous. J&rsquo;ai h\u00e2te de jouer \u00e0 la prochaine partie. Alex, 28 ans.<\/p>\n<h3>Th\u00e8me : Starburst est un excellent choix pour les d\u00e9butants<\/h3>\n<p>Je n&rsquo;ai jamais jou\u00e9 \u00e0 des jeux de hasard auparavant, mais Starburst a rendu le d\u00e9but de ma carri\u00e8re dans les jeux de hasard incroyablement facile et int\u00e9ressant. Je suis reconnaissant d&rsquo;avoir trouv\u00e9 cette machine \u00e0 sous et d&rsquo;avoir commenc\u00e9 \u00e0 jouer.<\/p>\n<p>Yulia, 23 ans.<\/p>\n<h3>Th\u00e8me : Gros gains dans Starburst !<\/h3>\n<p>Cette machine \u00e0 sous porte vraiment chance ! R\u00e9cemment, j&rsquo;ai remport\u00e9 un gros jackpot, et c&rsquo;\u00e9tait incroyablement excitant.<\/p>\n<p>Maxim, 35 ans.<\/p>\n<h3>Th\u00e8me : Starburst sur mon smartphone<\/h3>\n<p>J&rsquo;appr\u00e9cie de pouvoir jouer \u00e0 Starburst sur mon smartphone. C&rsquo;est un excellent moyen de passer le temps en attendant quelque chose ou simplement de se d\u00e9tendre le soir. Et j&rsquo;ai un vieux Android, et la machine \u00e0 sous fonctionne tr\u00e8s bien. C&rsquo;est fantastique.<\/p>\n<p>Elena, 29 ans.<\/p>\n<h3>Th\u00e8me : Fonctionnalit\u00e9 Gagnez dans les deux sens.<\/h3>\n<p>La fonctionnalit\u00e9 Gagnez dans les deux sens dans Starburst augmente vraiment les chances de gagner. Elle a rendu le jeu plus int\u00e9ressant et plus rentable. C&rsquo;est une caract\u00e9ristique vraiment utile de la machine \u00e0 sous.<\/p>\n<p>Igor, 31 ans.<\/p>\n<h3>Th\u00e8me : Respins bonus dans Starburst.<\/h3>\n<p>J&rsquo;adore comment les symboles sauvages dans Starburst peuvent d\u00e9clencher des respins bonus. Cela ajoute toujours de l&rsquo;excitation suppl\u00e9mentaire et des gains au jeu. Et cette machine \u00e0 sous vous donne la possibilit\u00e9 de vraiment gagner.<\/p>\n<p>Anna, 27 ans.<\/p>\n<h3>Th\u00e8me : Jouez n&rsquo;importe o\u00f9 et n&rsquo;importe quand.<\/h3>\n<p>J&rsquo;aime pouvoir jouer \u00e0 Starburst \u00e0 tout moment et n&rsquo;importe o\u00f9. C&rsquo;est le divertissement parfait pour les voyages et les vacances. Je sors simplement mon t\u00e9l\u00e9phone de ma poche, j&rsquo;ouvre l&rsquo;application du casino, je choisis Starburst, et je commence \u00e0 jouer.<\/p>\n<p>Daniel, 33 ans.<\/p>\n<h3>Th\u00e8me : Excellente atmosph\u00e8re et effets sonores<\/h3>\n<p>Les sons et la musique dans Starburst ajoutent de l&rsquo;atmosph\u00e8re au jeu. Quand je joue, j&rsquo;ai l&rsquo;impression de me plonger dans le monde des jeux de hasard.<\/p>\n<p>Maria, 30 ans.<\/p>\n<h3>Th\u00e8me : Starburst comme moyen de se d\u00e9tendre.<\/h3>\n<p>Quand j&rsquo;ai une journ\u00e9e longue et stressante, Starburst m&rsquo;aide \u00e0 me d\u00e9tendre et \u00e0 me changer les id\u00e9es. Cette machine \u00e0 sous est tr\u00e8s importante dans ma vie.<\/p>\n<p>Peter, 40 ans.<\/p>\n<h3>Th\u00e8me : Il y a toujours quelque chose de nouveau.<\/h3>\n<p>Starburst n&rsquo;est jamais ennuyeux car il y a toujours quelque chose de nouveau \u00e0 d\u00e9couvrir et \u00e0 explorer. Il ne cesse jamais de m&rsquo;\u00e9tonner.<\/p>\n<p>Olga, 26 ans.<\/p>\n","protected":false},"excerpt":{"rendered":"<p>Les avis sur la machine \u00e0 sous Starburst refl\u00e8tent les opinions et les exp\u00e9riences vari\u00e9es des joueurs qui ont trouv\u00e9 quelque chose de sp\u00e9cial dans Starburst. Parfois, ce sont des avis positifs, et parfois n\u00e9gatifs. Mais dans tous les cas, ce sont des avis utiles qu&rsquo;il est utile de lire avant de commencer \u00e0 jouer&#8230;<\/p>\n","protected":false},"author":1,"featured_media":0,"parent":0,"menu_order":0,"comment_status":"closed","ping_status":"closed","template":"","meta":{"footnotes":""},"class_list":["post-11","page","type-page","status-publish","hentry"],"yoast_head":"<!-- This site is optimized with the Yoast SEO plugin v27.2 - https:\/\/yoast.com\/product\/yoast-seo-wordpress\/ -->\n<title>Recenzje i opinie prawdziwych graczy na temat automatu do gry Starburst<\/title>\n<meta name=\"description\" content=\"Critique de la machine \u00e0 sous Starburst - avis des vrais joueurs sur le jeu en ligne Starburst dans les meilleurs casinos en ligne. Avis honn\u00eates et critique honn\u00eate.\" \/>\n<meta name=\"robots\" content=\"index, follow, max-snippet:-1, max-image-preview:large, max-video-preview:-1\" \/>\n<link rel=\"canonical\" href=\"https:\/\/starburstslotgame.net\/fr\/reviews\/\" \/>\n<meta property=\"og:locale\" content=\"fr_FR\" \/>\n<meta property=\"og:locale:alternate\" content=\"en_US\" \/>\n<meta property=\"og:locale:alternate\" content=\"ru_RU\" \/>\n<meta property=\"og:locale:alternate\" content=\"pt_PT\" \/>\n<meta property=\"og:locale:alternate\" content=\"es_ES\" \/>\n<meta property=\"og:locale:alternate\" content=\"it_IT\" \/>\n<meta property=\"og:locale:alternate\" content=\"de_DE\" \/>\n<meta property=\"og:locale:alternate\" content=\"ro_RO\" \/>\n<meta property=\"og:locale:alternate\" content=\"sr_RS\" \/>\n<meta property=\"og:locale:alternate\" content=\"bg_BG\" \/>\n<meta property=\"og:locale:alternate\" content=\"pl_PL\" \/>\n<meta property=\"og:type\" content=\"article\" \/>\n<meta property=\"og:title\" content=\"Recenzje i opinie prawdziwych graczy na temat automatu do gry Starburst\" \/>\n<meta property=\"og:description\" content=\"Recenzja automatu do gry Starburst - opinie prawdziwych graczy na temat gry online Starburst w najlepszych kasynach internetowych. Szczere recenzje i uczciwa ocena.\" \/>\n<meta property=\"og:url\" content=\"https:\/\/starburstslotgame.net\/fr\/reviews\/\" \/>\n<meta property=\"og:site_name\" content=\"Starburst Slot\" \/>\n<meta property=\"article:modified_time\" content=\"2024-03-04T00:19:48+00:00\" \/>\n<meta name=\"twitter:card\" content=\"summary_large_image\" \/>\n<meta name=\"twitter:label1\" content=\"Dur\u00e9e de lecture estim\u00e9e\" \/>\n\t<meta name=\"twitter:data1\" content=\"18 minutes\" \/>\n<script type=\"application\/ld+json\" class=\"yoast-schema-graph\">{\"@context\":\"https:\/\/schema.org\",\"@graph\":[{\"@type\":\"WebPage\",\"@id\":\"https:\/\/starburstslotgame.net\/pl\/reviews\/\",\"url\":\"https:\/\/starburstslotgame.net\/pl\/reviews\/\",\"name\":\"Recenzje i opinie prawdziwych graczy na temat automatu do gry Starburst\",\"isPartOf\":{\"@id\":\"https:\/\/starburstslotgame.net\/#website\"},\"datePublished\":\"2023-10-17T23:38:51+00:00\",\"dateModified\":\"2024-03-04T00:19:48+00:00\",\"description\":\"Recenzja automatu do gry Starburst - opinie prawdziwych graczy na temat gry online Starburst w najlepszych kasynach internetowych. Szczere recenzje i uczciwa ocena.\",\"breadcrumb\":{\"@id\":\"https:\/\/starburstslotgame.net\/pl\/reviews\/#breadcrumb\"},\"inLanguage\":\"fr-FR\",\"potentialAction\":[{\"@type\":\"ReadAction\",\"target\":[\"https:\/\/starburstslotgame.net\/pl\/reviews\/\"]}]},{\"@type\":\"BreadcrumbList\",\"@id\":\"https:\/\/starburstslotgame.net\/pl\/reviews\/#breadcrumb\",\"itemListElement\":[{\"@type\":\"ListItem\",\"position\":1,\"name\":\"Home\",\"item\":\"https:\/\/starburstslotgame.net\/\"},{\"@type\":\"ListItem\",\"position\":2,\"name\":\"Recenzje\"}]},{\"@type\":\"WebSite\",\"@id\":\"https:\/\/starburstslotgame.net\/#website\",\"url\":\"https:\/\/starburstslotgame.net\/\",\"name\":\"Starburst Slot\",\"description\":\"\",\"publisher\":{\"@id\":\"https:\/\/starburstslotgame.net\/#organization\"},\"potentialAction\":[{\"@type\":\"SearchAction\",\"target\":{\"@type\":\"EntryPoint\",\"urlTemplate\":\"https:\/\/starburstslotgame.net\/?s={search_term_string}\"},\"query-input\":{\"@type\":\"PropertyValueSpecification\",\"valueRequired\":true,\"valueName\":\"search_term_string\"}}],\"inLanguage\":\"fr-FR\"},{\"@type\":\"Organization\",\"@id\":\"https:\/\/starburstslotgame.net\/#organization\",\"name\":\"Starburst Slot\",\"url\":\"https:\/\/starburstslotgame.net\/\",\"logo\":{\"@type\":\"ImageObject\",\"inLanguage\":\"fr-FR\",\"@id\":\"https:\/\/starburstslotgame.net\/#\/schema\/logo\/image\/\",\"url\":\"https:\/\/starburstslotgame.net\/wp-content\/uploads\/starburst-slot.png\",\"contentUrl\":\"https:\/\/starburstslotgame.net\/wp-content\/uploads\/starburst-slot.png\",\"width\":250,\"height\":187,\"caption\":\"Starburst Slot\"},\"image\":{\"@id\":\"https:\/\/starburstslotgame.net\/#\/schema\/logo\/image\/\"}}]}<\/script>\n<!-- \/ Yoast SEO plugin. -->","yoast_head_json":{"title":"Recenzje i opinie prawdziwych graczy na temat automatu do gry Starburst","description":"Critique de la machine \u00e0 sous Starburst - avis des vrais joueurs sur le jeu en ligne Starburst dans les meilleurs casinos en ligne. Avis honn\u00eates et critique honn\u00eate.","robots":{"index":"index","follow":"follow","max-snippet":"max-snippet:-1","max-image-preview":"max-image-preview:large","max-video-preview":"max-video-preview:-1"},"canonical":"https:\/\/starburstslotgame.net\/fr\/reviews\/","og_locale":"fr_FR","og_type":"article","og_title":"Recenzje i opinie prawdziwych graczy na temat automatu do gry Starburst","og_description":"Recenzja automatu do gry Starburst - opinie prawdziwych graczy na temat gry online Starburst w najlepszych kasynach internetowych. Szczere recenzje i uczciwa ocena.","og_url":"https:\/\/starburstslotgame.net\/fr\/reviews\/","og_site_name":"Starburst Slot","article_modified_time":"2024-03-04T00:19:48+00:00","twitter_card":"summary_large_image","twitter_misc":{"Dur\u00e9e de lecture estim\u00e9e":"18 minutes"},"schema":{"@context":"https:\/\/schema.org","@graph":[{"@type":"WebPage","@id":"https:\/\/starburstslotgame.net\/pl\/reviews\/","url":"https:\/\/starburstslotgame.net\/pl\/reviews\/","name":"Recenzje i opinie prawdziwych graczy na temat automatu do gry Starburst","isPartOf":{"@id":"https:\/\/starburstslotgame.net\/#website"},"datePublished":"2023-10-17T23:38:51+00:00","dateModified":"2024-03-04T00:19:48+00:00","description":"Recenzja automatu do gry Starburst - opinie prawdziwych graczy na temat gry online Starburst w najlepszych kasynach internetowych. Szczere recenzje i uczciwa ocena.","breadcrumb":{"@id":"https:\/\/starburstslotgame.net\/pl\/reviews\/#breadcrumb"},"inLanguage":"fr-FR","potentialAction":[{"@type":"ReadAction","target":["https:\/\/starburstslotgame.net\/pl\/reviews\/"]}]},{"@type":"BreadcrumbList","@id":"https:\/\/starburstslotgame.net\/pl\/reviews\/#breadcrumb","itemListElement":[{"@type":"ListItem","position":1,"name":"Home","item":"https:\/\/starburstslotgame.net\/"},{"@type":"ListItem","position":2,"name":"Recenzje"}]},{"@type":"WebSite","@id":"https:\/\/starburstslotgame.net\/#website","url":"https:\/\/starburstslotgame.net\/","name":"Starburst Slot","description":"","publisher":{"@id":"https:\/\/starburstslotgame.net\/#organization"},"potentialAction":[{"@type":"SearchAction","target":{"@type":"EntryPoint","urlTemplate":"https:\/\/starburstslotgame.net\/?s={search_term_string}"},"query-input":{"@type":"PropertyValueSpecification","valueRequired":true,"valueName":"search_term_string"}}],"inLanguage":"fr-FR"},{"@type":"Organization","@id":"https:\/\/starburstslotgame.net\/#organization","name":"Starburst Slot","url":"https:\/\/starburstslotgame.net\/","logo":{"@type":"ImageObject","inLanguage":"fr-FR","@id":"https:\/\/starburstslotgame.net\/#\/schema\/logo\/image\/","url":"https:\/\/starburstslotgame.net\/wp-content\/uploads\/starburst-slot.png","contentUrl":"https:\/\/starburstslotgame.net\/wp-content\/uploads\/starburst-slot.png","width":250,"height":187,"caption":"Starburst Slot"},"image":{"@id":"https:\/\/starburstslotgame.net\/#\/schema\/logo\/image\/"}}]}},"_links":{"self":[{"href":"https:\/\/starburstslotgame.net\/fr\/wp-json\/wp\/v2\/pages\/11","targetHints":{"allow":["GET"]}}],"collection":[{"href":"https:\/\/starburstslotgame.net\/fr\/wp-json\/wp\/v2\/pages"}],"about":[{"href":"https:\/\/starburstslotgame.net\/fr\/wp-json\/wp\/v2\/types\/page"}],"author":[{"embeddable":true,"href":"https:\/\/starburstslotgame.net\/fr\/wp-json\/wp\/v2\/users\/1"}],"replies":[{"embeddable":true,"href":"https:\/\/starburstslotgame.net\/fr\/wp-json\/wp\/v2\/comments?post=11"}],"version-history":[{"count":24,"href":"https:\/\/starburstslotgame.net\/fr\/wp-json\/wp\/v2\/pages\/11\/revisions"}],"predecessor-version":[{"id":165,"href":"https:\/\/starburstslotgame.net\/fr\/wp-json\/wp\/v2\/pages\/11\/revisions\/165"}],"wp:attachment":[{"href":"https:\/\/starburstslotgame.net\/fr\/wp-json\/wp\/v2\/media?parent=11"}],"curies":[{"name":"wp","href":"https:\/\/api.w.org\/{rel}","templated":true}]}}