{"id":13,"date":"2023-10-17T23:39:35","date_gmt":"2023-10-17T23:39:35","guid":{"rendered":"https:\/\/starburstslotgame.net\/?page_id=13"},"modified":"2024-03-04T10:48:19","modified_gmt":"2024-03-04T10:48:19","slug":"strategies","status":"publish","type":"page","link":"https:\/\/starburstslotgame.net\/fr\/strategies\/","title":{"rendered":"Strat\u00e9gies pour jouer au slot Starburst : comment augmenter vos chances de gagner"},"content":{"rendered":"<p>La machine \u00e0 sous Starburst, d\u00e9velopp\u00e9e par NetEnt, est l&rsquo;une des machines \u00e0 sous de jeu en ligne les plus populaires et les plus excitantes. Cette machine est connue pour ses graphismes vibrants, son gameplay passionnant et son potentiel de gros gains. Mais existe-t-il des strat\u00e9gies qui peuvent aider \u00e0 augmenter vos chances de succ\u00e8s dans Starburst ? Nous ne sommes pas s\u00fbrs de cela, mais consid\u00e9rons quelques conseils utiles. Suivre ces conseils ne vous garantira pas une victoire, mais cela am\u00e9liorera certainement grandement vos chances. Voici donc des conseils sur la fa\u00e7on de jouer et de gagner \u00e0 Starburst.<\/p>\n<h3>Apprenez les r\u00e8gles de la machine \u00e0 sous Starburst<\/h3>\n<p>Avant de commencer \u00e0 jouer \u00e0 Starburst, il est essentiel de vous familiariser avec les r\u00e8gles et les fonctionnalit\u00e9s de cette machine. Comprendre comment fonctionnent les symboles, les lignes de paiement et les bonus vous aidera \u00e0 prendre des d\u00e9cisions plus \u00e9clair\u00e9es pendant le jeu. Nous vous recommandons donc de prendre quelques minutes pour lire les r\u00e8gles de la machine \u00e0 sous Starburst.<\/p>\n<h3>\u00c9tablissez un budget et des limites<\/h3>\n<p>D\u00e9terminez le montant que vous \u00eates pr\u00eat \u00e0 d\u00e9penser pour jouer \u00e0 Starburst et respectez ce budget. Cela vous aidera \u00e0 \u00e9viter les pertes financi\u00e8res ind\u00e9sirables et \u00e0 garder le contr\u00f4le sur vos d\u00e9penses. En d&rsquo;autres termes, si vous fixez un montant que vous n&rsquo;avez pas peur de perdre, ce sera mieux pour vous.<\/p>\n<h3>Jouez avec des mises maximales<\/h3>\n<p>Starburst dispose de la fonctionnalit\u00e9 Win Both Ways, ce qui signifie que vous pouvez gagner de gauche \u00e0 droite et de droite \u00e0 gauche. Pour augmenter vos chances de gagner, envisagez d&rsquo;augmenter vos mises au maximum, mais n&rsquo;oubliez pas de surveiller votre budget. La cl\u00e9 ici est de s&rsquo;arr\u00eater \u00e0 temps.<\/p>\n<h3>Utilisez les bonus et les promotions<\/h3>\n<p>De nombreux casinos en ligne proposent des bonus et des promotions li\u00e9s \u00e0 Starburst. Cela peut inclure des tours gratuits ou des bonus suppl\u00e9mentaires sur les d\u00e9p\u00f4ts. Utilisez ces offres pour augmenter votre bankroll et augmenter vos chances de gagner.<\/p>\n<h3>Pratiquez en mode d\u00e9mo<\/h3>\n<p>De nombreux casinos en ligne offrent la possibilit\u00e9 de jouer \u00e0 Starburst en mode d\u00e9mo. C&rsquo;est une chance de jouer \u00e0 Starburst gratuitement. C&rsquo;est un excellent moyen de vous familiariser avec le jeu et de d\u00e9velopper votre strat\u00e9gie sans risquer de perdre de l&rsquo;argent r\u00e9el.<\/p>\n<h3>G\u00e9rez vos \u00e9motions<\/h3>\n<p>Nous avons peut-\u00eatre atteint l&rsquo;un des points les plus importants. L&rsquo;une des principales strat\u00e9gies pour r\u00e9ussir dans n&rsquo;importe quelle activit\u00e9 de jeu est de g\u00e9rer vos \u00e9motions. Ne laissez pas la col\u00e8re ou la d\u00e9ception contr\u00f4ler vos actions. Restez calme et rationnel. Cela vous aidera \u00e0 gagner de l&rsquo;argent r\u00e9el, m\u00eame si nous comprenons que les \u00e9motions peuvent parfois \u00eatre intenses.<\/p>\n<h3>D\u00e9finissez des objectifs<\/h3>\n<p>D\u00e9finissez des objectifs pour vous-m\u00eame pendant le jeu. Par exemple, vous pouvez fixer un montant de gain cible apr\u00e8s lequel vous pr\u00e9voyez de mettre fin \u00e0 la session. Cela vous aidera \u00e0 conserver vos gains et \u00e0 \u00e9viter les pertes. Jouez-vous \u00e0 Starburst pour de l&rsquo;argent r\u00e9el ou juste pour le plaisir ? La r\u00e9ponse \u00e0 cette question d\u00e9terminera quelle strat\u00e9gie est la meilleure pour vous.<\/p>\n<h3>Jouez sur des sites de casino en ligne fiables<\/h3>\n<p>Choisissez des casinos en ligne fiables et agr\u00e9\u00e9s pour garantir l&rsquo;\u00e9quit\u00e9 et l&rsquo;honn\u00eatet\u00e9 dans le jeu. Cela vous aidera \u00e9galement \u00e0 \u00e9viter la fraude et \u00e0 assurer la s\u00e9curit\u00e9 de vos finances. Apr\u00e8s tout, il n&rsquo;y a rien de plus frustrant que de gagner une somme d&rsquo;argent importante et que le casino refuse de vous payer pour une raison invent\u00e9e. De plus, dans un casino en ligne agr\u00e9\u00e9, vous jouerez \u00e0 la version sous licence de Starburst.<\/p>\n<h3>Soyez pr\u00eat pour un voyage passionnant<\/h3>\n<p>Starburst est un jeu de hasard, et parfois la chance peut ne pas \u00eatre de votre c\u00f4t\u00e9. Soyez pr\u00eat pour les hauts et les bas et appr\u00e9ciez le processus du jeu. Regardez votre parcours dans le jeu comme une aventure d&rsquo;un samoura\u00ef.<\/p>\n<h3>Amusez-vous en jouant \u00e0 Starburst<\/h3>\n<p>Jouer \u00e0 Starburst doit apporter de la joie, quelle que soit l&rsquo;issue. Appr\u00e9ciez le jeu, ses sons et sa conception visuelle, et les gains seront un bonus agr\u00e9able. M\u00eame dans la d\u00e9faite, il y a des points positifs. C&rsquo;est un niveau de plaisir quelque peu sp\u00e9cifique, mais il y a des \u00e9motions que vous pourriez rechercher.<\/p>\n<p>Les strat\u00e9gies pour jouer \u00e0 la machine \u00e0 sous Starburst peuvent aider \u00e0 augmenter vos chances de succ\u00e8s et rendre votre session de jeu plus excitante. Cependant, n&rsquo;oubliez pas que le jeu comporte toujours des risques, alors jouez de mani\u00e8re responsable. Bonne chance dans vos aventures de jeu sur les rouleaux de Starburst !<\/p>\n","protected":false},"excerpt":{"rendered":"<p>La machine \u00e0 sous Starburst, d\u00e9velopp\u00e9e par NetEnt, est l&rsquo;une des machines \u00e0 sous de jeu en ligne les plus populaires et les plus excitantes. Cette machine est connue pour ses graphismes vibrants, son gameplay passionnant et son potentiel de gros gains. Mais existe-t-il des strat\u00e9gies qui peuvent aider \u00e0 augmenter vos chances de succ\u00e8s&#8230;<\/p>\n","protected":false},"author":1,"featured_media":0,"parent":0,"menu_order":0,"comment_status":"closed","ping_status":"closed","template":"","meta":{"footnotes":""},"class_list":["post-13","page","type-page","status-publish","hentry"],"yoast_head":"<!-- This site is optimized with the Yoast SEO plugin v27.2 - https:\/\/yoast.com\/product\/yoast-seo-wordpress\/ -->\n<title>\u0421\u0442\u0440\u0430\u0442\u0435\u0433\u0438\u0438 \u0437\u0430 \u0438\u0433\u0440\u0430 \u043d\u0430 \u0441\u043b\u043e\u0442 Starburst: \u043a\u0430\u043a \u0434\u0430 \u0438\u0433\u0440\u0430\u0435\u0442\u0435 \u0438 \u0434\u0430 \u0441\u043f\u0435\u0447\u0435\u043b\u0438\u0442\u0435<\/title>\n<meta name=\"description\" content=\"Comment jouer et gagner \u00e0 la machine \u00e0 sous Starburst. Les meilleures strat\u00e9gies et tactiques pour jouer \u00e0 Starburst pour les joueurs de casino en ligne.\" \/>\n<meta name=\"robots\" content=\"index, follow, max-snippet:-1, max-image-preview:large, max-video-preview:-1\" \/>\n<link rel=\"canonical\" href=\"https:\/\/starburstslotgame.net\/fr\/strategies\/\" \/>\n<meta property=\"og:locale\" content=\"fr_FR\" \/>\n<meta property=\"og:locale:alternate\" content=\"en_US\" \/>\n<meta property=\"og:locale:alternate\" content=\"ru_RU\" \/>\n<meta property=\"og:locale:alternate\" content=\"pt_PT\" \/>\n<meta property=\"og:locale:alternate\" content=\"es_ES\" \/>\n<meta property=\"og:locale:alternate\" content=\"it_IT\" \/>\n<meta property=\"og:locale:alternate\" content=\"de_DE\" \/>\n<meta property=\"og:locale:alternate\" content=\"ro_RO\" \/>\n<meta property=\"og:locale:alternate\" content=\"sr_RS\" \/>\n<meta property=\"og:locale:alternate\" content=\"bg_BG\" \/>\n<meta property=\"og:locale:alternate\" content=\"pl_PL\" \/>\n<meta property=\"og:type\" content=\"article\" \/>\n<meta property=\"og:title\" content=\"\u0421\u0442\u0440\u0430\u0442\u0435\u0433\u0438\u0438 \u0437\u0430 \u0438\u0433\u0440\u0430 \u043d\u0430 \u0441\u043b\u043e\u0442 Starburst: \u043a\u0430\u043a \u0434\u0430 \u0438\u0433\u0440\u0430\u0435\u0442\u0435 \u0438 \u0434\u0430 \u0441\u043f\u0435\u0447\u0435\u043b\u0438\u0442\u0435\" \/>\n<meta property=\"og:description\" content=\"\u041a\u0430\u043a \u0434\u0430 \u0438\u0433\u0440\u0430\u0435\u0442\u0435 \u0438 \u0434\u0430 \u0441\u043f\u0435\u0447\u0435\u043b\u0438\u0442\u0435 \u043d\u0430 \u0441\u043b\u043e\u0442 \u043c\u0430\u0448\u0438\u043d\u0430 Starburst. \u041d\u0430\u0439-\u0434\u043e\u0431\u0440\u0438\u0442\u0435 \u0441\u0442\u0440\u0430\u0442\u0435\u0433\u0438\u0438 \u0438 \u0442\u0430\u043a\u0442\u0438\u043a\u0438 \u0437\u0430 \u0438\u0433\u0440\u0430 \u043d\u0430 Starburst \u0437\u0430 \u043e\u043d\u043b\u0430\u0439\u043d \u043a\u0430\u0437\u0438\u043d\u043e \u0438\u0433\u0440\u0430\u0447\u0438.\" \/>\n<meta property=\"og:url\" content=\"https:\/\/starburstslotgame.net\/fr\/strategies\/\" \/>\n<meta property=\"og:site_name\" content=\"Starburst Slot\" \/>\n<meta property=\"article:modified_time\" content=\"2024-03-04T10:48:19+00:00\" \/>\n<meta name=\"twitter:card\" content=\"summary_large_image\" \/>\n<meta name=\"twitter:label1\" content=\"Dur\u00e9e de lecture estim\u00e9e\" \/>\n\t<meta name=\"twitter:data1\" content=\"30 minutes\" \/>\n<script type=\"application\/ld+json\" class=\"yoast-schema-graph\">{\"@context\":\"https:\/\/schema.org\",\"@graph\":[{\"@type\":\"WebPage\",\"@id\":\"https:\/\/starburstslotgame.net\/bg\/strategies\/\",\"url\":\"https:\/\/starburstslotgame.net\/bg\/strategies\/\",\"name\":\"\u0421\u0442\u0440\u0430\u0442\u0435\u0433\u0438\u0438 \u0437\u0430 \u0438\u0433\u0440\u0430 \u043d\u0430 \u0441\u043b\u043e\u0442 Starburst: \u043a\u0430\u043a \u0434\u0430 \u0438\u0433\u0440\u0430\u0435\u0442\u0435 \u0438 \u0434\u0430 \u0441\u043f\u0435\u0447\u0435\u043b\u0438\u0442\u0435\",\"isPartOf\":{\"@id\":\"https:\/\/starburstslotgame.net\/#website\"},\"datePublished\":\"2023-10-17T23:39:35+00:00\",\"dateModified\":\"2024-03-04T10:48:19+00:00\",\"description\":\"\u041a\u0430\u043a \u0434\u0430 \u0438\u0433\u0440\u0430\u0435\u0442\u0435 \u0438 \u0434\u0430 \u0441\u043f\u0435\u0447\u0435\u043b\u0438\u0442\u0435 \u043d\u0430 \u0441\u043b\u043e\u0442 \u043c\u0430\u0448\u0438\u043d\u0430 Starburst. \u041d\u0430\u0439-\u0434\u043e\u0431\u0440\u0438\u0442\u0435 \u0441\u0442\u0440\u0430\u0442\u0435\u0433\u0438\u0438 \u0438 \u0442\u0430\u043a\u0442\u0438\u043a\u0438 \u0437\u0430 \u0438\u0433\u0440\u0430 \u043d\u0430 Starburst \u0437\u0430 \u043e\u043d\u043b\u0430\u0439\u043d \u043a\u0430\u0437\u0438\u043d\u043e \u0438\u0433\u0440\u0430\u0447\u0438.\",\"breadcrumb\":{\"@id\":\"https:\/\/starburstslotgame.net\/bg\/strategies\/#breadcrumb\"},\"inLanguage\":\"fr-FR\",\"potentialAction\":[{\"@type\":\"ReadAction\",\"target\":[\"https:\/\/starburstslotgame.net\/bg\/strategies\/\"]}]},{\"@type\":\"BreadcrumbList\",\"@id\":\"https:\/\/starburstslotgame.net\/bg\/strategies\/#breadcrumb\",\"itemListElement\":[{\"@type\":\"ListItem\",\"position\":1,\"name\":\"Home\",\"item\":\"https:\/\/starburstslotgame.net\/\"},{\"@type\":\"ListItem\",\"position\":2,\"name\":\"\u0421\u0442\u0440\u0430\u0442\u0435\u0433\u0438\u0438 \u0437\u0430 \u0438\u0433\u0440\u0430 \u043d\u0430 \u0441\u043b\u043e\u0442 Starburst: \u043a\u0430\u043a \u0434\u0430 \u0443\u0432\u0435\u043b\u0438\u0447\u0438\u0442\u0435 \u0448\u0430\u043d\u0441\u043e\u0432\u0435\u0442\u0435 \u0441\u0438 \u0437\u0430 \u043f\u0435\u0447\u0430\u043b\u0431\u0430\"}]},{\"@type\":\"WebSite\",\"@id\":\"https:\/\/starburstslotgame.net\/#website\",\"url\":\"https:\/\/starburstslotgame.net\/\",\"name\":\"Starburst Slot\",\"description\":\"\",\"publisher\":{\"@id\":\"https:\/\/starburstslotgame.net\/#organization\"},\"potentialAction\":[{\"@type\":\"SearchAction\",\"target\":{\"@type\":\"EntryPoint\",\"urlTemplate\":\"https:\/\/starburstslotgame.net\/?s={search_term_string}\"},\"query-input\":{\"@type\":\"PropertyValueSpecification\",\"valueRequired\":true,\"valueName\":\"search_term_string\"}}],\"inLanguage\":\"fr-FR\"},{\"@type\":\"Organization\",\"@id\":\"https:\/\/starburstslotgame.net\/#organization\",\"name\":\"Starburst Slot\",\"url\":\"https:\/\/starburstslotgame.net\/\",\"logo\":{\"@type\":\"ImageObject\",\"inLanguage\":\"fr-FR\",\"@id\":\"https:\/\/starburstslotgame.net\/#\/schema\/logo\/image\/\",\"url\":\"https:\/\/starburstslotgame.net\/wp-content\/uploads\/starburst-slot.png\",\"contentUrl\":\"https:\/\/starburstslotgame.net\/wp-content\/uploads\/starburst-slot.png\",\"width\":250,\"height\":187,\"caption\":\"Starburst Slot\"},\"image\":{\"@id\":\"https:\/\/starburstslotgame.net\/#\/schema\/logo\/image\/\"}}]}<\/script>\n<!-- \/ Yoast SEO plugin. -->","yoast_head_json":{"title":"\u0421\u0442\u0440\u0430\u0442\u0435\u0433\u0438\u0438 \u0437\u0430 \u0438\u0433\u0440\u0430 \u043d\u0430 \u0441\u043b\u043e\u0442 Starburst: \u043a\u0430\u043a \u0434\u0430 \u0438\u0433\u0440\u0430\u0435\u0442\u0435 \u0438 \u0434\u0430 \u0441\u043f\u0435\u0447\u0435\u043b\u0438\u0442\u0435","description":"Comment jouer et gagner \u00e0 la machine \u00e0 sous Starburst. Les meilleures strat\u00e9gies et tactiques pour jouer \u00e0 Starburst pour les joueurs de casino en ligne.","robots":{"index":"index","follow":"follow","max-snippet":"max-snippet:-1","max-image-preview":"max-image-preview:large","max-video-preview":"max-video-preview:-1"},"canonical":"https:\/\/starburstslotgame.net\/fr\/strategies\/","og_locale":"fr_FR","og_type":"article","og_title":"\u0421\u0442\u0440\u0430\u0442\u0435\u0433\u0438\u0438 \u0437\u0430 \u0438\u0433\u0440\u0430 \u043d\u0430 \u0441\u043b\u043e\u0442 Starburst: \u043a\u0430\u043a \u0434\u0430 \u0438\u0433\u0440\u0430\u0435\u0442\u0435 \u0438 \u0434\u0430 \u0441\u043f\u0435\u0447\u0435\u043b\u0438\u0442\u0435","og_description":"\u041a\u0430\u043a \u0434\u0430 \u0438\u0433\u0440\u0430\u0435\u0442\u0435 \u0438 \u0434\u0430 \u0441\u043f\u0435\u0447\u0435\u043b\u0438\u0442\u0435 \u043d\u0430 \u0441\u043b\u043e\u0442 \u043c\u0430\u0448\u0438\u043d\u0430 Starburst. \u041d\u0430\u0439-\u0434\u043e\u0431\u0440\u0438\u0442\u0435 \u0441\u0442\u0440\u0430\u0442\u0435\u0433\u0438\u0438 \u0438 \u0442\u0430\u043a\u0442\u0438\u043a\u0438 \u0437\u0430 \u0438\u0433\u0440\u0430 \u043d\u0430 Starburst \u0437\u0430 \u043e\u043d\u043b\u0430\u0439\u043d \u043a\u0430\u0437\u0438\u043d\u043e \u0438\u0433\u0440\u0430\u0447\u0438.","og_url":"https:\/\/starburstslotgame.net\/fr\/strategies\/","og_site_name":"Starburst Slot","article_modified_time":"2024-03-04T10:48:19+00:00","twitter_card":"summary_large_image","twitter_misc":{"Dur\u00e9e de lecture estim\u00e9e":"30 minutes"},"schema":{"@context":"https:\/\/schema.org","@graph":[{"@type":"WebPage","@id":"https:\/\/starburstslotgame.net\/bg\/strategies\/","url":"https:\/\/starburstslotgame.net\/bg\/strategies\/","name":"\u0421\u0442\u0440\u0430\u0442\u0435\u0433\u0438\u0438 \u0437\u0430 \u0438\u0433\u0440\u0430 \u043d\u0430 \u0441\u043b\u043e\u0442 Starburst: \u043a\u0430\u043a \u0434\u0430 \u0438\u0433\u0440\u0430\u0435\u0442\u0435 \u0438 \u0434\u0430 \u0441\u043f\u0435\u0447\u0435\u043b\u0438\u0442\u0435","isPartOf":{"@id":"https:\/\/starburstslotgame.net\/#website"},"datePublished":"2023-10-17T23:39:35+00:00","dateModified":"2024-03-04T10:48:19+00:00","description":"\u041a\u0430\u043a \u0434\u0430 \u0438\u0433\u0440\u0430\u0435\u0442\u0435 \u0438 \u0434\u0430 \u0441\u043f\u0435\u0447\u0435\u043b\u0438\u0442\u0435 \u043d\u0430 \u0441\u043b\u043e\u0442 \u043c\u0430\u0448\u0438\u043d\u0430 Starburst. \u041d\u0430\u0439-\u0434\u043e\u0431\u0440\u0438\u0442\u0435 \u0441\u0442\u0440\u0430\u0442\u0435\u0433\u0438\u0438 \u0438 \u0442\u0430\u043a\u0442\u0438\u043a\u0438 \u0437\u0430 \u0438\u0433\u0440\u0430 \u043d\u0430 Starburst \u0437\u0430 \u043e\u043d\u043b\u0430\u0439\u043d \u043a\u0430\u0437\u0438\u043d\u043e \u0438\u0433\u0440\u0430\u0447\u0438.","breadcrumb":{"@id":"https:\/\/starburstslotgame.net\/bg\/strategies\/#breadcrumb"},"inLanguage":"fr-FR","potentialAction":[{"@type":"ReadAction","target":["https:\/\/starburstslotgame.net\/bg\/strategies\/"]}]},{"@type":"BreadcrumbList","@id":"https:\/\/starburstslotgame.net\/bg\/strategies\/#breadcrumb","itemListElement":[{"@type":"ListItem","position":1,"name":"Home","item":"https:\/\/starburstslotgame.net\/"},{"@type":"ListItem","position":2,"name":"\u0421\u0442\u0440\u0430\u0442\u0435\u0433\u0438\u0438 \u0437\u0430 \u0438\u0433\u0440\u0430 \u043d\u0430 \u0441\u043b\u043e\u0442 Starburst: \u043a\u0430\u043a \u0434\u0430 \u0443\u0432\u0435\u043b\u0438\u0447\u0438\u0442\u0435 \u0448\u0430\u043d\u0441\u043e\u0432\u0435\u0442\u0435 \u0441\u0438 \u0437\u0430 \u043f\u0435\u0447\u0430\u043b\u0431\u0430"}]},{"@type":"WebSite","@id":"https:\/\/starburstslotgame.net\/#website","url":"https:\/\/starburstslotgame.net\/","name":"Starburst Slot","description":"","publisher":{"@id":"https:\/\/starburstslotgame.net\/#organization"},"potentialAction":[{"@type":"SearchAction","target":{"@type":"EntryPoint","urlTemplate":"https:\/\/starburstslotgame.net\/?s={search_term_string}"},"query-input":{"@type":"PropertyValueSpecification","valueRequired":true,"valueName":"search_term_string"}}],"inLanguage":"fr-FR"},{"@type":"Organization","@id":"https:\/\/starburstslotgame.net\/#organization","name":"Starburst Slot","url":"https:\/\/starburstslotgame.net\/","logo":{"@type":"ImageObject","inLanguage":"fr-FR","@id":"https:\/\/starburstslotgame.net\/#\/schema\/logo\/image\/","url":"https:\/\/starburstslotgame.net\/wp-content\/uploads\/starburst-slot.png","contentUrl":"https:\/\/starburstslotgame.net\/wp-content\/uploads\/starburst-slot.png","width":250,"height":187,"caption":"Starburst Slot"},"image":{"@id":"https:\/\/starburstslotgame.net\/#\/schema\/logo\/image\/"}}]}},"_links":{"self":[{"href":"https:\/\/starburstslotgame.net\/fr\/wp-json\/wp\/v2\/pages\/13","targetHints":{"allow":["GET"]}}],"collection":[{"href":"https:\/\/starburstslotgame.net\/fr\/wp-json\/wp\/v2\/pages"}],"about":[{"href":"https:\/\/starburstslotgame.net\/fr\/wp-json\/wp\/v2\/types\/page"}],"author":[{"embeddable":true,"href":"https:\/\/starburstslotgame.net\/fr\/wp-json\/wp\/v2\/users\/1"}],"replies":[{"embeddable":true,"href":"https:\/\/starburstslotgame.net\/fr\/wp-json\/wp\/v2\/comments?post=13"}],"version-history":[{"count":23,"href":"https:\/\/starburstslotgame.net\/fr\/wp-json\/wp\/v2\/pages\/13\/revisions"}],"predecessor-version":[{"id":80,"href":"https:\/\/starburstslotgame.net\/fr\/wp-json\/wp\/v2\/pages\/13\/revisions\/80"}],"wp:attachment":[{"href":"https:\/\/starburstslotgame.net\/fr\/wp-json\/wp\/v2\/media?parent=13"}],"curies":[{"name":"wp","href":"https:\/\/api.w.org\/{rel}","templated":true}]}}