{"id":5,"date":"2023-10-17T23:27:04","date_gmt":"2023-10-17T23:27:04","guid":{"rendered":"https:\/\/starburstslotgame.net\/?page_id=5"},"modified":"2024-03-04T00:07:43","modified_gmt":"2024-03-04T00:07:43","slug":"main","status":"publish","type":"page","link":"https:\/\/starburstslotgame.net\/fr\/","title":{"rendered":"Jouer au slot Starburst maintenant"},"content":{"rendered":"<p>Le jeu en ligne Starburst est une machine \u00e0 sous en ligne lumineuse et captivante qui a conquis le c\u0153ur de millions de joueurs \u00e0 travers le monde. Starburst est jou\u00e9 partout o\u00f9 il y a Internet. L&rsquo;objectif de notre site web est de fournir aux joueurs toutes les informations dont ils ont besoin pour commencer \u00e0 jouer \u00e0 Starburst, ses caract\u00e9ristiques et ses avantages. \u00cates-vous pr\u00eat \u00e0 plonger dans la magie des pierres pr\u00e9cieuses et des aventures de jeu ? Alors commen\u00e7ons.<\/p>\n<h2><strong>Pourquoi Starburst ?<\/strong><\/h2>\n<p>Nous pouvons \u00e9num\u00e9rer de nombreuses raisons pour lesquelles les joueurs jouent \u00e0 Starburst, mais allons-y dans l&rsquo;ordre.<\/p>\n<h3>Graphismes et design magnifiques<\/h3>\n<p>La machine \u00e0 sous en ligne Starburst impressionne par ses graphismes color\u00e9s et vibrants. Chaque symbole sur les rouleaux, que ce soient des gemmes scintillantes ou une \u00e9toile multifacette, est cr\u00e9\u00e9 avec attention aux d\u00e9tails. Il s&rsquo;agit vraiment de graphismes de haut niveau. La machine \u00e0 sous satisfait visuellement m\u00eame les joueurs les plus exigeants, quelles que soient leurs envies et leurs pr\u00e9f\u00e9rences. L&rsquo;exp\u00e9rience de jeu de Starburst est un v\u00e9ritable art du plaisir visuel.<\/p>\n<h3><strong>Gameplay excitant<\/strong><\/h3>\n<p>Avec 5 rouleaux et 10 lignes de paiement, la machine \u00e0 sous Starburst offre aux joueurs de nombreuses fa\u00e7ons de gagner. La fonction Win Both Ways double vos chances de gagner, et le symbole sauvage (wild) non seulement augmente vos gains, mais d\u00e9clenche \u00e9galement des tours gratuits. Le gameplay de Starburst est dynamique et passionnant, ce qui le rend attractif pour les joueurs de toutes cat\u00e9gories. Que vous soyez jeune et inexp\u00e9riment\u00e9 ou un vieux joueur aguerri, cette machine \u00e0 sous plaira \u00e0 tout le monde.<\/p>\n<h3><strong>R\u00e8gles simples<\/strong><\/h3>\n<p>Pour ceux qui commencent tout juste leur voyage dans le monde du jeu en ligne, le jeu en ligne Starburst est un excellent point de d\u00e9part. Cette machine \u00e0 sous est facile \u00e0 utiliser et compr\u00e9hensible m\u00eame sans exp\u00e9rience dans les jeux d&rsquo;argent. Pas besoin de m\u00e9moriser des r\u00e8gles ou des strat\u00e9gies complexes, il suffit de faire tourner les rouleaux et de profiter du jeu. Bien s\u00fbr, il est souhaitable de se souvenir de certains symboles pour mieux comprendre si vous avez gagn\u00e9 ou perdu. Mais dans l&rsquo;ensemble, il n&rsquo;y a pas besoin de trop s&rsquo;inqui\u00e9ter des r\u00e8gles du jeu Starburst.<\/p>\n<h2><strong>Comment gagner \u00e0 Starburst<\/strong><\/h2>\n<h3><strong>Gros gains<\/strong><\/h3>\n<p>L&rsquo;un des principaux attraits de Starburst est la possibilit\u00e9 de gros gains. Tout d\u00e9pend de vos paris et de votre chance. De nombreux joueurs ont r\u00e9ussi \u00e0 remporter de gros jackpots et \u00e0 obtenir beaucoup plus de gains qu&rsquo;ils ne l&rsquo;avaient imagin\u00e9. La machine \u00e0 sous Starburst vous permet de gagner de tr\u00e8s grosses sommes d&rsquo;argent.<\/p>\n<h3><strong>Jouez \u00e0 Starburst n&rsquo;importe o\u00f9<\/strong><\/h3>\n<p>La machine \u00e0 sous Starburst est disponible sur n&rsquo;importe quel appareil : ordinateurs, smartphones et tablettes. Vous pouvez vous plonger dans le monde du jeu \u00e0 tout moment, o\u00f9 que vous soyez. Peu importe o\u00f9 vous \u00eates, Starburst est toujours avec vous. Et comme nous l&rsquo;avons mentionn\u00e9, peu importe sur quel appareil vous jouez, que ce soit un vieux Android ou un nouveau.<\/p>\n<h3><strong>Jouez \u00e0 Starburst gratuitement<\/strong><\/h3>\n<p>De nombreux casinos en ligne proposent des bonus et des promotions li\u00e9s \u00e0 Starburst. Cela vous donne l&rsquo;opportunit\u00e9 de jouer \u00e0 Starburst presque gratuitement, car les bonus sont de l&rsquo;argent gratuit qui vous permet de gagner. Cela peut inclure des tours gratuits ou des bonus suppl\u00e9mentaires lors de l&rsquo;inscription. Consultez les offres actuelles de votre casino pour augmenter vos chances de gagner.<\/p>\n<p>Ne manquez pas la chance de plonger dans le monde excitant de Starburst. En jouant \u00e0 cette machine \u00e0 sous, vous ressentirez l&rsquo;adr\u00e9naline et l&rsquo;excitation que procure le jeu. D\u00e9couvrez des symboles color\u00e9s, des gains illimit\u00e9s et un gameplay palpitant.<\/p>\n<p>Rejoignez les millions de joueurs qui ont d\u00e9j\u00e0 d\u00e9couvert la magie de Starburst. Commencez votre aventure de jeu d\u00e8s maintenant !<\/p>\n<p>Avec Starburst, vous \u00eates assur\u00e9 de passer un bon moment et d&rsquo;avoir la possibilit\u00e9 de remporter de gros prix. Ne manquez pas l&rsquo;occasion de vivre cette machine \u00e0 sous passionnante et de devenir une partie de sa l\u00e9gende !<\/p>\n","protected":false},"excerpt":{"rendered":"<p>Le jeu en ligne Starburst est une machine \u00e0 sous en ligne lumineuse et captivante qui a conquis le c\u0153ur de millions de joueurs \u00e0 travers le monde. Starburst est jou\u00e9 partout o\u00f9 il y a Internet. L&rsquo;objectif de notre site web est de fournir aux joueurs toutes les informations dont ils ont besoin pour&#8230;<\/p>\n","protected":false},"author":1,"featured_media":0,"parent":0,"menu_order":0,"comment_status":"closed","ping_status":"closed","template":"","meta":{"footnotes":""},"class_list":["post-5","page","type-page","status-publish","hentry"],"yoast_head":"<!-- This site is optimized with the Yoast SEO plugin v27.2 - https:\/\/yoast.com\/product\/yoast-seo-wordpress\/ -->\n<title>\u0418\u0433\u0440\u0430\u0442\u044c \u0432 \u0438\u0433\u0440\u043e\u0432\u043e\u0439 \u0430\u0432\u0442\u043e\u043c\u0430\u0442 Starburst \u0432 \u043e\u043d\u043b\u0430\u0439\u043d \u043a\u0430\u0437\u0438\u043d\u043e<\/title>\n<meta name=\"description\" content=\"Jouez pour de l&#039;argent r\u00e9el sur la machine \u00e0 sous Starburst dans les meilleurs casinos en ligne. Comment jouer et gagner, strat\u00e9gies et tactiques, avis, t\u00e9l\u00e9chargez la machine \u00e0 sous Starburst.\" \/>\n<meta name=\"robots\" content=\"index, follow, max-snippet:-1, max-image-preview:large, max-video-preview:-1\" \/>\n<link rel=\"canonical\" href=\"https:\/\/starburstslotgame.net\/fr\/\" \/>\n<meta property=\"og:locale\" content=\"fr_FR\" \/>\n<meta property=\"og:locale:alternate\" content=\"en_US\" \/>\n<meta property=\"og:locale:alternate\" content=\"ru_RU\" \/>\n<meta property=\"og:locale:alternate\" content=\"pt_PT\" \/>\n<meta property=\"og:locale:alternate\" content=\"es_ES\" \/>\n<meta property=\"og:locale:alternate\" content=\"it_IT\" \/>\n<meta property=\"og:locale:alternate\" content=\"de_DE\" \/>\n<meta property=\"og:locale:alternate\" content=\"ro_RO\" \/>\n<meta property=\"og:locale:alternate\" content=\"sr_RS\" \/>\n<meta property=\"og:locale:alternate\" content=\"bg_BG\" \/>\n<meta property=\"og:locale:alternate\" content=\"pl_PL\" \/>\n<meta property=\"og:type\" content=\"article\" \/>\n<meta property=\"og:title\" content=\"\u0418\u0433\u0440\u0430\u0442\u044c \u0432 \u0438\u0433\u0440\u043e\u0432\u043e\u0439 \u0430\u0432\u0442\u043e\u043c\u0430\u0442 Starburst \u0432 \u043e\u043d\u043b\u0430\u0439\u043d \u043a\u0430\u0437\u0438\u043d\u043e\" \/>\n<meta property=\"og:description\" content=\"\u0418\u0433\u0440\u0430\u0442\u044c \u043d\u0430 \u0440\u0435\u0430\u043b\u044c\u043d\u044b\u0435 \u0434\u0435\u043d\u044c\u0433\u0438 \u0432 \u0441\u043b\u043e\u0442 \u0421\u0442\u0430\u0440\u0431\u0430\u0440\u0441\u0442 \u0432 \u043b\u0443\u0447\u0448\u0438\u0445 \u043e\u043d\u043b\u0430\u0439\u043d \u043a\u0430\u0437\u0438\u043d\u043e. \u041a\u0430\u043a \u0438\u0433\u0440\u0430\u0442\u044c \u0438 \u0432\u044b\u0438\u0433\u0440\u044b\u0432\u0430\u0442\u044c, \u0441\u0442\u0440\u0430\u0442\u0435\u0433\u0438\u0438 \u0438 \u0442\u0430\u043a\u0442\u0438\u043a\u0438, \u043e\u0442\u0437\u044b\u0432\u044b, \u0441\u043a\u0430\u0447\u0430\u0442\u044c \u0438\u0433\u0440\u043e\u0432\u043e\u0439 \u0430\u0432\u0442\u043e\u043c\u0430\u0442 \u0421\u0442\u0430\u0440\u0431\u0430\u0440\u0441\u0442\" \/>\n<meta property=\"og:url\" content=\"https:\/\/starburstslotgame.net\/fr\/\" \/>\n<meta property=\"og:site_name\" content=\"Starburst Slot\" \/>\n<meta property=\"article:modified_time\" content=\"2024-03-04T00:07:43+00:00\" \/>\n<meta name=\"twitter:card\" content=\"summary_large_image\" \/>\n<meta name=\"twitter:label1\" content=\"Dur\u00e9e de lecture estim\u00e9e\" \/>\n\t<meta name=\"twitter:data1\" content=\"26 minutes\" \/>\n<script type=\"application\/ld+json\" class=\"yoast-schema-graph\">{\"@context\":\"https:\/\/schema.org\",\"@graph\":[{\"@type\":\"WebPage\",\"@id\":\"https:\/\/starburstslotgame.net\/\",\"url\":\"https:\/\/starburstslotgame.net\/\",\"name\":\"\u0418\u0433\u0440\u0430\u0442\u044c \u0432 \u0438\u0433\u0440\u043e\u0432\u043e\u0439 \u0430\u0432\u0442\u043e\u043c\u0430\u0442 Starburst \u0432 \u043e\u043d\u043b\u0430\u0439\u043d \u043a\u0430\u0437\u0438\u043d\u043e\",\"isPartOf\":{\"@id\":\"https:\/\/starburstslotgame.net\/#website\"},\"datePublished\":\"2023-10-17T23:27:04+00:00\",\"dateModified\":\"2024-03-04T00:07:43+00:00\",\"description\":\"\u0418\u0433\u0440\u0430\u0442\u044c \u043d\u0430 \u0440\u0435\u0430\u043b\u044c\u043d\u044b\u0435 \u0434\u0435\u043d\u044c\u0433\u0438 \u0432 \u0441\u043b\u043e\u0442 \u0421\u0442\u0430\u0440\u0431\u0430\u0440\u0441\u0442 \u0432 \u043b\u0443\u0447\u0448\u0438\u0445 \u043e\u043d\u043b\u0430\u0439\u043d \u043a\u0430\u0437\u0438\u043d\u043e. \u041a\u0430\u043a \u0438\u0433\u0440\u0430\u0442\u044c \u0438 \u0432\u044b\u0438\u0433\u0440\u044b\u0432\u0430\u0442\u044c, \u0441\u0442\u0440\u0430\u0442\u0435\u0433\u0438\u0438 \u0438 \u0442\u0430\u043a\u0442\u0438\u043a\u0438, \u043e\u0442\u0437\u044b\u0432\u044b, \u0441\u043a\u0430\u0447\u0430\u0442\u044c \u0438\u0433\u0440\u043e\u0432\u043e\u0439 \u0430\u0432\u0442\u043e\u043c\u0430\u0442 \u0421\u0442\u0430\u0440\u0431\u0430\u0440\u0441\u0442\",\"breadcrumb\":{\"@id\":\"https:\/\/starburstslotgame.net\/#breadcrumb\"},\"inLanguage\":\"fr-FR\",\"potentialAction\":[{\"@type\":\"ReadAction\",\"target\":[\"https:\/\/starburstslotgame.net\/\"]}]},{\"@type\":\"BreadcrumbList\",\"@id\":\"https:\/\/starburstslotgame.net\/#breadcrumb\",\"itemListElement\":[{\"@type\":\"ListItem\",\"position\":1,\"name\":\"Home\",\"item\":\"https:\/\/starburstslotgame.net\/\"},{\"@type\":\"ListItem\",\"position\":2,\"name\":\"\u0418\u0433\u0440\u0430\u0442\u044c \u0432 \u0441\u043b\u043e\u0442 Starburst \u0441\u0435\u0439\u0447\u0430\u0441\"}]},{\"@type\":\"WebSite\",\"@id\":\"https:\/\/starburstslotgame.net\/#website\",\"url\":\"https:\/\/starburstslotgame.net\/\",\"name\":\"Starburst Slot\",\"description\":\"\",\"publisher\":{\"@id\":\"https:\/\/starburstslotgame.net\/#organization\"},\"potentialAction\":[{\"@type\":\"SearchAction\",\"target\":{\"@type\":\"EntryPoint\",\"urlTemplate\":\"https:\/\/starburstslotgame.net\/?s={search_term_string}\"},\"query-input\":{\"@type\":\"PropertyValueSpecification\",\"valueRequired\":true,\"valueName\":\"search_term_string\"}}],\"inLanguage\":\"fr-FR\"},{\"@type\":\"Organization\",\"@id\":\"https:\/\/starburstslotgame.net\/#organization\",\"name\":\"Starburst Slot\",\"url\":\"https:\/\/starburstslotgame.net\/\",\"logo\":{\"@type\":\"ImageObject\",\"inLanguage\":\"fr-FR\",\"@id\":\"https:\/\/starburstslotgame.net\/#\/schema\/logo\/image\/\",\"url\":\"https:\/\/starburstslotgame.net\/wp-content\/uploads\/starburst-slot.png\",\"contentUrl\":\"https:\/\/starburstslotgame.net\/wp-content\/uploads\/starburst-slot.png\",\"width\":250,\"height\":187,\"caption\":\"Starburst Slot\"},\"image\":{\"@id\":\"https:\/\/starburstslotgame.net\/#\/schema\/logo\/image\/\"}}]}<\/script>\n<!-- \/ Yoast SEO plugin. -->","yoast_head_json":{"title":"\u0418\u0433\u0440\u0430\u0442\u044c \u0432 \u0438\u0433\u0440\u043e\u0432\u043e\u0439 \u0430\u0432\u0442\u043e\u043c\u0430\u0442 Starburst \u0432 \u043e\u043d\u043b\u0430\u0439\u043d \u043a\u0430\u0437\u0438\u043d\u043e","description":"Jouez pour de l'argent r\u00e9el sur la machine \u00e0 sous Starburst dans les meilleurs casinos en ligne. Comment jouer et gagner, strat\u00e9gies et tactiques, avis, t\u00e9l\u00e9chargez la machine \u00e0 sous Starburst.","robots":{"index":"index","follow":"follow","max-snippet":"max-snippet:-1","max-image-preview":"max-image-preview:large","max-video-preview":"max-video-preview:-1"},"canonical":"https:\/\/starburstslotgame.net\/fr\/","og_locale":"fr_FR","og_type":"article","og_title":"\u0418\u0433\u0440\u0430\u0442\u044c \u0432 \u0438\u0433\u0440\u043e\u0432\u043e\u0439 \u0430\u0432\u0442\u043e\u043c\u0430\u0442 Starburst \u0432 \u043e\u043d\u043b\u0430\u0439\u043d \u043a\u0430\u0437\u0438\u043d\u043e","og_description":"\u0418\u0433\u0440\u0430\u0442\u044c \u043d\u0430 \u0440\u0435\u0430\u043b\u044c\u043d\u044b\u0435 \u0434\u0435\u043d\u044c\u0433\u0438 \u0432 \u0441\u043b\u043e\u0442 \u0421\u0442\u0430\u0440\u0431\u0430\u0440\u0441\u0442 \u0432 \u043b\u0443\u0447\u0448\u0438\u0445 \u043e\u043d\u043b\u0430\u0439\u043d \u043a\u0430\u0437\u0438\u043d\u043e. \u041a\u0430\u043a \u0438\u0433\u0440\u0430\u0442\u044c \u0438 \u0432\u044b\u0438\u0433\u0440\u044b\u0432\u0430\u0442\u044c, \u0441\u0442\u0440\u0430\u0442\u0435\u0433\u0438\u0438 \u0438 \u0442\u0430\u043a\u0442\u0438\u043a\u0438, \u043e\u0442\u0437\u044b\u0432\u044b, \u0441\u043a\u0430\u0447\u0430\u0442\u044c \u0438\u0433\u0440\u043e\u0432\u043e\u0439 \u0430\u0432\u0442\u043e\u043c\u0430\u0442 \u0421\u0442\u0430\u0440\u0431\u0430\u0440\u0441\u0442","og_url":"https:\/\/starburstslotgame.net\/fr\/","og_site_name":"Starburst Slot","article_modified_time":"2024-03-04T00:07:43+00:00","twitter_card":"summary_large_image","twitter_misc":{"Dur\u00e9e de lecture estim\u00e9e":"26 minutes"},"schema":{"@context":"https:\/\/schema.org","@graph":[{"@type":"WebPage","@id":"https:\/\/starburstslotgame.net\/","url":"https:\/\/starburstslotgame.net\/","name":"\u0418\u0433\u0440\u0430\u0442\u044c \u0432 \u0438\u0433\u0440\u043e\u0432\u043e\u0439 \u0430\u0432\u0442\u043e\u043c\u0430\u0442 Starburst \u0432 \u043e\u043d\u043b\u0430\u0439\u043d \u043a\u0430\u0437\u0438\u043d\u043e","isPartOf":{"@id":"https:\/\/starburstslotgame.net\/#website"},"datePublished":"2023-10-17T23:27:04+00:00","dateModified":"2024-03-04T00:07:43+00:00","description":"\u0418\u0433\u0440\u0430\u0442\u044c \u043d\u0430 \u0440\u0435\u0430\u043b\u044c\u043d\u044b\u0435 \u0434\u0435\u043d\u044c\u0433\u0438 \u0432 \u0441\u043b\u043e\u0442 \u0421\u0442\u0430\u0440\u0431\u0430\u0440\u0441\u0442 \u0432 \u043b\u0443\u0447\u0448\u0438\u0445 \u043e\u043d\u043b\u0430\u0439\u043d \u043a\u0430\u0437\u0438\u043d\u043e. \u041a\u0430\u043a \u0438\u0433\u0440\u0430\u0442\u044c \u0438 \u0432\u044b\u0438\u0433\u0440\u044b\u0432\u0430\u0442\u044c, \u0441\u0442\u0440\u0430\u0442\u0435\u0433\u0438\u0438 \u0438 \u0442\u0430\u043a\u0442\u0438\u043a\u0438, \u043e\u0442\u0437\u044b\u0432\u044b, \u0441\u043a\u0430\u0447\u0430\u0442\u044c \u0438\u0433\u0440\u043e\u0432\u043e\u0439 \u0430\u0432\u0442\u043e\u043c\u0430\u0442 \u0421\u0442\u0430\u0440\u0431\u0430\u0440\u0441\u0442","breadcrumb":{"@id":"https:\/\/starburstslotgame.net\/#breadcrumb"},"inLanguage":"fr-FR","potentialAction":[{"@type":"ReadAction","target":["https:\/\/starburstslotgame.net\/"]}]},{"@type":"BreadcrumbList","@id":"https:\/\/starburstslotgame.net\/#breadcrumb","itemListElement":[{"@type":"ListItem","position":1,"name":"Home","item":"https:\/\/starburstslotgame.net\/"},{"@type":"ListItem","position":2,"name":"\u0418\u0433\u0440\u0430\u0442\u044c \u0432 \u0441\u043b\u043e\u0442 Starburst \u0441\u0435\u0439\u0447\u0430\u0441"}]},{"@type":"WebSite","@id":"https:\/\/starburstslotgame.net\/#website","url":"https:\/\/starburstslotgame.net\/","name":"Starburst Slot","description":"","publisher":{"@id":"https:\/\/starburstslotgame.net\/#organization"},"potentialAction":[{"@type":"SearchAction","target":{"@type":"EntryPoint","urlTemplate":"https:\/\/starburstslotgame.net\/?s={search_term_string}"},"query-input":{"@type":"PropertyValueSpecification","valueRequired":true,"valueName":"search_term_string"}}],"inLanguage":"fr-FR"},{"@type":"Organization","@id":"https:\/\/starburstslotgame.net\/#organization","name":"Starburst Slot","url":"https:\/\/starburstslotgame.net\/","logo":{"@type":"ImageObject","inLanguage":"fr-FR","@id":"https:\/\/starburstslotgame.net\/#\/schema\/logo\/image\/","url":"https:\/\/starburstslotgame.net\/wp-content\/uploads\/starburst-slot.png","contentUrl":"https:\/\/starburstslotgame.net\/wp-content\/uploads\/starburst-slot.png","width":250,"height":187,"caption":"Starburst Slot"},"image":{"@id":"https:\/\/starburstslotgame.net\/#\/schema\/logo\/image\/"}}]}},"_links":{"self":[{"href":"https:\/\/starburstslotgame.net\/fr\/wp-json\/wp\/v2\/pages\/5","targetHints":{"allow":["GET"]}}],"collection":[{"href":"https:\/\/starburstslotgame.net\/fr\/wp-json\/wp\/v2\/pages"}],"about":[{"href":"https:\/\/starburstslotgame.net\/fr\/wp-json\/wp\/v2\/types\/page"}],"author":[{"embeddable":true,"href":"https:\/\/starburstslotgame.net\/fr\/wp-json\/wp\/v2\/users\/1"}],"replies":[{"embeddable":true,"href":"https:\/\/starburstslotgame.net\/fr\/wp-json\/wp\/v2\/comments?post=5"}],"version-history":[{"count":23,"href":"https:\/\/starburstslotgame.net\/fr\/wp-json\/wp\/v2\/pages\/5\/revisions"}],"predecessor-version":[{"id":162,"href":"https:\/\/starburstslotgame.net\/fr\/wp-json\/wp\/v2\/pages\/5\/revisions\/162"}],"wp:attachment":[{"href":"https:\/\/starburstslotgame.net\/fr\/wp-json\/wp\/v2\/media?parent=5"}],"curies":[{"name":"wp","href":"https:\/\/api.w.org\/{rel}","templated":true}]}}