{"id":7,"date":"2023-10-17T23:28:21","date_gmt":"2023-10-17T23:28:21","guid":{"rendered":"https:\/\/starburstslotgame.net\/?page_id=7"},"modified":"2024-03-03T19:12:47","modified_gmt":"2024-03-03T19:12:47","slug":"download-starburst","status":"publish","type":"page","link":"https:\/\/starburstslotgame.net\/fr\/download-starburst\/","title":{"rendered":"Comment t\u00e9l\u00e9charger le jeu Starburst"},"content":{"rendered":"<p>Le jeu Starburst est l&rsquo;un des slots en ligne les plus populaires, et si vous esp\u00e9riez l&rsquo;avoir sur votre ordinateur ou votre appareil mobile, il y a quelques nouvelles pas tr\u00e8s bonnes qui vous attendent. Bien que Starburst soit actuellement disponible pour jouer en ligne sans avoir besoin de le t\u00e9l\u00e9charger, vous ne pouvez profiter de ce jeu magique que si vous disposez d&rsquo;une connexion Internet.<\/p>\n<h2><strong>T\u00e9l\u00e9chargement de Starburst pour PC<\/strong><\/h2>\n<p>Explorons les options de t\u00e9l\u00e9chargement du jeu Starburst sur votre ordinateur personnel.<\/p>\n<ol>\n<li><strong>Choisissez un casino adapt\u00e9<\/strong><\/li>\n<\/ol>\n<p>Tout d&rsquo;abord, vous devrez choisir un casino en ligne fiable qui propose Starburst en t\u00e9l\u00e9chargement. Assurez-vous que le casino choisi est compatible avec votre syst\u00e8me d&rsquo;exploitation (Windows ou Mac). C&rsquo;est crucial pendant le processus de t\u00e9l\u00e9chargement du jeu Starburst.<\/p>\n<ol  start=\"2\">\n<li><strong>Inscription et installation du jeu Starburst<\/strong><\/li>\n<\/ol>\n<p>Apr\u00e8s avoir s\u00e9lectionn\u00e9 le casino, inscrivez-vous sur son site Web et suivez les \u00e9tapes n\u00e9cessaires pour t\u00e9l\u00e9charger et installer le logiciel client du casino sur votre ordinateur.<\/p>\n<ol  start=\"3\">\n<li><strong>Recherche et installation de Starburst<\/strong><\/li>\n<\/ol>\n<p>Apr\u00e8s avoir install\u00e9 le client du casino, vous devrez trouver Starburst dans la biblioth\u00e8que de jeux et l&rsquo;installer sur votre ordinateur.<\/p>\n<ol start=\"4\">\n<li><strong>Commencez \u00e0 jouer<\/strong><\/li>\n<\/ol>\n<p>Maintenant que Starburst est install\u00e9 sur votre PC, vous pouvez lancer le jeu, choisir la taille de votre mise et faire tourner les rouleaux, en profitant de l&rsquo;excitation en plein \u00e9cran.<\/p>\n<h2><strong>Installation du jeu Starburst sur votre smartphone<\/strong><\/h2>\n<p>Alors, si vous avez d\u00e9cid\u00e9 de jouer \u00e0 Starburst sur un iPhone ou un Android, nous avons pr\u00e9par\u00e9 un bref guide pour vous.<\/p>\n<ol>\n<li><strong>Visitez le magasin d&rsquo;applications<\/strong><\/li>\n<\/ol>\n<p>Si vous souhaitez t\u00e9l\u00e9charger Starburst sur votre smartphone ou votre tablette, rendez-vous sur le magasin d&rsquo;applications correspondant sur votre appareil (App Store pour iOS ou Google Play pour Android).<\/p>\n<ol  start=\"2\">\n<li><strong>Recherchez Starburst<\/strong><\/li>\n<\/ol>\n<p>\u00c0 l&rsquo;aide de la fonction de recherche dans le magasin d&rsquo;applications, trouvez Starburst Slot.<\/p>\n<ol  start=\"3\">\n<li><strong>Installation<\/strong><\/li>\n<\/ol>\n<p>Appuyez sur le bouton Installer et attendez que l&rsquo;installation soit termin\u00e9e sur votre appareil mobile.<\/p>\n<ol  start=\"4\">\n<li><strong>Lancez le jeu Starburst<\/strong><\/li>\n<\/ol>\n<p>Une fois que Starburst est install\u00e9 sur votre appareil, lancez l&rsquo;application, saisissez vos identifiants (si n\u00e9cessaire) et commencez \u00e0 jouer \u00e0 ce passionnant slot directement sur votre appareil mobile.<\/p>\n<p>Maintenant que vous savez comment t\u00e9l\u00e9charger et profiter de Starburst sur votre PC ou votre appareil mobile, vous avez la possibilit\u00e9 de jouer \u00e0 ce slot \u00e0 tout moment et n&rsquo;importe o\u00f9. Profitez de l&rsquo;excitation et de la chance de gagner des prix dans ce monde de jeu magique !<\/p>\n","protected":false},"excerpt":{"rendered":"<p>Le jeu Starburst est l&rsquo;un des slots en ligne les plus populaires, et si vous esp\u00e9riez l&rsquo;avoir sur votre ordinateur ou votre appareil mobile, il y a quelques nouvelles pas tr\u00e8s bonnes qui vous attendent. Bien que Starburst soit actuellement disponible pour jouer en ligne sans avoir besoin de le t\u00e9l\u00e9charger, vous ne pouvez profiter&#8230;<\/p>\n","protected":false},"author":1,"featured_media":0,"parent":0,"menu_order":0,"comment_status":"closed","ping_status":"closed","template":"","meta":{"footnotes":""},"class_list":["post-7","page","type-page","status-publish","hentry"],"yoast_head":"<!-- This site is optimized with the Yoast SEO plugin v27.2 - https:\/\/yoast.com\/product\/yoast-seo-wordpress\/ -->\n<title>\u0421\u043a\u0430\u0447\u0430\u0442\u044c \u0441\u043b\u043e\u0442 Starburst \u0434\u043b\u044f \u0438\u0433\u0440\u044b \u043d\u0430 \u0434\u0435\u043d\u044c\u0433\u0438<\/title>\n<meta name=\"description\" content=\"Comment t\u00e9l\u00e9charger le jeu Starburst sur smartphone Android, iPhone, tablette, PC. T\u00e9l\u00e9chargez et jouez \u00e0 Starburst\" \/>\n<meta name=\"robots\" content=\"index, follow, max-snippet:-1, max-image-preview:large, max-video-preview:-1\" \/>\n<link rel=\"canonical\" href=\"https:\/\/starburstslotgame.net\/fr\/download-starburst\/\" \/>\n<meta property=\"og:locale\" content=\"fr_FR\" \/>\n<meta property=\"og:locale:alternate\" content=\"en_US\" \/>\n<meta property=\"og:locale:alternate\" content=\"ru_RU\" \/>\n<meta property=\"og:locale:alternate\" content=\"pt_PT\" \/>\n<meta property=\"og:locale:alternate\" content=\"es_ES\" \/>\n<meta property=\"og:locale:alternate\" content=\"it_IT\" \/>\n<meta property=\"og:locale:alternate\" content=\"de_DE\" \/>\n<meta property=\"og:locale:alternate\" content=\"ro_RO\" \/>\n<meta property=\"og:locale:alternate\" content=\"sr_RS\" \/>\n<meta property=\"og:locale:alternate\" content=\"bg_BG\" \/>\n<meta property=\"og:locale:alternate\" content=\"pl_PL\" \/>\n<meta property=\"og:type\" content=\"article\" \/>\n<meta property=\"og:title\" content=\"\u0421\u043a\u0430\u0447\u0430\u0442\u044c \u0441\u043b\u043e\u0442 Starburst \u0434\u043b\u044f \u0438\u0433\u0440\u044b \u043d\u0430 \u0434\u0435\u043d\u044c\u0433\u0438\" \/>\n<meta property=\"og:description\" content=\"\u041a\u0430\u043a \u0441\u043a\u0430\u0447\u0430\u0442\u044c \u0438\u0433\u0440\u0443 Starburst \u043d\u0430 \u0441\u043c\u0430\u0440\u0442\u0444\u043e\u043d \u0410\u043d\u0434\u0440\u043e\u0438\u0434, \u0430\u0439\u0444\u043e\u043d, \u043f\u043b\u0430\u043d\u0448\u0435\u0442, \u041f\u041a. \u0421\u043a\u0430\u0447\u0430\u0442\u044c \u0438 \u0438\u0433\u0440\u0430\u0442\u044c \u0432 Starburst\" \/>\n<meta property=\"og:url\" content=\"https:\/\/starburstslotgame.net\/fr\/download-starburst\/\" \/>\n<meta property=\"og:site_name\" content=\"Starburst Slot\" \/>\n<meta property=\"article:modified_time\" content=\"2024-03-03T19:12:47+00:00\" \/>\n<meta name=\"twitter:card\" content=\"summary_large_image\" \/>\n<meta name=\"twitter:label1\" content=\"Dur\u00e9e de lecture estim\u00e9e\" \/>\n\t<meta name=\"twitter:data1\" content=\"16 minutes\" \/>\n<script type=\"application\/ld+json\" class=\"yoast-schema-graph\">{\"@context\":\"https:\/\/schema.org\",\"@graph\":[{\"@type\":\"WebPage\",\"@id\":\"https:\/\/starburstslotgame.net\/download-starburst\/\",\"url\":\"https:\/\/starburstslotgame.net\/download-starburst\/\",\"name\":\"\u0421\u043a\u0430\u0447\u0430\u0442\u044c \u0441\u043b\u043e\u0442 Starburst \u0434\u043b\u044f \u0438\u0433\u0440\u044b \u043d\u0430 \u0434\u0435\u043d\u044c\u0433\u0438\",\"isPartOf\":{\"@id\":\"https:\/\/starburstslotgame.net\/#website\"},\"datePublished\":\"2023-10-17T23:28:21+00:00\",\"dateModified\":\"2024-03-03T19:12:47+00:00\",\"description\":\"\u041a\u0430\u043a \u0441\u043a\u0430\u0447\u0430\u0442\u044c \u0438\u0433\u0440\u0443 Starburst \u043d\u0430 \u0441\u043c\u0430\u0440\u0442\u0444\u043e\u043d \u0410\u043d\u0434\u0440\u043e\u0438\u0434, \u0430\u0439\u0444\u043e\u043d, \u043f\u043b\u0430\u043d\u0448\u0435\u0442, \u041f\u041a. \u0421\u043a\u0430\u0447\u0430\u0442\u044c \u0438 \u0438\u0433\u0440\u0430\u0442\u044c \u0432 Starburst\",\"breadcrumb\":{\"@id\":\"https:\/\/starburstslotgame.net\/download-starburst\/#breadcrumb\"},\"inLanguage\":\"fr-FR\",\"potentialAction\":[{\"@type\":\"ReadAction\",\"target\":[\"https:\/\/starburstslotgame.net\/download-starburst\/\"]}]},{\"@type\":\"BreadcrumbList\",\"@id\":\"https:\/\/starburstslotgame.net\/download-starburst\/#breadcrumb\",\"itemListElement\":[{\"@type\":\"ListItem\",\"position\":1,\"name\":\"Home\",\"item\":\"https:\/\/starburstslotgame.net\/\"},{\"@type\":\"ListItem\",\"position\":2,\"name\":\"\u041a\u0430\u043a \u0441\u043a\u0430\u0447\u0430\u0442\u044c \u0438\u0433\u0440\u0443 Starburst\"}]},{\"@type\":\"WebSite\",\"@id\":\"https:\/\/starburstslotgame.net\/#website\",\"url\":\"https:\/\/starburstslotgame.net\/\",\"name\":\"Starburst Slot\",\"description\":\"\",\"publisher\":{\"@id\":\"https:\/\/starburstslotgame.net\/#organization\"},\"potentialAction\":[{\"@type\":\"SearchAction\",\"target\":{\"@type\":\"EntryPoint\",\"urlTemplate\":\"https:\/\/starburstslotgame.net\/?s={search_term_string}\"},\"query-input\":{\"@type\":\"PropertyValueSpecification\",\"valueRequired\":true,\"valueName\":\"search_term_string\"}}],\"inLanguage\":\"fr-FR\"},{\"@type\":\"Organization\",\"@id\":\"https:\/\/starburstslotgame.net\/#organization\",\"name\":\"Starburst Slot\",\"url\":\"https:\/\/starburstslotgame.net\/\",\"logo\":{\"@type\":\"ImageObject\",\"inLanguage\":\"fr-FR\",\"@id\":\"https:\/\/starburstslotgame.net\/#\/schema\/logo\/image\/\",\"url\":\"https:\/\/starburstslotgame.net\/wp-content\/uploads\/starburst-slot.png\",\"contentUrl\":\"https:\/\/starburstslotgame.net\/wp-content\/uploads\/starburst-slot.png\",\"width\":250,\"height\":187,\"caption\":\"Starburst Slot\"},\"image\":{\"@id\":\"https:\/\/starburstslotgame.net\/#\/schema\/logo\/image\/\"}}]}<\/script>\n<!-- \/ Yoast SEO plugin. -->","yoast_head_json":{"title":"\u0421\u043a\u0430\u0447\u0430\u0442\u044c \u0441\u043b\u043e\u0442 Starburst \u0434\u043b\u044f \u0438\u0433\u0440\u044b \u043d\u0430 \u0434\u0435\u043d\u044c\u0433\u0438","description":"Comment t\u00e9l\u00e9charger le jeu Starburst sur smartphone Android, iPhone, tablette, PC. T\u00e9l\u00e9chargez et jouez \u00e0 Starburst","robots":{"index":"index","follow":"follow","max-snippet":"max-snippet:-1","max-image-preview":"max-image-preview:large","max-video-preview":"max-video-preview:-1"},"canonical":"https:\/\/starburstslotgame.net\/fr\/download-starburst\/","og_locale":"fr_FR","og_type":"article","og_title":"\u0421\u043a\u0430\u0447\u0430\u0442\u044c \u0441\u043b\u043e\u0442 Starburst \u0434\u043b\u044f \u0438\u0433\u0440\u044b \u043d\u0430 \u0434\u0435\u043d\u044c\u0433\u0438","og_description":"\u041a\u0430\u043a \u0441\u043a\u0430\u0447\u0430\u0442\u044c \u0438\u0433\u0440\u0443 Starburst \u043d\u0430 \u0441\u043c\u0430\u0440\u0442\u0444\u043e\u043d \u0410\u043d\u0434\u0440\u043e\u0438\u0434, \u0430\u0439\u0444\u043e\u043d, \u043f\u043b\u0430\u043d\u0448\u0435\u0442, \u041f\u041a. \u0421\u043a\u0430\u0447\u0430\u0442\u044c \u0438 \u0438\u0433\u0440\u0430\u0442\u044c \u0432 Starburst","og_url":"https:\/\/starburstslotgame.net\/fr\/download-starburst\/","og_site_name":"Starburst Slot","article_modified_time":"2024-03-03T19:12:47+00:00","twitter_card":"summary_large_image","twitter_misc":{"Dur\u00e9e de lecture estim\u00e9e":"16 minutes"},"schema":{"@context":"https:\/\/schema.org","@graph":[{"@type":"WebPage","@id":"https:\/\/starburstslotgame.net\/download-starburst\/","url":"https:\/\/starburstslotgame.net\/download-starburst\/","name":"\u0421\u043a\u0430\u0447\u0430\u0442\u044c \u0441\u043b\u043e\u0442 Starburst \u0434\u043b\u044f \u0438\u0433\u0440\u044b \u043d\u0430 \u0434\u0435\u043d\u044c\u0433\u0438","isPartOf":{"@id":"https:\/\/starburstslotgame.net\/#website"},"datePublished":"2023-10-17T23:28:21+00:00","dateModified":"2024-03-03T19:12:47+00:00","description":"\u041a\u0430\u043a \u0441\u043a\u0430\u0447\u0430\u0442\u044c \u0438\u0433\u0440\u0443 Starburst \u043d\u0430 \u0441\u043c\u0430\u0440\u0442\u0444\u043e\u043d \u0410\u043d\u0434\u0440\u043e\u0438\u0434, \u0430\u0439\u0444\u043e\u043d, \u043f\u043b\u0430\u043d\u0448\u0435\u0442, \u041f\u041a. \u0421\u043a\u0430\u0447\u0430\u0442\u044c \u0438 \u0438\u0433\u0440\u0430\u0442\u044c \u0432 Starburst","breadcrumb":{"@id":"https:\/\/starburstslotgame.net\/download-starburst\/#breadcrumb"},"inLanguage":"fr-FR","potentialAction":[{"@type":"ReadAction","target":["https:\/\/starburstslotgame.net\/download-starburst\/"]}]},{"@type":"BreadcrumbList","@id":"https:\/\/starburstslotgame.net\/download-starburst\/#breadcrumb","itemListElement":[{"@type":"ListItem","position":1,"name":"Home","item":"https:\/\/starburstslotgame.net\/"},{"@type":"ListItem","position":2,"name":"\u041a\u0430\u043a \u0441\u043a\u0430\u0447\u0430\u0442\u044c \u0438\u0433\u0440\u0443 Starburst"}]},{"@type":"WebSite","@id":"https:\/\/starburstslotgame.net\/#website","url":"https:\/\/starburstslotgame.net\/","name":"Starburst Slot","description":"","publisher":{"@id":"https:\/\/starburstslotgame.net\/#organization"},"potentialAction":[{"@type":"SearchAction","target":{"@type":"EntryPoint","urlTemplate":"https:\/\/starburstslotgame.net\/?s={search_term_string}"},"query-input":{"@type":"PropertyValueSpecification","valueRequired":true,"valueName":"search_term_string"}}],"inLanguage":"fr-FR"},{"@type":"Organization","@id":"https:\/\/starburstslotgame.net\/#organization","name":"Starburst Slot","url":"https:\/\/starburstslotgame.net\/","logo":{"@type":"ImageObject","inLanguage":"fr-FR","@id":"https:\/\/starburstslotgame.net\/#\/schema\/logo\/image\/","url":"https:\/\/starburstslotgame.net\/wp-content\/uploads\/starburst-slot.png","contentUrl":"https:\/\/starburstslotgame.net\/wp-content\/uploads\/starburst-slot.png","width":250,"height":187,"caption":"Starburst Slot"},"image":{"@id":"https:\/\/starburstslotgame.net\/#\/schema\/logo\/image\/"}}]}},"_links":{"self":[{"href":"https:\/\/starburstslotgame.net\/fr\/wp-json\/wp\/v2\/pages\/7","targetHints":{"allow":["GET"]}}],"collection":[{"href":"https:\/\/starburstslotgame.net\/fr\/wp-json\/wp\/v2\/pages"}],"about":[{"href":"https:\/\/starburstslotgame.net\/fr\/wp-json\/wp\/v2\/types\/page"}],"author":[{"embeddable":true,"href":"https:\/\/starburstslotgame.net\/fr\/wp-json\/wp\/v2\/users\/1"}],"replies":[{"embeddable":true,"href":"https:\/\/starburstslotgame.net\/fr\/wp-json\/wp\/v2\/comments?post=7"}],"version-history":[{"count":32,"href":"https:\/\/starburstslotgame.net\/fr\/wp-json\/wp\/v2\/pages\/7\/revisions"}],"predecessor-version":[{"id":164,"href":"https:\/\/starburstslotgame.net\/fr\/wp-json\/wp\/v2\/pages\/7\/revisions\/164"}],"wp:attachment":[{"href":"https:\/\/starburstslotgame.net\/fr\/wp-json\/wp\/v2\/media?parent=7"}],"curies":[{"name":"wp","href":"https:\/\/api.w.org\/{rel}","templated":true}]}}