{"id":9,"date":"2023-10-17T23:30:18","date_gmt":"2023-10-17T23:30:18","guid":{"rendered":"https:\/\/starburstslotgame.net\/?page_id=9"},"modified":"2024-03-03T19:39:13","modified_gmt":"2024-03-03T19:39:13","slug":"how-to-play","status":"publish","type":"page","link":"https:\/\/starburstslotgame.net\/fr\/how-to-play\/","title":{"rendered":"Comment jouer"},"content":{"rendered":"<p>Jouer \u00e0 un casino en ligne sur la machine \u00e0 sous Starburst est possible d\u00e8s maintenant. Pour ce faire, vous devez suivre quelques \u00e9tapes simples, que nous expliquerons maintenant.<\/p>\n<p>Pour commencer \u00e0 jouer \u00e0 Starburst, vous devez suivre ces \u00e9tapes :<\/p>\n<ol>\n<li><strong>Choisir un Casino en Ligne :<\/strong> La premi\u00e8re \u00e9tape consiste \u00e0 choisir un casino en ligne fiable et licenci\u00e9 qui offre l&rsquo;acc\u00e8s au jeu Starburst. Assurez-vous que le casino choisi prend en charge votre pays de r\u00e9sidence et a une bonne r\u00e9putation.<\/li>\n<li><strong>Inscription :<\/strong> Apr\u00e8s avoir s\u00e9lectionn\u00e9 le casino, vous devez cr\u00e9er un compte. Cela implique g\u00e9n\u00e9ralement de fournir des informations de base telles que le nom, l&rsquo;adresse e-mail et le choix d&rsquo;un mot de passe.<\/li>\n<li><strong>D\u00e9p\u00f4t :<\/strong> Pour jouer avec de l&rsquo;argent r\u00e9el, vous devrez effectuer un d\u00e9p\u00f4t sur votre compte de casino. Le casino vous proposera divers moyens de paiement \u00e0 cette fin, tels que les cartes bancaires, les portefeuilles \u00e9lectroniques, et d&rsquo;autres.<\/li>\n<li><strong>Trouver Starburst :<\/strong> Apr\u00e8s avoir approvisionn\u00e9 votre solde, vous devez trouver la machine \u00e0 sous Starburst dans la biblioth\u00e8que de jeux du casino. Elle peut \u00eatre situ\u00e9e dans la section des Machines \u00e0 sous ou des Jeux Jackpot.<\/li>\n<li><strong>Jouer \u00e0 Starburst :<\/strong> Cliquez sur l&rsquo;ic\u00f4ne Starburst pour commencer \u00e0 jouer. Vous pouvez choisir la taille de la mise et faire tourner les rouleaux. Pr\u00e9parez-vous \u00e0 une exp\u00e9rience de jeu excitante !<\/li>\n<li><strong>Bonus et Codes Promotionnels :<\/strong> Certains casinos en ligne proposent des bonus ou des codes promotionnels li\u00e9s \u00e0 Starburst. Assurez-vous d&rsquo;en profiter pour augmenter vos chances de gagner.<\/li>\n<li><strong>Jeu sur Mobile :<\/strong> Starburst est \u00e9galement disponible sur les appareils mobiles, y compris les smartphones et les tablettes. Vous pouvez visiter le site web du casino via un navigateur mobile ou t\u00e9l\u00e9charger l&rsquo;application du casino si elle est disponible.<\/li>\n<li><strong>Jouer de mani\u00e8re Responsable :<\/strong> N&rsquo;oubliez pas de jouer de mani\u00e8re responsable et de g\u00e9rer vos finances. Fixez des limites de d\u00e9p\u00f4t et de pertes pour \u00e9viter les cons\u00e9quences financi\u00e8res ind\u00e9sirables.<\/li>\n<\/ol>\n<p>Maintenant que vous savez comment commencer \u00e0 jouer \u00e0 Starburst, choisissez un casino fiable et profitez de l&rsquo;excitation de cette machine \u00e0 sous palpitante. Bonne chance sur les rouleaux de Starburst ! Cette machine \u00e0 sous offre la possibilit\u00e9 de gagner de l&rsquo;argent r\u00e9el dans un casino en ligne.<\/p>\n","protected":false},"excerpt":{"rendered":"<p>Jouer \u00e0 un casino en ligne sur la machine \u00e0 sous Starburst est possible d\u00e8s maintenant. Pour ce faire, vous devez suivre quelques \u00e9tapes simples, que nous expliquerons maintenant. Pour commencer \u00e0 jouer \u00e0 Starburst, vous devez suivre ces \u00e9tapes : Choisir un Casino en Ligne : La premi\u00e8re \u00e9tape consiste \u00e0 choisir un casino&#8230;<\/p>\n","protected":false},"author":1,"featured_media":0,"parent":0,"menu_order":0,"comment_status":"closed","ping_status":"closed","template":"","meta":{"footnotes":""},"class_list":["post-9","page","type-page","status-publish","hentry"],"yoast_head":"<!-- This site is optimized with the Yoast SEO plugin v27.2 - https:\/\/yoast.com\/product\/yoast-seo-wordpress\/ -->\n<title>Jouer \u00e0 la machine \u00e0 sous Starburst dans un casino en ligne pour de l&#039;argent r\u00e9el<\/title>\n<meta name=\"description\" content=\"Vous pouvez jouer \u00e0 la machine \u00e0 sous Starburst et gagner de l&#039;argent r\u00e9el dans un casino en ligne d\u00e8s maintenant. Inscrivez-vous maintenant et commencez \u00e0 jouer.\" \/>\n<meta name=\"robots\" content=\"index, follow, max-snippet:-1, max-image-preview:large, max-video-preview:-1\" \/>\n<link rel=\"canonical\" href=\"https:\/\/starburstslotgame.net\/fr\/how-to-play\/\" \/>\n<meta property=\"og:locale\" content=\"fr_FR\" \/>\n<meta property=\"og:locale:alternate\" content=\"en_US\" \/>\n<meta property=\"og:locale:alternate\" content=\"ru_RU\" \/>\n<meta property=\"og:locale:alternate\" content=\"pt_PT\" \/>\n<meta property=\"og:locale:alternate\" content=\"es_ES\" \/>\n<meta property=\"og:locale:alternate\" content=\"it_IT\" \/>\n<meta property=\"og:locale:alternate\" content=\"de_DE\" \/>\n<meta property=\"og:locale:alternate\" content=\"ro_RO\" \/>\n<meta property=\"og:locale:alternate\" content=\"sr_RS\" \/>\n<meta property=\"og:locale:alternate\" content=\"bg_BG\" \/>\n<meta property=\"og:locale:alternate\" content=\"pl_PL\" \/>\n<meta property=\"og:type\" content=\"article\" \/>\n<meta property=\"og:title\" content=\"Jouer \u00e0 la machine \u00e0 sous Starburst dans un casino en ligne pour de l&#039;argent r\u00e9el\" \/>\n<meta property=\"og:description\" content=\"Vous pouvez jouer \u00e0 la machine \u00e0 sous Starburst et gagner de l&#039;argent r\u00e9el dans un casino en ligne d\u00e8s maintenant. Inscrivez-vous maintenant et commencez \u00e0 jouer.\" \/>\n<meta property=\"og:url\" content=\"https:\/\/starburstslotgame.net\/fr\/how-to-play\/\" \/>\n<meta property=\"og:site_name\" content=\"Starburst Slot\" \/>\n<meta property=\"article:modified_time\" content=\"2024-03-03T19:39:13+00:00\" \/>\n<meta name=\"twitter:card\" content=\"summary_large_image\" \/>\n<meta name=\"twitter:label1\" content=\"Dur\u00e9e de lecture estim\u00e9e\" \/>\n\t<meta name=\"twitter:data1\" content=\"14 minutes\" \/>\n<script type=\"application\/ld+json\" class=\"yoast-schema-graph\">{\"@context\":\"https:\/\/schema.org\",\"@graph\":[{\"@type\":\"WebPage\",\"@id\":\"https:\/\/starburstslotgame.net\/fr\/how-to-play\/\",\"url\":\"https:\/\/starburstslotgame.net\/fr\/how-to-play\/\",\"name\":\"Jouer \u00e0 la machine \u00e0 sous Starburst dans un casino en ligne pour de l'argent r\u00e9el\",\"isPartOf\":{\"@id\":\"https:\/\/starburstslotgame.net\/#website\"},\"datePublished\":\"2023-10-17T23:30:18+00:00\",\"dateModified\":\"2024-03-03T19:39:13+00:00\",\"description\":\"Vous pouvez jouer \u00e0 la machine \u00e0 sous Starburst et gagner de l'argent r\u00e9el dans un casino en ligne d\u00e8s maintenant. Inscrivez-vous maintenant et commencez \u00e0 jouer.\",\"breadcrumb\":{\"@id\":\"https:\/\/starburstslotgame.net\/fr\/how-to-play\/#breadcrumb\"},\"inLanguage\":\"fr-FR\",\"potentialAction\":[{\"@type\":\"ReadAction\",\"target\":[\"https:\/\/starburstslotgame.net\/fr\/how-to-play\/\"]}]},{\"@type\":\"BreadcrumbList\",\"@id\":\"https:\/\/starburstslotgame.net\/fr\/how-to-play\/#breadcrumb\",\"itemListElement\":[{\"@type\":\"ListItem\",\"position\":1,\"name\":\"Home\",\"item\":\"https:\/\/starburstslotgame.net\/\"},{\"@type\":\"ListItem\",\"position\":2,\"name\":\"Comment jouer\"}]},{\"@type\":\"WebSite\",\"@id\":\"https:\/\/starburstslotgame.net\/#website\",\"url\":\"https:\/\/starburstslotgame.net\/\",\"name\":\"Starburst Slot\",\"description\":\"\",\"publisher\":{\"@id\":\"https:\/\/starburstslotgame.net\/#organization\"},\"potentialAction\":[{\"@type\":\"SearchAction\",\"target\":{\"@type\":\"EntryPoint\",\"urlTemplate\":\"https:\/\/starburstslotgame.net\/?s={search_term_string}\"},\"query-input\":{\"@type\":\"PropertyValueSpecification\",\"valueRequired\":true,\"valueName\":\"search_term_string\"}}],\"inLanguage\":\"fr-FR\"},{\"@type\":\"Organization\",\"@id\":\"https:\/\/starburstslotgame.net\/#organization\",\"name\":\"Starburst Slot\",\"url\":\"https:\/\/starburstslotgame.net\/\",\"logo\":{\"@type\":\"ImageObject\",\"inLanguage\":\"fr-FR\",\"@id\":\"https:\/\/starburstslotgame.net\/#\/schema\/logo\/image\/\",\"url\":\"https:\/\/starburstslotgame.net\/wp-content\/uploads\/starburst-slot.png\",\"contentUrl\":\"https:\/\/starburstslotgame.net\/wp-content\/uploads\/starburst-slot.png\",\"width\":250,\"height\":187,\"caption\":\"Starburst Slot\"},\"image\":{\"@id\":\"https:\/\/starburstslotgame.net\/#\/schema\/logo\/image\/\"}}]}<\/script>\n<!-- \/ Yoast SEO plugin. -->","yoast_head_json":{"title":"Jouer \u00e0 la machine \u00e0 sous Starburst dans un casino en ligne pour de l'argent r\u00e9el","description":"Vous pouvez jouer \u00e0 la machine \u00e0 sous Starburst et gagner de l'argent r\u00e9el dans un casino en ligne d\u00e8s maintenant. Inscrivez-vous maintenant et commencez \u00e0 jouer.","robots":{"index":"index","follow":"follow","max-snippet":"max-snippet:-1","max-image-preview":"max-image-preview:large","max-video-preview":"max-video-preview:-1"},"canonical":"https:\/\/starburstslotgame.net\/fr\/how-to-play\/","og_locale":"fr_FR","og_type":"article","og_title":"Jouer \u00e0 la machine \u00e0 sous Starburst dans un casino en ligne pour de l'argent r\u00e9el","og_description":"Vous pouvez jouer \u00e0 la machine \u00e0 sous Starburst et gagner de l'argent r\u00e9el dans un casino en ligne d\u00e8s maintenant. Inscrivez-vous maintenant et commencez \u00e0 jouer.","og_url":"https:\/\/starburstslotgame.net\/fr\/how-to-play\/","og_site_name":"Starburst Slot","article_modified_time":"2024-03-03T19:39:13+00:00","twitter_card":"summary_large_image","twitter_misc":{"Dur\u00e9e de lecture estim\u00e9e":"14 minutes"},"schema":{"@context":"https:\/\/schema.org","@graph":[{"@type":"WebPage","@id":"https:\/\/starburstslotgame.net\/fr\/how-to-play\/","url":"https:\/\/starburstslotgame.net\/fr\/how-to-play\/","name":"Jouer \u00e0 la machine \u00e0 sous Starburst dans un casino en ligne pour de l'argent r\u00e9el","isPartOf":{"@id":"https:\/\/starburstslotgame.net\/#website"},"datePublished":"2023-10-17T23:30:18+00:00","dateModified":"2024-03-03T19:39:13+00:00","description":"Vous pouvez jouer \u00e0 la machine \u00e0 sous Starburst et gagner de l'argent r\u00e9el dans un casino en ligne d\u00e8s maintenant. Inscrivez-vous maintenant et commencez \u00e0 jouer.","breadcrumb":{"@id":"https:\/\/starburstslotgame.net\/fr\/how-to-play\/#breadcrumb"},"inLanguage":"fr-FR","potentialAction":[{"@type":"ReadAction","target":["https:\/\/starburstslotgame.net\/fr\/how-to-play\/"]}]},{"@type":"BreadcrumbList","@id":"https:\/\/starburstslotgame.net\/fr\/how-to-play\/#breadcrumb","itemListElement":[{"@type":"ListItem","position":1,"name":"Home","item":"https:\/\/starburstslotgame.net\/"},{"@type":"ListItem","position":2,"name":"Comment jouer"}]},{"@type":"WebSite","@id":"https:\/\/starburstslotgame.net\/#website","url":"https:\/\/starburstslotgame.net\/","name":"Starburst Slot","description":"","publisher":{"@id":"https:\/\/starburstslotgame.net\/#organization"},"potentialAction":[{"@type":"SearchAction","target":{"@type":"EntryPoint","urlTemplate":"https:\/\/starburstslotgame.net\/?s={search_term_string}"},"query-input":{"@type":"PropertyValueSpecification","valueRequired":true,"valueName":"search_term_string"}}],"inLanguage":"fr-FR"},{"@type":"Organization","@id":"https:\/\/starburstslotgame.net\/#organization","name":"Starburst Slot","url":"https:\/\/starburstslotgame.net\/","logo":{"@type":"ImageObject","inLanguage":"fr-FR","@id":"https:\/\/starburstslotgame.net\/#\/schema\/logo\/image\/","url":"https:\/\/starburstslotgame.net\/wp-content\/uploads\/starburst-slot.png","contentUrl":"https:\/\/starburstslotgame.net\/wp-content\/uploads\/starburst-slot.png","width":250,"height":187,"caption":"Starburst Slot"},"image":{"@id":"https:\/\/starburstslotgame.net\/#\/schema\/logo\/image\/"}}]}},"_links":{"self":[{"href":"https:\/\/starburstslotgame.net\/fr\/wp-json\/wp\/v2\/pages\/9","targetHints":{"allow":["GET"]}}],"collection":[{"href":"https:\/\/starburstslotgame.net\/fr\/wp-json\/wp\/v2\/pages"}],"about":[{"href":"https:\/\/starburstslotgame.net\/fr\/wp-json\/wp\/v2\/types\/page"}],"author":[{"embeddable":true,"href":"https:\/\/starburstslotgame.net\/fr\/wp-json\/wp\/v2\/users\/1"}],"replies":[{"embeddable":true,"href":"https:\/\/starburstslotgame.net\/fr\/wp-json\/wp\/v2\/comments?post=9"}],"version-history":[{"count":23,"href":"https:\/\/starburstslotgame.net\/fr\/wp-json\/wp\/v2\/pages\/9\/revisions"}],"predecessor-version":[{"id":163,"href":"https:\/\/starburstslotgame.net\/fr\/wp-json\/wp\/v2\/pages\/9\/revisions\/163"}],"wp:attachment":[{"href":"https:\/\/starburstslotgame.net\/fr\/wp-json\/wp\/v2\/media?parent=9"}],"curies":[{"name":"wp","href":"https:\/\/api.w.org\/{rel}","templated":true}]}}