{"id":11,"date":"2023-10-17T23:38:51","date_gmt":"2023-10-17T23:38:51","guid":{"rendered":"https:\/\/starburstslotgame.net\/?page_id=11"},"modified":"2024-03-04T00:19:48","modified_gmt":"2024-03-04T00:19:48","slug":"reviews","status":"publish","type":"page","link":"https:\/\/starburstslotgame.net\/it\/reviews\/","title":{"rendered":"Recensioni"},"content":{"rendered":"<p>Le recensioni della slot Starburst riflettono varie opinioni ed esperienze dei giocatori che hanno trovato qualcosa di speciale in Starburst. A volte queste sono recensioni positive, e a volte negative. Ma in ogni caso, queste sono recensioni utili che \u00e8 utile leggere prima di iniziare a giocare a Starburst.<\/p>\n<h3>Tema: Grafica incredibile e gameplay coinvolgente nella slot Starburst<\/h3>\n<p>Starburst \u00e8 semplicemente mozzafiato! La grafica \u00e8 sorprendente, e quasi dimentico che sto effettivamente giocando a una slot. Non vedo l&#8217;ora della prossima partita. Alex, 28 anni.<\/p>\n<h3>Tema: Starburst \u00e8 una grande scelta per i principianti<\/h3>\n<p>Non ho mai giocato a giochi d&#8217;azzardo prima, ma Starburst ha reso l&#8217;inizio della mia carriera nel gioco d&#8217;azzardo incredibilmente facile e interessante. Sono grato di aver trovato questa slot e di aver iniziato a giocare.<\/p>\n<p>Yulia, 23 anni.<\/p>\n<h3>Tema: Grandi vincite in Starburst!<\/h3>\n<p>Questa slot porta davvero fortuna! Recentemente, ho vinto un grosso jackpot, ed \u00e8 stato incredibilmente emozionante.<\/p>\n<p>Maxim, 35 anni.<\/p>\n<h3>Tema: Starburst sul mio smartphone<\/h3>\n<p>Apprezzo di poter giocare a Starburst sul mio smartphone. \u00c8 un ottimo modo per passare il tempo mentre si aspetta qualcosa o semplicemente rilassarsi la sera. E ho un vecchio Android, e la slot funziona alla grande. \u00c8 fantastico.<\/p>\n<p>Elena, 29 anni.<\/p>\n<h3>Tema: Funzionalit\u00e0 Vincite in Entrambe le Direzioni.<\/h3>\n<p>La funzionalit\u00e0 Vincite in Entrambe le Direzioni in Starburst aumenta davvero le possibilit\u00e0 di vincita. Ha reso il gioco pi\u00f9 interessante e redditizio. Questa \u00e8 una caratteristica davvero utile della slot.<\/p>\n<p>Igor, 31 anni.<\/p>\n<h3>Tema: Respin bonus in Starburst.<\/h3>\n<p>Amo come i simboli jolly in Starburst possono attivare respin bonus. Aggiunge sempre ulteriore eccitazione e vincite al gioco. E questa slot ti d\u00e0 l&#8217;opportunit\u00e0 di guadagnare davvero.<\/p>\n<p>Anna, 27 anni.<\/p>\n<h3>Tema: Gioca ovunque e in qualsiasi momento.<\/h3>\n<p>Mi piace che posso giocare a Starburst in qualsiasi momento e ovunque. \u00c8 l&#8217;intrattenimento perfetto per viaggi e vacanze. Prendo solo il telefono dalla tasca, apro l&#8217;app del casin\u00f2, scelgo Starburst e inizio a giocare.<\/p>\n<p>Daniel, 33 anni.<\/p>\n<h3>Tema: Grande atmosfera e effetti sonori<\/h3>\n<p>I suoni e la musica in Starburst aggiungono atmosfera al gioco. Quando gioco, mi sento come se mi stessi immergendo nel mondo del gioco d&#8217;azzardo.<\/p>\n<p>Maria, 30 anni.<\/p>\n<h3>Tema: Starburst come modo per rilassarsi.<\/h3>\n<p>Quando ho una giornata lunga e stressante, Starburst mi aiuta a rilassarmi e a distrarmi dalle preoccupazioni. Questa slot \u00e8 molto importante nella mia vita.<\/p>\n<p>Peter, 40 anni.<\/p>\n<h3>Tema: C&#8217;\u00e8 sempre qualcosa di nuovo.<\/h3>\n<p>Starburst non \u00e8 mai noioso perch\u00e9 c&#8217;\u00e8 sempre qualcosa di nuovo da scoprire e esplorare. Non smette mai di stupirmi.<\/p>\n<p>Olga, 26 anni.<\/p>\n","protected":false},"excerpt":{"rendered":"<p>Le recensioni della slot Starburst riflettono varie opinioni ed esperienze dei giocatori che hanno trovato qualcosa di speciale in Starburst. A volte queste sono recensioni positive, e a volte negative. Ma in ogni caso, queste sono recensioni utili che \u00e8 utile leggere prima di iniziare a giocare a Starburst. Tema: Grafica incredibile e gameplay coinvolgente&#8230;<\/p>\n","protected":false},"author":1,"featured_media":0,"parent":0,"menu_order":0,"comment_status":"closed","ping_status":"closed","template":"","meta":{"footnotes":""},"class_list":["post-11","page","type-page","status-publish","hentry"],"yoast_head":"<!-- This site is optimized with the Yoast SEO plugin v27.2 - https:\/\/yoast.com\/product\/yoast-seo-wordpress\/ -->\n<title>Recenzje i opinie prawdziwych graczy na temat automatu do gry Starburst<\/title>\n<meta name=\"description\" content=\"Recensione della slot machine Starburst - opinioni dei veri giocatori sul gioco online Starburst nei migliori casin\u00f2 online. Recensioni oneste e recensione onesta.\" \/>\n<meta name=\"robots\" content=\"index, follow, max-snippet:-1, max-image-preview:large, max-video-preview:-1\" \/>\n<link rel=\"canonical\" href=\"https:\/\/starburstslotgame.net\/it\/reviews\/\" \/>\n<meta property=\"og:locale\" content=\"it_IT\" \/>\n<meta property=\"og:locale:alternate\" content=\"en_US\" \/>\n<meta property=\"og:locale:alternate\" content=\"ru_RU\" \/>\n<meta property=\"og:locale:alternate\" content=\"pt_PT\" \/>\n<meta property=\"og:locale:alternate\" content=\"es_ES\" \/>\n<meta property=\"og:locale:alternate\" content=\"fr_FR\" \/>\n<meta property=\"og:locale:alternate\" content=\"de_DE\" \/>\n<meta property=\"og:locale:alternate\" content=\"ro_RO\" \/>\n<meta property=\"og:locale:alternate\" content=\"sr_RS\" \/>\n<meta property=\"og:locale:alternate\" content=\"bg_BG\" \/>\n<meta property=\"og:locale:alternate\" content=\"pl_PL\" \/>\n<meta property=\"og:type\" content=\"article\" \/>\n<meta property=\"og:title\" content=\"Recenzje i opinie prawdziwych graczy na temat automatu do gry Starburst\" \/>\n<meta property=\"og:description\" content=\"Recenzja automatu do gry Starburst - opinie prawdziwych graczy na temat gry online Starburst w najlepszych kasynach internetowych. Szczere recenzje i uczciwa ocena.\" \/>\n<meta property=\"og:url\" content=\"https:\/\/starburstslotgame.net\/it\/reviews\/\" \/>\n<meta property=\"og:site_name\" content=\"Starburst Slot\" \/>\n<meta property=\"article:modified_time\" content=\"2024-03-04T00:19:48+00:00\" \/>\n<meta name=\"twitter:card\" content=\"summary_large_image\" \/>\n<meta name=\"twitter:label1\" content=\"Tempo di lettura stimato\" \/>\n\t<meta name=\"twitter:data1\" content=\"18 minuti\" \/>\n<script type=\"application\/ld+json\" class=\"yoast-schema-graph\">{\"@context\":\"https:\/\/schema.org\",\"@graph\":[{\"@type\":\"WebPage\",\"@id\":\"https:\/\/starburstslotgame.net\/pl\/reviews\/\",\"url\":\"https:\/\/starburstslotgame.net\/pl\/reviews\/\",\"name\":\"Recenzje i opinie prawdziwych graczy na temat automatu do gry Starburst\",\"isPartOf\":{\"@id\":\"https:\/\/starburstslotgame.net\/#website\"},\"datePublished\":\"2023-10-17T23:38:51+00:00\",\"dateModified\":\"2024-03-04T00:19:48+00:00\",\"description\":\"Recenzja automatu do gry Starburst - opinie prawdziwych graczy na temat gry online Starburst w najlepszych kasynach internetowych. Szczere recenzje i uczciwa ocena.\",\"breadcrumb\":{\"@id\":\"https:\/\/starburstslotgame.net\/pl\/reviews\/#breadcrumb\"},\"inLanguage\":\"it-IT\",\"potentialAction\":[{\"@type\":\"ReadAction\",\"target\":[\"https:\/\/starburstslotgame.net\/pl\/reviews\/\"]}]},{\"@type\":\"BreadcrumbList\",\"@id\":\"https:\/\/starburstslotgame.net\/pl\/reviews\/#breadcrumb\",\"itemListElement\":[{\"@type\":\"ListItem\",\"position\":1,\"name\":\"Home\",\"item\":\"https:\/\/starburstslotgame.net\/\"},{\"@type\":\"ListItem\",\"position\":2,\"name\":\"Recenzje\"}]},{\"@type\":\"WebSite\",\"@id\":\"https:\/\/starburstslotgame.net\/#website\",\"url\":\"https:\/\/starburstslotgame.net\/\",\"name\":\"Starburst Slot\",\"description\":\"\",\"publisher\":{\"@id\":\"https:\/\/starburstslotgame.net\/#organization\"},\"potentialAction\":[{\"@type\":\"SearchAction\",\"target\":{\"@type\":\"EntryPoint\",\"urlTemplate\":\"https:\/\/starburstslotgame.net\/?s={search_term_string}\"},\"query-input\":{\"@type\":\"PropertyValueSpecification\",\"valueRequired\":true,\"valueName\":\"search_term_string\"}}],\"inLanguage\":\"it-IT\"},{\"@type\":\"Organization\",\"@id\":\"https:\/\/starburstslotgame.net\/#organization\",\"name\":\"Starburst Slot\",\"url\":\"https:\/\/starburstslotgame.net\/\",\"logo\":{\"@type\":\"ImageObject\",\"inLanguage\":\"it-IT\",\"@id\":\"https:\/\/starburstslotgame.net\/#\/schema\/logo\/image\/\",\"url\":\"https:\/\/starburstslotgame.net\/wp-content\/uploads\/starburst-slot.png\",\"contentUrl\":\"https:\/\/starburstslotgame.net\/wp-content\/uploads\/starburst-slot.png\",\"width\":250,\"height\":187,\"caption\":\"Starburst Slot\"},\"image\":{\"@id\":\"https:\/\/starburstslotgame.net\/#\/schema\/logo\/image\/\"}}]}<\/script>\n<!-- \/ Yoast SEO plugin. -->","yoast_head_json":{"title":"Recenzje i opinie prawdziwych graczy na temat automatu do gry Starburst","description":"Recensione della slot machine Starburst - opinioni dei veri giocatori sul gioco online Starburst nei migliori casin\u00f2 online. Recensioni oneste e recensione onesta.","robots":{"index":"index","follow":"follow","max-snippet":"max-snippet:-1","max-image-preview":"max-image-preview:large","max-video-preview":"max-video-preview:-1"},"canonical":"https:\/\/starburstslotgame.net\/it\/reviews\/","og_locale":"it_IT","og_type":"article","og_title":"Recenzje i opinie prawdziwych graczy na temat automatu do gry Starburst","og_description":"Recenzja automatu do gry Starburst - opinie prawdziwych graczy na temat gry online Starburst w najlepszych kasynach internetowych. Szczere recenzje i uczciwa ocena.","og_url":"https:\/\/starburstslotgame.net\/it\/reviews\/","og_site_name":"Starburst Slot","article_modified_time":"2024-03-04T00:19:48+00:00","twitter_card":"summary_large_image","twitter_misc":{"Tempo di lettura stimato":"18 minuti"},"schema":{"@context":"https:\/\/schema.org","@graph":[{"@type":"WebPage","@id":"https:\/\/starburstslotgame.net\/pl\/reviews\/","url":"https:\/\/starburstslotgame.net\/pl\/reviews\/","name":"Recenzje i opinie prawdziwych graczy na temat automatu do gry Starburst","isPartOf":{"@id":"https:\/\/starburstslotgame.net\/#website"},"datePublished":"2023-10-17T23:38:51+00:00","dateModified":"2024-03-04T00:19:48+00:00","description":"Recenzja automatu do gry Starburst - opinie prawdziwych graczy na temat gry online Starburst w najlepszych kasynach internetowych. Szczere recenzje i uczciwa ocena.","breadcrumb":{"@id":"https:\/\/starburstslotgame.net\/pl\/reviews\/#breadcrumb"},"inLanguage":"it-IT","potentialAction":[{"@type":"ReadAction","target":["https:\/\/starburstslotgame.net\/pl\/reviews\/"]}]},{"@type":"BreadcrumbList","@id":"https:\/\/starburstslotgame.net\/pl\/reviews\/#breadcrumb","itemListElement":[{"@type":"ListItem","position":1,"name":"Home","item":"https:\/\/starburstslotgame.net\/"},{"@type":"ListItem","position":2,"name":"Recenzje"}]},{"@type":"WebSite","@id":"https:\/\/starburstslotgame.net\/#website","url":"https:\/\/starburstslotgame.net\/","name":"Starburst Slot","description":"","publisher":{"@id":"https:\/\/starburstslotgame.net\/#organization"},"potentialAction":[{"@type":"SearchAction","target":{"@type":"EntryPoint","urlTemplate":"https:\/\/starburstslotgame.net\/?s={search_term_string}"},"query-input":{"@type":"PropertyValueSpecification","valueRequired":true,"valueName":"search_term_string"}}],"inLanguage":"it-IT"},{"@type":"Organization","@id":"https:\/\/starburstslotgame.net\/#organization","name":"Starburst Slot","url":"https:\/\/starburstslotgame.net\/","logo":{"@type":"ImageObject","inLanguage":"it-IT","@id":"https:\/\/starburstslotgame.net\/#\/schema\/logo\/image\/","url":"https:\/\/starburstslotgame.net\/wp-content\/uploads\/starburst-slot.png","contentUrl":"https:\/\/starburstslotgame.net\/wp-content\/uploads\/starburst-slot.png","width":250,"height":187,"caption":"Starburst Slot"},"image":{"@id":"https:\/\/starburstslotgame.net\/#\/schema\/logo\/image\/"}}]}},"_links":{"self":[{"href":"https:\/\/starburstslotgame.net\/it\/wp-json\/wp\/v2\/pages\/11","targetHints":{"allow":["GET"]}}],"collection":[{"href":"https:\/\/starburstslotgame.net\/it\/wp-json\/wp\/v2\/pages"}],"about":[{"href":"https:\/\/starburstslotgame.net\/it\/wp-json\/wp\/v2\/types\/page"}],"author":[{"embeddable":true,"href":"https:\/\/starburstslotgame.net\/it\/wp-json\/wp\/v2\/users\/1"}],"replies":[{"embeddable":true,"href":"https:\/\/starburstslotgame.net\/it\/wp-json\/wp\/v2\/comments?post=11"}],"version-history":[{"count":24,"href":"https:\/\/starburstslotgame.net\/it\/wp-json\/wp\/v2\/pages\/11\/revisions"}],"predecessor-version":[{"id":165,"href":"https:\/\/starburstslotgame.net\/it\/wp-json\/wp\/v2\/pages\/11\/revisions\/165"}],"wp:attachment":[{"href":"https:\/\/starburstslotgame.net\/it\/wp-json\/wp\/v2\/media?parent=11"}],"curies":[{"name":"wp","href":"https:\/\/api.w.org\/{rel}","templated":true}]}}