{"id":5,"date":"2023-10-17T23:27:04","date_gmt":"2023-10-17T23:27:04","guid":{"rendered":"https:\/\/starburstslotgame.net\/?page_id=5"},"modified":"2024-03-04T00:07:43","modified_gmt":"2024-03-04T00:07:43","slug":"main","status":"publish","type":"page","link":"https:\/\/starburstslotgame.net\/it\/","title":{"rendered":"Giocare allo slot Starburst ora"},"content":{"rendered":"<p>Il gioco online Starburst \u00e8 una slot online luminosa e affascinante che ha conquistato i cuori di milioni di giocatori in tutto il mondo. Starburst viene giocato ovunque ci sia Internet. Lo scopo del nostro sito web \u00e8 quello di fornire ai giocatori tutte le informazioni di cui hanno bisogno per iniziare a giocare a Starburst, le sue caratteristiche e i suoi vantaggi. Siete pronti a immergervi nella magia delle pietre preziose e delle avventure nel gioco d&#8217;azzardo? Allora iniziamo.<\/p>\n<h2><strong>Perch\u00e9 Starburst?<\/strong><\/h2>\n<p>Possiamo elencare molte ragioni per cui i giocatori giocano a Starburst, ma procediamo con ordine.<\/p>\n<h3><strong>Grafica e Design Magnifici<\/strong><\/h3>\n<p>La slot online Starburst impressiona con la sua grafica colorata e vivace. Ogni simbolo sui rulli, che siano pietre preziose scintillanti o una stella sfaccettata, \u00e8 creato con attenzione ai dettagli. Si tratta davvero di una grafica di alto livello. La slot soddisfa visivamente anche i giocatori pi\u00f9 esigenti, indipendentemente dai loro desideri e preferenze. L&#8217;esperienza di giocare a Starburst \u00e8 una vera e propria arte del piacere visivo.<\/p>\n<h3><strong>Gameplay Avvincente<\/strong><\/h3>\n<p>Con 5 rulli e 10 linee di pagamento, la slot Starburst offre ai giocatori molti modi per vincere. La funzione Win Both Ways raddoppia le possibilit\u00e0 di vincita, e il simbolo Wild non solo aumenta le vincite, ma attiva anche giri gratuiti. Il gameplay di Starburst \u00e8 dinamico ed emozionante, rendendolo attraente per giocatori di tutte le categorie. Che tu sia giovane e inesperto o un vecchio esperto di giochi, questa slot piacer\u00e0 a tutti.<\/p>\n<h3><strong>Regole Semplici<\/strong><\/h3>\n<p>Per coloro che stanno iniziando il loro viaggio nel mondo del gioco d&#8217;azzardo online, il gioco online Starburst \u00e8 un ottimo punto di partenza. Questa slot \u00e8 facile da usare e comprensibile anche senza esperienza nel gioco d&#8217;azzardo. Non c&#8217;\u00e8 bisogno di memorizzare regole complesse o strategie: basta girare i rulli e godersi il gioco. Naturalmente, \u00e8 auspicabile ricordare alcuni simboli in modo da capire meglio se hai vinto o perso. Ma nel complesso, non c&#8217;\u00e8 bisogno di preoccuparsi troppo delle regole del gioco Starburst.<\/p>\n<h2><strong>Come Vincere a Starburst<\/strong><\/h2>\n<h3><strong>Grandi Vincite<\/strong><\/h3>\n<p>Uno dei principali attrattori di Starburst \u00e8 la possibilit\u00e0 di una grande vincita. Tutto dipende dalle tue scommesse e dalla fortuna. Molti giocatori sono riusciti a vincere grandi jackpot e ottenere vincite molto pi\u00f9 grandi di quanto potessero immaginare. La slot Starburst consente di vincere somme molto grandi.<\/p>\n<h3><strong>Gioca a Starburst Ovunque<\/strong><\/h3>\n<p>La slot machine Starburst \u00e8 disponibile per giocare su qualsiasi dispositivo: computer, smartphone e tablet. Puoi immergerti nel mondo del gioco d&#8217;azzardo in qualsiasi momento e ovunque. Non importa dove ti trovi, Starburst \u00e8 sempre con te. E come abbiamo detto, non importa su quale dispositivo stai giocando, che sia un vecchio Android o un nuovo iPhone.<\/p>\n<h3><strong>Gioca a Starburst Gratuitamente<\/strong><\/h3>\n<p>Molti casin\u00f2 online offrono bonus e promozioni legate a Starburst. Questo ti d\u00e0 la possibilit\u00e0 di giocare a Starburst quasi gratuitamente perch\u00e9 i bonus sono soldi gratuiti che ti permettono di vincere. Questo pu\u00f2 includere giri gratuiti o bonus aggiuntivi al momento della registrazione. Controlla le offerte attuali del tuo casin\u00f2 per aumentare le tue possibilit\u00e0 di vincita.<\/p>\n<p>Non perdere l&#8217;occasione di immergerti nell&#8217;emozionante mondo di Starburst. Giocando a questa slot, sentirai l&#8217;adrenalina e l&#8217;eccitazione che il gioco d&#8217;azzardo porta. Scopri simboli colorati, vincite illimitate e un gameplay avvincente.<\/p>\n<p>Unisciti ai milioni di giocatori che hanno gi\u00e0 sperimentato la magia di Starburst. Inizia la tua avventura nel gioco d&#8217;azzardo proprio adesso!<\/p>\n<p>Con Starburst, sei garantito di divertirti molto e di avere l&#8217;opportunit\u00e0 di vincere grandi premi. Non perdere l&#8217;occasione di sperimentare questa emozionante slot e diventarne parte della leggenda!<\/p>\n","protected":false},"excerpt":{"rendered":"<p>Il gioco online Starburst \u00e8 una slot online luminosa e affascinante che ha conquistato i cuori di milioni di giocatori in tutto il mondo. Starburst viene giocato ovunque ci sia Internet. Lo scopo del nostro sito web \u00e8 quello di fornire ai giocatori tutte le informazioni di cui hanno bisogno per iniziare a giocare a&#8230;<\/p>\n","protected":false},"author":1,"featured_media":0,"parent":0,"menu_order":0,"comment_status":"closed","ping_status":"closed","template":"","meta":{"footnotes":""},"class_list":["post-5","page","type-page","status-publish","hentry"],"yoast_head":"<!-- This site is optimized with the Yoast SEO plugin v27.2 - https:\/\/yoast.com\/product\/yoast-seo-wordpress\/ -->\n<title>\u0418\u0433\u0440\u0430\u0442\u044c \u0432 \u0438\u0433\u0440\u043e\u0432\u043e\u0439 \u0430\u0432\u0442\u043e\u043c\u0430\u0442 Starburst \u0432 \u043e\u043d\u043b\u0430\u0439\u043d \u043a\u0430\u0437\u0438\u043d\u043e<\/title>\n<meta name=\"description\" content=\"Gioca con soldi veri alla slot Starburst nei migliori casin\u00f2 online. Come giocare e vincere, strategie e tattiche, recensioni, scarica la slot Starburst.\" \/>\n<meta name=\"robots\" content=\"index, follow, max-snippet:-1, max-image-preview:large, max-video-preview:-1\" \/>\n<link rel=\"canonical\" href=\"https:\/\/starburstslotgame.net\/it\/\" \/>\n<meta property=\"og:locale\" content=\"it_IT\" \/>\n<meta property=\"og:locale:alternate\" content=\"en_US\" \/>\n<meta property=\"og:locale:alternate\" content=\"ru_RU\" \/>\n<meta property=\"og:locale:alternate\" content=\"pt_PT\" \/>\n<meta property=\"og:locale:alternate\" content=\"es_ES\" \/>\n<meta property=\"og:locale:alternate\" content=\"fr_FR\" \/>\n<meta property=\"og:locale:alternate\" content=\"de_DE\" \/>\n<meta property=\"og:locale:alternate\" content=\"ro_RO\" \/>\n<meta property=\"og:locale:alternate\" content=\"sr_RS\" \/>\n<meta property=\"og:locale:alternate\" content=\"bg_BG\" \/>\n<meta property=\"og:locale:alternate\" content=\"pl_PL\" \/>\n<meta property=\"og:type\" content=\"article\" \/>\n<meta property=\"og:title\" content=\"\u0418\u0433\u0440\u0430\u0442\u044c \u0432 \u0438\u0433\u0440\u043e\u0432\u043e\u0439 \u0430\u0432\u0442\u043e\u043c\u0430\u0442 Starburst \u0432 \u043e\u043d\u043b\u0430\u0439\u043d \u043a\u0430\u0437\u0438\u043d\u043e\" \/>\n<meta property=\"og:description\" content=\"\u0418\u0433\u0440\u0430\u0442\u044c \u043d\u0430 \u0440\u0435\u0430\u043b\u044c\u043d\u044b\u0435 \u0434\u0435\u043d\u044c\u0433\u0438 \u0432 \u0441\u043b\u043e\u0442 \u0421\u0442\u0430\u0440\u0431\u0430\u0440\u0441\u0442 \u0432 \u043b\u0443\u0447\u0448\u0438\u0445 \u043e\u043d\u043b\u0430\u0439\u043d \u043a\u0430\u0437\u0438\u043d\u043e. \u041a\u0430\u043a \u0438\u0433\u0440\u0430\u0442\u044c \u0438 \u0432\u044b\u0438\u0433\u0440\u044b\u0432\u0430\u0442\u044c, \u0441\u0442\u0440\u0430\u0442\u0435\u0433\u0438\u0438 \u0438 \u0442\u0430\u043a\u0442\u0438\u043a\u0438, \u043e\u0442\u0437\u044b\u0432\u044b, \u0441\u043a\u0430\u0447\u0430\u0442\u044c \u0438\u0433\u0440\u043e\u0432\u043e\u0439 \u0430\u0432\u0442\u043e\u043c\u0430\u0442 \u0421\u0442\u0430\u0440\u0431\u0430\u0440\u0441\u0442\" \/>\n<meta property=\"og:url\" content=\"https:\/\/starburstslotgame.net\/it\/\" \/>\n<meta property=\"og:site_name\" content=\"Starburst Slot\" \/>\n<meta property=\"article:modified_time\" content=\"2024-03-04T00:07:43+00:00\" \/>\n<meta name=\"twitter:card\" content=\"summary_large_image\" \/>\n<meta name=\"twitter:label1\" content=\"Tempo di lettura stimato\" \/>\n\t<meta name=\"twitter:data1\" content=\"26 minuti\" \/>\n<script type=\"application\/ld+json\" class=\"yoast-schema-graph\">{\"@context\":\"https:\/\/schema.org\",\"@graph\":[{\"@type\":\"WebPage\",\"@id\":\"https:\/\/starburstslotgame.net\/\",\"url\":\"https:\/\/starburstslotgame.net\/\",\"name\":\"\u0418\u0433\u0440\u0430\u0442\u044c \u0432 \u0438\u0433\u0440\u043e\u0432\u043e\u0439 \u0430\u0432\u0442\u043e\u043c\u0430\u0442 Starburst \u0432 \u043e\u043d\u043b\u0430\u0439\u043d \u043a\u0430\u0437\u0438\u043d\u043e\",\"isPartOf\":{\"@id\":\"https:\/\/starburstslotgame.net\/#website\"},\"datePublished\":\"2023-10-17T23:27:04+00:00\",\"dateModified\":\"2024-03-04T00:07:43+00:00\",\"description\":\"\u0418\u0433\u0440\u0430\u0442\u044c \u043d\u0430 \u0440\u0435\u0430\u043b\u044c\u043d\u044b\u0435 \u0434\u0435\u043d\u044c\u0433\u0438 \u0432 \u0441\u043b\u043e\u0442 \u0421\u0442\u0430\u0440\u0431\u0430\u0440\u0441\u0442 \u0432 \u043b\u0443\u0447\u0448\u0438\u0445 \u043e\u043d\u043b\u0430\u0439\u043d \u043a\u0430\u0437\u0438\u043d\u043e. \u041a\u0430\u043a \u0438\u0433\u0440\u0430\u0442\u044c \u0438 \u0432\u044b\u0438\u0433\u0440\u044b\u0432\u0430\u0442\u044c, \u0441\u0442\u0440\u0430\u0442\u0435\u0433\u0438\u0438 \u0438 \u0442\u0430\u043a\u0442\u0438\u043a\u0438, \u043e\u0442\u0437\u044b\u0432\u044b, \u0441\u043a\u0430\u0447\u0430\u0442\u044c \u0438\u0433\u0440\u043e\u0432\u043e\u0439 \u0430\u0432\u0442\u043e\u043c\u0430\u0442 \u0421\u0442\u0430\u0440\u0431\u0430\u0440\u0441\u0442\",\"breadcrumb\":{\"@id\":\"https:\/\/starburstslotgame.net\/#breadcrumb\"},\"inLanguage\":\"it-IT\",\"potentialAction\":[{\"@type\":\"ReadAction\",\"target\":[\"https:\/\/starburstslotgame.net\/\"]}]},{\"@type\":\"BreadcrumbList\",\"@id\":\"https:\/\/starburstslotgame.net\/#breadcrumb\",\"itemListElement\":[{\"@type\":\"ListItem\",\"position\":1,\"name\":\"Home\",\"item\":\"https:\/\/starburstslotgame.net\/\"},{\"@type\":\"ListItem\",\"position\":2,\"name\":\"\u0418\u0433\u0440\u0430\u0442\u044c \u0432 \u0441\u043b\u043e\u0442 Starburst \u0441\u0435\u0439\u0447\u0430\u0441\"}]},{\"@type\":\"WebSite\",\"@id\":\"https:\/\/starburstslotgame.net\/#website\",\"url\":\"https:\/\/starburstslotgame.net\/\",\"name\":\"Starburst Slot\",\"description\":\"\",\"publisher\":{\"@id\":\"https:\/\/starburstslotgame.net\/#organization\"},\"potentialAction\":[{\"@type\":\"SearchAction\",\"target\":{\"@type\":\"EntryPoint\",\"urlTemplate\":\"https:\/\/starburstslotgame.net\/?s={search_term_string}\"},\"query-input\":{\"@type\":\"PropertyValueSpecification\",\"valueRequired\":true,\"valueName\":\"search_term_string\"}}],\"inLanguage\":\"it-IT\"},{\"@type\":\"Organization\",\"@id\":\"https:\/\/starburstslotgame.net\/#organization\",\"name\":\"Starburst Slot\",\"url\":\"https:\/\/starburstslotgame.net\/\",\"logo\":{\"@type\":\"ImageObject\",\"inLanguage\":\"it-IT\",\"@id\":\"https:\/\/starburstslotgame.net\/#\/schema\/logo\/image\/\",\"url\":\"https:\/\/starburstslotgame.net\/wp-content\/uploads\/starburst-slot.png\",\"contentUrl\":\"https:\/\/starburstslotgame.net\/wp-content\/uploads\/starburst-slot.png\",\"width\":250,\"height\":187,\"caption\":\"Starburst Slot\"},\"image\":{\"@id\":\"https:\/\/starburstslotgame.net\/#\/schema\/logo\/image\/\"}}]}<\/script>\n<!-- \/ Yoast SEO plugin. -->","yoast_head_json":{"title":"\u0418\u0433\u0440\u0430\u0442\u044c \u0432 \u0438\u0433\u0440\u043e\u0432\u043e\u0439 \u0430\u0432\u0442\u043e\u043c\u0430\u0442 Starburst \u0432 \u043e\u043d\u043b\u0430\u0439\u043d \u043a\u0430\u0437\u0438\u043d\u043e","description":"Gioca con soldi veri alla slot Starburst nei migliori casin\u00f2 online. Come giocare e vincere, strategie e tattiche, recensioni, scarica la slot Starburst.","robots":{"index":"index","follow":"follow","max-snippet":"max-snippet:-1","max-image-preview":"max-image-preview:large","max-video-preview":"max-video-preview:-1"},"canonical":"https:\/\/starburstslotgame.net\/it\/","og_locale":"it_IT","og_type":"article","og_title":"\u0418\u0433\u0440\u0430\u0442\u044c \u0432 \u0438\u0433\u0440\u043e\u0432\u043e\u0439 \u0430\u0432\u0442\u043e\u043c\u0430\u0442 Starburst \u0432 \u043e\u043d\u043b\u0430\u0439\u043d \u043a\u0430\u0437\u0438\u043d\u043e","og_description":"\u0418\u0433\u0440\u0430\u0442\u044c \u043d\u0430 \u0440\u0435\u0430\u043b\u044c\u043d\u044b\u0435 \u0434\u0435\u043d\u044c\u0433\u0438 \u0432 \u0441\u043b\u043e\u0442 \u0421\u0442\u0430\u0440\u0431\u0430\u0440\u0441\u0442 \u0432 \u043b\u0443\u0447\u0448\u0438\u0445 \u043e\u043d\u043b\u0430\u0439\u043d \u043a\u0430\u0437\u0438\u043d\u043e. \u041a\u0430\u043a \u0438\u0433\u0440\u0430\u0442\u044c \u0438 \u0432\u044b\u0438\u0433\u0440\u044b\u0432\u0430\u0442\u044c, \u0441\u0442\u0440\u0430\u0442\u0435\u0433\u0438\u0438 \u0438 \u0442\u0430\u043a\u0442\u0438\u043a\u0438, \u043e\u0442\u0437\u044b\u0432\u044b, \u0441\u043a\u0430\u0447\u0430\u0442\u044c \u0438\u0433\u0440\u043e\u0432\u043e\u0439 \u0430\u0432\u0442\u043e\u043c\u0430\u0442 \u0421\u0442\u0430\u0440\u0431\u0430\u0440\u0441\u0442","og_url":"https:\/\/starburstslotgame.net\/it\/","og_site_name":"Starburst Slot","article_modified_time":"2024-03-04T00:07:43+00:00","twitter_card":"summary_large_image","twitter_misc":{"Tempo di lettura stimato":"26 minuti"},"schema":{"@context":"https:\/\/schema.org","@graph":[{"@type":"WebPage","@id":"https:\/\/starburstslotgame.net\/","url":"https:\/\/starburstslotgame.net\/","name":"\u0418\u0433\u0440\u0430\u0442\u044c \u0432 \u0438\u0433\u0440\u043e\u0432\u043e\u0439 \u0430\u0432\u0442\u043e\u043c\u0430\u0442 Starburst \u0432 \u043e\u043d\u043b\u0430\u0439\u043d \u043a\u0430\u0437\u0438\u043d\u043e","isPartOf":{"@id":"https:\/\/starburstslotgame.net\/#website"},"datePublished":"2023-10-17T23:27:04+00:00","dateModified":"2024-03-04T00:07:43+00:00","description":"\u0418\u0433\u0440\u0430\u0442\u044c \u043d\u0430 \u0440\u0435\u0430\u043b\u044c\u043d\u044b\u0435 \u0434\u0435\u043d\u044c\u0433\u0438 \u0432 \u0441\u043b\u043e\u0442 \u0421\u0442\u0430\u0440\u0431\u0430\u0440\u0441\u0442 \u0432 \u043b\u0443\u0447\u0448\u0438\u0445 \u043e\u043d\u043b\u0430\u0439\u043d \u043a\u0430\u0437\u0438\u043d\u043e. \u041a\u0430\u043a \u0438\u0433\u0440\u0430\u0442\u044c \u0438 \u0432\u044b\u0438\u0433\u0440\u044b\u0432\u0430\u0442\u044c, \u0441\u0442\u0440\u0430\u0442\u0435\u0433\u0438\u0438 \u0438 \u0442\u0430\u043a\u0442\u0438\u043a\u0438, \u043e\u0442\u0437\u044b\u0432\u044b, \u0441\u043a\u0430\u0447\u0430\u0442\u044c \u0438\u0433\u0440\u043e\u0432\u043e\u0439 \u0430\u0432\u0442\u043e\u043c\u0430\u0442 \u0421\u0442\u0430\u0440\u0431\u0430\u0440\u0441\u0442","breadcrumb":{"@id":"https:\/\/starburstslotgame.net\/#breadcrumb"},"inLanguage":"it-IT","potentialAction":[{"@type":"ReadAction","target":["https:\/\/starburstslotgame.net\/"]}]},{"@type":"BreadcrumbList","@id":"https:\/\/starburstslotgame.net\/#breadcrumb","itemListElement":[{"@type":"ListItem","position":1,"name":"Home","item":"https:\/\/starburstslotgame.net\/"},{"@type":"ListItem","position":2,"name":"\u0418\u0433\u0440\u0430\u0442\u044c \u0432 \u0441\u043b\u043e\u0442 Starburst \u0441\u0435\u0439\u0447\u0430\u0441"}]},{"@type":"WebSite","@id":"https:\/\/starburstslotgame.net\/#website","url":"https:\/\/starburstslotgame.net\/","name":"Starburst Slot","description":"","publisher":{"@id":"https:\/\/starburstslotgame.net\/#organization"},"potentialAction":[{"@type":"SearchAction","target":{"@type":"EntryPoint","urlTemplate":"https:\/\/starburstslotgame.net\/?s={search_term_string}"},"query-input":{"@type":"PropertyValueSpecification","valueRequired":true,"valueName":"search_term_string"}}],"inLanguage":"it-IT"},{"@type":"Organization","@id":"https:\/\/starburstslotgame.net\/#organization","name":"Starburst Slot","url":"https:\/\/starburstslotgame.net\/","logo":{"@type":"ImageObject","inLanguage":"it-IT","@id":"https:\/\/starburstslotgame.net\/#\/schema\/logo\/image\/","url":"https:\/\/starburstslotgame.net\/wp-content\/uploads\/starburst-slot.png","contentUrl":"https:\/\/starburstslotgame.net\/wp-content\/uploads\/starburst-slot.png","width":250,"height":187,"caption":"Starburst Slot"},"image":{"@id":"https:\/\/starburstslotgame.net\/#\/schema\/logo\/image\/"}}]}},"_links":{"self":[{"href":"https:\/\/starburstslotgame.net\/it\/wp-json\/wp\/v2\/pages\/5","targetHints":{"allow":["GET"]}}],"collection":[{"href":"https:\/\/starburstslotgame.net\/it\/wp-json\/wp\/v2\/pages"}],"about":[{"href":"https:\/\/starburstslotgame.net\/it\/wp-json\/wp\/v2\/types\/page"}],"author":[{"embeddable":true,"href":"https:\/\/starburstslotgame.net\/it\/wp-json\/wp\/v2\/users\/1"}],"replies":[{"embeddable":true,"href":"https:\/\/starburstslotgame.net\/it\/wp-json\/wp\/v2\/comments?post=5"}],"version-history":[{"count":23,"href":"https:\/\/starburstslotgame.net\/it\/wp-json\/wp\/v2\/pages\/5\/revisions"}],"predecessor-version":[{"id":162,"href":"https:\/\/starburstslotgame.net\/it\/wp-json\/wp\/v2\/pages\/5\/revisions\/162"}],"wp:attachment":[{"href":"https:\/\/starburstslotgame.net\/it\/wp-json\/wp\/v2\/media?parent=5"}],"curies":[{"name":"wp","href":"https:\/\/api.w.org\/{rel}","templated":true}]}}