{"id":7,"date":"2023-10-17T23:28:21","date_gmt":"2023-10-17T23:28:21","guid":{"rendered":"https:\/\/starburstslotgame.net\/?page_id=7"},"modified":"2024-03-03T19:12:47","modified_gmt":"2024-03-03T19:12:47","slug":"download-starburst","status":"publish","type":"page","link":"https:\/\/starburstslotgame.net\/it\/download-starburst\/","title":{"rendered":"Come scaricare il gioco Starburst"},"content":{"rendered":"<p>Il gioco Starburst \u00e8 uno dei pi\u00f9 popolari slot online, e se speravi di averlo sul tuo computer o dispositivo mobile, c&#8217;\u00e8 una notizia non troppo positiva che ti aspetta. Anche se Starburst \u00e8 attualmente disponibile per giocare online senza la necessit\u00e0 di scaricarlo, puoi goderti questo magico gioco solo avendo una connessione internet.<\/p>\n<h2><strong>Scaricare Starburst per PC<\/strong><\/h2>\n<p>Esploriamo le opzioni per scaricare il gioco Starburst sul tuo computer personale.<\/p>\n<ol>\n<li><strong>Scegli un casin\u00f2 adatto<\/strong><\/li>\n<\/ol>\n<p>Innanzitutto, dovrai scegliere un casin\u00f2 online affidabile che offra Starburst per il download. Assicurati che il casin\u00f2 scelto sia compatibile con il tuo sistema operativo (Windows o Mac). Questo \u00e8 cruciale durante il processo di download del gioco Starburst.<\/p>\n<ol  start=\"2\">\n<li><strong>Registrazione e installazione del gioco Starburst<\/strong><\/li>\n<\/ol>\n<p>Dopo aver selezionato il casin\u00f2, registrati sul suo sito web e segui i passaggi necessari per scaricare e installare il software client del casin\u00f2 sul tuo computer.<\/p>\n<ol  start=\"3\">\n<li><strong>Ricerca e installazione di Starburst<\/strong><\/li>\n<\/ol>\n<p>Dopo aver installato il client del casin\u00f2, dovrai trovare Starburst nella libreria di giochi e installarlo sul tuo computer.<\/p>\n<ol  start=\"4\">\n<li><strong>Inizia a giocare<\/strong><\/li>\n<\/ol>\n<p>Ora che Starburst \u00e8 installato sul tuo PC, puoi avviare il gioco, scegliere la dimensione della tua scommessa e far girare i rulli, godendoti l&#8217;emozione a schermo intero.<\/p>\n<h2><strong>Installazione del gioco Starburst sul tuo smartphone<\/strong><\/h2>\n<p>Quindi, se hai deciso di giocare a Starburst su un iPhone o Android, abbiamo preparato una breve guida per te.<\/p>\n<ol>\n<li><strong>Visita lo store delle app<\/strong><\/li>\n<\/ol>\n<p>Se vuoi scaricare Starburst sul tuo smartphone o tablet, vai allo store delle app rispettivo sul tuo dispositivo (App Store per iOS o Google Play per Android).<\/p>\n<ol  start=\"2\">\n<li><strong>Cerca Starburst<\/strong><\/li>\n<\/ol>\n<p>Utilizzando la funzione di ricerca nello store delle app, trova Starburst Slot.<\/p>\n<ol  start=\"3\">\n<li><strong>Installazione<\/strong><\/li>\n<\/ol>\n<p>Tocca il pulsante Installa e attendi che l&#8217;installazione sia completata sul tuo dispositivo mobile.<\/p>\n<ol  start=\"4\">\n<li><strong>Avvia il gioco Starburst<\/strong><\/li>\n<\/ol>\n<p>Una volta che Starburst \u00e8 installato sul tuo dispositivo, avvia l&#8217;app, inserisci le tue credenziali (se necessario) e inizia a giocare a questo emozionante slot direttamente sul tuo dispositivo mobile.<\/p>\n<p>Ora che sai come scaricare e goderti Starburst sul tuo PC o dispositivo mobile, hai l&#8217;opportunit\u00e0 di giocare a questo slot in qualsiasi momento e ovunque. Goditi l&#8217;emozione e la possibilit\u00e0 di vincere premi in questo magico mondo del gioco!<\/p>\n","protected":false},"excerpt":{"rendered":"<p>Il gioco Starburst \u00e8 uno dei pi\u00f9 popolari slot online, e se speravi di averlo sul tuo computer o dispositivo mobile, c&#8217;\u00e8 una notizia non troppo positiva che ti aspetta. Anche se Starburst \u00e8 attualmente disponibile per giocare online senza la necessit\u00e0 di scaricarlo, puoi goderti questo magico gioco solo avendo una connessione internet. Scaricare&#8230;<\/p>\n","protected":false},"author":1,"featured_media":0,"parent":0,"menu_order":0,"comment_status":"closed","ping_status":"closed","template":"","meta":{"footnotes":""},"class_list":["post-7","page","type-page","status-publish","hentry"],"yoast_head":"<!-- This site is optimized with the Yoast SEO plugin v27.2 - https:\/\/yoast.com\/product\/yoast-seo-wordpress\/ -->\n<title>\u0421\u043a\u0430\u0447\u0430\u0442\u044c \u0441\u043b\u043e\u0442 Starburst \u0434\u043b\u044f \u0438\u0433\u0440\u044b \u043d\u0430 \u0434\u0435\u043d\u044c\u0433\u0438<\/title>\n<meta name=\"description\" content=\"Come scaricare il gioco Starburst sullo smartphone Android, iPhone, tablet, PC. Scarica e gioca a Starburst\" \/>\n<meta name=\"robots\" content=\"index, follow, max-snippet:-1, max-image-preview:large, max-video-preview:-1\" \/>\n<link rel=\"canonical\" href=\"https:\/\/starburstslotgame.net\/it\/download-starburst\/\" \/>\n<meta property=\"og:locale\" content=\"it_IT\" \/>\n<meta property=\"og:locale:alternate\" content=\"en_US\" \/>\n<meta property=\"og:locale:alternate\" content=\"ru_RU\" \/>\n<meta property=\"og:locale:alternate\" content=\"pt_PT\" \/>\n<meta property=\"og:locale:alternate\" content=\"es_ES\" \/>\n<meta property=\"og:locale:alternate\" content=\"fr_FR\" \/>\n<meta property=\"og:locale:alternate\" content=\"de_DE\" \/>\n<meta property=\"og:locale:alternate\" content=\"ro_RO\" \/>\n<meta property=\"og:locale:alternate\" content=\"sr_RS\" \/>\n<meta property=\"og:locale:alternate\" content=\"bg_BG\" \/>\n<meta property=\"og:locale:alternate\" content=\"pl_PL\" \/>\n<meta property=\"og:type\" content=\"article\" \/>\n<meta property=\"og:title\" content=\"\u0421\u043a\u0430\u0447\u0430\u0442\u044c \u0441\u043b\u043e\u0442 Starburst \u0434\u043b\u044f \u0438\u0433\u0440\u044b \u043d\u0430 \u0434\u0435\u043d\u044c\u0433\u0438\" \/>\n<meta property=\"og:description\" content=\"\u041a\u0430\u043a \u0441\u043a\u0430\u0447\u0430\u0442\u044c \u0438\u0433\u0440\u0443 Starburst \u043d\u0430 \u0441\u043c\u0430\u0440\u0442\u0444\u043e\u043d \u0410\u043d\u0434\u0440\u043e\u0438\u0434, \u0430\u0439\u0444\u043e\u043d, \u043f\u043b\u0430\u043d\u0448\u0435\u0442, \u041f\u041a. \u0421\u043a\u0430\u0447\u0430\u0442\u044c \u0438 \u0438\u0433\u0440\u0430\u0442\u044c \u0432 Starburst\" \/>\n<meta property=\"og:url\" content=\"https:\/\/starburstslotgame.net\/it\/download-starburst\/\" \/>\n<meta property=\"og:site_name\" content=\"Starburst Slot\" \/>\n<meta property=\"article:modified_time\" content=\"2024-03-03T19:12:47+00:00\" \/>\n<meta name=\"twitter:card\" content=\"summary_large_image\" \/>\n<meta name=\"twitter:label1\" content=\"Tempo di lettura stimato\" \/>\n\t<meta name=\"twitter:data1\" content=\"16 minuti\" \/>\n<script type=\"application\/ld+json\" class=\"yoast-schema-graph\">{\"@context\":\"https:\/\/schema.org\",\"@graph\":[{\"@type\":\"WebPage\",\"@id\":\"https:\/\/starburstslotgame.net\/download-starburst\/\",\"url\":\"https:\/\/starburstslotgame.net\/download-starburst\/\",\"name\":\"\u0421\u043a\u0430\u0447\u0430\u0442\u044c \u0441\u043b\u043e\u0442 Starburst \u0434\u043b\u044f \u0438\u0433\u0440\u044b \u043d\u0430 \u0434\u0435\u043d\u044c\u0433\u0438\",\"isPartOf\":{\"@id\":\"https:\/\/starburstslotgame.net\/#website\"},\"datePublished\":\"2023-10-17T23:28:21+00:00\",\"dateModified\":\"2024-03-03T19:12:47+00:00\",\"description\":\"\u041a\u0430\u043a \u0441\u043a\u0430\u0447\u0430\u0442\u044c \u0438\u0433\u0440\u0443 Starburst \u043d\u0430 \u0441\u043c\u0430\u0440\u0442\u0444\u043e\u043d \u0410\u043d\u0434\u0440\u043e\u0438\u0434, \u0430\u0439\u0444\u043e\u043d, \u043f\u043b\u0430\u043d\u0448\u0435\u0442, \u041f\u041a. \u0421\u043a\u0430\u0447\u0430\u0442\u044c \u0438 \u0438\u0433\u0440\u0430\u0442\u044c \u0432 Starburst\",\"breadcrumb\":{\"@id\":\"https:\/\/starburstslotgame.net\/download-starburst\/#breadcrumb\"},\"inLanguage\":\"it-IT\",\"potentialAction\":[{\"@type\":\"ReadAction\",\"target\":[\"https:\/\/starburstslotgame.net\/download-starburst\/\"]}]},{\"@type\":\"BreadcrumbList\",\"@id\":\"https:\/\/starburstslotgame.net\/download-starburst\/#breadcrumb\",\"itemListElement\":[{\"@type\":\"ListItem\",\"position\":1,\"name\":\"Home\",\"item\":\"https:\/\/starburstslotgame.net\/\"},{\"@type\":\"ListItem\",\"position\":2,\"name\":\"\u041a\u0430\u043a \u0441\u043a\u0430\u0447\u0430\u0442\u044c \u0438\u0433\u0440\u0443 Starburst\"}]},{\"@type\":\"WebSite\",\"@id\":\"https:\/\/starburstslotgame.net\/#website\",\"url\":\"https:\/\/starburstslotgame.net\/\",\"name\":\"Starburst Slot\",\"description\":\"\",\"publisher\":{\"@id\":\"https:\/\/starburstslotgame.net\/#organization\"},\"potentialAction\":[{\"@type\":\"SearchAction\",\"target\":{\"@type\":\"EntryPoint\",\"urlTemplate\":\"https:\/\/starburstslotgame.net\/?s={search_term_string}\"},\"query-input\":{\"@type\":\"PropertyValueSpecification\",\"valueRequired\":true,\"valueName\":\"search_term_string\"}}],\"inLanguage\":\"it-IT\"},{\"@type\":\"Organization\",\"@id\":\"https:\/\/starburstslotgame.net\/#organization\",\"name\":\"Starburst Slot\",\"url\":\"https:\/\/starburstslotgame.net\/\",\"logo\":{\"@type\":\"ImageObject\",\"inLanguage\":\"it-IT\",\"@id\":\"https:\/\/starburstslotgame.net\/#\/schema\/logo\/image\/\",\"url\":\"https:\/\/starburstslotgame.net\/wp-content\/uploads\/starburst-slot.png\",\"contentUrl\":\"https:\/\/starburstslotgame.net\/wp-content\/uploads\/starburst-slot.png\",\"width\":250,\"height\":187,\"caption\":\"Starburst Slot\"},\"image\":{\"@id\":\"https:\/\/starburstslotgame.net\/#\/schema\/logo\/image\/\"}}]}<\/script>\n<!-- \/ Yoast SEO plugin. -->","yoast_head_json":{"title":"\u0421\u043a\u0430\u0447\u0430\u0442\u044c \u0441\u043b\u043e\u0442 Starburst \u0434\u043b\u044f \u0438\u0433\u0440\u044b \u043d\u0430 \u0434\u0435\u043d\u044c\u0433\u0438","description":"Come scaricare il gioco Starburst sullo smartphone Android, iPhone, tablet, PC. Scarica e gioca a Starburst","robots":{"index":"index","follow":"follow","max-snippet":"max-snippet:-1","max-image-preview":"max-image-preview:large","max-video-preview":"max-video-preview:-1"},"canonical":"https:\/\/starburstslotgame.net\/it\/download-starburst\/","og_locale":"it_IT","og_type":"article","og_title":"\u0421\u043a\u0430\u0447\u0430\u0442\u044c \u0441\u043b\u043e\u0442 Starburst \u0434\u043b\u044f \u0438\u0433\u0440\u044b \u043d\u0430 \u0434\u0435\u043d\u044c\u0433\u0438","og_description":"\u041a\u0430\u043a \u0441\u043a\u0430\u0447\u0430\u0442\u044c \u0438\u0433\u0440\u0443 Starburst \u043d\u0430 \u0441\u043c\u0430\u0440\u0442\u0444\u043e\u043d \u0410\u043d\u0434\u0440\u043e\u0438\u0434, \u0430\u0439\u0444\u043e\u043d, \u043f\u043b\u0430\u043d\u0448\u0435\u0442, \u041f\u041a. \u0421\u043a\u0430\u0447\u0430\u0442\u044c \u0438 \u0438\u0433\u0440\u0430\u0442\u044c \u0432 Starburst","og_url":"https:\/\/starburstslotgame.net\/it\/download-starburst\/","og_site_name":"Starburst Slot","article_modified_time":"2024-03-03T19:12:47+00:00","twitter_card":"summary_large_image","twitter_misc":{"Tempo di lettura stimato":"16 minuti"},"schema":{"@context":"https:\/\/schema.org","@graph":[{"@type":"WebPage","@id":"https:\/\/starburstslotgame.net\/download-starburst\/","url":"https:\/\/starburstslotgame.net\/download-starburst\/","name":"\u0421\u043a\u0430\u0447\u0430\u0442\u044c \u0441\u043b\u043e\u0442 Starburst \u0434\u043b\u044f \u0438\u0433\u0440\u044b \u043d\u0430 \u0434\u0435\u043d\u044c\u0433\u0438","isPartOf":{"@id":"https:\/\/starburstslotgame.net\/#website"},"datePublished":"2023-10-17T23:28:21+00:00","dateModified":"2024-03-03T19:12:47+00:00","description":"\u041a\u0430\u043a \u0441\u043a\u0430\u0447\u0430\u0442\u044c \u0438\u0433\u0440\u0443 Starburst \u043d\u0430 \u0441\u043c\u0430\u0440\u0442\u0444\u043e\u043d \u0410\u043d\u0434\u0440\u043e\u0438\u0434, \u0430\u0439\u0444\u043e\u043d, \u043f\u043b\u0430\u043d\u0448\u0435\u0442, \u041f\u041a. \u0421\u043a\u0430\u0447\u0430\u0442\u044c \u0438 \u0438\u0433\u0440\u0430\u0442\u044c \u0432 Starburst","breadcrumb":{"@id":"https:\/\/starburstslotgame.net\/download-starburst\/#breadcrumb"},"inLanguage":"it-IT","potentialAction":[{"@type":"ReadAction","target":["https:\/\/starburstslotgame.net\/download-starburst\/"]}]},{"@type":"BreadcrumbList","@id":"https:\/\/starburstslotgame.net\/download-starburst\/#breadcrumb","itemListElement":[{"@type":"ListItem","position":1,"name":"Home","item":"https:\/\/starburstslotgame.net\/"},{"@type":"ListItem","position":2,"name":"\u041a\u0430\u043a \u0441\u043a\u0430\u0447\u0430\u0442\u044c \u0438\u0433\u0440\u0443 Starburst"}]},{"@type":"WebSite","@id":"https:\/\/starburstslotgame.net\/#website","url":"https:\/\/starburstslotgame.net\/","name":"Starburst Slot","description":"","publisher":{"@id":"https:\/\/starburstslotgame.net\/#organization"},"potentialAction":[{"@type":"SearchAction","target":{"@type":"EntryPoint","urlTemplate":"https:\/\/starburstslotgame.net\/?s={search_term_string}"},"query-input":{"@type":"PropertyValueSpecification","valueRequired":true,"valueName":"search_term_string"}}],"inLanguage":"it-IT"},{"@type":"Organization","@id":"https:\/\/starburstslotgame.net\/#organization","name":"Starburst Slot","url":"https:\/\/starburstslotgame.net\/","logo":{"@type":"ImageObject","inLanguage":"it-IT","@id":"https:\/\/starburstslotgame.net\/#\/schema\/logo\/image\/","url":"https:\/\/starburstslotgame.net\/wp-content\/uploads\/starburst-slot.png","contentUrl":"https:\/\/starburstslotgame.net\/wp-content\/uploads\/starburst-slot.png","width":250,"height":187,"caption":"Starburst Slot"},"image":{"@id":"https:\/\/starburstslotgame.net\/#\/schema\/logo\/image\/"}}]}},"_links":{"self":[{"href":"https:\/\/starburstslotgame.net\/it\/wp-json\/wp\/v2\/pages\/7","targetHints":{"allow":["GET"]}}],"collection":[{"href":"https:\/\/starburstslotgame.net\/it\/wp-json\/wp\/v2\/pages"}],"about":[{"href":"https:\/\/starburstslotgame.net\/it\/wp-json\/wp\/v2\/types\/page"}],"author":[{"embeddable":true,"href":"https:\/\/starburstslotgame.net\/it\/wp-json\/wp\/v2\/users\/1"}],"replies":[{"embeddable":true,"href":"https:\/\/starburstslotgame.net\/it\/wp-json\/wp\/v2\/comments?post=7"}],"version-history":[{"count":32,"href":"https:\/\/starburstslotgame.net\/it\/wp-json\/wp\/v2\/pages\/7\/revisions"}],"predecessor-version":[{"id":164,"href":"https:\/\/starburstslotgame.net\/it\/wp-json\/wp\/v2\/pages\/7\/revisions\/164"}],"wp:attachment":[{"href":"https:\/\/starburstslotgame.net\/it\/wp-json\/wp\/v2\/media?parent=7"}],"curies":[{"name":"wp","href":"https:\/\/api.w.org\/{rel}","templated":true}]}}