{"id":11,"date":"2023-10-17T23:38:51","date_gmt":"2023-10-17T23:38:51","guid":{"rendered":"https:\/\/starburstslotgame.net\/?page_id=11"},"modified":"2024-03-04T00:19:48","modified_gmt":"2024-03-04T00:19:48","slug":"reviews","status":"publish","type":"page","link":"https:\/\/starburstslotgame.net\/pl\/reviews\/","title":{"rendered":"Recenzje"},"content":{"rendered":"<p>Recenzje automatu Starburst odzwierciedlaj\u0105 r\u00f3\u017cne opinie i do\u015bwiadczenia graczy, kt\u00f3rzy znale\u017ali co\u015b wyj\u0105tkowego dla siebie w Starburst. Czasami s\u0105 to pozytywne recenzje, a czasami negatywne. Ale w ka\u017cdym przypadku s\u0105 to przydatne opinie, kt\u00f3re warto przeczyta\u0107 przed rozpocz\u0119ciem gry w Starburst.<\/p>\n<h3>Temat: Niesamowita grafika i wci\u0105gaj\u0105ca rozgrywka w automacie Starburst<\/h3>\n<p>Starburst jest po prostu zachwycaj\u0105cy! Grafika jest osza\u0142amiaj\u0105ca, i prawie zapomnia\u0142em, \u017ce tak naprawd\u0119 gram na automacie. Nie mog\u0119 si\u0119 doczeka\u0107 nast\u0119pnej gry. Alex, 28 lat.<\/p>\n<h3>Temat: Starburst to \u015bwietny wyb\u00f3r dla pocz\u0105tkuj\u0105cych<\/h3>\n<p>Nigdy wcze\u015bniej nie gra\u0142em w gry hazardowe, ale Starburst sprawi\u0142, \u017ce rozpocz\u0119cie mojej kariery hazardowej by\u0142o niezwykle \u0142atwe i interesuj\u0105ce. Jestem wdzi\u0119czny, \u017ce znalaz\u0142em ten automat i zacz\u0105\u0142em gra\u0107.<\/p>\n<p>Yulia, 23 lata.<\/p>\n<h3>Temat: Du\u017ce wygrane w Starburst!<\/h3>\n<p>Ten automat naprawd\u0119 przynosi szcz\u0119\u015bcie! Ostatnio wygra\u0142em du\u017cego jackpota, i to by\u0142o niesamowicie ekscytuj\u0105ce.<\/p>\n<p>Maxim, 35 lat.<\/p>\n<h3>Temat: Starburst na moim smartfonie<\/h3>\n<p>Doceniam mo\u017cliwo\u015b\u0107 grania w Starburst na moim smartfonie. To \u015bwietny spos\u00f3b na sp\u0119dzenie czasu podczas oczekiwania na co\u015b lub po prostu relaks wieczorem. A mam stary Android, a automat \u015bwietnie dzia\u0142a. To fantastyczne.<\/p>\n<p>Elena, 29 lat.<\/p>\n<h3>Temat: Funkcja Wygrana W Obie Strony.<\/h3>\n<p>Funkcja Wygrana W Obie Strony w Starburst naprawd\u0119 zwi\u0119ksza szanse na wygran\u0105. Sprawi\u0142a, \u017ce gra sta\u0142a si\u0119 bardziej interesuj\u0105ca i dochodowa. To naprawd\u0119 przydatna funkcja automatu.<\/p>\n<p>Igor, 31 lat.<\/p>\n<h3>Temat: Bonusowe kr\u0119cenia w Starburst.<\/h3>\n<p>Uwielbiam, jak symbole dzikie w Starburst mog\u0105 uruchomi\u0107 bonusowe kr\u0119cenia. Zawsze dodaje to dodatkowego podniecenia i wygranych do gry. A ten automat daje ci mo\u017cliwo\u015b\u0107 naprawd\u0119 zarabiania.<\/p>\n<p>Anna, 27 lat.<\/p>\n<h3>Temat: Graj gdziekolwiek i o ka\u017cdej porze.<\/h3>\n<p>Lubi\u0119, \u017ce mog\u0119 gra\u0107 w Starburst o ka\u017cdej porze i w dowolnym miejscu. To doskona\u0142a rozrywka podczas podr\u00f3\u017cy i wakacji. Wystarczy wyci\u0105gn\u0105\u0107 telefon z kieszeni, otworzy\u0107 aplikacj\u0119 kasyna, wybra\u0107 Starburst i zacz\u0105\u0107 gra\u0107.<\/p>\n<p>Daniel, 33 lata.<\/p>\n<h3>Temat: Wspania\u0142a atmosfera i efekty d\u017awi\u0119kowe<\/h3>\n<p>D\u017awi\u0119ki i muzyka w Starburst dodaj\u0105 atmosfery gry. Kiedy gram, czuj\u0119, \u017ce zanurzam si\u0119 w \u015bwiecie hazardu.<\/p>\n<p>Maria, 30 lat.<\/p>\n<h3>Temat: Starburst jako spos\u00f3b na relaks.<\/h3>\n<p>Kiedy mam d\u0142ugi i stresuj\u0105cy dzie\u0144, Starburst pomaga mi si\u0119 zrelaksowa\u0107 i oderwa\u0107 my\u015bli od problem\u00f3w. Ten automat jest bardzo wa\u017cny w moim \u017cyciu.<\/p>\n<p>Piotr, 40 lat.<\/p>\n<h3>Temat: Zawsze jest co\u015b nowego.<\/h3>\n<p>Starburst nigdy si\u0119 nie nudzi, poniewa\u017c zawsze jest co\u015b nowego do odkrycia i eksploracji. To nigdy nie przestaje mnie zadziwia\u0107.<\/p>\n<p>Olga, 26 lat.<\/p>\n","protected":false},"excerpt":{"rendered":"<p>Recenzje automatu Starburst odzwierciedlaj\u0105 r\u00f3\u017cne opinie i do\u015bwiadczenia graczy, kt\u00f3rzy znale\u017ali co\u015b wyj\u0105tkowego dla siebie w Starburst. Czasami s\u0105 to pozytywne recenzje, a czasami negatywne. Ale w ka\u017cdym przypadku s\u0105 to przydatne opinie, kt\u00f3re warto przeczyta\u0107 przed rozpocz\u0119ciem gry w Starburst. Temat: Niesamowita grafika i wci\u0105gaj\u0105ca rozgrywka w automacie Starburst Starburst jest po prostu zachwycaj\u0105cy!&#8230;<\/p>\n","protected":false},"author":1,"featured_media":0,"parent":0,"menu_order":0,"comment_status":"closed","ping_status":"closed","template":"","meta":{"footnotes":""},"class_list":["post-11","page","type-page","status-publish","hentry"],"yoast_head":"<!-- This site is optimized with the Yoast SEO plugin v27.2 - https:\/\/yoast.com\/product\/yoast-seo-wordpress\/ -->\n<title>Recenzje i opinie prawdziwych graczy na temat automatu do gry Starburst<\/title>\n<meta name=\"description\" content=\"Recenzja automatu do gry Starburst - opinie prawdziwych graczy na temat gry online Starburst w najlepszych kasynach internetowych. Szczere recenzje i uczciwa ocena.\" \/>\n<meta name=\"robots\" content=\"index, follow, max-snippet:-1, max-image-preview:large, max-video-preview:-1\" \/>\n<link rel=\"canonical\" href=\"https:\/\/starburstslotgame.net\/pl\/reviews\/\" \/>\n<meta property=\"og:locale\" content=\"pl_PL\" \/>\n<meta property=\"og:locale:alternate\" content=\"en_US\" \/>\n<meta property=\"og:locale:alternate\" content=\"ru_RU\" \/>\n<meta property=\"og:locale:alternate\" content=\"pt_PT\" \/>\n<meta property=\"og:locale:alternate\" content=\"es_ES\" \/>\n<meta property=\"og:locale:alternate\" content=\"it_IT\" \/>\n<meta property=\"og:locale:alternate\" content=\"fr_FR\" \/>\n<meta property=\"og:locale:alternate\" content=\"de_DE\" \/>\n<meta property=\"og:locale:alternate\" content=\"ro_RO\" \/>\n<meta property=\"og:locale:alternate\" content=\"sr_RS\" \/>\n<meta property=\"og:locale:alternate\" content=\"bg_BG\" \/>\n<meta property=\"og:type\" content=\"article\" \/>\n<meta property=\"og:title\" content=\"Recenzje i opinie prawdziwych graczy na temat automatu do gry Starburst\" \/>\n<meta property=\"og:description\" content=\"Recenzja automatu do gry Starburst - opinie prawdziwych graczy na temat gry online Starburst w najlepszych kasynach internetowych. Szczere recenzje i uczciwa ocena.\" \/>\n<meta property=\"og:url\" content=\"https:\/\/starburstslotgame.net\/pl\/reviews\/\" \/>\n<meta property=\"og:site_name\" content=\"Starburst Slot\" \/>\n<meta property=\"article:modified_time\" content=\"2024-03-04T00:19:48+00:00\" \/>\n<meta name=\"twitter:card\" content=\"summary_large_image\" \/>\n<meta name=\"twitter:label1\" content=\"Szacowany czas czytania\" \/>\n\t<meta name=\"twitter:data1\" content=\"18 minut\" \/>\n<script type=\"application\/ld+json\" class=\"yoast-schema-graph\">{\"@context\":\"https:\/\/schema.org\",\"@graph\":[{\"@type\":\"WebPage\",\"@id\":\"https:\/\/starburstslotgame.net\/pl\/reviews\/\",\"url\":\"https:\/\/starburstslotgame.net\/pl\/reviews\/\",\"name\":\"Recenzje i opinie prawdziwych graczy na temat automatu do gry Starburst\",\"isPartOf\":{\"@id\":\"https:\/\/starburstslotgame.net\/#website\"},\"datePublished\":\"2023-10-17T23:38:51+00:00\",\"dateModified\":\"2024-03-04T00:19:48+00:00\",\"description\":\"Recenzja automatu do gry Starburst - opinie prawdziwych graczy na temat gry online Starburst w najlepszych kasynach internetowych. Szczere recenzje i uczciwa ocena.\",\"breadcrumb\":{\"@id\":\"https:\/\/starburstslotgame.net\/pl\/reviews\/#breadcrumb\"},\"inLanguage\":\"pl-PL\",\"potentialAction\":[{\"@type\":\"ReadAction\",\"target\":[\"https:\/\/starburstslotgame.net\/pl\/reviews\/\"]}]},{\"@type\":\"BreadcrumbList\",\"@id\":\"https:\/\/starburstslotgame.net\/pl\/reviews\/#breadcrumb\",\"itemListElement\":[{\"@type\":\"ListItem\",\"position\":1,\"name\":\"Home\",\"item\":\"https:\/\/starburstslotgame.net\/\"},{\"@type\":\"ListItem\",\"position\":2,\"name\":\"Recenzje\"}]},{\"@type\":\"WebSite\",\"@id\":\"https:\/\/starburstslotgame.net\/#website\",\"url\":\"https:\/\/starburstslotgame.net\/\",\"name\":\"Starburst Slot\",\"description\":\"\",\"publisher\":{\"@id\":\"https:\/\/starburstslotgame.net\/#organization\"},\"potentialAction\":[{\"@type\":\"SearchAction\",\"target\":{\"@type\":\"EntryPoint\",\"urlTemplate\":\"https:\/\/starburstslotgame.net\/?s={search_term_string}\"},\"query-input\":{\"@type\":\"PropertyValueSpecification\",\"valueRequired\":true,\"valueName\":\"search_term_string\"}}],\"inLanguage\":\"pl-PL\"},{\"@type\":\"Organization\",\"@id\":\"https:\/\/starburstslotgame.net\/#organization\",\"name\":\"Starburst Slot\",\"url\":\"https:\/\/starburstslotgame.net\/\",\"logo\":{\"@type\":\"ImageObject\",\"inLanguage\":\"pl-PL\",\"@id\":\"https:\/\/starburstslotgame.net\/#\/schema\/logo\/image\/\",\"url\":\"https:\/\/starburstslotgame.net\/wp-content\/uploads\/starburst-slot.png\",\"contentUrl\":\"https:\/\/starburstslotgame.net\/wp-content\/uploads\/starburst-slot.png\",\"width\":250,\"height\":187,\"caption\":\"Starburst Slot\"},\"image\":{\"@id\":\"https:\/\/starburstslotgame.net\/#\/schema\/logo\/image\/\"}}]}<\/script>\n<!-- \/ Yoast SEO plugin. -->","yoast_head_json":{"title":"Recenzje i opinie prawdziwych graczy na temat automatu do gry Starburst","description":"Recenzja automatu do gry Starburst - opinie prawdziwych graczy na temat gry online Starburst w najlepszych kasynach internetowych. Szczere recenzje i uczciwa ocena.","robots":{"index":"index","follow":"follow","max-snippet":"max-snippet:-1","max-image-preview":"max-image-preview:large","max-video-preview":"max-video-preview:-1"},"canonical":"https:\/\/starburstslotgame.net\/pl\/reviews\/","og_locale":"pl_PL","og_type":"article","og_title":"Recenzje i opinie prawdziwych graczy na temat automatu do gry Starburst","og_description":"Recenzja automatu do gry Starburst - opinie prawdziwych graczy na temat gry online Starburst w najlepszych kasynach internetowych. Szczere recenzje i uczciwa ocena.","og_url":"https:\/\/starburstslotgame.net\/pl\/reviews\/","og_site_name":"Starburst Slot","article_modified_time":"2024-03-04T00:19:48+00:00","twitter_card":"summary_large_image","twitter_misc":{"Szacowany czas czytania":"18 minut"},"schema":{"@context":"https:\/\/schema.org","@graph":[{"@type":"WebPage","@id":"https:\/\/starburstslotgame.net\/pl\/reviews\/","url":"https:\/\/starburstslotgame.net\/pl\/reviews\/","name":"Recenzje i opinie prawdziwych graczy na temat automatu do gry Starburst","isPartOf":{"@id":"https:\/\/starburstslotgame.net\/#website"},"datePublished":"2023-10-17T23:38:51+00:00","dateModified":"2024-03-04T00:19:48+00:00","description":"Recenzja automatu do gry Starburst - opinie prawdziwych graczy na temat gry online Starburst w najlepszych kasynach internetowych. Szczere recenzje i uczciwa ocena.","breadcrumb":{"@id":"https:\/\/starburstslotgame.net\/pl\/reviews\/#breadcrumb"},"inLanguage":"pl-PL","potentialAction":[{"@type":"ReadAction","target":["https:\/\/starburstslotgame.net\/pl\/reviews\/"]}]},{"@type":"BreadcrumbList","@id":"https:\/\/starburstslotgame.net\/pl\/reviews\/#breadcrumb","itemListElement":[{"@type":"ListItem","position":1,"name":"Home","item":"https:\/\/starburstslotgame.net\/"},{"@type":"ListItem","position":2,"name":"Recenzje"}]},{"@type":"WebSite","@id":"https:\/\/starburstslotgame.net\/#website","url":"https:\/\/starburstslotgame.net\/","name":"Starburst Slot","description":"","publisher":{"@id":"https:\/\/starburstslotgame.net\/#organization"},"potentialAction":[{"@type":"SearchAction","target":{"@type":"EntryPoint","urlTemplate":"https:\/\/starburstslotgame.net\/?s={search_term_string}"},"query-input":{"@type":"PropertyValueSpecification","valueRequired":true,"valueName":"search_term_string"}}],"inLanguage":"pl-PL"},{"@type":"Organization","@id":"https:\/\/starburstslotgame.net\/#organization","name":"Starburst Slot","url":"https:\/\/starburstslotgame.net\/","logo":{"@type":"ImageObject","inLanguage":"pl-PL","@id":"https:\/\/starburstslotgame.net\/#\/schema\/logo\/image\/","url":"https:\/\/starburstslotgame.net\/wp-content\/uploads\/starburst-slot.png","contentUrl":"https:\/\/starburstslotgame.net\/wp-content\/uploads\/starburst-slot.png","width":250,"height":187,"caption":"Starburst Slot"},"image":{"@id":"https:\/\/starburstslotgame.net\/#\/schema\/logo\/image\/"}}]}},"_links":{"self":[{"href":"https:\/\/starburstslotgame.net\/pl\/wp-json\/wp\/v2\/pages\/11","targetHints":{"allow":["GET"]}}],"collection":[{"href":"https:\/\/starburstslotgame.net\/pl\/wp-json\/wp\/v2\/pages"}],"about":[{"href":"https:\/\/starburstslotgame.net\/pl\/wp-json\/wp\/v2\/types\/page"}],"author":[{"embeddable":true,"href":"https:\/\/starburstslotgame.net\/pl\/wp-json\/wp\/v2\/users\/1"}],"replies":[{"embeddable":true,"href":"https:\/\/starburstslotgame.net\/pl\/wp-json\/wp\/v2\/comments?post=11"}],"version-history":[{"count":24,"href":"https:\/\/starburstslotgame.net\/pl\/wp-json\/wp\/v2\/pages\/11\/revisions"}],"predecessor-version":[{"id":165,"href":"https:\/\/starburstslotgame.net\/pl\/wp-json\/wp\/v2\/pages\/11\/revisions\/165"}],"wp:attachment":[{"href":"https:\/\/starburstslotgame.net\/pl\/wp-json\/wp\/v2\/media?parent=11"}],"curies":[{"name":"wp","href":"https:\/\/api.w.org\/{rel}","templated":true}]}}