{"id":13,"date":"2023-10-17T23:39:35","date_gmt":"2023-10-17T23:39:35","guid":{"rendered":"https:\/\/starburstslotgame.net\/?page_id=13"},"modified":"2024-03-04T10:48:19","modified_gmt":"2024-03-04T10:48:19","slug":"strategies","status":"publish","type":"page","link":"https:\/\/starburstslotgame.net\/pl\/strategies\/","title":{"rendered":"Strategie gry w slot Starburst: jak zwi\u0119kszy\u0107 swoje szanse na wygran\u0105"},"content":{"rendered":"<p>Automat do gry Starburst, opracowany przez NetEnt, jest jednym z najbardziej popularnych i ekscytuj\u0105cych internetowych automat\u00f3w do gier hazardowych. Ten automat jest znany z \u017cywej grafiki, ekscytuj\u0105cej rozgrywki i potencja\u0142u na du\u017ce wygrane. Ale czy istniej\u0105 strategie, kt\u00f3re mog\u0105 pom\u00f3c zwi\u0119kszy\u0107 szanse na sukces w Starburst? Nie jeste\u015bmy pewni, ale rozwa\u017cmy kilka przydatnych wskaz\u00f3wek. \u015aledzenie tych wskaz\u00f3wek nie zagwarantuje ci wygranej, ale z pewno\u015bci\u0105 znacznie zwi\u0119kszy twoje szanse. Wi\u0119c oto kilka wskaz\u00f3wek, jak gra\u0107 i wygrywa\u0107 w Starburst.<\/p>\n<h3>Zapoznaj si\u0119 z zasadami gry na automacie Starburst<\/h3>\n<p>Zanim zaczniesz gra\u0107 w Starburst, wa\u017cne jest, aby zapozna\u0107 si\u0119 z zasadami i funkcjami tego automatu. Zrozumienie, jak dzia\u0142aj\u0105 symbole, linie wyp\u0142at i bonusy, pomo\u017ce ci podejmowa\u0107 bardziej \u015bwiadome decyzje podczas gry. Dlatego zalecamy po\u015bwi\u0119cenie kilku minut na przeczytanie zasad gry na automacie Starburst.<\/p>\n<h3>Ustal bud\u017cet i limity<\/h3>\n<p>Okre\u015bl kwot\u0119, kt\u00f3r\u0105 jeste\u015b got\u00f3w przeznaczy\u0107 na gr\u0119 w Starburst i trzymaj si\u0119 tego bud\u017cetu. pomo\u017ce to unikn\u0105\u0107 niepo\u017c\u0105danych strat finansowych i zachowa\u0107 kontrol\u0119 nad wydatkami. Innymi s\u0142owy, je\u015bli ustalisz kwot\u0119, kt\u00f3rej nie \u017cal ci straci\u0107, b\u0119dzie to lepsze dla ciebie.<\/p>\n<h3>Graj na maksymalnych zak\u0142adach<\/h3>\n<p>Starburst posiada funkcj\u0119 Win Both Ways, co oznacza, \u017ce mo\u017cesz wygrywa\u0107 zar\u00f3wno od lewej do prawej, jak i od prawej do lewej. Aby zwi\u0119kszy\u0107 swoje szanse na wygran\u0105, rozwa\u017c zwi\u0119kszenie zak\u0142ad\u00f3w do maksimum, ale nie zapomnij kontrolowa\u0107 swojego bud\u017cetu. Kluczem tutaj jest zatrzymanie si\u0119 na czas.<\/p>\n<h3>Korzystaj z bonus\u00f3w i promocji<\/h3>\n<p>Wiele kasyn internetowych oferuje bonusy i promocje zwi\u0105zane z Starburst. Mog\u0105 to by\u0107 darmowe spiny lub dodatkowe bonusy przy depozycie. Wykorzystaj te oferty, aby zwi\u0119kszy\u0107 sw\u00f3j kapita\u0142 pocz\u0105tkowy i zwi\u0119kszy\u0107 swoje szanse na wygran\u0105.<\/p>\n<h3>\u0106wicz w trybie demo<\/h3>\n<p>Wiele kasyn internetowych umo\u017cliwia gr\u0119 w Starburst w trybie demo. To szansa na darmow\u0105 gr\u0119 w Starburst. To doskona\u0142y spos\u00f3b na zapoznanie si\u0119 z gr\u0105 i opracowanie strategii bez ryzyka utraty prawdziwych pieni\u0119dzy.<\/p>\n<h3>Zarz\u0105dzaj swoimi emocjami<\/h3>\n<p>By\u0107 mo\u017ce doszli\u015bmy do jednego z najwa\u017cniejszych punkt\u00f3w. Jedn\u0105 z kluczowych strategii sukcesu w ka\u017cdej grze hazardowej jest kontrola emocji. Nie pozw\u00f3l, aby z\u0142o\u015b\u0107 lub rozczarowanie kontrolowa\u0142y twoje dzia\u0142ania. Zachowaj spok\u00f3j i racjonalno\u015b\u0107. Pomo\u017ce to wygra\u0107 prawdziwe pieni\u0105dze, chocia\u017c rozumiemy, \u017ce emocje czasami mog\u0105 si\u0119ga\u0107 zenitu.<\/p>\n<h3>Ustal cele<\/h3>\n<p>Ustal cele dla siebie podczas gry. Na przyk\u0142ad mo\u017cesz ustawi\u0107 cel wygranej kwoty, po osi\u0105gni\u0119ciu kt\u00f3rej planujesz zako\u0144czy\u0107 sesj\u0119. Pomo\u017ce to zachowa\u0107 twoje wygrane i unikn\u0105\u0107 strat. Czy grasz w Starburst na prawdziwe pieni\u0105dze czy tylko dla zabawy? Odpowied\u017a na to pytanie okre\u015bli, kt\u00f3ra strategia b\u0119dzie dla ciebie najlepsza.<\/p>\n<h3>Graj na wiarygodnych stronach kasyn internetowych<\/h3>\n<p>Wybierz wiarygodne i licencjonowane kasyna internetowe, aby zapewni\u0107 uczciwo\u015b\u0107 i prawo\u015b\u0107 gry. Pomo\u017ce to r\u00f3wnie\u017c unikn\u0105\u0107 oszustw i zagwarantowa\u0107 bezpiecze\u0144stwo twoich finans\u00f3w. Przecie\u017c nie ma nic bardziej frustruj\u0105cego ni\u017c wygranie du\u017cej sumy pieni\u0119dzy, a kasyno odmawia wyp\u0142aty z jakiego\u015b wymy\u015blonego powodu. Ponadto, w licencjonowanym kasynie internetowym b\u0119dziesz gra\u0107 w licencjonowan\u0105 wersj\u0119 automatu Starburst.<\/p>\n<h3>B\u0105d\u017a gotowy na ekscytuj\u0105c\u0105 podr\u00f3\u017c<\/h3>\n<p>Starburst to gra losowa, a czasami szcz\u0119\u015bcie mo\u017ce nie by\u0107 po twojej stronie. B\u0105d\u017a gotowy na wzloty i upadki i ciesz si\u0119 procesem gry. Sp\u00f3jrz na swoj\u0105 drog\u0119 w grze jak na przygod\u0119 samuraja.<\/p>\n<h3>Ciesz si\u0119 gr\u0105 w Starburst<\/h3>\n<p>Gra w Starburst powinna przynosi\u0107 rado\u015b\u0107, bez wzgl\u0119du na wynik. Ciesz si\u0119 gr\u0105, jej d\u017awi\u0119kami i projektami wizualnymi, a wygrane b\u0119d\u0105 przyjemnym bonusem. Nawet w pora\u017cce s\u0105 plusy. To do\u015b\u0107 specyficzny poziom przyjemno\u015bci, ale s\u0105 to emocje, kt\u00f3rych mo\u017cesz szuka\u0107.<\/p>\n<p>Strategie gry na automacie Starburst mog\u0105 pom\u00f3c zwi\u0119kszy\u0107 twoje szanse na sukces i uczyni\u0107 twoj\u0105 sesj\u0119 gry bardziej ekscytuj\u0105c\u0105. Jednak pami\u0119taj, \u017ce hazard zawsze wi\u0105\u017ce si\u0119 z ryzykiem, wi\u0119c graj odpowiedzialnie. Powodzenia w twoich przygodach hazardowych na b\u0119bnach Starburst!<\/p>\n","protected":false},"excerpt":{"rendered":"<p>Automat do gry Starburst, opracowany przez NetEnt, jest jednym z najbardziej popularnych i ekscytuj\u0105cych internetowych automat\u00f3w do gier hazardowych. Ten automat jest znany z \u017cywej grafiki, ekscytuj\u0105cej rozgrywki i potencja\u0142u na du\u017ce wygrane. Ale czy istniej\u0105 strategie, kt\u00f3re mog\u0105 pom\u00f3c zwi\u0119kszy\u0107 szanse na sukces w Starburst? Nie jeste\u015bmy pewni, ale rozwa\u017cmy kilka przydatnych wskaz\u00f3wek. \u015aledzenie&#8230;<\/p>\n","protected":false},"author":1,"featured_media":0,"parent":0,"menu_order":0,"comment_status":"closed","ping_status":"closed","template":"","meta":{"footnotes":""},"class_list":["post-13","page","type-page","status-publish","hentry"],"yoast_head":"<!-- This site is optimized with the Yoast SEO plugin v27.2 - https:\/\/yoast.com\/product\/yoast-seo-wordpress\/ -->\n<title>\u0421\u0442\u0440\u0430\u0442\u0435\u0433\u0438\u0438 \u0437\u0430 \u0438\u0433\u0440\u0430 \u043d\u0430 \u0441\u043b\u043e\u0442 Starburst: \u043a\u0430\u043a \u0434\u0430 \u0438\u0433\u0440\u0430\u0435\u0442\u0435 \u0438 \u0434\u0430 \u0441\u043f\u0435\u0447\u0435\u043b\u0438\u0442\u0435<\/title>\n<meta name=\"description\" content=\"Jak gra\u0107 i wygrywa\u0107 na automacie Starburst. Najlepsze strategie i taktyki gry w Starburst dla graczy kasyn online.\" \/>\n<meta name=\"robots\" content=\"index, follow, max-snippet:-1, max-image-preview:large, max-video-preview:-1\" \/>\n<link rel=\"canonical\" href=\"https:\/\/starburstslotgame.net\/pl\/strategies\/\" \/>\n<meta property=\"og:locale\" content=\"pl_PL\" \/>\n<meta property=\"og:locale:alternate\" content=\"en_US\" \/>\n<meta property=\"og:locale:alternate\" content=\"ru_RU\" \/>\n<meta property=\"og:locale:alternate\" content=\"pt_PT\" \/>\n<meta property=\"og:locale:alternate\" content=\"es_ES\" \/>\n<meta property=\"og:locale:alternate\" content=\"it_IT\" \/>\n<meta property=\"og:locale:alternate\" content=\"fr_FR\" \/>\n<meta property=\"og:locale:alternate\" content=\"de_DE\" \/>\n<meta property=\"og:locale:alternate\" content=\"ro_RO\" \/>\n<meta property=\"og:locale:alternate\" content=\"sr_RS\" \/>\n<meta property=\"og:locale:alternate\" content=\"bg_BG\" \/>\n<meta property=\"og:type\" content=\"article\" \/>\n<meta property=\"og:title\" content=\"\u0421\u0442\u0440\u0430\u0442\u0435\u0433\u0438\u0438 \u0437\u0430 \u0438\u0433\u0440\u0430 \u043d\u0430 \u0441\u043b\u043e\u0442 Starburst: \u043a\u0430\u043a \u0434\u0430 \u0438\u0433\u0440\u0430\u0435\u0442\u0435 \u0438 \u0434\u0430 \u0441\u043f\u0435\u0447\u0435\u043b\u0438\u0442\u0435\" \/>\n<meta property=\"og:description\" content=\"\u041a\u0430\u043a \u0434\u0430 \u0438\u0433\u0440\u0430\u0435\u0442\u0435 \u0438 \u0434\u0430 \u0441\u043f\u0435\u0447\u0435\u043b\u0438\u0442\u0435 \u043d\u0430 \u0441\u043b\u043e\u0442 \u043c\u0430\u0448\u0438\u043d\u0430 Starburst. \u041d\u0430\u0439-\u0434\u043e\u0431\u0440\u0438\u0442\u0435 \u0441\u0442\u0440\u0430\u0442\u0435\u0433\u0438\u0438 \u0438 \u0442\u0430\u043a\u0442\u0438\u043a\u0438 \u0437\u0430 \u0438\u0433\u0440\u0430 \u043d\u0430 Starburst \u0437\u0430 \u043e\u043d\u043b\u0430\u0439\u043d \u043a\u0430\u0437\u0438\u043d\u043e \u0438\u0433\u0440\u0430\u0447\u0438.\" \/>\n<meta property=\"og:url\" content=\"https:\/\/starburstslotgame.net\/pl\/strategies\/\" \/>\n<meta property=\"og:site_name\" content=\"Starburst Slot\" \/>\n<meta property=\"article:modified_time\" content=\"2024-03-04T10:48:19+00:00\" \/>\n<meta name=\"twitter:card\" content=\"summary_large_image\" \/>\n<meta name=\"twitter:label1\" content=\"Szacowany czas czytania\" \/>\n\t<meta name=\"twitter:data1\" content=\"30 minut\" \/>\n<script type=\"application\/ld+json\" class=\"yoast-schema-graph\">{\"@context\":\"https:\/\/schema.org\",\"@graph\":[{\"@type\":\"WebPage\",\"@id\":\"https:\/\/starburstslotgame.net\/bg\/strategies\/\",\"url\":\"https:\/\/starburstslotgame.net\/bg\/strategies\/\",\"name\":\"\u0421\u0442\u0440\u0430\u0442\u0435\u0433\u0438\u0438 \u0437\u0430 \u0438\u0433\u0440\u0430 \u043d\u0430 \u0441\u043b\u043e\u0442 Starburst: \u043a\u0430\u043a \u0434\u0430 \u0438\u0433\u0440\u0430\u0435\u0442\u0435 \u0438 \u0434\u0430 \u0441\u043f\u0435\u0447\u0435\u043b\u0438\u0442\u0435\",\"isPartOf\":{\"@id\":\"https:\/\/starburstslotgame.net\/#website\"},\"datePublished\":\"2023-10-17T23:39:35+00:00\",\"dateModified\":\"2024-03-04T10:48:19+00:00\",\"description\":\"\u041a\u0430\u043a \u0434\u0430 \u0438\u0433\u0440\u0430\u0435\u0442\u0435 \u0438 \u0434\u0430 \u0441\u043f\u0435\u0447\u0435\u043b\u0438\u0442\u0435 \u043d\u0430 \u0441\u043b\u043e\u0442 \u043c\u0430\u0448\u0438\u043d\u0430 Starburst. \u041d\u0430\u0439-\u0434\u043e\u0431\u0440\u0438\u0442\u0435 \u0441\u0442\u0440\u0430\u0442\u0435\u0433\u0438\u0438 \u0438 \u0442\u0430\u043a\u0442\u0438\u043a\u0438 \u0437\u0430 \u0438\u0433\u0440\u0430 \u043d\u0430 Starburst \u0437\u0430 \u043e\u043d\u043b\u0430\u0439\u043d \u043a\u0430\u0437\u0438\u043d\u043e \u0438\u0433\u0440\u0430\u0447\u0438.\",\"breadcrumb\":{\"@id\":\"https:\/\/starburstslotgame.net\/bg\/strategies\/#breadcrumb\"},\"inLanguage\":\"pl-PL\",\"potentialAction\":[{\"@type\":\"ReadAction\",\"target\":[\"https:\/\/starburstslotgame.net\/bg\/strategies\/\"]}]},{\"@type\":\"BreadcrumbList\",\"@id\":\"https:\/\/starburstslotgame.net\/bg\/strategies\/#breadcrumb\",\"itemListElement\":[{\"@type\":\"ListItem\",\"position\":1,\"name\":\"Home\",\"item\":\"https:\/\/starburstslotgame.net\/\"},{\"@type\":\"ListItem\",\"position\":2,\"name\":\"\u0421\u0442\u0440\u0430\u0442\u0435\u0433\u0438\u0438 \u0437\u0430 \u0438\u0433\u0440\u0430 \u043d\u0430 \u0441\u043b\u043e\u0442 Starburst: \u043a\u0430\u043a \u0434\u0430 \u0443\u0432\u0435\u043b\u0438\u0447\u0438\u0442\u0435 \u0448\u0430\u043d\u0441\u043e\u0432\u0435\u0442\u0435 \u0441\u0438 \u0437\u0430 \u043f\u0435\u0447\u0430\u043b\u0431\u0430\"}]},{\"@type\":\"WebSite\",\"@id\":\"https:\/\/starburstslotgame.net\/#website\",\"url\":\"https:\/\/starburstslotgame.net\/\",\"name\":\"Starburst Slot\",\"description\":\"\",\"publisher\":{\"@id\":\"https:\/\/starburstslotgame.net\/#organization\"},\"potentialAction\":[{\"@type\":\"SearchAction\",\"target\":{\"@type\":\"EntryPoint\",\"urlTemplate\":\"https:\/\/starburstslotgame.net\/?s={search_term_string}\"},\"query-input\":{\"@type\":\"PropertyValueSpecification\",\"valueRequired\":true,\"valueName\":\"search_term_string\"}}],\"inLanguage\":\"pl-PL\"},{\"@type\":\"Organization\",\"@id\":\"https:\/\/starburstslotgame.net\/#organization\",\"name\":\"Starburst Slot\",\"url\":\"https:\/\/starburstslotgame.net\/\",\"logo\":{\"@type\":\"ImageObject\",\"inLanguage\":\"pl-PL\",\"@id\":\"https:\/\/starburstslotgame.net\/#\/schema\/logo\/image\/\",\"url\":\"https:\/\/starburstslotgame.net\/wp-content\/uploads\/starburst-slot.png\",\"contentUrl\":\"https:\/\/starburstslotgame.net\/wp-content\/uploads\/starburst-slot.png\",\"width\":250,\"height\":187,\"caption\":\"Starburst Slot\"},\"image\":{\"@id\":\"https:\/\/starburstslotgame.net\/#\/schema\/logo\/image\/\"}}]}<\/script>\n<!-- \/ Yoast SEO plugin. -->","yoast_head_json":{"title":"\u0421\u0442\u0440\u0430\u0442\u0435\u0433\u0438\u0438 \u0437\u0430 \u0438\u0433\u0440\u0430 \u043d\u0430 \u0441\u043b\u043e\u0442 Starburst: \u043a\u0430\u043a \u0434\u0430 \u0438\u0433\u0440\u0430\u0435\u0442\u0435 \u0438 \u0434\u0430 \u0441\u043f\u0435\u0447\u0435\u043b\u0438\u0442\u0435","description":"Jak gra\u0107 i wygrywa\u0107 na automacie Starburst. Najlepsze strategie i taktyki gry w Starburst dla graczy kasyn online.","robots":{"index":"index","follow":"follow","max-snippet":"max-snippet:-1","max-image-preview":"max-image-preview:large","max-video-preview":"max-video-preview:-1"},"canonical":"https:\/\/starburstslotgame.net\/pl\/strategies\/","og_locale":"pl_PL","og_type":"article","og_title":"\u0421\u0442\u0440\u0430\u0442\u0435\u0433\u0438\u0438 \u0437\u0430 \u0438\u0433\u0440\u0430 \u043d\u0430 \u0441\u043b\u043e\u0442 Starburst: \u043a\u0430\u043a \u0434\u0430 \u0438\u0433\u0440\u0430\u0435\u0442\u0435 \u0438 \u0434\u0430 \u0441\u043f\u0435\u0447\u0435\u043b\u0438\u0442\u0435","og_description":"\u041a\u0430\u043a \u0434\u0430 \u0438\u0433\u0440\u0430\u0435\u0442\u0435 \u0438 \u0434\u0430 \u0441\u043f\u0435\u0447\u0435\u043b\u0438\u0442\u0435 \u043d\u0430 \u0441\u043b\u043e\u0442 \u043c\u0430\u0448\u0438\u043d\u0430 Starburst. \u041d\u0430\u0439-\u0434\u043e\u0431\u0440\u0438\u0442\u0435 \u0441\u0442\u0440\u0430\u0442\u0435\u0433\u0438\u0438 \u0438 \u0442\u0430\u043a\u0442\u0438\u043a\u0438 \u0437\u0430 \u0438\u0433\u0440\u0430 \u043d\u0430 Starburst \u0437\u0430 \u043e\u043d\u043b\u0430\u0439\u043d \u043a\u0430\u0437\u0438\u043d\u043e \u0438\u0433\u0440\u0430\u0447\u0438.","og_url":"https:\/\/starburstslotgame.net\/pl\/strategies\/","og_site_name":"Starburst Slot","article_modified_time":"2024-03-04T10:48:19+00:00","twitter_card":"summary_large_image","twitter_misc":{"Szacowany czas czytania":"30 minut"},"schema":{"@context":"https:\/\/schema.org","@graph":[{"@type":"WebPage","@id":"https:\/\/starburstslotgame.net\/bg\/strategies\/","url":"https:\/\/starburstslotgame.net\/bg\/strategies\/","name":"\u0421\u0442\u0440\u0430\u0442\u0435\u0433\u0438\u0438 \u0437\u0430 \u0438\u0433\u0440\u0430 \u043d\u0430 \u0441\u043b\u043e\u0442 Starburst: \u043a\u0430\u043a \u0434\u0430 \u0438\u0433\u0440\u0430\u0435\u0442\u0435 \u0438 \u0434\u0430 \u0441\u043f\u0435\u0447\u0435\u043b\u0438\u0442\u0435","isPartOf":{"@id":"https:\/\/starburstslotgame.net\/#website"},"datePublished":"2023-10-17T23:39:35+00:00","dateModified":"2024-03-04T10:48:19+00:00","description":"\u041a\u0430\u043a \u0434\u0430 \u0438\u0433\u0440\u0430\u0435\u0442\u0435 \u0438 \u0434\u0430 \u0441\u043f\u0435\u0447\u0435\u043b\u0438\u0442\u0435 \u043d\u0430 \u0441\u043b\u043e\u0442 \u043c\u0430\u0448\u0438\u043d\u0430 Starburst. \u041d\u0430\u0439-\u0434\u043e\u0431\u0440\u0438\u0442\u0435 \u0441\u0442\u0440\u0430\u0442\u0435\u0433\u0438\u0438 \u0438 \u0442\u0430\u043a\u0442\u0438\u043a\u0438 \u0437\u0430 \u0438\u0433\u0440\u0430 \u043d\u0430 Starburst \u0437\u0430 \u043e\u043d\u043b\u0430\u0439\u043d \u043a\u0430\u0437\u0438\u043d\u043e \u0438\u0433\u0440\u0430\u0447\u0438.","breadcrumb":{"@id":"https:\/\/starburstslotgame.net\/bg\/strategies\/#breadcrumb"},"inLanguage":"pl-PL","potentialAction":[{"@type":"ReadAction","target":["https:\/\/starburstslotgame.net\/bg\/strategies\/"]}]},{"@type":"BreadcrumbList","@id":"https:\/\/starburstslotgame.net\/bg\/strategies\/#breadcrumb","itemListElement":[{"@type":"ListItem","position":1,"name":"Home","item":"https:\/\/starburstslotgame.net\/"},{"@type":"ListItem","position":2,"name":"\u0421\u0442\u0440\u0430\u0442\u0435\u0433\u0438\u0438 \u0437\u0430 \u0438\u0433\u0440\u0430 \u043d\u0430 \u0441\u043b\u043e\u0442 Starburst: \u043a\u0430\u043a \u0434\u0430 \u0443\u0432\u0435\u043b\u0438\u0447\u0438\u0442\u0435 \u0448\u0430\u043d\u0441\u043e\u0432\u0435\u0442\u0435 \u0441\u0438 \u0437\u0430 \u043f\u0435\u0447\u0430\u043b\u0431\u0430"}]},{"@type":"WebSite","@id":"https:\/\/starburstslotgame.net\/#website","url":"https:\/\/starburstslotgame.net\/","name":"Starburst Slot","description":"","publisher":{"@id":"https:\/\/starburstslotgame.net\/#organization"},"potentialAction":[{"@type":"SearchAction","target":{"@type":"EntryPoint","urlTemplate":"https:\/\/starburstslotgame.net\/?s={search_term_string}"},"query-input":{"@type":"PropertyValueSpecification","valueRequired":true,"valueName":"search_term_string"}}],"inLanguage":"pl-PL"},{"@type":"Organization","@id":"https:\/\/starburstslotgame.net\/#organization","name":"Starburst Slot","url":"https:\/\/starburstslotgame.net\/","logo":{"@type":"ImageObject","inLanguage":"pl-PL","@id":"https:\/\/starburstslotgame.net\/#\/schema\/logo\/image\/","url":"https:\/\/starburstslotgame.net\/wp-content\/uploads\/starburst-slot.png","contentUrl":"https:\/\/starburstslotgame.net\/wp-content\/uploads\/starburst-slot.png","width":250,"height":187,"caption":"Starburst Slot"},"image":{"@id":"https:\/\/starburstslotgame.net\/#\/schema\/logo\/image\/"}}]}},"_links":{"self":[{"href":"https:\/\/starburstslotgame.net\/pl\/wp-json\/wp\/v2\/pages\/13","targetHints":{"allow":["GET"]}}],"collection":[{"href":"https:\/\/starburstslotgame.net\/pl\/wp-json\/wp\/v2\/pages"}],"about":[{"href":"https:\/\/starburstslotgame.net\/pl\/wp-json\/wp\/v2\/types\/page"}],"author":[{"embeddable":true,"href":"https:\/\/starburstslotgame.net\/pl\/wp-json\/wp\/v2\/users\/1"}],"replies":[{"embeddable":true,"href":"https:\/\/starburstslotgame.net\/pl\/wp-json\/wp\/v2\/comments?post=13"}],"version-history":[{"count":23,"href":"https:\/\/starburstslotgame.net\/pl\/wp-json\/wp\/v2\/pages\/13\/revisions"}],"predecessor-version":[{"id":80,"href":"https:\/\/starburstslotgame.net\/pl\/wp-json\/wp\/v2\/pages\/13\/revisions\/80"}],"wp:attachment":[{"href":"https:\/\/starburstslotgame.net\/pl\/wp-json\/wp\/v2\/media?parent=13"}],"curies":[{"name":"wp","href":"https:\/\/api.w.org\/{rel}","templated":true}]}}