{"id":7,"date":"2023-10-17T23:28:21","date_gmt":"2023-10-17T23:28:21","guid":{"rendered":"https:\/\/starburstslotgame.net\/?page_id=7"},"modified":"2024-03-03T19:12:47","modified_gmt":"2024-03-03T19:12:47","slug":"download-starburst","status":"publish","type":"page","link":"https:\/\/starburstslotgame.net\/pl\/download-starburst\/","title":{"rendered":"Jak pobra\u0107 gr\u0119 Starburst"},"content":{"rendered":"<p>Gra Starburst to jedna z najpopularniejszych gier slotowych online, i je\u015bli liczy\u0142e\u015b na to, \u017ce b\u0119dziesz m\u00f3g\u0142 j\u0105 mie\u0107 na swoim komputerze lub urz\u0105dzeniu mobilnym, czeka ci\u0119 nieco nieciekawa wiadomo\u015b\u0107. Chocia\u017c Starburst jest obecnie dost\u0119pny do grania online bez konieczno\u015bci pobierania, mo\u017cesz cieszy\u0107 si\u0119 t\u0105 magiczn\u0105 gr\u0105 tylko wtedy, gdy masz po\u0142\u0105czenie internetowe.<\/p>\n<h2><strong>Pobieranie Starburst na komputer PC<\/strong><\/h2>\n<p>Przeanalizujmy opcje pobierania gry Starburst na tw\u00f3j komputer osobisty.<\/p>\n<ol>\n<li><strong>Wybierz odpowiednie kasyno<\/strong><\/li>\n<\/ol>\n<p>Po pierwsze, b\u0119dziesz musia\u0142 wybra\u0107 wiarygodne kasyno online, kt\u00f3re oferuje Starburst do pobrania. Upewnij si\u0119, \u017ce wybrane kasyno jest kompatybilne z Twoim systemem operacyjnym (Windows lub Mac). Jest to kluczowe podczas procesu pobierania gry Starburst.<\/p>\n<ol  start=\"2\">\n<li><strong>Rejestracja i instalacja gry Starburst<\/strong><\/li>\n<\/ol>\n<p>Po wybraniu kasyna zarejestruj si\u0119 na jego stronie internetowej i post\u0119puj zgodnie z niezb\u0119dnymi krokami, aby pobra\u0107 i zainstalowa\u0107 oprogramowanie klienta kasyna na swoim komputerze.<\/p>\n<ol  start=\"3\">\n<li><strong>Wyszukiwanie i instalacja Starburst<\/strong><\/li>\n<\/ol>\n<p>Po zainstalowaniu klienta kasyna b\u0119dziesz musia\u0142 znale\u017a\u0107 Starburst w bibliotece gier i zainstalowa\u0107 j\u0105 na swoim komputerze.<\/p>\n<ol  start=\"4\">\n<li><strong>Zacznij gra\u0107<\/strong><\/li>\n<\/ol>\n<p>Teraz, gdy Starburst jest zainstalowany na twoim PC, mo\u017cesz uruchomi\u0107 gr\u0119, wybra\u0107 rozmiar zak\u0142adu i kr\u0119ci\u0107 b\u0119bnami, ciesz\u0105c si\u0119 emocjami na pe\u0142nym ekranie.<\/p>\n<h2><strong>Instalacja gry Starburst na smartfonie<\/strong><\/h2>\n<p>Je\u015bli wi\u0119c zdecydowa\u0142e\u015b si\u0119 gra\u0107 w Starburst na iPhone&#8217;ie lub Androidzie, przygotowali\u015bmy dla Ciebie kr\u00f3tki przewodnik.<\/p>\n<ol>\n<li><strong>Odwied\u017a sklep z aplikacjami<\/strong><\/li>\n<\/ol>\n<p>Je\u015bli chcesz pobra\u0107 Starburst na sw\u00f3j smartfon lub tablet, przejd\u017a do odpowiedniego sklepu z aplikacjami na swoim urz\u0105dzeniu (App Store dla iOS lub Google Play dla Androida).<\/p>\n<ol  start=\"2\">\n<li><strong>Wyszukaj Starburst<\/strong><\/li>\n<\/ol>\n<p>Korzystaj\u0105c z funkcji wyszukiwania w sklepie z aplikacjami, znajd\u017a Starburst Slot.<\/p>\n<ol  start=\"3\">\n<li><strong>Instalacja<\/strong><\/li>\n<\/ol>\n<p>Naci\u015bnij przycisk Instaluj i poczekaj, a\u017c instalacja zostanie uko\u0144czona na Twoim urz\u0105dzeniu mobilnym.<\/p>\n<ol  start=\"4\">\n<li><strong>Uruchom gr\u0119 Starburst<\/strong><\/li>\n<\/ol>\n<p>Gdy Starburst zostanie zainstalowany na Twoim urz\u0105dzeniu, uruchom aplikacj\u0119, wprowad\u017a swoje dane logowania (je\u015bli jest to wymagane) i rozpocznij gr\u0119 w ten ekscytuj\u0105cy slot w\u0142a\u015bnie na swoim urz\u0105dzeniu mobilnym.<\/p>\n<p>Teraz, kiedy wiesz, jak pobra\u0107 i cieszy\u0107 si\u0119 Starburst na swoim PC lub urz\u0105dzeniu mobilnym, masz mo\u017cliwo\u015b\u0107 grania w ten slot o dowolnej porze i w dowolnym miejscu. Ciesz si\u0119 emocjami i szans\u0105 na wygran\u0105 w tym magicznym \u015bwiecie gier!<\/p>\n","protected":false},"excerpt":{"rendered":"<p>Gra Starburst to jedna z najpopularniejszych gier slotowych online, i je\u015bli liczy\u0142e\u015b na to, \u017ce b\u0119dziesz m\u00f3g\u0142 j\u0105 mie\u0107 na swoim komputerze lub urz\u0105dzeniu mobilnym, czeka ci\u0119 nieco nieciekawa wiadomo\u015b\u0107. Chocia\u017c Starburst jest obecnie dost\u0119pny do grania online bez konieczno\u015bci pobierania, mo\u017cesz cieszy\u0107 si\u0119 t\u0105 magiczn\u0105 gr\u0105 tylko wtedy, gdy masz po\u0142\u0105czenie internetowe. Pobieranie Starburst&#8230;<\/p>\n","protected":false},"author":1,"featured_media":0,"parent":0,"menu_order":0,"comment_status":"closed","ping_status":"closed","template":"","meta":{"footnotes":""},"class_list":["post-7","page","type-page","status-publish","hentry"],"yoast_head":"<!-- This site is optimized with the Yoast SEO plugin v27.2 - https:\/\/yoast.com\/product\/yoast-seo-wordpress\/ -->\n<title>\u0421\u043a\u0430\u0447\u0430\u0442\u044c \u0441\u043b\u043e\u0442 Starburst \u0434\u043b\u044f \u0438\u0433\u0440\u044b \u043d\u0430 \u0434\u0435\u043d\u044c\u0433\u0438<\/title>\n<meta name=\"description\" content=\"Jak pobra\u0107 gr\u0119 Starburst na smartfona Android, iPhone, tablet, komputer. Pobierz i graj w Starburst\" \/>\n<meta name=\"robots\" content=\"index, follow, max-snippet:-1, max-image-preview:large, max-video-preview:-1\" \/>\n<link rel=\"canonical\" href=\"https:\/\/starburstslotgame.net\/pl\/download-starburst\/\" \/>\n<meta property=\"og:locale\" content=\"pl_PL\" \/>\n<meta property=\"og:locale:alternate\" content=\"en_US\" \/>\n<meta property=\"og:locale:alternate\" content=\"ru_RU\" \/>\n<meta property=\"og:locale:alternate\" content=\"pt_PT\" \/>\n<meta property=\"og:locale:alternate\" content=\"es_ES\" \/>\n<meta property=\"og:locale:alternate\" content=\"it_IT\" \/>\n<meta property=\"og:locale:alternate\" content=\"fr_FR\" \/>\n<meta property=\"og:locale:alternate\" content=\"de_DE\" \/>\n<meta property=\"og:locale:alternate\" content=\"ro_RO\" \/>\n<meta property=\"og:locale:alternate\" content=\"sr_RS\" \/>\n<meta property=\"og:locale:alternate\" content=\"bg_BG\" \/>\n<meta property=\"og:type\" content=\"article\" \/>\n<meta property=\"og:title\" content=\"\u0421\u043a\u0430\u0447\u0430\u0442\u044c \u0441\u043b\u043e\u0442 Starburst \u0434\u043b\u044f \u0438\u0433\u0440\u044b \u043d\u0430 \u0434\u0435\u043d\u044c\u0433\u0438\" \/>\n<meta property=\"og:description\" content=\"\u041a\u0430\u043a \u0441\u043a\u0430\u0447\u0430\u0442\u044c \u0438\u0433\u0440\u0443 Starburst \u043d\u0430 \u0441\u043c\u0430\u0440\u0442\u0444\u043e\u043d \u0410\u043d\u0434\u0440\u043e\u0438\u0434, \u0430\u0439\u0444\u043e\u043d, \u043f\u043b\u0430\u043d\u0448\u0435\u0442, \u041f\u041a. \u0421\u043a\u0430\u0447\u0430\u0442\u044c \u0438 \u0438\u0433\u0440\u0430\u0442\u044c \u0432 Starburst\" \/>\n<meta property=\"og:url\" content=\"https:\/\/starburstslotgame.net\/pl\/download-starburst\/\" \/>\n<meta property=\"og:site_name\" content=\"Starburst Slot\" \/>\n<meta property=\"article:modified_time\" content=\"2024-03-03T19:12:47+00:00\" \/>\n<meta name=\"twitter:card\" content=\"summary_large_image\" \/>\n<meta name=\"twitter:label1\" content=\"Szacowany czas czytania\" \/>\n\t<meta name=\"twitter:data1\" content=\"16 minut\" \/>\n<script type=\"application\/ld+json\" class=\"yoast-schema-graph\">{\"@context\":\"https:\/\/schema.org\",\"@graph\":[{\"@type\":\"WebPage\",\"@id\":\"https:\/\/starburstslotgame.net\/download-starburst\/\",\"url\":\"https:\/\/starburstslotgame.net\/download-starburst\/\",\"name\":\"\u0421\u043a\u0430\u0447\u0430\u0442\u044c \u0441\u043b\u043e\u0442 Starburst \u0434\u043b\u044f \u0438\u0433\u0440\u044b \u043d\u0430 \u0434\u0435\u043d\u044c\u0433\u0438\",\"isPartOf\":{\"@id\":\"https:\/\/starburstslotgame.net\/#website\"},\"datePublished\":\"2023-10-17T23:28:21+00:00\",\"dateModified\":\"2024-03-03T19:12:47+00:00\",\"description\":\"\u041a\u0430\u043a \u0441\u043a\u0430\u0447\u0430\u0442\u044c \u0438\u0433\u0440\u0443 Starburst \u043d\u0430 \u0441\u043c\u0430\u0440\u0442\u0444\u043e\u043d \u0410\u043d\u0434\u0440\u043e\u0438\u0434, \u0430\u0439\u0444\u043e\u043d, \u043f\u043b\u0430\u043d\u0448\u0435\u0442, \u041f\u041a. \u0421\u043a\u0430\u0447\u0430\u0442\u044c \u0438 \u0438\u0433\u0440\u0430\u0442\u044c \u0432 Starburst\",\"breadcrumb\":{\"@id\":\"https:\/\/starburstslotgame.net\/download-starburst\/#breadcrumb\"},\"inLanguage\":\"pl-PL\",\"potentialAction\":[{\"@type\":\"ReadAction\",\"target\":[\"https:\/\/starburstslotgame.net\/download-starburst\/\"]}]},{\"@type\":\"BreadcrumbList\",\"@id\":\"https:\/\/starburstslotgame.net\/download-starburst\/#breadcrumb\",\"itemListElement\":[{\"@type\":\"ListItem\",\"position\":1,\"name\":\"Home\",\"item\":\"https:\/\/starburstslotgame.net\/\"},{\"@type\":\"ListItem\",\"position\":2,\"name\":\"\u041a\u0430\u043a \u0441\u043a\u0430\u0447\u0430\u0442\u044c \u0438\u0433\u0440\u0443 Starburst\"}]},{\"@type\":\"WebSite\",\"@id\":\"https:\/\/starburstslotgame.net\/#website\",\"url\":\"https:\/\/starburstslotgame.net\/\",\"name\":\"Starburst Slot\",\"description\":\"\",\"publisher\":{\"@id\":\"https:\/\/starburstslotgame.net\/#organization\"},\"potentialAction\":[{\"@type\":\"SearchAction\",\"target\":{\"@type\":\"EntryPoint\",\"urlTemplate\":\"https:\/\/starburstslotgame.net\/?s={search_term_string}\"},\"query-input\":{\"@type\":\"PropertyValueSpecification\",\"valueRequired\":true,\"valueName\":\"search_term_string\"}}],\"inLanguage\":\"pl-PL\"},{\"@type\":\"Organization\",\"@id\":\"https:\/\/starburstslotgame.net\/#organization\",\"name\":\"Starburst Slot\",\"url\":\"https:\/\/starburstslotgame.net\/\",\"logo\":{\"@type\":\"ImageObject\",\"inLanguage\":\"pl-PL\",\"@id\":\"https:\/\/starburstslotgame.net\/#\/schema\/logo\/image\/\",\"url\":\"https:\/\/starburstslotgame.net\/wp-content\/uploads\/starburst-slot.png\",\"contentUrl\":\"https:\/\/starburstslotgame.net\/wp-content\/uploads\/starburst-slot.png\",\"width\":250,\"height\":187,\"caption\":\"Starburst Slot\"},\"image\":{\"@id\":\"https:\/\/starburstslotgame.net\/#\/schema\/logo\/image\/\"}}]}<\/script>\n<!-- \/ Yoast SEO plugin. -->","yoast_head_json":{"title":"\u0421\u043a\u0430\u0447\u0430\u0442\u044c \u0441\u043b\u043e\u0442 Starburst \u0434\u043b\u044f \u0438\u0433\u0440\u044b \u043d\u0430 \u0434\u0435\u043d\u044c\u0433\u0438","description":"Jak pobra\u0107 gr\u0119 Starburst na smartfona Android, iPhone, tablet, komputer. Pobierz i graj w Starburst","robots":{"index":"index","follow":"follow","max-snippet":"max-snippet:-1","max-image-preview":"max-image-preview:large","max-video-preview":"max-video-preview:-1"},"canonical":"https:\/\/starburstslotgame.net\/pl\/download-starburst\/","og_locale":"pl_PL","og_type":"article","og_title":"\u0421\u043a\u0430\u0447\u0430\u0442\u044c \u0441\u043b\u043e\u0442 Starburst \u0434\u043b\u044f \u0438\u0433\u0440\u044b \u043d\u0430 \u0434\u0435\u043d\u044c\u0433\u0438","og_description":"\u041a\u0430\u043a \u0441\u043a\u0430\u0447\u0430\u0442\u044c \u0438\u0433\u0440\u0443 Starburst \u043d\u0430 \u0441\u043c\u0430\u0440\u0442\u0444\u043e\u043d \u0410\u043d\u0434\u0440\u043e\u0438\u0434, \u0430\u0439\u0444\u043e\u043d, \u043f\u043b\u0430\u043d\u0448\u0435\u0442, \u041f\u041a. \u0421\u043a\u0430\u0447\u0430\u0442\u044c \u0438 \u0438\u0433\u0440\u0430\u0442\u044c \u0432 Starburst","og_url":"https:\/\/starburstslotgame.net\/pl\/download-starburst\/","og_site_name":"Starburst Slot","article_modified_time":"2024-03-03T19:12:47+00:00","twitter_card":"summary_large_image","twitter_misc":{"Szacowany czas czytania":"16 minut"},"schema":{"@context":"https:\/\/schema.org","@graph":[{"@type":"WebPage","@id":"https:\/\/starburstslotgame.net\/download-starburst\/","url":"https:\/\/starburstslotgame.net\/download-starburst\/","name":"\u0421\u043a\u0430\u0447\u0430\u0442\u044c \u0441\u043b\u043e\u0442 Starburst \u0434\u043b\u044f \u0438\u0433\u0440\u044b \u043d\u0430 \u0434\u0435\u043d\u044c\u0433\u0438","isPartOf":{"@id":"https:\/\/starburstslotgame.net\/#website"},"datePublished":"2023-10-17T23:28:21+00:00","dateModified":"2024-03-03T19:12:47+00:00","description":"\u041a\u0430\u043a \u0441\u043a\u0430\u0447\u0430\u0442\u044c \u0438\u0433\u0440\u0443 Starburst \u043d\u0430 \u0441\u043c\u0430\u0440\u0442\u0444\u043e\u043d \u0410\u043d\u0434\u0440\u043e\u0438\u0434, \u0430\u0439\u0444\u043e\u043d, \u043f\u043b\u0430\u043d\u0448\u0435\u0442, \u041f\u041a. \u0421\u043a\u0430\u0447\u0430\u0442\u044c \u0438 \u0438\u0433\u0440\u0430\u0442\u044c \u0432 Starburst","breadcrumb":{"@id":"https:\/\/starburstslotgame.net\/download-starburst\/#breadcrumb"},"inLanguage":"pl-PL","potentialAction":[{"@type":"ReadAction","target":["https:\/\/starburstslotgame.net\/download-starburst\/"]}]},{"@type":"BreadcrumbList","@id":"https:\/\/starburstslotgame.net\/download-starburst\/#breadcrumb","itemListElement":[{"@type":"ListItem","position":1,"name":"Home","item":"https:\/\/starburstslotgame.net\/"},{"@type":"ListItem","position":2,"name":"\u041a\u0430\u043a \u0441\u043a\u0430\u0447\u0430\u0442\u044c \u0438\u0433\u0440\u0443 Starburst"}]},{"@type":"WebSite","@id":"https:\/\/starburstslotgame.net\/#website","url":"https:\/\/starburstslotgame.net\/","name":"Starburst Slot","description":"","publisher":{"@id":"https:\/\/starburstslotgame.net\/#organization"},"potentialAction":[{"@type":"SearchAction","target":{"@type":"EntryPoint","urlTemplate":"https:\/\/starburstslotgame.net\/?s={search_term_string}"},"query-input":{"@type":"PropertyValueSpecification","valueRequired":true,"valueName":"search_term_string"}}],"inLanguage":"pl-PL"},{"@type":"Organization","@id":"https:\/\/starburstslotgame.net\/#organization","name":"Starburst Slot","url":"https:\/\/starburstslotgame.net\/","logo":{"@type":"ImageObject","inLanguage":"pl-PL","@id":"https:\/\/starburstslotgame.net\/#\/schema\/logo\/image\/","url":"https:\/\/starburstslotgame.net\/wp-content\/uploads\/starburst-slot.png","contentUrl":"https:\/\/starburstslotgame.net\/wp-content\/uploads\/starburst-slot.png","width":250,"height":187,"caption":"Starburst Slot"},"image":{"@id":"https:\/\/starburstslotgame.net\/#\/schema\/logo\/image\/"}}]}},"_links":{"self":[{"href":"https:\/\/starburstslotgame.net\/pl\/wp-json\/wp\/v2\/pages\/7","targetHints":{"allow":["GET"]}}],"collection":[{"href":"https:\/\/starburstslotgame.net\/pl\/wp-json\/wp\/v2\/pages"}],"about":[{"href":"https:\/\/starburstslotgame.net\/pl\/wp-json\/wp\/v2\/types\/page"}],"author":[{"embeddable":true,"href":"https:\/\/starburstslotgame.net\/pl\/wp-json\/wp\/v2\/users\/1"}],"replies":[{"embeddable":true,"href":"https:\/\/starburstslotgame.net\/pl\/wp-json\/wp\/v2\/comments?post=7"}],"version-history":[{"count":32,"href":"https:\/\/starburstslotgame.net\/pl\/wp-json\/wp\/v2\/pages\/7\/revisions"}],"predecessor-version":[{"id":164,"href":"https:\/\/starburstslotgame.net\/pl\/wp-json\/wp\/v2\/pages\/7\/revisions\/164"}],"wp:attachment":[{"href":"https:\/\/starburstslotgame.net\/pl\/wp-json\/wp\/v2\/media?parent=7"}],"curies":[{"name":"wp","href":"https:\/\/api.w.org\/{rel}","templated":true}]}}