{"id":11,"date":"2023-10-17T23:38:51","date_gmt":"2023-10-17T23:38:51","guid":{"rendered":"https:\/\/starburstslotgame.net\/?page_id=11"},"modified":"2024-03-04T00:19:48","modified_gmt":"2024-03-04T00:19:48","slug":"reviews","status":"publish","type":"page","link":"https:\/\/starburstslotgame.net\/pt\/reviews\/","title":{"rendered":"Avalia\u00e7\u00f5es"},"content":{"rendered":"<p>As an\u00e1lises do slot Starburst refletem v\u00e1rias opini\u00f5es e experi\u00eancias de jogadores que encontraram algo especial para si mesmos no Starburst. \u00c0s vezes, essas s\u00e3o an\u00e1lises positivas e, \u00e0s vezes, negativas. Mas, em qualquer caso, essas s\u00e3o an\u00e1lises \u00fateis que s\u00e3o \u00fateis de ler antes de come\u00e7ar a jogar Starburst.<\/p>\n<h3>Tema: Gr\u00e1ficos incr\u00edveis e jogabilidade envolvente no slot Starburst<\/h3>\n<p>O Starburst \u00e9 simplesmente deslumbrante! Os gr\u00e1ficos s\u00e3o impressionantes e eu quase esqueci que estava realmente jogando em um slot. Mal posso esperar pelo pr\u00f3ximo jogo. Alex, 28 anos.<\/p>\n<h3>Tema: O Starburst \u00e9 uma \u00f3tima escolha para iniciantes<\/h3>\n<p>Eu nunca joguei jogos de azar antes, mas o Starburst tornou o in\u00edcio da minha carreira de jogador de azar incrivelmente f\u00e1cil e interessante. Estou grato por ter encontrado este slot e come\u00e7ado a jogar.<\/p>\n<p>Yulia, 23 anos.<\/p>\n<h3>Tema: Grandes vit\u00f3rias no Starburst!<\/h3>\n<p>Este slot realmente traz sorte! Recentemente, ganhei um grande jackpot e foi incrivelmente emocionante.<\/p>\n<p>Maxim, 35 anos.<\/p>\n<h3>Tema: Starburst no meu smartphone<\/h3>\n<p>Eu aprecio poder jogar Starburst no meu smartphone. \u00c9 uma \u00f3tima maneira de passar o tempo enquanto espera por algo ou apenas relaxar \u00e0 noite. E eu tenho um Android antigo, e o slot funciona muito bem. \u00c9 fant\u00e1stico.<\/p>\n<p>Elena, 29 anos.<\/p>\n<h3>Tema: Recurso de Vit\u00f3ria em Ambas as Dire\u00e7\u00f5es.<\/h3>\n<p>O recurso de Vit\u00f3ria em Ambas as Dire\u00e7\u00f5es no Starburst realmente aumenta as chances de ganhar. Isso tornou o jogo mais interessante e lucrativo. Este \u00e9 um recurso realmente \u00fatil do slot.<\/p>\n<p>Igor, 31 anos.<\/p>\n<h3>Tema: Respins de b\u00f4nus no Starburst.<\/h3>\n<p>Adoro como os s\u00edmbolos selvagens no Starburst podem acionar respins de b\u00f4nus. Isso sempre adiciona emo\u00e7\u00e3o extra e ganhos ao jogo. E este slot oferece a oportunidade de realmente ganhar.<\/p>\n<p>Anna, 27 anos.<\/p>\n<h3>Tema: Jogue em qualquer lugar e a qualquer momento.<\/h3>\n<p>Gosto de poder jogar Starburst a qualquer hora e em qualquer lugar. \u00c9 o entretenimento perfeito para viagens e f\u00e9rias. Basta tirar o telefone do bolso, abrir o aplicativo do cassino, escolher o Starburst e come\u00e7ar a jogar.<\/p>\n<p>Daniel, 33 anos.<\/p>\n<h3>Tema: \u00d3tima atmosfera e efeitos sonoros<\/h3>\n<p>Os sons e a m\u00fasica no Starburst adicionam atmosfera ao jogo. Quando eu jogo, sinto como se estivesse me imergindo no mundo do jogo.<\/p>\n<p>Maria, 30 anos.<\/p>\n<h3>Tema: Starburst como uma forma de relaxar.<\/h3>\n<p>Quando tenho um dia longo e estressante, o Starburst me ajuda a relaxar e a me distrair das preocupa\u00e7\u00f5es. Este slot \u00e9 muito importante na minha vida.<\/p>\n<p>Peter, 40 anos.<\/p>\n<h3>Tema: Sempre h\u00e1 algo novo.<\/h3>\n<p>O Starburst nunca \u00e9 chato porque sempre h\u00e1 algo novo para descobrir e explorar. Isso nunca deixa de me surpreender.<\/p>\n<p>Olga, 26 anos.<\/p>\n","protected":false},"excerpt":{"rendered":"<p>As an\u00e1lises do slot Starburst refletem v\u00e1rias opini\u00f5es e experi\u00eancias de jogadores que encontraram algo especial para si mesmos no Starburst. \u00c0s vezes, essas s\u00e3o an\u00e1lises positivas e, \u00e0s vezes, negativas. Mas, em qualquer caso, essas s\u00e3o an\u00e1lises \u00fateis que s\u00e3o \u00fateis de ler antes de come\u00e7ar a jogar Starburst. Tema: Gr\u00e1ficos incr\u00edveis e jogabilidade&#8230;<\/p>\n","protected":false},"author":1,"featured_media":0,"parent":0,"menu_order":0,"comment_status":"closed","ping_status":"closed","template":"","meta":{"footnotes":""},"class_list":["post-11","page","type-page","status-publish","hentry"],"yoast_head":"<!-- This site is optimized with the Yoast SEO plugin v27.2 - https:\/\/yoast.com\/product\/yoast-seo-wordpress\/ -->\n<title>Recenzje i opinie prawdziwych graczy na temat automatu do gry Starburst<\/title>\n<meta name=\"description\" content=\"Revis\u00e3o da m\u00e1quina de ca\u00e7a-n\u00edqueis Starburst - opini\u00f5es de jogadores reais sobre o jogo online Starburst nos melhores cassinos online. Avalia\u00e7\u00f5es honestas e revis\u00e3o honesta.\" \/>\n<meta name=\"robots\" content=\"index, follow, max-snippet:-1, max-image-preview:large, max-video-preview:-1\" \/>\n<link rel=\"canonical\" href=\"https:\/\/starburstslotgame.net\/pt\/reviews\/\" \/>\n<meta property=\"og:locale\" content=\"pt_PT\" \/>\n<meta property=\"og:locale:alternate\" content=\"en_US\" \/>\n<meta property=\"og:locale:alternate\" content=\"ru_RU\" \/>\n<meta property=\"og:locale:alternate\" content=\"es_ES\" \/>\n<meta property=\"og:locale:alternate\" content=\"it_IT\" \/>\n<meta property=\"og:locale:alternate\" content=\"fr_FR\" \/>\n<meta property=\"og:locale:alternate\" content=\"de_DE\" \/>\n<meta property=\"og:locale:alternate\" content=\"ro_RO\" \/>\n<meta property=\"og:locale:alternate\" content=\"sr_RS\" \/>\n<meta property=\"og:locale:alternate\" content=\"bg_BG\" \/>\n<meta property=\"og:locale:alternate\" content=\"pl_PL\" \/>\n<meta property=\"og:type\" content=\"article\" \/>\n<meta property=\"og:title\" content=\"Recenzje i opinie prawdziwych graczy na temat automatu do gry Starburst\" \/>\n<meta property=\"og:description\" content=\"Recenzja automatu do gry Starburst - opinie prawdziwych graczy na temat gry online Starburst w najlepszych kasynach internetowych. Szczere recenzje i uczciwa ocena.\" \/>\n<meta property=\"og:url\" content=\"https:\/\/starburstslotgame.net\/pt\/reviews\/\" \/>\n<meta property=\"og:site_name\" content=\"Starburst Slot\" \/>\n<meta property=\"article:modified_time\" content=\"2024-03-04T00:19:48+00:00\" \/>\n<meta name=\"twitter:card\" content=\"summary_large_image\" \/>\n<meta name=\"twitter:label1\" content=\"Tempo estimado de leitura\" \/>\n\t<meta name=\"twitter:data1\" content=\"18 minutos\" \/>\n<script type=\"application\/ld+json\" class=\"yoast-schema-graph\">{\"@context\":\"https:\/\/schema.org\",\"@graph\":[{\"@type\":\"WebPage\",\"@id\":\"https:\/\/starburstslotgame.net\/pl\/reviews\/\",\"url\":\"https:\/\/starburstslotgame.net\/pl\/reviews\/\",\"name\":\"Recenzje i opinie prawdziwych graczy na temat automatu do gry Starburst\",\"isPartOf\":{\"@id\":\"https:\/\/starburstslotgame.net\/#website\"},\"datePublished\":\"2023-10-17T23:38:51+00:00\",\"dateModified\":\"2024-03-04T00:19:48+00:00\",\"description\":\"Recenzja automatu do gry Starburst - opinie prawdziwych graczy na temat gry online Starburst w najlepszych kasynach internetowych. Szczere recenzje i uczciwa ocena.\",\"breadcrumb\":{\"@id\":\"https:\/\/starburstslotgame.net\/pl\/reviews\/#breadcrumb\"},\"inLanguage\":\"pt-PT\",\"potentialAction\":[{\"@type\":\"ReadAction\",\"target\":[\"https:\/\/starburstslotgame.net\/pl\/reviews\/\"]}]},{\"@type\":\"BreadcrumbList\",\"@id\":\"https:\/\/starburstslotgame.net\/pl\/reviews\/#breadcrumb\",\"itemListElement\":[{\"@type\":\"ListItem\",\"position\":1,\"name\":\"Home\",\"item\":\"https:\/\/starburstslotgame.net\/\"},{\"@type\":\"ListItem\",\"position\":2,\"name\":\"Recenzje\"}]},{\"@type\":\"WebSite\",\"@id\":\"https:\/\/starburstslotgame.net\/#website\",\"url\":\"https:\/\/starburstslotgame.net\/\",\"name\":\"Starburst Slot\",\"description\":\"\",\"publisher\":{\"@id\":\"https:\/\/starburstslotgame.net\/#organization\"},\"potentialAction\":[{\"@type\":\"SearchAction\",\"target\":{\"@type\":\"EntryPoint\",\"urlTemplate\":\"https:\/\/starburstslotgame.net\/?s={search_term_string}\"},\"query-input\":{\"@type\":\"PropertyValueSpecification\",\"valueRequired\":true,\"valueName\":\"search_term_string\"}}],\"inLanguage\":\"pt-PT\"},{\"@type\":\"Organization\",\"@id\":\"https:\/\/starburstslotgame.net\/#organization\",\"name\":\"Starburst Slot\",\"url\":\"https:\/\/starburstslotgame.net\/\",\"logo\":{\"@type\":\"ImageObject\",\"inLanguage\":\"pt-PT\",\"@id\":\"https:\/\/starburstslotgame.net\/#\/schema\/logo\/image\/\",\"url\":\"https:\/\/starburstslotgame.net\/wp-content\/uploads\/starburst-slot.png\",\"contentUrl\":\"https:\/\/starburstslotgame.net\/wp-content\/uploads\/starburst-slot.png\",\"width\":250,\"height\":187,\"caption\":\"Starburst Slot\"},\"image\":{\"@id\":\"https:\/\/starburstslotgame.net\/#\/schema\/logo\/image\/\"}}]}<\/script>\n<!-- \/ Yoast SEO plugin. -->","yoast_head_json":{"title":"Recenzje i opinie prawdziwych graczy na temat automatu do gry Starburst","description":"Revis\u00e3o da m\u00e1quina de ca\u00e7a-n\u00edqueis Starburst - opini\u00f5es de jogadores reais sobre o jogo online Starburst nos melhores cassinos online. Avalia\u00e7\u00f5es honestas e revis\u00e3o honesta.","robots":{"index":"index","follow":"follow","max-snippet":"max-snippet:-1","max-image-preview":"max-image-preview:large","max-video-preview":"max-video-preview:-1"},"canonical":"https:\/\/starburstslotgame.net\/pt\/reviews\/","og_locale":"pt_PT","og_type":"article","og_title":"Recenzje i opinie prawdziwych graczy na temat automatu do gry Starburst","og_description":"Recenzja automatu do gry Starburst - opinie prawdziwych graczy na temat gry online Starburst w najlepszych kasynach internetowych. Szczere recenzje i uczciwa ocena.","og_url":"https:\/\/starburstslotgame.net\/pt\/reviews\/","og_site_name":"Starburst Slot","article_modified_time":"2024-03-04T00:19:48+00:00","twitter_card":"summary_large_image","twitter_misc":{"Tempo estimado de leitura":"18 minutos"},"schema":{"@context":"https:\/\/schema.org","@graph":[{"@type":"WebPage","@id":"https:\/\/starburstslotgame.net\/pl\/reviews\/","url":"https:\/\/starburstslotgame.net\/pl\/reviews\/","name":"Recenzje i opinie prawdziwych graczy na temat automatu do gry Starburst","isPartOf":{"@id":"https:\/\/starburstslotgame.net\/#website"},"datePublished":"2023-10-17T23:38:51+00:00","dateModified":"2024-03-04T00:19:48+00:00","description":"Recenzja automatu do gry Starburst - opinie prawdziwych graczy na temat gry online Starburst w najlepszych kasynach internetowych. Szczere recenzje i uczciwa ocena.","breadcrumb":{"@id":"https:\/\/starburstslotgame.net\/pl\/reviews\/#breadcrumb"},"inLanguage":"pt-PT","potentialAction":[{"@type":"ReadAction","target":["https:\/\/starburstslotgame.net\/pl\/reviews\/"]}]},{"@type":"BreadcrumbList","@id":"https:\/\/starburstslotgame.net\/pl\/reviews\/#breadcrumb","itemListElement":[{"@type":"ListItem","position":1,"name":"Home","item":"https:\/\/starburstslotgame.net\/"},{"@type":"ListItem","position":2,"name":"Recenzje"}]},{"@type":"WebSite","@id":"https:\/\/starburstslotgame.net\/#website","url":"https:\/\/starburstslotgame.net\/","name":"Starburst Slot","description":"","publisher":{"@id":"https:\/\/starburstslotgame.net\/#organization"},"potentialAction":[{"@type":"SearchAction","target":{"@type":"EntryPoint","urlTemplate":"https:\/\/starburstslotgame.net\/?s={search_term_string}"},"query-input":{"@type":"PropertyValueSpecification","valueRequired":true,"valueName":"search_term_string"}}],"inLanguage":"pt-PT"},{"@type":"Organization","@id":"https:\/\/starburstslotgame.net\/#organization","name":"Starburst Slot","url":"https:\/\/starburstslotgame.net\/","logo":{"@type":"ImageObject","inLanguage":"pt-PT","@id":"https:\/\/starburstslotgame.net\/#\/schema\/logo\/image\/","url":"https:\/\/starburstslotgame.net\/wp-content\/uploads\/starburst-slot.png","contentUrl":"https:\/\/starburstslotgame.net\/wp-content\/uploads\/starburst-slot.png","width":250,"height":187,"caption":"Starburst Slot"},"image":{"@id":"https:\/\/starburstslotgame.net\/#\/schema\/logo\/image\/"}}]}},"_links":{"self":[{"href":"https:\/\/starburstslotgame.net\/pt\/wp-json\/wp\/v2\/pages\/11","targetHints":{"allow":["GET"]}}],"collection":[{"href":"https:\/\/starburstslotgame.net\/pt\/wp-json\/wp\/v2\/pages"}],"about":[{"href":"https:\/\/starburstslotgame.net\/pt\/wp-json\/wp\/v2\/types\/page"}],"author":[{"embeddable":true,"href":"https:\/\/starburstslotgame.net\/pt\/wp-json\/wp\/v2\/users\/1"}],"replies":[{"embeddable":true,"href":"https:\/\/starburstslotgame.net\/pt\/wp-json\/wp\/v2\/comments?post=11"}],"version-history":[{"count":24,"href":"https:\/\/starburstslotgame.net\/pt\/wp-json\/wp\/v2\/pages\/11\/revisions"}],"predecessor-version":[{"id":165,"href":"https:\/\/starburstslotgame.net\/pt\/wp-json\/wp\/v2\/pages\/11\/revisions\/165"}],"wp:attachment":[{"href":"https:\/\/starburstslotgame.net\/pt\/wp-json\/wp\/v2\/media?parent=11"}],"curies":[{"name":"wp","href":"https:\/\/api.w.org\/{rel}","templated":true}]}}