{"id":11,"date":"2023-10-17T23:38:51","date_gmt":"2023-10-17T23:38:51","guid":{"rendered":"https:\/\/starburstslotgame.net\/?page_id=11"},"modified":"2024-03-04T00:19:48","modified_gmt":"2024-03-04T00:19:48","slug":"reviews","status":"publish","type":"page","link":"https:\/\/starburstslotgame.net\/ro\/reviews\/","title":{"rendered":"Recenzii"},"content":{"rendered":"<p>Recenziile despre slotul Starburst reflect\u0103 diverse opinii \u0219i experien\u021be ale juc\u0103torilor care au descoperit ceva special pentru ei \u00een Starburst. Uneori acestea sunt recenzii pozitive, iar alteori negative. Dar \u00een orice caz, acestea sunt recenzii utile care sunt bune de citit \u00eenainte de a \u00eencepe s\u0103 joci Starburst.<\/p>\n<h3>Tem\u0103: Grafica incredibil\u0103 \u0219i gameplay-ul captivant \u00een slotul Starburst<\/h3>\n<p>Starburst este pur \u0219i simplu impresionant! Grafica este uimitoare, \u0219i aproape c\u0103 am uitat c\u0103 de fapt joc un slot. Abia a\u0219tept urm\u0103toarea rund\u0103. Alex, 28 de ani.<\/p>\n<h3>Tem\u0103: Starburst este o alegere excelent\u0103 pentru \u00eencep\u0103tori<\/h3>\n<p>Nu am mai jucat niciodat\u0103 jocuri de noroc \u00eenainte, dar Starburst a f\u0103cut \u00eenceputul carierei mele \u00een jocuri de noroc incredibil de u\u0219or \u0219i interesant. Sunt recunosc\u0103toare c\u0103 am g\u0103sit acest slot \u0219i am \u00eenceput s\u0103 joc.<\/p>\n<p>Yulia, 23 de ani.<\/p>\n<h3>Tem\u0103: C\u00e2\u0219tiguri mari \u00een Starburst!<\/h3>\n<p>Acest slot chiar aduce noroc! Recent, am c\u00e2\u0219tigat un jackpot mare, \u0219i a fost incredibil de excitant.<\/p>\n<p>Maxim, 35 de ani.<\/p>\n<h3>Tem\u0103: Starburst pe smartphone-ul meu<\/h3>\n<p>Aprecierez c\u0103 pot juca Starburst pe smartphone-ul meu. Este o modalitate excelent\u0103 de a trece timpul \u00een timp ce a\u0219tept ceva sau pur \u0219i simplu pentru a m\u0103 relaxa seara. \u0218i am un Android vechi, iar slotul func\u021bioneaz\u0103 excelent. Este fantastic.<\/p>\n<p>Elena, 29 de ani.<\/p>\n<h3>Tem\u0103: Func\u021bia C\u00e2\u0219tiga\u021bi Ambele C\u0103i.<\/h3>\n<p>Func\u021bia C\u00e2\u0219tiga\u021bi Ambele C\u0103i \u00een Starburst cu adev\u0103rat cre\u0219te \u0219ansele de c\u00e2\u0219tig. A f\u0103cut jocul mai interesant \u0219i mai profitabil. Aceasta este o caracteristic\u0103 foarte util\u0103 a slotului.<\/p>\n<p>Igor, 31 de ani.<\/p>\n<h3>Tem\u0103: Re-rotiri bonus \u00een Starburst.<\/h3>\n<p>\u00cemi place cum simbolurile wild \u00een Starburst pot declan\u0219a re-rotiri bonus. \u00centotdeauna adaug\u0103 o excita\u021bie \u0219i c\u00e2\u0219tiguri suplimentare jocului. \u0218i acest slot \u00ee\u021bi ofer\u0103 oportunitatea de a c\u00e2\u0219tiga cu adev\u0103rat.<\/p>\n<p>Anna, 27 de ani.<\/p>\n<h3>Tem\u0103: Joac\u0103 oriunde \u0219i oric\u00e2nd.<\/h3>\n<p>\u00cemi place c\u0103 pot juca Starburst oric\u00e2nd \u0219i oriunde. Este distrac\u021bia perfect\u0103 pentru c\u0103l\u0103torii \u0219i vacan\u021be. Pur \u0219i simplu \u00eemi scot telefonul din buzunar, deschid aplica\u021bia cazinoului, aleg Starburst \u0219i \u00eencep s\u0103 joc.<\/p>\n<p>Daniel, 33 de ani.<\/p>\n<h3>Tem\u0103: Atmosfera minunat\u0103 \u0219i efectele sonore<\/h3>\n<p>Sunetele \u0219i muzica din Starburst adaug\u0103 atmosfer\u0103 jocului. C\u00e2nd joc, simt c\u0103 m\u0103 cufund \u00een lumea jocurilor de noroc.<\/p>\n<p>Maria, 30 de ani.<\/p>\n<h3>Tem\u0103: Starburst ca mod de relaxare.<\/h3>\n<p>C\u00e2nd am o zi lung\u0103 \u0219i stresant\u0103, Starburst m\u0103 ajut\u0103 s\u0103 m\u0103 relaxez \u0219i s\u0103-mi iau g\u00e2ndul de la lucruri. Acest slot este foarte important \u00een via\u021ba mea.<\/p>\n<p>Peter, 40 de ani.<\/p>\n<h3>Tem\u0103: \u00centotdeauna este ceva nou.<\/h3>\n<p>Starburst nu este niciodat\u0103 plictisitor pentru c\u0103 \u00eentotdeauna este ceva nou de descoperit \u0219i explorat. Nu \u00eenceteaz\u0103 niciodat\u0103 s\u0103 m\u0103 uimeasc\u0103.<\/p>\n<p>Olga, 26 de ani.<\/p>\n","protected":false},"excerpt":{"rendered":"<p>Recenziile despre slotul Starburst reflect\u0103 diverse opinii \u0219i experien\u021be ale juc\u0103torilor care au descoperit ceva special pentru ei \u00een Starburst. Uneori acestea sunt recenzii pozitive, iar alteori negative. Dar \u00een orice caz, acestea sunt recenzii utile care sunt bune de citit \u00eenainte de a \u00eencepe s\u0103 joci Starburst. Tem\u0103: Grafica incredibil\u0103 \u0219i gameplay-ul captivant \u00een&#8230;<\/p>\n","protected":false},"author":1,"featured_media":0,"parent":0,"menu_order":0,"comment_status":"closed","ping_status":"closed","template":"","meta":{"footnotes":""},"class_list":["post-11","page","type-page","status-publish","hentry"],"yoast_head":"<!-- This site is optimized with the Yoast SEO plugin v27.2 - https:\/\/yoast.com\/product\/yoast-seo-wordpress\/ -->\n<title>Recenzje i opinie prawdziwych graczy na temat automatu do gry Starburst<\/title>\n<meta name=\"description\" content=\"Recenzia slotului Starburst - opinii ale juc\u0103torilor reali despre jocul online Starburst \u00een cele mai bune cazinouri online. Recenzii \u0219i recenzie oneste.\" \/>\n<meta name=\"robots\" content=\"index, follow, max-snippet:-1, max-image-preview:large, max-video-preview:-1\" \/>\n<link rel=\"canonical\" href=\"https:\/\/starburstslotgame.net\/ro\/reviews\/\" \/>\n<meta property=\"og:locale\" content=\"ro_RO\" \/>\n<meta property=\"og:locale:alternate\" content=\"en_US\" \/>\n<meta property=\"og:locale:alternate\" content=\"ru_RU\" \/>\n<meta property=\"og:locale:alternate\" content=\"pt_PT\" \/>\n<meta property=\"og:locale:alternate\" content=\"es_ES\" \/>\n<meta property=\"og:locale:alternate\" content=\"it_IT\" \/>\n<meta property=\"og:locale:alternate\" content=\"fr_FR\" \/>\n<meta property=\"og:locale:alternate\" content=\"de_DE\" \/>\n<meta property=\"og:locale:alternate\" content=\"sr_RS\" \/>\n<meta property=\"og:locale:alternate\" content=\"bg_BG\" \/>\n<meta property=\"og:locale:alternate\" content=\"pl_PL\" \/>\n<meta property=\"og:type\" content=\"article\" \/>\n<meta property=\"og:title\" content=\"Recenzje i opinie prawdziwych graczy na temat automatu do gry Starburst\" \/>\n<meta property=\"og:description\" content=\"Recenzja automatu do gry Starburst - opinie prawdziwych graczy na temat gry online Starburst w najlepszych kasynach internetowych. Szczere recenzje i uczciwa ocena.\" \/>\n<meta property=\"og:url\" content=\"https:\/\/starburstslotgame.net\/ro\/reviews\/\" \/>\n<meta property=\"og:site_name\" content=\"Starburst Slot\" \/>\n<meta property=\"article:modified_time\" content=\"2024-03-04T00:19:48+00:00\" \/>\n<meta name=\"twitter:card\" content=\"summary_large_image\" \/>\n<meta name=\"twitter:label1\" content=\"Timp estimat pentru citire\" \/>\n\t<meta name=\"twitter:data1\" content=\"18 minute\" \/>\n<script type=\"application\/ld+json\" class=\"yoast-schema-graph\">{\"@context\":\"https:\/\/schema.org\",\"@graph\":[{\"@type\":\"WebPage\",\"@id\":\"https:\/\/starburstslotgame.net\/pl\/reviews\/\",\"url\":\"https:\/\/starburstslotgame.net\/pl\/reviews\/\",\"name\":\"Recenzje i opinie prawdziwych graczy na temat automatu do gry Starburst\",\"isPartOf\":{\"@id\":\"https:\/\/starburstslotgame.net\/#website\"},\"datePublished\":\"2023-10-17T23:38:51+00:00\",\"dateModified\":\"2024-03-04T00:19:48+00:00\",\"description\":\"Recenzja automatu do gry Starburst - opinie prawdziwych graczy na temat gry online Starburst w najlepszych kasynach internetowych. Szczere recenzje i uczciwa ocena.\",\"breadcrumb\":{\"@id\":\"https:\/\/starburstslotgame.net\/pl\/reviews\/#breadcrumb\"},\"inLanguage\":\"ro-RO\",\"potentialAction\":[{\"@type\":\"ReadAction\",\"target\":[\"https:\/\/starburstslotgame.net\/pl\/reviews\/\"]}]},{\"@type\":\"BreadcrumbList\",\"@id\":\"https:\/\/starburstslotgame.net\/pl\/reviews\/#breadcrumb\",\"itemListElement\":[{\"@type\":\"ListItem\",\"position\":1,\"name\":\"Home\",\"item\":\"https:\/\/starburstslotgame.net\/\"},{\"@type\":\"ListItem\",\"position\":2,\"name\":\"Recenzje\"}]},{\"@type\":\"WebSite\",\"@id\":\"https:\/\/starburstslotgame.net\/#website\",\"url\":\"https:\/\/starburstslotgame.net\/\",\"name\":\"Starburst Slot\",\"description\":\"\",\"publisher\":{\"@id\":\"https:\/\/starburstslotgame.net\/#organization\"},\"potentialAction\":[{\"@type\":\"SearchAction\",\"target\":{\"@type\":\"EntryPoint\",\"urlTemplate\":\"https:\/\/starburstslotgame.net\/?s={search_term_string}\"},\"query-input\":{\"@type\":\"PropertyValueSpecification\",\"valueRequired\":true,\"valueName\":\"search_term_string\"}}],\"inLanguage\":\"ro-RO\"},{\"@type\":\"Organization\",\"@id\":\"https:\/\/starburstslotgame.net\/#organization\",\"name\":\"Starburst Slot\",\"url\":\"https:\/\/starburstslotgame.net\/\",\"logo\":{\"@type\":\"ImageObject\",\"inLanguage\":\"ro-RO\",\"@id\":\"https:\/\/starburstslotgame.net\/#\/schema\/logo\/image\/\",\"url\":\"https:\/\/starburstslotgame.net\/wp-content\/uploads\/starburst-slot.png\",\"contentUrl\":\"https:\/\/starburstslotgame.net\/wp-content\/uploads\/starburst-slot.png\",\"width\":250,\"height\":187,\"caption\":\"Starburst Slot\"},\"image\":{\"@id\":\"https:\/\/starburstslotgame.net\/#\/schema\/logo\/image\/\"}}]}<\/script>\n<!-- \/ Yoast SEO plugin. -->","yoast_head_json":{"title":"Recenzje i opinie prawdziwych graczy na temat automatu do gry Starburst","description":"Recenzia slotului Starburst - opinii ale juc\u0103torilor reali despre jocul online Starburst \u00een cele mai bune cazinouri online. Recenzii \u0219i recenzie oneste.","robots":{"index":"index","follow":"follow","max-snippet":"max-snippet:-1","max-image-preview":"max-image-preview:large","max-video-preview":"max-video-preview:-1"},"canonical":"https:\/\/starburstslotgame.net\/ro\/reviews\/","og_locale":"ro_RO","og_type":"article","og_title":"Recenzje i opinie prawdziwych graczy na temat automatu do gry Starburst","og_description":"Recenzja automatu do gry Starburst - opinie prawdziwych graczy na temat gry online Starburst w najlepszych kasynach internetowych. Szczere recenzje i uczciwa ocena.","og_url":"https:\/\/starburstslotgame.net\/ro\/reviews\/","og_site_name":"Starburst Slot","article_modified_time":"2024-03-04T00:19:48+00:00","twitter_card":"summary_large_image","twitter_misc":{"Timp estimat pentru citire":"18 minute"},"schema":{"@context":"https:\/\/schema.org","@graph":[{"@type":"WebPage","@id":"https:\/\/starburstslotgame.net\/pl\/reviews\/","url":"https:\/\/starburstslotgame.net\/pl\/reviews\/","name":"Recenzje i opinie prawdziwych graczy na temat automatu do gry Starburst","isPartOf":{"@id":"https:\/\/starburstslotgame.net\/#website"},"datePublished":"2023-10-17T23:38:51+00:00","dateModified":"2024-03-04T00:19:48+00:00","description":"Recenzja automatu do gry Starburst - opinie prawdziwych graczy na temat gry online Starburst w najlepszych kasynach internetowych. Szczere recenzje i uczciwa ocena.","breadcrumb":{"@id":"https:\/\/starburstslotgame.net\/pl\/reviews\/#breadcrumb"},"inLanguage":"ro-RO","potentialAction":[{"@type":"ReadAction","target":["https:\/\/starburstslotgame.net\/pl\/reviews\/"]}]},{"@type":"BreadcrumbList","@id":"https:\/\/starburstslotgame.net\/pl\/reviews\/#breadcrumb","itemListElement":[{"@type":"ListItem","position":1,"name":"Home","item":"https:\/\/starburstslotgame.net\/"},{"@type":"ListItem","position":2,"name":"Recenzje"}]},{"@type":"WebSite","@id":"https:\/\/starburstslotgame.net\/#website","url":"https:\/\/starburstslotgame.net\/","name":"Starburst Slot","description":"","publisher":{"@id":"https:\/\/starburstslotgame.net\/#organization"},"potentialAction":[{"@type":"SearchAction","target":{"@type":"EntryPoint","urlTemplate":"https:\/\/starburstslotgame.net\/?s={search_term_string}"},"query-input":{"@type":"PropertyValueSpecification","valueRequired":true,"valueName":"search_term_string"}}],"inLanguage":"ro-RO"},{"@type":"Organization","@id":"https:\/\/starburstslotgame.net\/#organization","name":"Starburst Slot","url":"https:\/\/starburstslotgame.net\/","logo":{"@type":"ImageObject","inLanguage":"ro-RO","@id":"https:\/\/starburstslotgame.net\/#\/schema\/logo\/image\/","url":"https:\/\/starburstslotgame.net\/wp-content\/uploads\/starburst-slot.png","contentUrl":"https:\/\/starburstslotgame.net\/wp-content\/uploads\/starburst-slot.png","width":250,"height":187,"caption":"Starburst Slot"},"image":{"@id":"https:\/\/starburstslotgame.net\/#\/schema\/logo\/image\/"}}]}},"_links":{"self":[{"href":"https:\/\/starburstslotgame.net\/ro\/wp-json\/wp\/v2\/pages\/11","targetHints":{"allow":["GET"]}}],"collection":[{"href":"https:\/\/starburstslotgame.net\/ro\/wp-json\/wp\/v2\/pages"}],"about":[{"href":"https:\/\/starburstslotgame.net\/ro\/wp-json\/wp\/v2\/types\/page"}],"author":[{"embeddable":true,"href":"https:\/\/starburstslotgame.net\/ro\/wp-json\/wp\/v2\/users\/1"}],"replies":[{"embeddable":true,"href":"https:\/\/starburstslotgame.net\/ro\/wp-json\/wp\/v2\/comments?post=11"}],"version-history":[{"count":24,"href":"https:\/\/starburstslotgame.net\/ro\/wp-json\/wp\/v2\/pages\/11\/revisions"}],"predecessor-version":[{"id":165,"href":"https:\/\/starburstslotgame.net\/ro\/wp-json\/wp\/v2\/pages\/11\/revisions\/165"}],"wp:attachment":[{"href":"https:\/\/starburstslotgame.net\/ro\/wp-json\/wp\/v2\/media?parent=11"}],"curies":[{"name":"wp","href":"https:\/\/api.w.org\/{rel}","templated":true}]}}