{"id":13,"date":"2023-10-17T23:39:35","date_gmt":"2023-10-17T23:39:35","guid":{"rendered":"https:\/\/starburstslotgame.net\/?page_id=13"},"modified":"2024-03-04T10:48:19","modified_gmt":"2024-03-04T10:48:19","slug":"strategies","status":"publish","type":"page","link":"https:\/\/starburstslotgame.net\/ro\/strategies\/","title":{"rendered":"Strategii pentru jocul la slotul Starburst: cum s\u0103-\u021bi m\u0103re\u0219ti \u0219ansele de c\u00e2\u0219tig"},"content":{"rendered":"<p>Slotul Starburst, dezvoltat de NetEnt, este unul dintre cele mai populare \u0219i captivante jocuri de sloturi de gambling online. Acest slot este cunoscut pentru grafica sa vibrant\u0103, gameplay-ul incitant \u0219i poten\u021bialul pentru c\u00e2\u0219tiguri mari. Dar exist\u0103 strategii care pot ajuta la cre\u0219terea \u0219anselor tale de succes \u00een Starburst? Nu suntem siguri de asta, dar s\u0103 lu\u0103m \u00een considerare c\u00e2teva sfaturi utile. Urmarind aceste sfaturi nu v\u0103 garanteaz\u0103 o victorie, dar cu siguran\u021b\u0103 va \u00eembun\u0103t\u0103\u021bi foarte mult \u0219ansele tale. Deci, iat\u0103 c\u00e2teva sfaturi despre cum s\u0103 joci \u0219i s\u0103 c\u00e2\u0219tigi \u00een Starburst.<\/p>\n<h3>\u00cenva\u021b\u0103 regulile slotului Starburst<\/h3>\n<p>\u00cenainte de a \u00eencepe s\u0103 joci Starburst, este esen\u021bial s\u0103 te familiarizezi cu regulile \u0219i caracteristicile acestui slot. \u00cen\u021belegerea modului \u00een care func\u021bioneaz\u0103 simbolurile, liniile de plat\u0103 \u0219i bonusurile te va ajuta s\u0103 iei decizii mai informate \u00een timpul jocului. Prin urmare, v\u0103 recomand\u0103m s\u0103 aloca\u021bi c\u00e2teva minute pentru a citi regulile ma\u0219inii de slot Starburst.<\/p>\n<h3>Stabili\u021bi un buget \u0219i limite<\/h3>\n<p>Determina\u021bi suma pe care sunte\u021bi dispus s\u0103 o cheltui\u021bi juc\u00e2nd Starburst \u0219i \u021bine\u021bi-v\u0103 de acest buget. Acest lucru v\u0103 va ajuta s\u0103 evita\u021bi pierderile financiare nedorite \u0219i s\u0103 v\u0103 men\u021bine\u021bi controlul asupra cheltuielilor. Cu alte cuvinte, dac\u0103 stabili\u021bi o sum\u0103 pe care nu v\u0103 sup\u0103ra\u021bi s\u0103 o pierde\u021bi, va fi mai bine pentru voi.<\/p>\n<h3>Joac\u0103 la pariuri maxime<\/h3>\n<p>Starburst are func\u021bia Win Both Ways (c\u00e2\u0219tig\u0103 ambele c\u0103i), ceea ce \u00eenseamn\u0103 c\u0103 po\u021bi c\u00e2\u0219tiga at\u00e2t de la st\u00e2nga la dreapta, c\u00e2t \u0219i de la dreapta la st\u00e2nga. Pentru a-\u021bi cre\u0219te \u0219ansele de c\u00e2\u0219tig, ia \u00een considerare cre\u0219terea pariurilor la maximum, dar nu uita s\u0103 fii atent la bugetul t\u0103u. Cheia aici este s\u0103 te opre\u0219ti la timp.<\/p>\n<h3>Folosi\u021bi bonusuri \u0219i promo\u021bii<\/h3>\n<p>Multe cazinouri online ofer\u0103 bonusuri \u0219i promo\u021bii legate de Starburst. Acest lucru poate include rotiri gratuite sau bonusuri suplimentare la depozite. Folose\u0219te aceste oferte pentru a-\u021bi cre\u0219te bankroll-ul \u0219i a-\u021bi m\u0103ri \u0219ansele de c\u00e2\u0219tig.<\/p>\n<h3>Exerseaz\u0103 \u00een modul demo<\/h3>\n<p>Multe cazinouri online ofer\u0103 posibilitatea de a juca Starburst \u00een mod demo. Acesta este un prilej de a juca Starburst gratuit. Este o modalitate excelent\u0103 de a te familiariza cu jocul \u0219i de a-\u021bi dezvolta strategia f\u0103r\u0103 riscul de a pierde bani reali.<\/p>\n<h3>Gestioneaz\u0103-\u021bi emo\u021biile<\/h3>\n<p>Poate am ajuns la unul dintre cele mai importante puncte. Una dintre strategiile cheie pentru jocul de succes \u00een orice activitate de gambling este gestionarea emo\u021biilor tale. Nu l\u0103sa\u021bi furia sau dezam\u0103girea s\u0103 v\u0103 controleze ac\u021biunile. R\u0103m\u00e2ne\u021bi calmi \u0219i ra\u021bionali. Acest lucru v\u0103 va ajuta s\u0103 c\u00e2\u0219tiga\u021bi bani reali, de\u0219i \u00een\u021belegem c\u0103 uneori emo\u021biile pot fi intense.<\/p>\n<h3>Stabili\u021bi obiective<\/h3>\n<p>Stabili\u021bi obiective pentru voi \u00een\u0219iv\u0103 \u00een timpul jocului. De exemplu, pute\u021bi stabili o sum\u0103 c\u00e2\u0219tig\u0103toare \u021bint\u0103 dup\u0103 care planifica\u021bi s\u0103 \u00eencheia\u021bi sesiunea. Acest lucru v\u0103 va ajuta s\u0103 v\u0103 p\u0103stra\u021bi c\u00e2\u0219tigurile \u0219i s\u0103 evita\u021bi pierderile. Juca\u021bi Starburst pentru bani reali sau doar pentru distrac\u021bie? R\u0103spunsul la aceast\u0103 \u00eentrebare va determina ce strategie este cea mai bun\u0103 pentru tine s\u0103 folose\u0219ti.<\/p>\n<h3>Juca\u021bi pe site-uri de cazinouri online de \u00eencredere<\/h3>\n<p>Alege\u021bi cazinouri online de \u00eencredere \u0219i licen\u021biate pentru a asigura corectitudinea \u0219i onestitatea jocului. Acest lucru v\u0103 va ajuta, de asemenea, s\u0103 evita\u021bi fraudarea \u0219i s\u0103 v\u0103 asigura\u021bi siguran\u021ba financiar\u0103. P\u00e2n\u0103 la urm\u0103, nu exist\u0103 nimic mai frustrant dec\u00e2t s\u0103 c\u00e2\u0219tigi o sum\u0103 considerabil\u0103 de bani \u0219i cazinoul s\u0103 refuze s\u0103 v\u0103 pl\u0103teasc\u0103 pentru un motiv fabricat. \u00cen plus, \u00eentr-un cazinou online licen\u021biat, ve\u021bi juca versiunea licen\u021biat\u0103 a slotului Starburst.<\/p>\n<h3>Fi\u021bi preg\u0103tit pentru o c\u0103l\u0103torie palpitant\u0103<\/h3>\n<p>Starburst este un joc de noroc \u0219i uneori norocul poate s\u0103 nu fie de partea ta. Fi\u021bi preg\u0103ti\u021bi pentru momente bune \u0219i rele \u0219i bucura\u021bi-v\u0103 de procesul jocului. Privi\u021bi-v\u0103 drumul \u00een joc ca pe o aventur\u0103 a unui samurai.<\/p>\n<h3>Bucura\u021bi-v\u0103 de jocul Starburst<\/h3>\n<p>Juc\u00e2nd Starburst ar trebui s\u0103 aduc\u0103 bucurie, indiferent de rezultat. Bucura\u021bi-v\u0103 de joc, de sunetele \u0219i designul s\u0103u vizual, iar c\u00e2\u0219tigurile vor fi un bonus pl\u0103cut. Chiar \u0219i \u00een \u00eenfr\u00e2ngere, exist\u0103 aspecte pozitive. Este un nivel de pl\u0103cere destul de specific, dar exist\u0103 emo\u021bii pe care s-ar putea s\u0103 le c\u0103uta\u021bi.<\/p>\n<p>Strategiile pentru jocul \u00een slotul Starburst pot ajuta la cre\u0219terea \u0219anselor tale de succes \u0219i pot face sesiunea ta de joc mai palpitant\u0103. Cu toate acestea, aminti\u021bi-v\u0103 c\u0103 gamblingul implic\u0103 \u00eentotdeauna un anumit grad de risc, a\u0219a c\u0103 juca\u021bi-v\u0103 responsabil. Succes \u00een aventurile tale de gambling pe rolele Starburst!<\/p>\n","protected":false},"excerpt":{"rendered":"<p>Slotul Starburst, dezvoltat de NetEnt, este unul dintre cele mai populare \u0219i captivante jocuri de sloturi de gambling online. Acest slot este cunoscut pentru grafica sa vibrant\u0103, gameplay-ul incitant \u0219i poten\u021bialul pentru c\u00e2\u0219tiguri mari. Dar exist\u0103 strategii care pot ajuta la cre\u0219terea \u0219anselor tale de succes \u00een Starburst? Nu suntem siguri de asta, dar s\u0103&#8230;<\/p>\n","protected":false},"author":1,"featured_media":0,"parent":0,"menu_order":0,"comment_status":"closed","ping_status":"closed","template":"","meta":{"footnotes":""},"class_list":["post-13","page","type-page","status-publish","hentry"],"yoast_head":"<!-- This site is optimized with the Yoast SEO plugin v27.2 - https:\/\/yoast.com\/product\/yoast-seo-wordpress\/ -->\n<title>\u0421\u0442\u0440\u0430\u0442\u0435\u0433\u0438\u0438 \u0437\u0430 \u0438\u0433\u0440\u0430 \u043d\u0430 \u0441\u043b\u043e\u0442 Starburst: \u043a\u0430\u043a \u0434\u0430 \u0438\u0433\u0440\u0430\u0435\u0442\u0435 \u0438 \u0434\u0430 \u0441\u043f\u0435\u0447\u0435\u043b\u0438\u0442\u0435<\/title>\n<meta name=\"description\" content=\"Cum s\u0103 joci \u0219i s\u0103 c\u00e2\u0219tigi la slotul Starburst. Cele mai bune strategii \u0219i tactici pentru jocul la Starburst pentru juc\u0103torii de cazino online.\" \/>\n<meta name=\"robots\" content=\"index, follow, max-snippet:-1, max-image-preview:large, max-video-preview:-1\" \/>\n<link rel=\"canonical\" href=\"https:\/\/starburstslotgame.net\/ro\/strategies\/\" \/>\n<meta property=\"og:locale\" content=\"ro_RO\" \/>\n<meta property=\"og:locale:alternate\" content=\"en_US\" \/>\n<meta property=\"og:locale:alternate\" content=\"ru_RU\" \/>\n<meta property=\"og:locale:alternate\" content=\"pt_PT\" \/>\n<meta property=\"og:locale:alternate\" content=\"es_ES\" \/>\n<meta property=\"og:locale:alternate\" content=\"it_IT\" \/>\n<meta property=\"og:locale:alternate\" content=\"fr_FR\" \/>\n<meta property=\"og:locale:alternate\" content=\"de_DE\" \/>\n<meta property=\"og:locale:alternate\" content=\"sr_RS\" \/>\n<meta property=\"og:locale:alternate\" content=\"bg_BG\" \/>\n<meta property=\"og:locale:alternate\" content=\"pl_PL\" \/>\n<meta property=\"og:type\" content=\"article\" \/>\n<meta property=\"og:title\" content=\"\u0421\u0442\u0440\u0430\u0442\u0435\u0433\u0438\u0438 \u0437\u0430 \u0438\u0433\u0440\u0430 \u043d\u0430 \u0441\u043b\u043e\u0442 Starburst: \u043a\u0430\u043a \u0434\u0430 \u0438\u0433\u0440\u0430\u0435\u0442\u0435 \u0438 \u0434\u0430 \u0441\u043f\u0435\u0447\u0435\u043b\u0438\u0442\u0435\" \/>\n<meta property=\"og:description\" content=\"\u041a\u0430\u043a \u0434\u0430 \u0438\u0433\u0440\u0430\u0435\u0442\u0435 \u0438 \u0434\u0430 \u0441\u043f\u0435\u0447\u0435\u043b\u0438\u0442\u0435 \u043d\u0430 \u0441\u043b\u043e\u0442 \u043c\u0430\u0448\u0438\u043d\u0430 Starburst. \u041d\u0430\u0439-\u0434\u043e\u0431\u0440\u0438\u0442\u0435 \u0441\u0442\u0440\u0430\u0442\u0435\u0433\u0438\u0438 \u0438 \u0442\u0430\u043a\u0442\u0438\u043a\u0438 \u0437\u0430 \u0438\u0433\u0440\u0430 \u043d\u0430 Starburst \u0437\u0430 \u043e\u043d\u043b\u0430\u0439\u043d \u043a\u0430\u0437\u0438\u043d\u043e \u0438\u0433\u0440\u0430\u0447\u0438.\" \/>\n<meta property=\"og:url\" content=\"https:\/\/starburstslotgame.net\/ro\/strategies\/\" \/>\n<meta property=\"og:site_name\" content=\"Starburst Slot\" \/>\n<meta property=\"article:modified_time\" content=\"2024-03-04T10:48:19+00:00\" \/>\n<meta name=\"twitter:card\" content=\"summary_large_image\" \/>\n<meta name=\"twitter:label1\" content=\"Timp estimat pentru citire\" \/>\n\t<meta name=\"twitter:data1\" content=\"30 de minute\" \/>\n<script type=\"application\/ld+json\" class=\"yoast-schema-graph\">{\"@context\":\"https:\/\/schema.org\",\"@graph\":[{\"@type\":\"WebPage\",\"@id\":\"https:\/\/starburstslotgame.net\/bg\/strategies\/\",\"url\":\"https:\/\/starburstslotgame.net\/bg\/strategies\/\",\"name\":\"\u0421\u0442\u0440\u0430\u0442\u0435\u0433\u0438\u0438 \u0437\u0430 \u0438\u0433\u0440\u0430 \u043d\u0430 \u0441\u043b\u043e\u0442 Starburst: \u043a\u0430\u043a \u0434\u0430 \u0438\u0433\u0440\u0430\u0435\u0442\u0435 \u0438 \u0434\u0430 \u0441\u043f\u0435\u0447\u0435\u043b\u0438\u0442\u0435\",\"isPartOf\":{\"@id\":\"https:\/\/starburstslotgame.net\/#website\"},\"datePublished\":\"2023-10-17T23:39:35+00:00\",\"dateModified\":\"2024-03-04T10:48:19+00:00\",\"description\":\"\u041a\u0430\u043a \u0434\u0430 \u0438\u0433\u0440\u0430\u0435\u0442\u0435 \u0438 \u0434\u0430 \u0441\u043f\u0435\u0447\u0435\u043b\u0438\u0442\u0435 \u043d\u0430 \u0441\u043b\u043e\u0442 \u043c\u0430\u0448\u0438\u043d\u0430 Starburst. \u041d\u0430\u0439-\u0434\u043e\u0431\u0440\u0438\u0442\u0435 \u0441\u0442\u0440\u0430\u0442\u0435\u0433\u0438\u0438 \u0438 \u0442\u0430\u043a\u0442\u0438\u043a\u0438 \u0437\u0430 \u0438\u0433\u0440\u0430 \u043d\u0430 Starburst \u0437\u0430 \u043e\u043d\u043b\u0430\u0439\u043d \u043a\u0430\u0437\u0438\u043d\u043e \u0438\u0433\u0440\u0430\u0447\u0438.\",\"breadcrumb\":{\"@id\":\"https:\/\/starburstslotgame.net\/bg\/strategies\/#breadcrumb\"},\"inLanguage\":\"ro-RO\",\"potentialAction\":[{\"@type\":\"ReadAction\",\"target\":[\"https:\/\/starburstslotgame.net\/bg\/strategies\/\"]}]},{\"@type\":\"BreadcrumbList\",\"@id\":\"https:\/\/starburstslotgame.net\/bg\/strategies\/#breadcrumb\",\"itemListElement\":[{\"@type\":\"ListItem\",\"position\":1,\"name\":\"Home\",\"item\":\"https:\/\/starburstslotgame.net\/\"},{\"@type\":\"ListItem\",\"position\":2,\"name\":\"\u0421\u0442\u0440\u0430\u0442\u0435\u0433\u0438\u0438 \u0437\u0430 \u0438\u0433\u0440\u0430 \u043d\u0430 \u0441\u043b\u043e\u0442 Starburst: \u043a\u0430\u043a \u0434\u0430 \u0443\u0432\u0435\u043b\u0438\u0447\u0438\u0442\u0435 \u0448\u0430\u043d\u0441\u043e\u0432\u0435\u0442\u0435 \u0441\u0438 \u0437\u0430 \u043f\u0435\u0447\u0430\u043b\u0431\u0430\"}]},{\"@type\":\"WebSite\",\"@id\":\"https:\/\/starburstslotgame.net\/#website\",\"url\":\"https:\/\/starburstslotgame.net\/\",\"name\":\"Starburst Slot\",\"description\":\"\",\"publisher\":{\"@id\":\"https:\/\/starburstslotgame.net\/#organization\"},\"potentialAction\":[{\"@type\":\"SearchAction\",\"target\":{\"@type\":\"EntryPoint\",\"urlTemplate\":\"https:\/\/starburstslotgame.net\/?s={search_term_string}\"},\"query-input\":{\"@type\":\"PropertyValueSpecification\",\"valueRequired\":true,\"valueName\":\"search_term_string\"}}],\"inLanguage\":\"ro-RO\"},{\"@type\":\"Organization\",\"@id\":\"https:\/\/starburstslotgame.net\/#organization\",\"name\":\"Starburst Slot\",\"url\":\"https:\/\/starburstslotgame.net\/\",\"logo\":{\"@type\":\"ImageObject\",\"inLanguage\":\"ro-RO\",\"@id\":\"https:\/\/starburstslotgame.net\/#\/schema\/logo\/image\/\",\"url\":\"https:\/\/starburstslotgame.net\/wp-content\/uploads\/starburst-slot.png\",\"contentUrl\":\"https:\/\/starburstslotgame.net\/wp-content\/uploads\/starburst-slot.png\",\"width\":250,\"height\":187,\"caption\":\"Starburst Slot\"},\"image\":{\"@id\":\"https:\/\/starburstslotgame.net\/#\/schema\/logo\/image\/\"}}]}<\/script>\n<!-- \/ Yoast SEO plugin. -->","yoast_head_json":{"title":"\u0421\u0442\u0440\u0430\u0442\u0435\u0433\u0438\u0438 \u0437\u0430 \u0438\u0433\u0440\u0430 \u043d\u0430 \u0441\u043b\u043e\u0442 Starburst: \u043a\u0430\u043a \u0434\u0430 \u0438\u0433\u0440\u0430\u0435\u0442\u0435 \u0438 \u0434\u0430 \u0441\u043f\u0435\u0447\u0435\u043b\u0438\u0442\u0435","description":"Cum s\u0103 joci \u0219i s\u0103 c\u00e2\u0219tigi la slotul Starburst. Cele mai bune strategii \u0219i tactici pentru jocul la Starburst pentru juc\u0103torii de cazino online.","robots":{"index":"index","follow":"follow","max-snippet":"max-snippet:-1","max-image-preview":"max-image-preview:large","max-video-preview":"max-video-preview:-1"},"canonical":"https:\/\/starburstslotgame.net\/ro\/strategies\/","og_locale":"ro_RO","og_type":"article","og_title":"\u0421\u0442\u0440\u0430\u0442\u0435\u0433\u0438\u0438 \u0437\u0430 \u0438\u0433\u0440\u0430 \u043d\u0430 \u0441\u043b\u043e\u0442 Starburst: \u043a\u0430\u043a \u0434\u0430 \u0438\u0433\u0440\u0430\u0435\u0442\u0435 \u0438 \u0434\u0430 \u0441\u043f\u0435\u0447\u0435\u043b\u0438\u0442\u0435","og_description":"\u041a\u0430\u043a \u0434\u0430 \u0438\u0433\u0440\u0430\u0435\u0442\u0435 \u0438 \u0434\u0430 \u0441\u043f\u0435\u0447\u0435\u043b\u0438\u0442\u0435 \u043d\u0430 \u0441\u043b\u043e\u0442 \u043c\u0430\u0448\u0438\u043d\u0430 Starburst. \u041d\u0430\u0439-\u0434\u043e\u0431\u0440\u0438\u0442\u0435 \u0441\u0442\u0440\u0430\u0442\u0435\u0433\u0438\u0438 \u0438 \u0442\u0430\u043a\u0442\u0438\u043a\u0438 \u0437\u0430 \u0438\u0433\u0440\u0430 \u043d\u0430 Starburst \u0437\u0430 \u043e\u043d\u043b\u0430\u0439\u043d \u043a\u0430\u0437\u0438\u043d\u043e \u0438\u0433\u0440\u0430\u0447\u0438.","og_url":"https:\/\/starburstslotgame.net\/ro\/strategies\/","og_site_name":"Starburst Slot","article_modified_time":"2024-03-04T10:48:19+00:00","twitter_card":"summary_large_image","twitter_misc":{"Timp estimat pentru citire":"30 de minute"},"schema":{"@context":"https:\/\/schema.org","@graph":[{"@type":"WebPage","@id":"https:\/\/starburstslotgame.net\/bg\/strategies\/","url":"https:\/\/starburstslotgame.net\/bg\/strategies\/","name":"\u0421\u0442\u0440\u0430\u0442\u0435\u0433\u0438\u0438 \u0437\u0430 \u0438\u0433\u0440\u0430 \u043d\u0430 \u0441\u043b\u043e\u0442 Starburst: \u043a\u0430\u043a \u0434\u0430 \u0438\u0433\u0440\u0430\u0435\u0442\u0435 \u0438 \u0434\u0430 \u0441\u043f\u0435\u0447\u0435\u043b\u0438\u0442\u0435","isPartOf":{"@id":"https:\/\/starburstslotgame.net\/#website"},"datePublished":"2023-10-17T23:39:35+00:00","dateModified":"2024-03-04T10:48:19+00:00","description":"\u041a\u0430\u043a \u0434\u0430 \u0438\u0433\u0440\u0430\u0435\u0442\u0435 \u0438 \u0434\u0430 \u0441\u043f\u0435\u0447\u0435\u043b\u0438\u0442\u0435 \u043d\u0430 \u0441\u043b\u043e\u0442 \u043c\u0430\u0448\u0438\u043d\u0430 Starburst. \u041d\u0430\u0439-\u0434\u043e\u0431\u0440\u0438\u0442\u0435 \u0441\u0442\u0440\u0430\u0442\u0435\u0433\u0438\u0438 \u0438 \u0442\u0430\u043a\u0442\u0438\u043a\u0438 \u0437\u0430 \u0438\u0433\u0440\u0430 \u043d\u0430 Starburst \u0437\u0430 \u043e\u043d\u043b\u0430\u0439\u043d \u043a\u0430\u0437\u0438\u043d\u043e \u0438\u0433\u0440\u0430\u0447\u0438.","breadcrumb":{"@id":"https:\/\/starburstslotgame.net\/bg\/strategies\/#breadcrumb"},"inLanguage":"ro-RO","potentialAction":[{"@type":"ReadAction","target":["https:\/\/starburstslotgame.net\/bg\/strategies\/"]}]},{"@type":"BreadcrumbList","@id":"https:\/\/starburstslotgame.net\/bg\/strategies\/#breadcrumb","itemListElement":[{"@type":"ListItem","position":1,"name":"Home","item":"https:\/\/starburstslotgame.net\/"},{"@type":"ListItem","position":2,"name":"\u0421\u0442\u0440\u0430\u0442\u0435\u0433\u0438\u0438 \u0437\u0430 \u0438\u0433\u0440\u0430 \u043d\u0430 \u0441\u043b\u043e\u0442 Starburst: \u043a\u0430\u043a \u0434\u0430 \u0443\u0432\u0435\u043b\u0438\u0447\u0438\u0442\u0435 \u0448\u0430\u043d\u0441\u043e\u0432\u0435\u0442\u0435 \u0441\u0438 \u0437\u0430 \u043f\u0435\u0447\u0430\u043b\u0431\u0430"}]},{"@type":"WebSite","@id":"https:\/\/starburstslotgame.net\/#website","url":"https:\/\/starburstslotgame.net\/","name":"Starburst Slot","description":"","publisher":{"@id":"https:\/\/starburstslotgame.net\/#organization"},"potentialAction":[{"@type":"SearchAction","target":{"@type":"EntryPoint","urlTemplate":"https:\/\/starburstslotgame.net\/?s={search_term_string}"},"query-input":{"@type":"PropertyValueSpecification","valueRequired":true,"valueName":"search_term_string"}}],"inLanguage":"ro-RO"},{"@type":"Organization","@id":"https:\/\/starburstslotgame.net\/#organization","name":"Starburst Slot","url":"https:\/\/starburstslotgame.net\/","logo":{"@type":"ImageObject","inLanguage":"ro-RO","@id":"https:\/\/starburstslotgame.net\/#\/schema\/logo\/image\/","url":"https:\/\/starburstslotgame.net\/wp-content\/uploads\/starburst-slot.png","contentUrl":"https:\/\/starburstslotgame.net\/wp-content\/uploads\/starburst-slot.png","width":250,"height":187,"caption":"Starburst Slot"},"image":{"@id":"https:\/\/starburstslotgame.net\/#\/schema\/logo\/image\/"}}]}},"_links":{"self":[{"href":"https:\/\/starburstslotgame.net\/ro\/wp-json\/wp\/v2\/pages\/13","targetHints":{"allow":["GET"]}}],"collection":[{"href":"https:\/\/starburstslotgame.net\/ro\/wp-json\/wp\/v2\/pages"}],"about":[{"href":"https:\/\/starburstslotgame.net\/ro\/wp-json\/wp\/v2\/types\/page"}],"author":[{"embeddable":true,"href":"https:\/\/starburstslotgame.net\/ro\/wp-json\/wp\/v2\/users\/1"}],"replies":[{"embeddable":true,"href":"https:\/\/starburstslotgame.net\/ro\/wp-json\/wp\/v2\/comments?post=13"}],"version-history":[{"count":23,"href":"https:\/\/starburstslotgame.net\/ro\/wp-json\/wp\/v2\/pages\/13\/revisions"}],"predecessor-version":[{"id":80,"href":"https:\/\/starburstslotgame.net\/ro\/wp-json\/wp\/v2\/pages\/13\/revisions\/80"}],"wp:attachment":[{"href":"https:\/\/starburstslotgame.net\/ro\/wp-json\/wp\/v2\/media?parent=13"}],"curies":[{"name":"wp","href":"https:\/\/api.w.org\/{rel}","templated":true}]}}