{"id":5,"date":"2023-10-17T23:27:04","date_gmt":"2023-10-17T23:27:04","guid":{"rendered":"https:\/\/starburstslotgame.net\/?page_id=5"},"modified":"2024-03-04T00:07:43","modified_gmt":"2024-03-04T00:07:43","slug":"main","status":"publish","type":"page","link":"https:\/\/starburstslotgame.net\/ro\/","title":{"rendered":"Joac\u0103 acum slotul Starburst"},"content":{"rendered":"<p>Jocul online Starburst este un slot online str\u0103lucitor \u0219i captivant care a c\u00e2\u0219tigat inimile a milioane de juc\u0103tori din \u00eentreaga lume. Starburst se joac\u0103 oriunde exist\u0103 internet. Scopul site-ului nostru este s\u0103 le spun\u0103 juc\u0103torilor tot ce trebuie s\u0103 \u0219tie pentru a \u00eencepe s\u0103 joace Starburst, caracteristicile \u0219i avantajele acestuia. Sunte\u021bi gata s\u0103 v\u0103 scufunda\u021bi \u00een magia pietrelor pre\u021bioase \u0219i aventurilor \u00een jocuri de noroc? S\u0103 \u00eencepem.<\/p>\n<h2><strong>De ce Starburst?<\/strong><\/h2>\n<p>Putem enumera multe motive pentru care juc\u0103torii joac\u0103 Starburst, dar s\u0103 mergem \u00een ordine.<\/p>\n<h3><strong>Grafic\u0103 \u0219i Design Magnifice<\/strong><\/h3>\n<p>Slotul online Starburst impresioneaz\u0103 prin grafica sa colorat\u0103 \u0219i vibrant\u0103. Fiecare simbol de pe role, fie c\u0103 sunt pietre pre\u021bioase str\u0103lucitoare sau o stea multifacetat\u0103, este creat cu aten\u021bie la detalii. Acesta este cu adev\u0103rat o grafic\u0103 de top. Slotul satisface vizual chiar \u0219i cei mai exigen\u021bi juc\u0103tori, indiferent de dorin\u021bele \u0219i preferin\u021bele lor. Experien\u021ba de a juca Starburst este o adev\u0103rat\u0103 art\u0103 a bucuriei vizuale.<\/p>\n<h3><strong>Gameplay-ul \u00censp\u0103im\u00e2nt\u0103tor<\/strong><\/h3>\n<p>Cu 5 role \u0219i 10 linii de plat\u0103, slotul Starburst ofer\u0103 juc\u0103torilor multe modalit\u0103\u021bi de a c\u00e2\u0219tiga. Func\u021bia Win Both Ways \u00ee\u021bi dubleaz\u0103 \u0219ansele de c\u00e2\u0219tig, iar simbolul wild nu numai c\u0103 \u00ee\u021bi m\u0103re\u0219te c\u00e2\u0219tigurile, ci \u0219i declan\u0219eaz\u0103 rotiri gratuite. Gameplay-ul Starburst este dinamic \u0219i palpitant, f\u0103c\u00e2ndu-l atr\u0103g\u0103tor pentru juc\u0103torii din toate categoriile. Fie c\u0103 e\u0219ti t\u00e2n\u0103r \u0219i neexperimentat sau un vechi cunosc\u0103tor al jocurilor, acest slot va atrage pe toat\u0103 lumea.<\/p>\n<h3><strong>Reguli Simple<\/strong><\/h3>\n<p>Pentru cei care \u00ee\u0219i \u00eencep doar c\u0103l\u0103toria \u00een lumea jocurilor de noroc online, jocul online Starburst este un loc excelent pentru a \u00eencepe. Acest slot este u\u0219or de utilizat \u0219i de \u00een\u021beles chiar \u0219i f\u0103r\u0103 experien\u021b\u0103 \u00een jocurile de noroc. Nu este nevoie s\u0103 memora\u021bi reguli sau strategii complexe &#8211; doar roti\u021bi rolele \u0219i bucura\u021bi-v\u0103 de joc. Desigur, este de dorit s\u0103 v\u0103 aminti\u021bi c\u00e2teva simboluri pentru c\u0103 ve\u021bi \u00een\u021belege mai bine dac\u0103 a\u021bi c\u00e2\u0219tigat sau pierdut. Dar \u00een general, nu este nevoie s\u0103 v\u0103 face\u021bi prea multe griji \u00een privin\u021ba regulilor jocului Starburst.<\/p>\n<h2><strong>Cum s\u0103 C\u00e2\u0219tigi la Starburst<\/strong><\/h2>\n<h3><strong>C\u00e2\u0219tiguri Mari<\/strong><\/h3>\n<p>Unul dintre principalele motive de atrac\u021bie ale Starburst este posibilitatea unui c\u00e2\u0219tig mare. Totul depinde de pariurile tale \u0219i de noroc. Mul\u021bi juc\u0103tori au reu\u0219it s\u0103 c\u00e2\u0219tige jackpoturi mari \u0219i s\u0103 ob\u021bin\u0103 mult mai multe c\u00e2\u0219tiguri dec\u00e2t ar fi putut s\u0103-\u0219i imagineze. Slotul Starburst \u00ee\u021bi permite s\u0103 c\u00e2\u0219tigi sume foarte mari de bani.<\/p>\n<h3><strong>Joac\u0103 Starburst Oriunde<\/strong><\/h3>\n<p>Slotul Starburst este disponibil pentru joc pe orice dispozitiv &#8211; computere, smartphone-uri \u0219i tablete. V\u0103 pute\u021bi scufunda \u00een lumea jocurilor de noroc oric\u00e2nd \u0219i oriunde. Indiferent unde v\u0103 afla\u021bi, Starburst este mereu cu voi. \u0218i a\u0219a cum am men\u021bionat, nu conteaz\u0103 pe ce dispozitiv juca\u021bi &#8211; fie c\u0103 este vorba de un Android vechi sau unul nou.<\/p>\n<h3><strong>Joac\u0103 Starburst Gratuit<\/strong><\/h3>\n<p>Multe cazinouri online ofer\u0103 bonusuri \u0219i promo\u021bii legate de Starburst. Aceasta v\u0103 ofer\u0103 posibilitatea de a juca Starburst aproape gratuit, deoarece bonusurile sunt bani gratui\u021bi care v\u0103 permit s\u0103 c\u00e2\u0219tiga\u021bi. Acest lucru poate include rotiri gratuite sau bonusuri suplimentare la \u00eenregistrare. Verifica\u021bi ofertele actuale ale cazinoului dvs. pentru a v\u0103 cre\u0219te \u0219ansele de c\u00e2\u0219tig.<\/p>\n<p>Nu rata\u021bi \u0219ansa de a v\u0103 scufunda \u00een lumea palpitant\u0103 a Starburst. Juc\u00e2nd acest slot, ve\u021bi sim\u021bi adrenalina \u0219i emo\u021bia pe care le aduce jocurile de noroc. Descoperi\u021bi simboluri colorate, c\u00e2\u0219tiguri nesf\u00e2r\u0219ite \u0219i gameplay-ul captivant.<\/p>\n<p>Al\u0103tura\u021bi-v\u0103 milioanelor de juc\u0103tori care au experimentat deja magia Starburst. \u00cencepe\u021bi-v\u0103 aventura \u00een jocurile de noroc chiar acum!<\/p>\n<p>Cu Starburst, v\u0103 ve\u021bi asigura c\u0103 v\u0103 ve\u021bi distra \u0219i ve\u021bi avea ocazia s\u0103 c\u00e2\u0219tiga\u021bi premii mari. Nu rata\u021bi \u0219ansa de a experimenta acest slot incitant \u0219i de a deveni parte a legendei sale!<\/p>\n","protected":false},"excerpt":{"rendered":"<p>Jocul online Starburst este un slot online str\u0103lucitor \u0219i captivant care a c\u00e2\u0219tigat inimile a milioane de juc\u0103tori din \u00eentreaga lume. Starburst se joac\u0103 oriunde exist\u0103 internet. Scopul site-ului nostru este s\u0103 le spun\u0103 juc\u0103torilor tot ce trebuie s\u0103 \u0219tie pentru a \u00eencepe s\u0103 joace Starburst, caracteristicile \u0219i avantajele acestuia. Sunte\u021bi gata s\u0103 v\u0103 scufunda\u021bi&#8230;<\/p>\n","protected":false},"author":1,"featured_media":0,"parent":0,"menu_order":0,"comment_status":"closed","ping_status":"closed","template":"","meta":{"footnotes":""},"class_list":["post-5","page","type-page","status-publish","hentry"],"yoast_head":"<!-- This site is optimized with the Yoast SEO plugin v27.2 - https:\/\/yoast.com\/product\/yoast-seo-wordpress\/ -->\n<title>\u0418\u0433\u0440\u0430\u0442\u044c \u0432 \u0438\u0433\u0440\u043e\u0432\u043e\u0439 \u0430\u0432\u0442\u043e\u043c\u0430\u0442 Starburst \u0432 \u043e\u043d\u043b\u0430\u0439\u043d \u043a\u0430\u0437\u0438\u043d\u043e<\/title>\n<meta name=\"description\" content=\"Joac\u0103 pe bani reali la slotul Starburst \u00een cele mai bune cazinouri online. Cum s\u0103 joci \u0219i s\u0103 c\u00e2\u0219tigi, strategii \u0219i tactici, recenzii, descarc\u0103 slotul Starburst.\" \/>\n<meta name=\"robots\" content=\"index, follow, max-snippet:-1, max-image-preview:large, max-video-preview:-1\" \/>\n<link rel=\"canonical\" href=\"https:\/\/starburstslotgame.net\/ro\/\" \/>\n<meta property=\"og:locale\" content=\"ro_RO\" \/>\n<meta property=\"og:locale:alternate\" content=\"en_US\" \/>\n<meta property=\"og:locale:alternate\" content=\"ru_RU\" \/>\n<meta property=\"og:locale:alternate\" content=\"pt_PT\" \/>\n<meta property=\"og:locale:alternate\" content=\"es_ES\" \/>\n<meta property=\"og:locale:alternate\" content=\"it_IT\" \/>\n<meta property=\"og:locale:alternate\" content=\"fr_FR\" \/>\n<meta property=\"og:locale:alternate\" content=\"de_DE\" \/>\n<meta property=\"og:locale:alternate\" content=\"sr_RS\" \/>\n<meta property=\"og:locale:alternate\" content=\"bg_BG\" \/>\n<meta property=\"og:locale:alternate\" content=\"pl_PL\" \/>\n<meta property=\"og:type\" content=\"article\" \/>\n<meta property=\"og:title\" content=\"\u0418\u0433\u0440\u0430\u0442\u044c \u0432 \u0438\u0433\u0440\u043e\u0432\u043e\u0439 \u0430\u0432\u0442\u043e\u043c\u0430\u0442 Starburst \u0432 \u043e\u043d\u043b\u0430\u0439\u043d \u043a\u0430\u0437\u0438\u043d\u043e\" \/>\n<meta property=\"og:description\" content=\"\u0418\u0433\u0440\u0430\u0442\u044c \u043d\u0430 \u0440\u0435\u0430\u043b\u044c\u043d\u044b\u0435 \u0434\u0435\u043d\u044c\u0433\u0438 \u0432 \u0441\u043b\u043e\u0442 \u0421\u0442\u0430\u0440\u0431\u0430\u0440\u0441\u0442 \u0432 \u043b\u0443\u0447\u0448\u0438\u0445 \u043e\u043d\u043b\u0430\u0439\u043d \u043a\u0430\u0437\u0438\u043d\u043e. \u041a\u0430\u043a \u0438\u0433\u0440\u0430\u0442\u044c \u0438 \u0432\u044b\u0438\u0433\u0440\u044b\u0432\u0430\u0442\u044c, \u0441\u0442\u0440\u0430\u0442\u0435\u0433\u0438\u0438 \u0438 \u0442\u0430\u043a\u0442\u0438\u043a\u0438, \u043e\u0442\u0437\u044b\u0432\u044b, \u0441\u043a\u0430\u0447\u0430\u0442\u044c \u0438\u0433\u0440\u043e\u0432\u043e\u0439 \u0430\u0432\u0442\u043e\u043c\u0430\u0442 \u0421\u0442\u0430\u0440\u0431\u0430\u0440\u0441\u0442\" \/>\n<meta property=\"og:url\" content=\"https:\/\/starburstslotgame.net\/ro\/\" \/>\n<meta property=\"og:site_name\" content=\"Starburst Slot\" \/>\n<meta property=\"article:modified_time\" content=\"2024-03-04T00:07:43+00:00\" \/>\n<meta name=\"twitter:card\" content=\"summary_large_image\" \/>\n<meta name=\"twitter:label1\" content=\"Timp estimat pentru citire\" \/>\n\t<meta name=\"twitter:data1\" content=\"26 de minute\" \/>\n<script type=\"application\/ld+json\" class=\"yoast-schema-graph\">{\"@context\":\"https:\/\/schema.org\",\"@graph\":[{\"@type\":\"WebPage\",\"@id\":\"https:\/\/starburstslotgame.net\/\",\"url\":\"https:\/\/starburstslotgame.net\/\",\"name\":\"\u0418\u0433\u0440\u0430\u0442\u044c \u0432 \u0438\u0433\u0440\u043e\u0432\u043e\u0439 \u0430\u0432\u0442\u043e\u043c\u0430\u0442 Starburst \u0432 \u043e\u043d\u043b\u0430\u0439\u043d \u043a\u0430\u0437\u0438\u043d\u043e\",\"isPartOf\":{\"@id\":\"https:\/\/starburstslotgame.net\/#website\"},\"datePublished\":\"2023-10-17T23:27:04+00:00\",\"dateModified\":\"2024-03-04T00:07:43+00:00\",\"description\":\"\u0418\u0433\u0440\u0430\u0442\u044c \u043d\u0430 \u0440\u0435\u0430\u043b\u044c\u043d\u044b\u0435 \u0434\u0435\u043d\u044c\u0433\u0438 \u0432 \u0441\u043b\u043e\u0442 \u0421\u0442\u0430\u0440\u0431\u0430\u0440\u0441\u0442 \u0432 \u043b\u0443\u0447\u0448\u0438\u0445 \u043e\u043d\u043b\u0430\u0439\u043d \u043a\u0430\u0437\u0438\u043d\u043e. \u041a\u0430\u043a \u0438\u0433\u0440\u0430\u0442\u044c \u0438 \u0432\u044b\u0438\u0433\u0440\u044b\u0432\u0430\u0442\u044c, \u0441\u0442\u0440\u0430\u0442\u0435\u0433\u0438\u0438 \u0438 \u0442\u0430\u043a\u0442\u0438\u043a\u0438, \u043e\u0442\u0437\u044b\u0432\u044b, \u0441\u043a\u0430\u0447\u0430\u0442\u044c \u0438\u0433\u0440\u043e\u0432\u043e\u0439 \u0430\u0432\u0442\u043e\u043c\u0430\u0442 \u0421\u0442\u0430\u0440\u0431\u0430\u0440\u0441\u0442\",\"breadcrumb\":{\"@id\":\"https:\/\/starburstslotgame.net\/#breadcrumb\"},\"inLanguage\":\"ro-RO\",\"potentialAction\":[{\"@type\":\"ReadAction\",\"target\":[\"https:\/\/starburstslotgame.net\/\"]}]},{\"@type\":\"BreadcrumbList\",\"@id\":\"https:\/\/starburstslotgame.net\/#breadcrumb\",\"itemListElement\":[{\"@type\":\"ListItem\",\"position\":1,\"name\":\"Home\",\"item\":\"https:\/\/starburstslotgame.net\/\"},{\"@type\":\"ListItem\",\"position\":2,\"name\":\"\u0418\u0433\u0440\u0430\u0442\u044c \u0432 \u0441\u043b\u043e\u0442 Starburst \u0441\u0435\u0439\u0447\u0430\u0441\"}]},{\"@type\":\"WebSite\",\"@id\":\"https:\/\/starburstslotgame.net\/#website\",\"url\":\"https:\/\/starburstslotgame.net\/\",\"name\":\"Starburst Slot\",\"description\":\"\",\"publisher\":{\"@id\":\"https:\/\/starburstslotgame.net\/#organization\"},\"potentialAction\":[{\"@type\":\"SearchAction\",\"target\":{\"@type\":\"EntryPoint\",\"urlTemplate\":\"https:\/\/starburstslotgame.net\/?s={search_term_string}\"},\"query-input\":{\"@type\":\"PropertyValueSpecification\",\"valueRequired\":true,\"valueName\":\"search_term_string\"}}],\"inLanguage\":\"ro-RO\"},{\"@type\":\"Organization\",\"@id\":\"https:\/\/starburstslotgame.net\/#organization\",\"name\":\"Starburst Slot\",\"url\":\"https:\/\/starburstslotgame.net\/\",\"logo\":{\"@type\":\"ImageObject\",\"inLanguage\":\"ro-RO\",\"@id\":\"https:\/\/starburstslotgame.net\/#\/schema\/logo\/image\/\",\"url\":\"https:\/\/starburstslotgame.net\/wp-content\/uploads\/starburst-slot.png\",\"contentUrl\":\"https:\/\/starburstslotgame.net\/wp-content\/uploads\/starburst-slot.png\",\"width\":250,\"height\":187,\"caption\":\"Starburst Slot\"},\"image\":{\"@id\":\"https:\/\/starburstslotgame.net\/#\/schema\/logo\/image\/\"}}]}<\/script>\n<!-- \/ Yoast SEO plugin. -->","yoast_head_json":{"title":"\u0418\u0433\u0440\u0430\u0442\u044c \u0432 \u0438\u0433\u0440\u043e\u0432\u043e\u0439 \u0430\u0432\u0442\u043e\u043c\u0430\u0442 Starburst \u0432 \u043e\u043d\u043b\u0430\u0439\u043d \u043a\u0430\u0437\u0438\u043d\u043e","description":"Joac\u0103 pe bani reali la slotul Starburst \u00een cele mai bune cazinouri online. Cum s\u0103 joci \u0219i s\u0103 c\u00e2\u0219tigi, strategii \u0219i tactici, recenzii, descarc\u0103 slotul Starburst.","robots":{"index":"index","follow":"follow","max-snippet":"max-snippet:-1","max-image-preview":"max-image-preview:large","max-video-preview":"max-video-preview:-1"},"canonical":"https:\/\/starburstslotgame.net\/ro\/","og_locale":"ro_RO","og_type":"article","og_title":"\u0418\u0433\u0440\u0430\u0442\u044c \u0432 \u0438\u0433\u0440\u043e\u0432\u043e\u0439 \u0430\u0432\u0442\u043e\u043c\u0430\u0442 Starburst \u0432 \u043e\u043d\u043b\u0430\u0439\u043d \u043a\u0430\u0437\u0438\u043d\u043e","og_description":"\u0418\u0433\u0440\u0430\u0442\u044c \u043d\u0430 \u0440\u0435\u0430\u043b\u044c\u043d\u044b\u0435 \u0434\u0435\u043d\u044c\u0433\u0438 \u0432 \u0441\u043b\u043e\u0442 \u0421\u0442\u0430\u0440\u0431\u0430\u0440\u0441\u0442 \u0432 \u043b\u0443\u0447\u0448\u0438\u0445 \u043e\u043d\u043b\u0430\u0439\u043d \u043a\u0430\u0437\u0438\u043d\u043e. \u041a\u0430\u043a \u0438\u0433\u0440\u0430\u0442\u044c \u0438 \u0432\u044b\u0438\u0433\u0440\u044b\u0432\u0430\u0442\u044c, \u0441\u0442\u0440\u0430\u0442\u0435\u0433\u0438\u0438 \u0438 \u0442\u0430\u043a\u0442\u0438\u043a\u0438, \u043e\u0442\u0437\u044b\u0432\u044b, \u0441\u043a\u0430\u0447\u0430\u0442\u044c \u0438\u0433\u0440\u043e\u0432\u043e\u0439 \u0430\u0432\u0442\u043e\u043c\u0430\u0442 \u0421\u0442\u0430\u0440\u0431\u0430\u0440\u0441\u0442","og_url":"https:\/\/starburstslotgame.net\/ro\/","og_site_name":"Starburst Slot","article_modified_time":"2024-03-04T00:07:43+00:00","twitter_card":"summary_large_image","twitter_misc":{"Timp estimat pentru citire":"26 de minute"},"schema":{"@context":"https:\/\/schema.org","@graph":[{"@type":"WebPage","@id":"https:\/\/starburstslotgame.net\/","url":"https:\/\/starburstslotgame.net\/","name":"\u0418\u0433\u0440\u0430\u0442\u044c \u0432 \u0438\u0433\u0440\u043e\u0432\u043e\u0439 \u0430\u0432\u0442\u043e\u043c\u0430\u0442 Starburst \u0432 \u043e\u043d\u043b\u0430\u0439\u043d \u043a\u0430\u0437\u0438\u043d\u043e","isPartOf":{"@id":"https:\/\/starburstslotgame.net\/#website"},"datePublished":"2023-10-17T23:27:04+00:00","dateModified":"2024-03-04T00:07:43+00:00","description":"\u0418\u0433\u0440\u0430\u0442\u044c \u043d\u0430 \u0440\u0435\u0430\u043b\u044c\u043d\u044b\u0435 \u0434\u0435\u043d\u044c\u0433\u0438 \u0432 \u0441\u043b\u043e\u0442 \u0421\u0442\u0430\u0440\u0431\u0430\u0440\u0441\u0442 \u0432 \u043b\u0443\u0447\u0448\u0438\u0445 \u043e\u043d\u043b\u0430\u0439\u043d \u043a\u0430\u0437\u0438\u043d\u043e. \u041a\u0430\u043a \u0438\u0433\u0440\u0430\u0442\u044c \u0438 \u0432\u044b\u0438\u0433\u0440\u044b\u0432\u0430\u0442\u044c, \u0441\u0442\u0440\u0430\u0442\u0435\u0433\u0438\u0438 \u0438 \u0442\u0430\u043a\u0442\u0438\u043a\u0438, \u043e\u0442\u0437\u044b\u0432\u044b, \u0441\u043a\u0430\u0447\u0430\u0442\u044c \u0438\u0433\u0440\u043e\u0432\u043e\u0439 \u0430\u0432\u0442\u043e\u043c\u0430\u0442 \u0421\u0442\u0430\u0440\u0431\u0430\u0440\u0441\u0442","breadcrumb":{"@id":"https:\/\/starburstslotgame.net\/#breadcrumb"},"inLanguage":"ro-RO","potentialAction":[{"@type":"ReadAction","target":["https:\/\/starburstslotgame.net\/"]}]},{"@type":"BreadcrumbList","@id":"https:\/\/starburstslotgame.net\/#breadcrumb","itemListElement":[{"@type":"ListItem","position":1,"name":"Home","item":"https:\/\/starburstslotgame.net\/"},{"@type":"ListItem","position":2,"name":"\u0418\u0433\u0440\u0430\u0442\u044c \u0432 \u0441\u043b\u043e\u0442 Starburst \u0441\u0435\u0439\u0447\u0430\u0441"}]},{"@type":"WebSite","@id":"https:\/\/starburstslotgame.net\/#website","url":"https:\/\/starburstslotgame.net\/","name":"Starburst Slot","description":"","publisher":{"@id":"https:\/\/starburstslotgame.net\/#organization"},"potentialAction":[{"@type":"SearchAction","target":{"@type":"EntryPoint","urlTemplate":"https:\/\/starburstslotgame.net\/?s={search_term_string}"},"query-input":{"@type":"PropertyValueSpecification","valueRequired":true,"valueName":"search_term_string"}}],"inLanguage":"ro-RO"},{"@type":"Organization","@id":"https:\/\/starburstslotgame.net\/#organization","name":"Starburst Slot","url":"https:\/\/starburstslotgame.net\/","logo":{"@type":"ImageObject","inLanguage":"ro-RO","@id":"https:\/\/starburstslotgame.net\/#\/schema\/logo\/image\/","url":"https:\/\/starburstslotgame.net\/wp-content\/uploads\/starburst-slot.png","contentUrl":"https:\/\/starburstslotgame.net\/wp-content\/uploads\/starburst-slot.png","width":250,"height":187,"caption":"Starburst Slot"},"image":{"@id":"https:\/\/starburstslotgame.net\/#\/schema\/logo\/image\/"}}]}},"_links":{"self":[{"href":"https:\/\/starburstslotgame.net\/ro\/wp-json\/wp\/v2\/pages\/5","targetHints":{"allow":["GET"]}}],"collection":[{"href":"https:\/\/starburstslotgame.net\/ro\/wp-json\/wp\/v2\/pages"}],"about":[{"href":"https:\/\/starburstslotgame.net\/ro\/wp-json\/wp\/v2\/types\/page"}],"author":[{"embeddable":true,"href":"https:\/\/starburstslotgame.net\/ro\/wp-json\/wp\/v2\/users\/1"}],"replies":[{"embeddable":true,"href":"https:\/\/starburstslotgame.net\/ro\/wp-json\/wp\/v2\/comments?post=5"}],"version-history":[{"count":23,"href":"https:\/\/starburstslotgame.net\/ro\/wp-json\/wp\/v2\/pages\/5\/revisions"}],"predecessor-version":[{"id":162,"href":"https:\/\/starburstslotgame.net\/ro\/wp-json\/wp\/v2\/pages\/5\/revisions\/162"}],"wp:attachment":[{"href":"https:\/\/starburstslotgame.net\/ro\/wp-json\/wp\/v2\/media?parent=5"}],"curies":[{"name":"wp","href":"https:\/\/api.w.org\/{rel}","templated":true}]}}