{"id":7,"date":"2023-10-17T23:28:21","date_gmt":"2023-10-17T23:28:21","guid":{"rendered":"https:\/\/starburstslotgame.net\/?page_id=7"},"modified":"2024-03-03T19:12:47","modified_gmt":"2024-03-03T19:12:47","slug":"download-starburst","status":"publish","type":"page","link":"https:\/\/starburstslotgame.net\/ro\/download-starburst\/","title":{"rendered":"Cum s\u0103 descarci jocul Starburst"},"content":{"rendered":"<p>Jocul Starburst este unul dintre cele mai populare sloturi online, \u0219i dac\u0103 sperai s\u0103-l ai pe computerul sau dispozitivul t\u0103u mobil, te a\u0219teapt\u0103 o veste nu foarte bun\u0103. De\u0219i Starburst este disponibil \u00een prezent pentru a fi jucat online f\u0103r\u0103 necesitatea desc\u0103rc\u0103rii, po\u021bi s\u0103 te bucuri de acest joc magic doar av\u00e2nd o conexiune la internet.<\/p>\n<h2><strong>Desc\u0103rcarea Starburst pentru PC<\/strong><\/h2>\n<p>S\u0103 explor\u0103m op\u021biunile pentru desc\u0103rcarea jocului Starburst pe computerul t\u0103u personal.<\/p>\n<ol>\n<li><strong>Alege un cazino potrivit<\/strong><\/li>\n<\/ol>\n<p>\u00cen primul r\u00e2nd, va trebui s\u0103 alegi un cazino online de \u00eencredere care ofer\u0103 Starburst pentru desc\u0103rcare. Asigur\u0103-te c\u0103 cazinoul ales este compatibil cu sistemul t\u0103u de operare (Windows sau Mac). Acest lucru este crucial \u00een timpul procesului de desc\u0103rcare al jocului Starburst.<\/p>\n<ol  start=\"2\">\n<li><strong>\u00cenregistrare \u0219i instalare a jocului Starburst<\/strong><\/li>\n<\/ol>\n<p>Dup\u0103 selectarea cazinoului, \u00eenregistreaz\u0103-te pe site-ul s\u0103u \u0219i urmeaz\u0103 pa\u0219ii necesari pentru a desc\u0103rca \u0219i instala software-ul clientului cazinoului pe computerul t\u0103u.<\/p>\n<ol  start=\"3\">\n<li><strong>C\u0103utare \u0219i instalare a Starburst<\/strong><\/li>\n<\/ol>\n<p>Dup\u0103 instalarea clientului cazinoului, va trebui s\u0103 g\u0103se\u0219ti Starburst \u00een biblioteca de jocuri \u0219i s\u0103-l instalezi pe computerul t\u0103u.<\/p>\n<ol  start=\"4\">\n<li><strong>\u00cencepe s\u0103 joci<\/strong><\/li>\n<\/ol>\n<p>Acum c\u0103 Starburst este instalat pe PC-ul t\u0103u, po\u021bi lansa jocul, s\u0103-\u021bi alegi m\u0103rimea pariului \u0219i s\u0103 \u00eenv\u00e2r\u021bi rolele, bucur\u00e2ndu-te de adrenalina \u00een ecran complet.<\/p>\n<h2><strong>Instalarea jocului Starburst pe smartphone-ul t\u0103u<\/strong><\/h2>\n<p>Deci, dac\u0103 ai decis s\u0103 joci Starburst pe un iPhone sau Android, am preg\u0103tit pentru tine un ghid scurt.<\/p>\n<ol>\n<li><strong>Viziteaz\u0103 magazinul de aplica\u021bii<\/strong><\/li>\n<\/ol>\n<p>Dac\u0103 dore\u0219ti s\u0103 descarci Starburst pe smartphone-ul sau tableta ta, mergi la magazinul de aplica\u021bii corespunz\u0103tor de pe dispozitivul t\u0103u (App Store pentru iOS sau Google Play pentru Android).<\/p>\n<ol  start=\"2\">\n<li><strong>Caut\u0103 Starburst<\/strong><\/li>\n<\/ol>\n<p>Utiliz\u00e2nd func\u021bia de c\u0103utare din magazinul de aplica\u021bii, g\u0103se\u0219te Slotul Starburst.<\/p>\n<ol  start=\"3\">\n<li><strong>Instalare<\/strong><\/li>\n<\/ol>\n<p>Atinge butonul Instalare \u0219i a\u0219teapt\u0103 finalizarea instal\u0103rii pe dispozitivul t\u0103u mobil.<\/p>\n<ol  start=\"4\">\n<li><strong>Lanseaz\u0103 jocul Starburst<\/strong><\/li>\n<\/ol>\n<p>Odat\u0103 ce Starburst este instalat pe dispozitivul t\u0103u, lanseaz\u0103 aplica\u021bia, introdu-\u021bi creden\u021bialele (dac\u0103 este necesar) \u0219i \u00eencepe s\u0103 joci acest slot interesant direct pe dispozitivul t\u0103u mobil.<\/p>\n<p>Acum c\u0103 \u0219tii cum s\u0103 descarci \u0219i s\u0103 te bucuri de Starburst pe PC-ul sau dispozitivul t\u0103u mobil, ai oportunitatea de a juca acest slot oric\u00e2nd \u0219i oriunde. Bucur\u0103-te de adrenalina \u0219i \u0219ansa de a c\u00e2\u0219tiga premii \u00een acest univers magic al jocurilor!<\/p>\n","protected":false},"excerpt":{"rendered":"<p>Jocul Starburst este unul dintre cele mai populare sloturi online, \u0219i dac\u0103 sperai s\u0103-l ai pe computerul sau dispozitivul t\u0103u mobil, te a\u0219teapt\u0103 o veste nu foarte bun\u0103. De\u0219i Starburst este disponibil \u00een prezent pentru a fi jucat online f\u0103r\u0103 necesitatea desc\u0103rc\u0103rii, po\u021bi s\u0103 te bucuri de acest joc magic doar av\u00e2nd o conexiune la&#8230;<\/p>\n","protected":false},"author":1,"featured_media":0,"parent":0,"menu_order":0,"comment_status":"closed","ping_status":"closed","template":"","meta":{"footnotes":""},"class_list":["post-7","page","type-page","status-publish","hentry"],"yoast_head":"<!-- This site is optimized with the Yoast SEO plugin v27.2 - https:\/\/yoast.com\/product\/yoast-seo-wordpress\/ -->\n<title>\u0421\u043a\u0430\u0447\u0430\u0442\u044c \u0441\u043b\u043e\u0442 Starburst \u0434\u043b\u044f \u0438\u0433\u0440\u044b \u043d\u0430 \u0434\u0435\u043d\u044c\u0433\u0438<\/title>\n<meta name=\"description\" content=\"Cum s\u0103 desc\u0103rca\u021bi jocul Starburst pe smartphone Android, iPhone, tablet\u0103, PC. Desc\u0103rca\u021bi \u0219i juca\u021bi Starburst\" \/>\n<meta name=\"robots\" content=\"index, follow, max-snippet:-1, max-image-preview:large, max-video-preview:-1\" \/>\n<link rel=\"canonical\" href=\"https:\/\/starburstslotgame.net\/ro\/download-starburst\/\" \/>\n<meta property=\"og:locale\" content=\"ro_RO\" \/>\n<meta property=\"og:locale:alternate\" content=\"en_US\" \/>\n<meta property=\"og:locale:alternate\" content=\"ru_RU\" \/>\n<meta property=\"og:locale:alternate\" content=\"pt_PT\" \/>\n<meta property=\"og:locale:alternate\" content=\"es_ES\" \/>\n<meta property=\"og:locale:alternate\" content=\"it_IT\" \/>\n<meta property=\"og:locale:alternate\" content=\"fr_FR\" \/>\n<meta property=\"og:locale:alternate\" content=\"de_DE\" \/>\n<meta property=\"og:locale:alternate\" content=\"sr_RS\" \/>\n<meta property=\"og:locale:alternate\" content=\"bg_BG\" \/>\n<meta property=\"og:locale:alternate\" content=\"pl_PL\" \/>\n<meta property=\"og:type\" content=\"article\" \/>\n<meta property=\"og:title\" content=\"\u0421\u043a\u0430\u0447\u0430\u0442\u044c \u0441\u043b\u043e\u0442 Starburst \u0434\u043b\u044f \u0438\u0433\u0440\u044b \u043d\u0430 \u0434\u0435\u043d\u044c\u0433\u0438\" \/>\n<meta property=\"og:description\" content=\"\u041a\u0430\u043a \u0441\u043a\u0430\u0447\u0430\u0442\u044c \u0438\u0433\u0440\u0443 Starburst \u043d\u0430 \u0441\u043c\u0430\u0440\u0442\u0444\u043e\u043d \u0410\u043d\u0434\u0440\u043e\u0438\u0434, \u0430\u0439\u0444\u043e\u043d, \u043f\u043b\u0430\u043d\u0448\u0435\u0442, \u041f\u041a. \u0421\u043a\u0430\u0447\u0430\u0442\u044c \u0438 \u0438\u0433\u0440\u0430\u0442\u044c \u0432 Starburst\" \/>\n<meta property=\"og:url\" content=\"https:\/\/starburstslotgame.net\/ro\/download-starburst\/\" \/>\n<meta property=\"og:site_name\" content=\"Starburst Slot\" \/>\n<meta property=\"article:modified_time\" content=\"2024-03-03T19:12:47+00:00\" \/>\n<meta name=\"twitter:card\" content=\"summary_large_image\" \/>\n<meta name=\"twitter:label1\" content=\"Timp estimat pentru citire\" \/>\n\t<meta name=\"twitter:data1\" content=\"16 minute\" \/>\n<script type=\"application\/ld+json\" class=\"yoast-schema-graph\">{\"@context\":\"https:\/\/schema.org\",\"@graph\":[{\"@type\":\"WebPage\",\"@id\":\"https:\/\/starburstslotgame.net\/download-starburst\/\",\"url\":\"https:\/\/starburstslotgame.net\/download-starburst\/\",\"name\":\"\u0421\u043a\u0430\u0447\u0430\u0442\u044c \u0441\u043b\u043e\u0442 Starburst \u0434\u043b\u044f \u0438\u0433\u0440\u044b \u043d\u0430 \u0434\u0435\u043d\u044c\u0433\u0438\",\"isPartOf\":{\"@id\":\"https:\/\/starburstslotgame.net\/#website\"},\"datePublished\":\"2023-10-17T23:28:21+00:00\",\"dateModified\":\"2024-03-03T19:12:47+00:00\",\"description\":\"\u041a\u0430\u043a \u0441\u043a\u0430\u0447\u0430\u0442\u044c \u0438\u0433\u0440\u0443 Starburst \u043d\u0430 \u0441\u043c\u0430\u0440\u0442\u0444\u043e\u043d \u0410\u043d\u0434\u0440\u043e\u0438\u0434, \u0430\u0439\u0444\u043e\u043d, \u043f\u043b\u0430\u043d\u0448\u0435\u0442, \u041f\u041a. \u0421\u043a\u0430\u0447\u0430\u0442\u044c \u0438 \u0438\u0433\u0440\u0430\u0442\u044c \u0432 Starburst\",\"breadcrumb\":{\"@id\":\"https:\/\/starburstslotgame.net\/download-starburst\/#breadcrumb\"},\"inLanguage\":\"ro-RO\",\"potentialAction\":[{\"@type\":\"ReadAction\",\"target\":[\"https:\/\/starburstslotgame.net\/download-starburst\/\"]}]},{\"@type\":\"BreadcrumbList\",\"@id\":\"https:\/\/starburstslotgame.net\/download-starburst\/#breadcrumb\",\"itemListElement\":[{\"@type\":\"ListItem\",\"position\":1,\"name\":\"Home\",\"item\":\"https:\/\/starburstslotgame.net\/\"},{\"@type\":\"ListItem\",\"position\":2,\"name\":\"\u041a\u0430\u043a \u0441\u043a\u0430\u0447\u0430\u0442\u044c \u0438\u0433\u0440\u0443 Starburst\"}]},{\"@type\":\"WebSite\",\"@id\":\"https:\/\/starburstslotgame.net\/#website\",\"url\":\"https:\/\/starburstslotgame.net\/\",\"name\":\"Starburst Slot\",\"description\":\"\",\"publisher\":{\"@id\":\"https:\/\/starburstslotgame.net\/#organization\"},\"potentialAction\":[{\"@type\":\"SearchAction\",\"target\":{\"@type\":\"EntryPoint\",\"urlTemplate\":\"https:\/\/starburstslotgame.net\/?s={search_term_string}\"},\"query-input\":{\"@type\":\"PropertyValueSpecification\",\"valueRequired\":true,\"valueName\":\"search_term_string\"}}],\"inLanguage\":\"ro-RO\"},{\"@type\":\"Organization\",\"@id\":\"https:\/\/starburstslotgame.net\/#organization\",\"name\":\"Starburst Slot\",\"url\":\"https:\/\/starburstslotgame.net\/\",\"logo\":{\"@type\":\"ImageObject\",\"inLanguage\":\"ro-RO\",\"@id\":\"https:\/\/starburstslotgame.net\/#\/schema\/logo\/image\/\",\"url\":\"https:\/\/starburstslotgame.net\/wp-content\/uploads\/starburst-slot.png\",\"contentUrl\":\"https:\/\/starburstslotgame.net\/wp-content\/uploads\/starburst-slot.png\",\"width\":250,\"height\":187,\"caption\":\"Starburst Slot\"},\"image\":{\"@id\":\"https:\/\/starburstslotgame.net\/#\/schema\/logo\/image\/\"}}]}<\/script>\n<!-- \/ Yoast SEO plugin. -->","yoast_head_json":{"title":"\u0421\u043a\u0430\u0447\u0430\u0442\u044c \u0441\u043b\u043e\u0442 Starburst \u0434\u043b\u044f \u0438\u0433\u0440\u044b \u043d\u0430 \u0434\u0435\u043d\u044c\u0433\u0438","description":"Cum s\u0103 desc\u0103rca\u021bi jocul Starburst pe smartphone Android, iPhone, tablet\u0103, PC. Desc\u0103rca\u021bi \u0219i juca\u021bi Starburst","robots":{"index":"index","follow":"follow","max-snippet":"max-snippet:-1","max-image-preview":"max-image-preview:large","max-video-preview":"max-video-preview:-1"},"canonical":"https:\/\/starburstslotgame.net\/ro\/download-starburst\/","og_locale":"ro_RO","og_type":"article","og_title":"\u0421\u043a\u0430\u0447\u0430\u0442\u044c \u0441\u043b\u043e\u0442 Starburst \u0434\u043b\u044f \u0438\u0433\u0440\u044b \u043d\u0430 \u0434\u0435\u043d\u044c\u0433\u0438","og_description":"\u041a\u0430\u043a \u0441\u043a\u0430\u0447\u0430\u0442\u044c \u0438\u0433\u0440\u0443 Starburst \u043d\u0430 \u0441\u043c\u0430\u0440\u0442\u0444\u043e\u043d \u0410\u043d\u0434\u0440\u043e\u0438\u0434, \u0430\u0439\u0444\u043e\u043d, \u043f\u043b\u0430\u043d\u0448\u0435\u0442, \u041f\u041a. \u0421\u043a\u0430\u0447\u0430\u0442\u044c \u0438 \u0438\u0433\u0440\u0430\u0442\u044c \u0432 Starburst","og_url":"https:\/\/starburstslotgame.net\/ro\/download-starburst\/","og_site_name":"Starburst Slot","article_modified_time":"2024-03-03T19:12:47+00:00","twitter_card":"summary_large_image","twitter_misc":{"Timp estimat pentru citire":"16 minute"},"schema":{"@context":"https:\/\/schema.org","@graph":[{"@type":"WebPage","@id":"https:\/\/starburstslotgame.net\/download-starburst\/","url":"https:\/\/starburstslotgame.net\/download-starburst\/","name":"\u0421\u043a\u0430\u0447\u0430\u0442\u044c \u0441\u043b\u043e\u0442 Starburst \u0434\u043b\u044f \u0438\u0433\u0440\u044b \u043d\u0430 \u0434\u0435\u043d\u044c\u0433\u0438","isPartOf":{"@id":"https:\/\/starburstslotgame.net\/#website"},"datePublished":"2023-10-17T23:28:21+00:00","dateModified":"2024-03-03T19:12:47+00:00","description":"\u041a\u0430\u043a \u0441\u043a\u0430\u0447\u0430\u0442\u044c \u0438\u0433\u0440\u0443 Starburst \u043d\u0430 \u0441\u043c\u0430\u0440\u0442\u0444\u043e\u043d \u0410\u043d\u0434\u0440\u043e\u0438\u0434, \u0430\u0439\u0444\u043e\u043d, \u043f\u043b\u0430\u043d\u0448\u0435\u0442, \u041f\u041a. \u0421\u043a\u0430\u0447\u0430\u0442\u044c \u0438 \u0438\u0433\u0440\u0430\u0442\u044c \u0432 Starburst","breadcrumb":{"@id":"https:\/\/starburstslotgame.net\/download-starburst\/#breadcrumb"},"inLanguage":"ro-RO","potentialAction":[{"@type":"ReadAction","target":["https:\/\/starburstslotgame.net\/download-starburst\/"]}]},{"@type":"BreadcrumbList","@id":"https:\/\/starburstslotgame.net\/download-starburst\/#breadcrumb","itemListElement":[{"@type":"ListItem","position":1,"name":"Home","item":"https:\/\/starburstslotgame.net\/"},{"@type":"ListItem","position":2,"name":"\u041a\u0430\u043a \u0441\u043a\u0430\u0447\u0430\u0442\u044c \u0438\u0433\u0440\u0443 Starburst"}]},{"@type":"WebSite","@id":"https:\/\/starburstslotgame.net\/#website","url":"https:\/\/starburstslotgame.net\/","name":"Starburst Slot","description":"","publisher":{"@id":"https:\/\/starburstslotgame.net\/#organization"},"potentialAction":[{"@type":"SearchAction","target":{"@type":"EntryPoint","urlTemplate":"https:\/\/starburstslotgame.net\/?s={search_term_string}"},"query-input":{"@type":"PropertyValueSpecification","valueRequired":true,"valueName":"search_term_string"}}],"inLanguage":"ro-RO"},{"@type":"Organization","@id":"https:\/\/starburstslotgame.net\/#organization","name":"Starburst Slot","url":"https:\/\/starburstslotgame.net\/","logo":{"@type":"ImageObject","inLanguage":"ro-RO","@id":"https:\/\/starburstslotgame.net\/#\/schema\/logo\/image\/","url":"https:\/\/starburstslotgame.net\/wp-content\/uploads\/starburst-slot.png","contentUrl":"https:\/\/starburstslotgame.net\/wp-content\/uploads\/starburst-slot.png","width":250,"height":187,"caption":"Starburst Slot"},"image":{"@id":"https:\/\/starburstslotgame.net\/#\/schema\/logo\/image\/"}}]}},"_links":{"self":[{"href":"https:\/\/starburstslotgame.net\/ro\/wp-json\/wp\/v2\/pages\/7","targetHints":{"allow":["GET"]}}],"collection":[{"href":"https:\/\/starburstslotgame.net\/ro\/wp-json\/wp\/v2\/pages"}],"about":[{"href":"https:\/\/starburstslotgame.net\/ro\/wp-json\/wp\/v2\/types\/page"}],"author":[{"embeddable":true,"href":"https:\/\/starburstslotgame.net\/ro\/wp-json\/wp\/v2\/users\/1"}],"replies":[{"embeddable":true,"href":"https:\/\/starburstslotgame.net\/ro\/wp-json\/wp\/v2\/comments?post=7"}],"version-history":[{"count":32,"href":"https:\/\/starburstslotgame.net\/ro\/wp-json\/wp\/v2\/pages\/7\/revisions"}],"predecessor-version":[{"id":164,"href":"https:\/\/starburstslotgame.net\/ro\/wp-json\/wp\/v2\/pages\/7\/revisions\/164"}],"wp:attachment":[{"href":"https:\/\/starburstslotgame.net\/ro\/wp-json\/wp\/v2\/media?parent=7"}],"curies":[{"name":"wp","href":"https:\/\/api.w.org\/{rel}","templated":true}]}}