{"id":9,"date":"2023-10-17T23:30:18","date_gmt":"2023-10-17T23:30:18","guid":{"rendered":"https:\/\/starburstslotgame.net\/?page_id=9"},"modified":"2024-03-03T19:39:13","modified_gmt":"2024-03-03T19:39:13","slug":"how-to-play","status":"publish","type":"page","link":"https:\/\/starburstslotgame.net\/ro\/how-to-play\/","title":{"rendered":"Cum s\u0103 joci"},"content":{"rendered":"<p>Jucarea la un cazino online \u00een slotul Starburst este posibil\u0103 chiar acum. Pentru a face acest lucru, trebuie s\u0103 urmezi c\u00e2\u021biva pa\u0219i simpli, pe care \u00eei vom explica acum.<\/p>\n<p>Pentru a \u00eencepe s\u0103 joci Starburst, trebuie s\u0103 urmezi ace\u0219ti pa\u0219i:<\/p>\n<ol>\n<li><strong>Alege un Cazino Online:<\/strong> Primul pas este s\u0103 alegi un cazino online de \u00eencredere \u0219i licen\u021biat care ofer\u0103 acces la jocul Starburst. Asigur\u0103-te c\u0103 cazinoul ales sus\u021bine \u021bara ta de re\u0219edin\u021b\u0103 \u0219i are o reputa\u021bie bun\u0103.<\/li>\n<li><strong>\u00cenregistrare:<\/strong> Dup\u0103 selectarea cazinoului, trebuie s\u0103 \u00ee\u021bi creezi un cont. Acest lucru implic\u0103 de obicei furnizarea unor informa\u021bii de baz\u0103, cum ar fi numele, adresa de email \u0219i alegerea unei parole.<\/li>\n<li><strong>Depozit:<\/strong> Pentru a juca pe bani reali, va trebui s\u0103 faci un depozit \u00een contul t\u0103u de cazino. Cazinoul \u00ee\u021bi va oferi diverse metode de plat\u0103 \u00een acest scop, cum ar fi carduri bancare, portofele electronice \u0219i altele.<\/li>\n<li><strong>G\u0103se\u0219te Starburst:<\/strong> Dup\u0103 ce ai re\u00eenc\u0103rcat balan\u021ba, trebuie s\u0103 g\u0103se\u0219ti slotul Starburst \u00een biblioteca de jocuri a cazinoului. Poate fi situat \u00een sec\u021biunea de Sloturi sau Jocuri cu Jackpot.<\/li>\n<li><strong>Joac\u0103 Starburst:<\/strong> D\u0103 clic pe iconi\u021ba Starburst pentru a \u00eencepe s\u0103 joci. Po\u021bi alege m\u0103rimea pariului \u0219i s\u0103 rote\u0219ti rolele. Fii preg\u0103tit pentru o experien\u021b\u0103 de joc palpitant\u0103!<\/li>\n<li><strong>Bonusuri \u0219i Coduri Promo\u021bionale:<\/strong> Unele cazinouri online ofer\u0103 bonusuri sau coduri promo\u021bionale legate de Starburst. Asigur\u0103-te c\u0103 profi\u021bi de ele pentru a-\u021bi cre\u0219te \u0219ansele de c\u00e2\u0219tig.<\/li>\n<li><strong>Joc Mobil:<\/strong> Starburst este disponibil \u0219i pentru joc pe dispozitive mobile, inclusiv smartphone-uri \u0219i tablete. Po\u021bi vizita site-ul cazinoului printr-un browser mobil sau po\u021bi desc\u0103rca aplica\u021bia cazinoului, dac\u0103 este disponibil\u0103.<\/li>\n<li><strong>Joac\u0103 Responsabil:<\/strong> Nu uita s\u0103 joci responsabil \u0219i s\u0103-\u021bi gestionezi finan\u021bele. Stabile\u0219te limite pentru depozite \u0219i pierderi pentru a evita consecin\u021bele financiare nedorite.<\/li>\n<\/ol>\n<p>Acum c\u0103 \u0219tii cum s\u0103 \u00eencepi s\u0103 joci Starburst, alege un cazino de \u00eencredere \u0219i bucur\u0103-te de emo\u021bia acestui slot captivant. Succes pe rolele Starburst! Acest slot ofer\u0103 oportunitatea de a c\u00e2\u0219tiga bani reali la un cazino online.<\/p>\n","protected":false},"excerpt":{"rendered":"<p>Jucarea la un cazino online \u00een slotul Starburst este posibil\u0103 chiar acum. Pentru a face acest lucru, trebuie s\u0103 urmezi c\u00e2\u021biva pa\u0219i simpli, pe care \u00eei vom explica acum. Pentru a \u00eencepe s\u0103 joci Starburst, trebuie s\u0103 urmezi ace\u0219ti pa\u0219i: Alege un Cazino Online: Primul pas este s\u0103 alegi un cazino online de \u00eencredere \u0219i&#8230;<\/p>\n","protected":false},"author":1,"featured_media":0,"parent":0,"menu_order":0,"comment_status":"closed","ping_status":"closed","template":"","meta":{"footnotes":""},"class_list":["post-9","page","type-page","status-publish","hentry"],"yoast_head":"<!-- This site is optimized with the Yoast SEO plugin v27.2 - https:\/\/yoast.com\/product\/yoast-seo-wordpress\/ -->\n<title>Jouer \u00e0 la machine \u00e0 sous Starburst dans un casino en ligne pour de l&#039;argent r\u00e9el<\/title>\n<meta name=\"description\" content=\"Pute\u021bi juca la slotul Starburst \u0219i c\u00e2\u0219tiga bani reali \u00eentr-un cazinou online chiar acum. \u00cenregistra\u021bi-v\u0103 acum \u0219i \u00eencepe\u021bi s\u0103 juca\u021bi.\" \/>\n<meta name=\"robots\" content=\"index, follow, max-snippet:-1, max-image-preview:large, max-video-preview:-1\" \/>\n<link rel=\"canonical\" href=\"https:\/\/starburstslotgame.net\/ro\/how-to-play\/\" \/>\n<meta property=\"og:locale\" content=\"ro_RO\" \/>\n<meta property=\"og:locale:alternate\" content=\"en_US\" \/>\n<meta property=\"og:locale:alternate\" content=\"ru_RU\" \/>\n<meta property=\"og:locale:alternate\" content=\"pt_PT\" \/>\n<meta property=\"og:locale:alternate\" content=\"es_ES\" \/>\n<meta property=\"og:locale:alternate\" content=\"it_IT\" \/>\n<meta property=\"og:locale:alternate\" content=\"fr_FR\" \/>\n<meta property=\"og:locale:alternate\" content=\"de_DE\" \/>\n<meta property=\"og:locale:alternate\" content=\"sr_RS\" \/>\n<meta property=\"og:locale:alternate\" content=\"bg_BG\" \/>\n<meta property=\"og:locale:alternate\" content=\"pl_PL\" \/>\n<meta property=\"og:type\" content=\"article\" \/>\n<meta property=\"og:title\" content=\"Jouer \u00e0 la machine \u00e0 sous Starburst dans un casino en ligne pour de l&#039;argent r\u00e9el\" \/>\n<meta property=\"og:description\" content=\"Vous pouvez jouer \u00e0 la machine \u00e0 sous Starburst et gagner de l&#039;argent r\u00e9el dans un casino en ligne d\u00e8s maintenant. Inscrivez-vous maintenant et commencez \u00e0 jouer.\" \/>\n<meta property=\"og:url\" content=\"https:\/\/starburstslotgame.net\/ro\/how-to-play\/\" \/>\n<meta property=\"og:site_name\" content=\"Starburst Slot\" \/>\n<meta property=\"article:modified_time\" content=\"2024-03-03T19:39:13+00:00\" \/>\n<meta name=\"twitter:card\" content=\"summary_large_image\" \/>\n<meta name=\"twitter:label1\" content=\"Timp estimat pentru citire\" \/>\n\t<meta name=\"twitter:data1\" content=\"14 minute\" \/>\n<script type=\"application\/ld+json\" class=\"yoast-schema-graph\">{\"@context\":\"https:\/\/schema.org\",\"@graph\":[{\"@type\":\"WebPage\",\"@id\":\"https:\/\/starburstslotgame.net\/fr\/how-to-play\/\",\"url\":\"https:\/\/starburstslotgame.net\/fr\/how-to-play\/\",\"name\":\"Jouer \u00e0 la machine \u00e0 sous Starburst dans un casino en ligne pour de l'argent r\u00e9el\",\"isPartOf\":{\"@id\":\"https:\/\/starburstslotgame.net\/#website\"},\"datePublished\":\"2023-10-17T23:30:18+00:00\",\"dateModified\":\"2024-03-03T19:39:13+00:00\",\"description\":\"Vous pouvez jouer \u00e0 la machine \u00e0 sous Starburst et gagner de l'argent r\u00e9el dans un casino en ligne d\u00e8s maintenant. Inscrivez-vous maintenant et commencez \u00e0 jouer.\",\"breadcrumb\":{\"@id\":\"https:\/\/starburstslotgame.net\/fr\/how-to-play\/#breadcrumb\"},\"inLanguage\":\"ro-RO\",\"potentialAction\":[{\"@type\":\"ReadAction\",\"target\":[\"https:\/\/starburstslotgame.net\/fr\/how-to-play\/\"]}]},{\"@type\":\"BreadcrumbList\",\"@id\":\"https:\/\/starburstslotgame.net\/fr\/how-to-play\/#breadcrumb\",\"itemListElement\":[{\"@type\":\"ListItem\",\"position\":1,\"name\":\"Home\",\"item\":\"https:\/\/starburstslotgame.net\/\"},{\"@type\":\"ListItem\",\"position\":2,\"name\":\"Comment jouer\"}]},{\"@type\":\"WebSite\",\"@id\":\"https:\/\/starburstslotgame.net\/#website\",\"url\":\"https:\/\/starburstslotgame.net\/\",\"name\":\"Starburst Slot\",\"description\":\"\",\"publisher\":{\"@id\":\"https:\/\/starburstslotgame.net\/#organization\"},\"potentialAction\":[{\"@type\":\"SearchAction\",\"target\":{\"@type\":\"EntryPoint\",\"urlTemplate\":\"https:\/\/starburstslotgame.net\/?s={search_term_string}\"},\"query-input\":{\"@type\":\"PropertyValueSpecification\",\"valueRequired\":true,\"valueName\":\"search_term_string\"}}],\"inLanguage\":\"ro-RO\"},{\"@type\":\"Organization\",\"@id\":\"https:\/\/starburstslotgame.net\/#organization\",\"name\":\"Starburst Slot\",\"url\":\"https:\/\/starburstslotgame.net\/\",\"logo\":{\"@type\":\"ImageObject\",\"inLanguage\":\"ro-RO\",\"@id\":\"https:\/\/starburstslotgame.net\/#\/schema\/logo\/image\/\",\"url\":\"https:\/\/starburstslotgame.net\/wp-content\/uploads\/starburst-slot.png\",\"contentUrl\":\"https:\/\/starburstslotgame.net\/wp-content\/uploads\/starburst-slot.png\",\"width\":250,\"height\":187,\"caption\":\"Starburst Slot\"},\"image\":{\"@id\":\"https:\/\/starburstslotgame.net\/#\/schema\/logo\/image\/\"}}]}<\/script>\n<!-- \/ Yoast SEO plugin. -->","yoast_head_json":{"title":"Jouer \u00e0 la machine \u00e0 sous Starburst dans un casino en ligne pour de l'argent r\u00e9el","description":"Pute\u021bi juca la slotul Starburst \u0219i c\u00e2\u0219tiga bani reali \u00eentr-un cazinou online chiar acum. \u00cenregistra\u021bi-v\u0103 acum \u0219i \u00eencepe\u021bi s\u0103 juca\u021bi.","robots":{"index":"index","follow":"follow","max-snippet":"max-snippet:-1","max-image-preview":"max-image-preview:large","max-video-preview":"max-video-preview:-1"},"canonical":"https:\/\/starburstslotgame.net\/ro\/how-to-play\/","og_locale":"ro_RO","og_type":"article","og_title":"Jouer \u00e0 la machine \u00e0 sous Starburst dans un casino en ligne pour de l'argent r\u00e9el","og_description":"Vous pouvez jouer \u00e0 la machine \u00e0 sous Starburst et gagner de l'argent r\u00e9el dans un casino en ligne d\u00e8s maintenant. Inscrivez-vous maintenant et commencez \u00e0 jouer.","og_url":"https:\/\/starburstslotgame.net\/ro\/how-to-play\/","og_site_name":"Starburst Slot","article_modified_time":"2024-03-03T19:39:13+00:00","twitter_card":"summary_large_image","twitter_misc":{"Timp estimat pentru citire":"14 minute"},"schema":{"@context":"https:\/\/schema.org","@graph":[{"@type":"WebPage","@id":"https:\/\/starburstslotgame.net\/fr\/how-to-play\/","url":"https:\/\/starburstslotgame.net\/fr\/how-to-play\/","name":"Jouer \u00e0 la machine \u00e0 sous Starburst dans un casino en ligne pour de l'argent r\u00e9el","isPartOf":{"@id":"https:\/\/starburstslotgame.net\/#website"},"datePublished":"2023-10-17T23:30:18+00:00","dateModified":"2024-03-03T19:39:13+00:00","description":"Vous pouvez jouer \u00e0 la machine \u00e0 sous Starburst et gagner de l'argent r\u00e9el dans un casino en ligne d\u00e8s maintenant. Inscrivez-vous maintenant et commencez \u00e0 jouer.","breadcrumb":{"@id":"https:\/\/starburstslotgame.net\/fr\/how-to-play\/#breadcrumb"},"inLanguage":"ro-RO","potentialAction":[{"@type":"ReadAction","target":["https:\/\/starburstslotgame.net\/fr\/how-to-play\/"]}]},{"@type":"BreadcrumbList","@id":"https:\/\/starburstslotgame.net\/fr\/how-to-play\/#breadcrumb","itemListElement":[{"@type":"ListItem","position":1,"name":"Home","item":"https:\/\/starburstslotgame.net\/"},{"@type":"ListItem","position":2,"name":"Comment jouer"}]},{"@type":"WebSite","@id":"https:\/\/starburstslotgame.net\/#website","url":"https:\/\/starburstslotgame.net\/","name":"Starburst Slot","description":"","publisher":{"@id":"https:\/\/starburstslotgame.net\/#organization"},"potentialAction":[{"@type":"SearchAction","target":{"@type":"EntryPoint","urlTemplate":"https:\/\/starburstslotgame.net\/?s={search_term_string}"},"query-input":{"@type":"PropertyValueSpecification","valueRequired":true,"valueName":"search_term_string"}}],"inLanguage":"ro-RO"},{"@type":"Organization","@id":"https:\/\/starburstslotgame.net\/#organization","name":"Starburst Slot","url":"https:\/\/starburstslotgame.net\/","logo":{"@type":"ImageObject","inLanguage":"ro-RO","@id":"https:\/\/starburstslotgame.net\/#\/schema\/logo\/image\/","url":"https:\/\/starburstslotgame.net\/wp-content\/uploads\/starburst-slot.png","contentUrl":"https:\/\/starburstslotgame.net\/wp-content\/uploads\/starburst-slot.png","width":250,"height":187,"caption":"Starburst Slot"},"image":{"@id":"https:\/\/starburstslotgame.net\/#\/schema\/logo\/image\/"}}]}},"_links":{"self":[{"href":"https:\/\/starburstslotgame.net\/ro\/wp-json\/wp\/v2\/pages\/9","targetHints":{"allow":["GET"]}}],"collection":[{"href":"https:\/\/starburstslotgame.net\/ro\/wp-json\/wp\/v2\/pages"}],"about":[{"href":"https:\/\/starburstslotgame.net\/ro\/wp-json\/wp\/v2\/types\/page"}],"author":[{"embeddable":true,"href":"https:\/\/starburstslotgame.net\/ro\/wp-json\/wp\/v2\/users\/1"}],"replies":[{"embeddable":true,"href":"https:\/\/starburstslotgame.net\/ro\/wp-json\/wp\/v2\/comments?post=9"}],"version-history":[{"count":23,"href":"https:\/\/starburstslotgame.net\/ro\/wp-json\/wp\/v2\/pages\/9\/revisions"}],"predecessor-version":[{"id":163,"href":"https:\/\/starburstslotgame.net\/ro\/wp-json\/wp\/v2\/pages\/9\/revisions\/163"}],"wp:attachment":[{"href":"https:\/\/starburstslotgame.net\/ro\/wp-json\/wp\/v2\/media?parent=9"}],"curies":[{"name":"wp","href":"https:\/\/api.w.org\/{rel}","templated":true}]}}